{"id":9086,"date":"2018-11-08T15:36:45","date_gmt":"2018-11-08T20:36:45","guid":{"rendered":"http:\/\/stage.tbkdev.com\/dev\/hinocanada.com\/src\/?page_id=9086"},"modified":"2022-04-05T11:38:16","modified_gmt":"2022-04-05T15:38:16","slug":"poids-lourds-a-cabine-conventionnelle","status":"publish","type":"page","link":"https:\/\/stage.tbkdev.com\/dev\/hinocanada.com\/src\/fr\/poids-lourds-a-cabine-conventionnelle\/","title":{"rendered":"Poids lourds \u00e0 cabine conventionnelle"},"content":{"rendered":"<div class=\"wpb-content-wrapper\"><p>[vc_row][vc_column][hero_slider_container]<div class=\"item\">\n\t<div class=\"slider-owl-background\" style=\"background-image: url(https:\/\/stage.tbkdev.com\/dev\/hinocanada.com\/src\/wp-content\/uploads\/2022\/04\/XL-Series_top-banner_1786x948-French-1860x988.jpg);\"><\/div>\n\t<div class=\"slider-owl-overlay visible\"><\/div>\n\t<div class=\"slider-owl-item-inner\">\n\t\t<div class=\"slide-owl-item-inner-heading-container bottom-right\">\n\t\t\t<div class=\"wow fadeInUp\" data-wow-duration=\"1s\" data-wow-delay=\"1s\">\n\t\t\t\t<div class=\"slide-owl-item-inner-heading\">\n\t\t\t\t\t\t\t\t\t<\/div>\n\t\t\t\t<div class=\"slide-owl-item-inner-description\">\n\t\t\t\t\t\t\t\t\t<\/div>\n\t\t\t\t\t\t\t<\/div>\n\t\t<\/div>\n\t<\/div>\n<\/div>\n[\/hero_slider_container][\/vc_column][\/vc_row][vc_row][vc_column][ten_column_container][vc_column_text]La s\u00e9rie Hino XL arbore un tout nouvel int\u00e9rieur de qualit\u00e9 automobile, une foule de nouveaux \u00e9quipements de s\u00e9curit\u00e9 avanc\u00e9s et des configurations de cabine plus grandes pour plus de polyvalence que jamais. Disponibles en cabine de jour, en configurations 4\u00d72 ou 6\u00d74, les camions Hino XL Series sont id\u00e9aux pour des applications allant de 37 000 lb \u00e0 60 600 lb. PNBV.[\/vc_column_text][\/ten_column_container][vc_empty_space height=&nbsp;&raquo;50px&nbsp;&raquo;][\/vc_column][\/vc_row][vc_row][vc_column]<div class=\"dealer-callout-container\">\n\t<div class=\"dealer-callout-container-inner container\">\n\t\t<div class=\"dealer-callout-map-container wow fadeInLeft\" data-wow-duration=\"2s\">\n\t\t\t<span class=\"dealer-callout-map-icon icon-map-canada\"><\/span>\n\t\t\t\t\t\t\t\t\t\t\t<\/div>\n\t\t<div class=\"dealer-callout-info-circle\">\n\t\t\t<div class=\"dealer-callout-info-circle-inner\">\n\t\t\t\t<div class=\"dealer-callout-info-line-one\">R\u00e9volutionnaire<\/div>\n\t\t\t\t<div class=\"dealer-callout-info-line-two\">depuis<\/div>\n\t\t\t\t<div class=\"dealer-callout-info-line-three\">1974.<\/div>\n\t\t\t\t<div class=\"dealer-callout-info-line-four\">Comme \u00e0 la maison.<\/div>\n\t\t\t<\/div>\n\t\t<\/div>\n\t\t<div class=\"dealer-callout-content\">\n\t\t\t<div class=\"dealer-callout-title-one\">HINO<\/div>\n\t\t\t<div class=\"dealer-callout-title-two\">EST L\u00c0 POUR VOUS<\/div>\n\t\t\t<div class=\"dealer-callout-title-three\">\n\t\t\t\t\t\t\t\t\t<p>avec <strong>50 concessions<\/strong> \u00e0 travers le Canada.<\/p>\n\t\t\t\t\t\t\t<\/div>\n\t\t\t<a href=\"http:\/\/www.hinocanada.com\/fr\/dealers\/\" target=\"\" class=\"dealer-callout-button\">\t\t\t<span class=\"icon-map-marker dealer-callout-button-icon\"><\/span>\n\t\t\tTrouver un concessionnaire\t\t\t<\/a>\t\t<\/div>\n\t<\/div>\n<\/div>\n[\/vc_column][\/vc_row]<\/p>\n<\/div>","protected":false},"excerpt":{"rendered":"<p>[vc_row][vc_column][hero_slider_container][\/hero_slider_container][\/vc_column][\/vc_row][vc_row][vc_column][ten_column_container][vc_column_text]La s\u00e9rie Hino XL arbore un tout nouvel int\u00e9rieur de qualit\u00e9 automobile, une foule de nouveaux \u00e9quipements de s\u00e9curit\u00e9 avanc\u00e9s et des configurations de cabine plus grandes pour plus de polyvalence que jamais. Disponibles en cabine de jour, en configurations &hellip; [&#8230;]<\/p>\n","protected":false},"author":8,"featured_media":0,"parent":0,"menu_order":170,"comment_status":"closed","ping_status":"closed","template":"page-fullwidth.php","meta":{"_acf_changed":false,"footnotes":""},"class_list":["post-9086","page","type-page","status-publish","hentry"],"acf":[],"yoast_head":"<!-- This site is optimized with the Yoast SEO plugin v23.9 - https:\/\/yoast.com\/wordpress\/plugins\/seo\/ -->\n<title>XL Series Heavy Duty Truck | Hino Motors Canada<\/title>\n<meta name=\"description\" content=\"La s\u00e9rie Hino XL arbore un tout nouvel int\u00e9rieur de qualit\u00e9 automobile, une foule de nouveaux \u00e9quipements de s\u00e9curit\u00e9 avanc\u00e9s et des configurations de cabine plus grandes pour plus de polyvalence que jamais. Disponibles en cabine de jour, en configurations 4\u00d72 ou 6\u00d74, les camions Hino XL Series sont id\u00e9aux pour des applications allant de 37 000 lb \u00e0 60 600 lb. PNBV.\" \/>\n<meta name=\"robots\" content=\"noindex, follow, max-snippet:-1, max-image-preview:large, max-video-preview:-1\" \/>\n<meta property=\"og:locale\" content=\"fr_CA\" \/>\n<meta property=\"og:type\" content=\"article\" \/>\n<meta property=\"og:title\" content=\"XL Series Heavy Duty Truck | Hino Motors Canada\" \/>\n<meta property=\"og:description\" content=\"La s\u00e9rie Hino XL arbore un tout nouvel int\u00e9rieur de qualit\u00e9 automobile, une foule de nouveaux \u00e9quipements de s\u00e9curit\u00e9 avanc\u00e9s et des configurations de cabine plus grandes pour plus de polyvalence que jamais. Disponibles en cabine de jour, en configurations 4\u00d72 ou 6\u00d74, les camions Hino XL Series sont id\u00e9aux pour des applications allant de 37 000 lb \u00e0 60 600 lb. PNBV.\" \/>\n<meta property=\"og:url\" content=\"https:\/\/stage.tbkdev.com\/dev\/hinocanada.com\/src\/fr\/poids-lourds-a-cabine-conventionnelle\/\" \/>\n<meta property=\"og:site_name\" content=\"Hino Canada\" \/>\n<meta property=\"article:publisher\" content=\"https:\/\/www.facebook.com\/hinocanada\" \/>\n<meta property=\"article:modified_time\" content=\"2022-04-05T15:38:16+00:00\" \/>\n<meta name=\"twitter:card\" content=\"summary_large_image\" \/>\n<meta name=\"twitter:label1\" content=\"Est. reading time\" \/>\n\t<meta name=\"twitter:data1\" content=\"1 minute\" \/>\n<script type=\"application\/ld+json\" class=\"yoast-schema-graph\">{\"@context\":\"https:\/\/schema.org\",\"@graph\":[{\"@type\":\"WebPage\",\"@id\":\"https:\/\/stage.tbkdev.com\/dev\/hinocanada.com\/src\/fr\/poids-lourds-a-cabine-conventionnelle\/\",\"url\":\"https:\/\/stage.tbkdev.com\/dev\/hinocanada.com\/src\/fr\/poids-lourds-a-cabine-conventionnelle\/\",\"name\":\"XL Series Heavy Duty Truck | Hino Motors Canada\",\"isPartOf\":{\"@id\":\"https:\/\/stage.tbkdev.com\/dev\/hinocanada.com\/src\/#website\"},\"datePublished\":\"2018-11-08T20:36:45+00:00\",\"dateModified\":\"2022-04-05T15:38:16+00:00\",\"description\":\"La s\u00e9rie Hino XL arbore un tout nouvel int\u00e9rieur de qualit\u00e9 automobile, une foule de nouveaux \u00e9quipements de s\u00e9curit\u00e9 avanc\u00e9s et des configurations de cabine plus grandes pour plus de polyvalence que jamais. Disponibles en cabine de jour, en configurations 4\u00d72 ou 6\u00d74, les camions Hino XL Series sont id\u00e9aux pour des applications allant de 37 000 lb \u00e0 60 600 lb. PNBV.\",\"breadcrumb\":{\"@id\":\"https:\/\/stage.tbkdev.com\/dev\/hinocanada.com\/src\/fr\/poids-lourds-a-cabine-conventionnelle\/#breadcrumb\"},\"inLanguage\":\"fr-CA\",\"potentialAction\":[{\"@type\":\"ReadAction\",\"target\":[\"https:\/\/stage.tbkdev.com\/dev\/hinocanada.com\/src\/fr\/poids-lourds-a-cabine-conventionnelle\/\"]}]},{\"@type\":\"BreadcrumbList\",\"@id\":\"https:\/\/stage.tbkdev.com\/dev\/hinocanada.com\/src\/fr\/poids-lourds-a-cabine-conventionnelle\/#breadcrumb\",\"itemListElement\":[{\"@type\":\"ListItem\",\"position\":1,\"name\":\"Home\",\"item\":\"https:\/\/stage.tbkdev.com\/dev\/hinocanada.com\/src\/fr\/\"},{\"@type\":\"ListItem\",\"position\":2,\"name\":\"Poids lourds \u00e0 cabine conventionnelle\"}]},{\"@type\":\"WebSite\",\"@id\":\"https:\/\/stage.tbkdev.com\/dev\/hinocanada.com\/src\/#website\",\"url\":\"https:\/\/stage.tbkdev.com\/dev\/hinocanada.com\/src\/\",\"name\":\"Hino Canada\",\"description\":\"Just another WordPress site\",\"potentialAction\":[{\"@type\":\"SearchAction\",\"target\":{\"@type\":\"EntryPoint\",\"urlTemplate\":\"https:\/\/stage.tbkdev.com\/dev\/hinocanada.com\/src\/?s={search_term_string}\"},\"query-input\":{\"@type\":\"PropertyValueSpecification\",\"valueRequired\":true,\"valueName\":\"search_term_string\"}}],\"inLanguage\":\"fr-CA\"}]}<\/script>\n<!-- \/ Yoast SEO plugin. -->","yoast_head_json":{"title":"XL Series Heavy Duty Truck | Hino Motors Canada","description":"La s\u00e9rie Hino XL arbore un tout nouvel int\u00e9rieur de qualit\u00e9 automobile, une foule de nouveaux \u00e9quipements de s\u00e9curit\u00e9 avanc\u00e9s et des configurations de cabine plus grandes pour plus de polyvalence que jamais. Disponibles en cabine de jour, en configurations 4\u00d72 ou 6\u00d74, les camions Hino XL Series sont id\u00e9aux pour des applications allant de 37 000 lb \u00e0 60 600 lb. PNBV.","robots":{"index":"noindex","follow":"follow","max-snippet":"max-snippet:-1","max-image-preview":"max-image-preview:large","max-video-preview":"max-video-preview:-1"},"og_locale":"fr_CA","og_type":"article","og_title":"XL Series Heavy Duty Truck | Hino Motors Canada","og_description":"La s\u00e9rie Hino XL arbore un tout nouvel int\u00e9rieur de qualit\u00e9 automobile, une foule de nouveaux \u00e9quipements de s\u00e9curit\u00e9 avanc\u00e9s et des configurations de cabine plus grandes pour plus de polyvalence que jamais. Disponibles en cabine de jour, en configurations 4\u00d72 ou 6\u00d74, les camions Hino XL Series sont id\u00e9aux pour des applications allant de 37 000 lb \u00e0 60 600 lb. PNBV.","og_url":"https:\/\/stage.tbkdev.com\/dev\/hinocanada.com\/src\/fr\/poids-lourds-a-cabine-conventionnelle\/","og_site_name":"Hino Canada","article_publisher":"https:\/\/www.facebook.com\/hinocanada","article_modified_time":"2022-04-05T15:38:16+00:00","twitter_card":"summary_large_image","twitter_misc":{"Est. reading time":"1 minute"},"schema":{"@context":"https:\/\/schema.org","@graph":[{"@type":"WebPage","@id":"https:\/\/stage.tbkdev.com\/dev\/hinocanada.com\/src\/fr\/poids-lourds-a-cabine-conventionnelle\/","url":"https:\/\/stage.tbkdev.com\/dev\/hinocanada.com\/src\/fr\/poids-lourds-a-cabine-conventionnelle\/","name":"XL Series Heavy Duty Truck | Hino Motors Canada","isPartOf":{"@id":"https:\/\/stage.tbkdev.com\/dev\/hinocanada.com\/src\/#website"},"datePublished":"2018-11-08T20:36:45+00:00","dateModified":"2022-04-05T15:38:16+00:00","description":"La s\u00e9rie Hino XL arbore un tout nouvel int\u00e9rieur de qualit\u00e9 automobile, une foule de nouveaux \u00e9quipements de s\u00e9curit\u00e9 avanc\u00e9s et des configurations de cabine plus grandes pour plus de polyvalence que jamais. Disponibles en cabine de jour, en configurations 4\u00d72 ou 6\u00d74, les camions Hino XL Series sont id\u00e9aux pour des applications allant de 37 000 lb \u00e0 60 600 lb. PNBV.","breadcrumb":{"@id":"https:\/\/stage.tbkdev.com\/dev\/hinocanada.com\/src\/fr\/poids-lourds-a-cabine-conventionnelle\/#breadcrumb"},"inLanguage":"fr-CA","potentialAction":[{"@type":"ReadAction","target":["https:\/\/stage.tbkdev.com\/dev\/hinocanada.com\/src\/fr\/poids-lourds-a-cabine-conventionnelle\/"]}]},{"@type":"BreadcrumbList","@id":"https:\/\/stage.tbkdev.com\/dev\/hinocanada.com\/src\/fr\/poids-lourds-a-cabine-conventionnelle\/#breadcrumb","itemListElement":[{"@type":"ListItem","position":1,"name":"Home","item":"https:\/\/stage.tbkdev.com\/dev\/hinocanada.com\/src\/fr\/"},{"@type":"ListItem","position":2,"name":"Poids lourds \u00e0 cabine conventionnelle"}]},{"@type":"WebSite","@id":"https:\/\/stage.tbkdev.com\/dev\/hinocanada.com\/src\/#website","url":"https:\/\/stage.tbkdev.com\/dev\/hinocanada.com\/src\/","name":"Hino Canada","description":"Just another WordPress site","potentialAction":[{"@type":"SearchAction","target":{"@type":"EntryPoint","urlTemplate":"https:\/\/stage.tbkdev.com\/dev\/hinocanada.com\/src\/?s={search_term_string}"},"query-input":{"@type":"PropertyValueSpecification","valueRequired":true,"valueName":"search_term_string"}}],"inLanguage":"fr-CA"}]}},"_links":{"self":[{"href":"https:\/\/stage.tbkdev.com\/dev\/hinocanada.com\/src\/fr\/wp-json\/wp\/v2\/pages\/9086","targetHints":{"allow":["GET"]}}],"collection":[{"href":"https:\/\/stage.tbkdev.com\/dev\/hinocanada.com\/src\/fr\/wp-json\/wp\/v2\/pages"}],"about":[{"href":"https:\/\/stage.tbkdev.com\/dev\/hinocanada.com\/src\/fr\/wp-json\/wp\/v2\/types\/page"}],"author":[{"embeddable":true,"href":"https:\/\/stage.tbkdev.com\/dev\/hinocanada.com\/src\/fr\/wp-json\/wp\/v2\/users\/8"}],"replies":[{"embeddable":true,"href":"https:\/\/stage.tbkdev.com\/dev\/hinocanada.com\/src\/fr\/wp-json\/wp\/v2\/comments?post=9086"}],"version-history":[{"count":27,"href":"https:\/\/stage.tbkdev.com\/dev\/hinocanada.com\/src\/fr\/wp-json\/wp\/v2\/pages\/9086\/revisions"}],"predecessor-version":[{"id":19898,"href":"https:\/\/stage.tbkdev.com\/dev\/hinocanada.com\/src\/fr\/wp-json\/wp\/v2\/pages\/9086\/revisions\/19898"}],"wp:attachment":[{"href":"https:\/\/stage.tbkdev.com\/dev\/hinocanada.com\/src\/fr\/wp-json\/wp\/v2\/media?parent=9086"}],"curies":[{"name":"wp","href":"https:\/\/api.w.org\/{rel}","templated":true}]}}