{"id":5346,"date":"2017-04-27T09:32:02","date_gmt":"2017-04-27T13:32:02","guid":{"rendered":"http:\/\/stage.tbkdev.com\/dev\/hinocanada.com\/src\/camion-de-poids-leger\/"},"modified":"2022-06-21T11:16:47","modified_gmt":"2022-06-21T15:16:47","slug":"camions-poids-legers-a-cabine-surelevee","status":"publish","type":"page","link":"https:\/\/stage.tbkdev.com\/dev\/hinocanada.com\/src\/fr\/camions-poids-legers-a-cabine-surelevee\/","title":{"rendered":"Camions poids l\u00e9gers a cabine surel\u00e9v\u00e9e"},"content":{"rendered":"<div class=\"wpb-content-wrapper\"><p>[vc_row][vc_column][hero_slider_container]<div class=\"item\">\n\t<div class=\"slider-owl-background\" style=\"background-image: url(https:\/\/stage.tbkdev.com\/dev\/hinocanada.com\/src\/wp-content\/uploads\/2022\/06\/S-Series-truck-type3-1498x853.png);\"><\/div>\n\t<div class=\"slider-owl-overlay visible\"><\/div>\n\t<div class=\"slider-owl-item-inner\">\n\t\t<div class=\"slide-owl-item-inner-heading-container top-right\">\n\t\t\t<div class=\"wow fadeInUp\" data-wow-duration=\"1s\" data-wow-delay=\"1s\">\n\t\t\t\t<div class=\"slide-owl-item-inner-heading\">\n\t\t\t\t\tCamions de ville: Camions poids l\u00e9gers a cabine surel\u00e9v\u00e9e\t\t\t\t<\/div>\n\t\t\t\t<div class=\"slide-owl-item-inner-description\">\n\t\t\t\t\t\t\t\t\t<\/div>\n\t\t\t\t\t\t\t<\/div>\n\t\t<\/div>\n\t<\/div>\n<\/div>\n[\/hero_slider_container][\/vc_column][\/vc_row][vc_row][vc_column][\/vc_column][\/vc_row][vc_row][vc_column][ten_column_container][vc_column_text css=&nbsp;&raquo;.vc_custom_1655756941803{padding-bottom: 50px !important;}&nbsp;&raquo;]Les mod\u00e8les de la s\u00e9rie S de Hino sont con\u00e7us sp\u00e9cifiquement pour couvrir un large \u00e9ventail d&rsquo;applications, non seulement du point de vue de la puissance, de l&rsquo;a\u00e9rodynamisme et de la durabilit\u00e9, mais aussi de la facilit\u00e9 d&rsquo;utilisation et de la s\u00e9curit\u00e9.<\/p>\n<p>Disponibles en configuration cabine simple et cabine double, les camions de la s\u00e9rie S de Hino conviennent parfaitement aux applications allant de<strong> 14\u00a0500 lb \u00e0 19\u00a0500 lb PNBV<\/strong>.[\/vc_column_text][\/ten_column_container][\/vc_column][\/vc_row][vc_row][vc_column]<div class=\"dealer-callout-container\">\n\t<div class=\"dealer-callout-container-inner container\">\n\t\t<div class=\"dealer-callout-map-container wow fadeInLeft\" data-wow-duration=\"2s\">\n\t\t\t<span class=\"dealer-callout-map-icon icon-map-canada\"><\/span>\n\t\t\t\t\t\t\t\t\t\t\t<\/div>\n\t\t<div class=\"dealer-callout-info-circle\">\n\t\t\t<div class=\"dealer-callout-info-circle-inner\">\n\t\t\t\t<div class=\"dealer-callout-info-line-one\">R\u00e9volutionnaire<\/div>\n\t\t\t\t<div class=\"dealer-callout-info-line-two\">depuis<\/div>\n\t\t\t\t<div class=\"dealer-callout-info-line-three\">1974.<\/div>\n\t\t\t\t<div class=\"dealer-callout-info-line-four\">Comme \u00e0 la maison.<\/div>\n\t\t\t<\/div>\n\t\t<\/div>\n\t\t<div class=\"dealer-callout-content\">\n\t\t\t<div class=\"dealer-callout-title-one\">Hino<\/div>\n\t\t\t<div class=\"dealer-callout-title-two\">est l\u00e0 pour vous<\/div>\n\t\t\t<div class=\"dealer-callout-title-three\">\n\t\t\t\t\t\t\t\t\t<p>avec<strong> 50 concessions <\/strong>\u00e0 travers le Canada.<\/p>\n\t\t\t\t\t\t\t<\/div>\n\t\t\t<a href=\"http:\/\/stage.tbkdev.com\/dev\/hinocanada.com\/src\/fr\/dealers\/\" target=\"\" class=\"dealer-callout-button\">\t\t\t<span class=\"icon-map-marker dealer-callout-button-icon\"><\/span>\n\t\t\tTrouver un concessionnaire\t\t\t<\/a>\t\t<\/div>\n\t<\/div>\n<\/div>\n[\/vc_column][\/vc_row]<\/p>\n<\/div>","protected":false},"excerpt":{"rendered":"<p>[vc_row][vc_column][hero_slider_container][\/hero_slider_container][\/vc_column][\/vc_row][vc_row][vc_column][\/vc_column][\/vc_row][vc_row][vc_column][ten_column_container][vc_column_text css=&nbsp;&raquo;.vc_custom_1655756941803{padding-bottom: 50px !important;}&nbsp;&raquo;]Les mod\u00e8les de la s\u00e9rie S de Hino sont con\u00e7us sp\u00e9cifiquement pour couvrir un large \u00e9ventail d&rsquo;applications, non seulement du point de vue de la puissance, de l&rsquo;a\u00e9rodynamisme et de la durabilit\u00e9, mais aussi de la facilit\u00e9 &hellip; [&#8230;]<\/p>\n","protected":false},"author":1,"featured_media":0,"parent":0,"menu_order":20,"comment_status":"closed","ping_status":"closed","template":"page-fullwidth.php","meta":{"_acf_changed":false,"footnotes":""},"class_list":["post-5346","page","type-page","status-publish","hentry"],"acf":[],"yoast_head":"<!-- This site is optimized with the Yoast SEO plugin v23.9 - https:\/\/yoast.com\/wordpress\/plugins\/seo\/ -->\n<title>Poids l\u00e9gers \u00e0 cabine sur\u00e9lev\u00e9e | Hino Motors Canada<\/title>\n<meta name=\"description\" content=\"Les mod\u00e8les de la s\u00e9rie S de Hino sont con\u00e7us sp\u00e9cifiquement pour couvrir un large \u00e9ventail d&#039;applications, non seulement du point de vue de la puissance, de l&#039;a\u00e9rodynamisme et de la durabilit\u00e9, mais aussi de la facilit\u00e9 d&#039;utilisation et de la s\u00e9curit\u00e9.Disponibles en configuration cabine simple et cabine double, les camions de la s\u00e9rie S de Hino conviennent parfaitement aux applications allant de 14\u00a0500 lb \u00e0 19\u00a0500 lb PNBV.\" \/>\n<meta name=\"robots\" content=\"noindex, follow, max-snippet:-1, max-image-preview:large, max-video-preview:-1\" \/>\n<meta property=\"og:locale\" content=\"fr_CA\" \/>\n<meta property=\"og:type\" content=\"article\" \/>\n<meta property=\"og:title\" content=\"Poids l\u00e9gers \u00e0 cabine sur\u00e9lev\u00e9e | Hino Motors Canada\" \/>\n<meta property=\"og:description\" content=\"Les mod\u00e8les de la s\u00e9rie S de Hino sont con\u00e7us sp\u00e9cifiquement pour couvrir un large \u00e9ventail d&#039;applications, non seulement du point de vue de la puissance, de l&#039;a\u00e9rodynamisme et de la durabilit\u00e9, mais aussi de la facilit\u00e9 d&#039;utilisation et de la s\u00e9curit\u00e9.Disponibles en configuration cabine simple et cabine double, les camions de la s\u00e9rie S de Hino conviennent parfaitement aux applications allant de 14\u00a0500 lb \u00e0 19\u00a0500 lb PNBV.\" \/>\n<meta property=\"og:url\" content=\"https:\/\/stage.tbkdev.com\/dev\/hinocanada.com\/src\/fr\/camions-poids-legers-a-cabine-surelevee\/\" \/>\n<meta property=\"og:site_name\" content=\"Hino Canada\" \/>\n<meta property=\"article:publisher\" content=\"https:\/\/www.facebook.com\/hinocanada\" \/>\n<meta property=\"article:modified_time\" content=\"2022-06-21T15:16:47+00:00\" \/>\n<meta name=\"twitter:card\" content=\"summary_large_image\" \/>\n<meta name=\"twitter:label1\" content=\"Est. reading time\" \/>\n\t<meta name=\"twitter:data1\" content=\"1 minute\" \/>\n<script type=\"application\/ld+json\" class=\"yoast-schema-graph\">{\"@context\":\"https:\/\/schema.org\",\"@graph\":[{\"@type\":\"WebPage\",\"@id\":\"https:\/\/stage.tbkdev.com\/dev\/hinocanada.com\/src\/fr\/camions-poids-legers-a-cabine-surelevee\/\",\"url\":\"https:\/\/stage.tbkdev.com\/dev\/hinocanada.com\/src\/fr\/camions-poids-legers-a-cabine-surelevee\/\",\"name\":\"Poids l\u00e9gers \u00e0 cabine sur\u00e9lev\u00e9e | Hino Motors Canada\",\"isPartOf\":{\"@id\":\"https:\/\/stage.tbkdev.com\/dev\/hinocanada.com\/src\/#website\"},\"datePublished\":\"2017-04-27T13:32:02+00:00\",\"dateModified\":\"2022-06-21T15:16:47+00:00\",\"description\":\"Les mod\u00e8les de la s\u00e9rie S de Hino sont con\u00e7us sp\u00e9cifiquement pour couvrir un large \u00e9ventail d'applications, non seulement du point de vue de la puissance, de l'a\u00e9rodynamisme et de la durabilit\u00e9, mais aussi de la facilit\u00e9 d'utilisation et de la s\u00e9curit\u00e9.Disponibles en configuration cabine simple et cabine double, les camions de la s\u00e9rie S de Hino conviennent parfaitement aux applications allant de 14\u00a0500 lb \u00e0 19\u00a0500 lb PNBV.\",\"breadcrumb\":{\"@id\":\"https:\/\/stage.tbkdev.com\/dev\/hinocanada.com\/src\/fr\/camions-poids-legers-a-cabine-surelevee\/#breadcrumb\"},\"inLanguage\":\"fr-CA\",\"potentialAction\":[{\"@type\":\"ReadAction\",\"target\":[\"https:\/\/stage.tbkdev.com\/dev\/hinocanada.com\/src\/fr\/camions-poids-legers-a-cabine-surelevee\/\"]}]},{\"@type\":\"BreadcrumbList\",\"@id\":\"https:\/\/stage.tbkdev.com\/dev\/hinocanada.com\/src\/fr\/camions-poids-legers-a-cabine-surelevee\/#breadcrumb\",\"itemListElement\":[{\"@type\":\"ListItem\",\"position\":1,\"name\":\"Home\",\"item\":\"https:\/\/stage.tbkdev.com\/dev\/hinocanada.com\/src\/fr\/\"},{\"@type\":\"ListItem\",\"position\":2,\"name\":\"Camions poids l\u00e9gers a cabine surel\u00e9v\u00e9e\"}]},{\"@type\":\"WebSite\",\"@id\":\"https:\/\/stage.tbkdev.com\/dev\/hinocanada.com\/src\/#website\",\"url\":\"https:\/\/stage.tbkdev.com\/dev\/hinocanada.com\/src\/\",\"name\":\"Hino Canada\",\"description\":\"Just another WordPress site\",\"potentialAction\":[{\"@type\":\"SearchAction\",\"target\":{\"@type\":\"EntryPoint\",\"urlTemplate\":\"https:\/\/stage.tbkdev.com\/dev\/hinocanada.com\/src\/?s={search_term_string}\"},\"query-input\":{\"@type\":\"PropertyValueSpecification\",\"valueRequired\":true,\"valueName\":\"search_term_string\"}}],\"inLanguage\":\"fr-CA\"}]}<\/script>\n<!-- \/ Yoast SEO plugin. -->","yoast_head_json":{"title":"Poids l\u00e9gers \u00e0 cabine sur\u00e9lev\u00e9e | Hino Motors Canada","description":"Les mod\u00e8les de la s\u00e9rie S de Hino sont con\u00e7us sp\u00e9cifiquement pour couvrir un large \u00e9ventail d'applications, non seulement du point de vue de la puissance, de l'a\u00e9rodynamisme et de la durabilit\u00e9, mais aussi de la facilit\u00e9 d'utilisation et de la s\u00e9curit\u00e9.Disponibles en configuration cabine simple et cabine double, les camions de la s\u00e9rie S de Hino conviennent parfaitement aux applications allant de 14\u00a0500 lb \u00e0 19\u00a0500 lb PNBV.","robots":{"index":"noindex","follow":"follow","max-snippet":"max-snippet:-1","max-image-preview":"max-image-preview:large","max-video-preview":"max-video-preview:-1"},"og_locale":"fr_CA","og_type":"article","og_title":"Poids l\u00e9gers \u00e0 cabine sur\u00e9lev\u00e9e | Hino Motors Canada","og_description":"Les mod\u00e8les de la s\u00e9rie S de Hino sont con\u00e7us sp\u00e9cifiquement pour couvrir un large \u00e9ventail d'applications, non seulement du point de vue de la puissance, de l'a\u00e9rodynamisme et de la durabilit\u00e9, mais aussi de la facilit\u00e9 d'utilisation et de la s\u00e9curit\u00e9.Disponibles en configuration cabine simple et cabine double, les camions de la s\u00e9rie S de Hino conviennent parfaitement aux applications allant de 14\u00a0500 lb \u00e0 19\u00a0500 lb PNBV.","og_url":"https:\/\/stage.tbkdev.com\/dev\/hinocanada.com\/src\/fr\/camions-poids-legers-a-cabine-surelevee\/","og_site_name":"Hino Canada","article_publisher":"https:\/\/www.facebook.com\/hinocanada","article_modified_time":"2022-06-21T15:16:47+00:00","twitter_card":"summary_large_image","twitter_misc":{"Est. reading time":"1 minute"},"schema":{"@context":"https:\/\/schema.org","@graph":[{"@type":"WebPage","@id":"https:\/\/stage.tbkdev.com\/dev\/hinocanada.com\/src\/fr\/camions-poids-legers-a-cabine-surelevee\/","url":"https:\/\/stage.tbkdev.com\/dev\/hinocanada.com\/src\/fr\/camions-poids-legers-a-cabine-surelevee\/","name":"Poids l\u00e9gers \u00e0 cabine sur\u00e9lev\u00e9e | Hino Motors Canada","isPartOf":{"@id":"https:\/\/stage.tbkdev.com\/dev\/hinocanada.com\/src\/#website"},"datePublished":"2017-04-27T13:32:02+00:00","dateModified":"2022-06-21T15:16:47+00:00","description":"Les mod\u00e8les de la s\u00e9rie S de Hino sont con\u00e7us sp\u00e9cifiquement pour couvrir un large \u00e9ventail d'applications, non seulement du point de vue de la puissance, de l'a\u00e9rodynamisme et de la durabilit\u00e9, mais aussi de la facilit\u00e9 d'utilisation et de la s\u00e9curit\u00e9.Disponibles en configuration cabine simple et cabine double, les camions de la s\u00e9rie S de Hino conviennent parfaitement aux applications allant de 14\u00a0500 lb \u00e0 19\u00a0500 lb PNBV.","breadcrumb":{"@id":"https:\/\/stage.tbkdev.com\/dev\/hinocanada.com\/src\/fr\/camions-poids-legers-a-cabine-surelevee\/#breadcrumb"},"inLanguage":"fr-CA","potentialAction":[{"@type":"ReadAction","target":["https:\/\/stage.tbkdev.com\/dev\/hinocanada.com\/src\/fr\/camions-poids-legers-a-cabine-surelevee\/"]}]},{"@type":"BreadcrumbList","@id":"https:\/\/stage.tbkdev.com\/dev\/hinocanada.com\/src\/fr\/camions-poids-legers-a-cabine-surelevee\/#breadcrumb","itemListElement":[{"@type":"ListItem","position":1,"name":"Home","item":"https:\/\/stage.tbkdev.com\/dev\/hinocanada.com\/src\/fr\/"},{"@type":"ListItem","position":2,"name":"Camions poids l\u00e9gers a cabine surel\u00e9v\u00e9e"}]},{"@type":"WebSite","@id":"https:\/\/stage.tbkdev.com\/dev\/hinocanada.com\/src\/#website","url":"https:\/\/stage.tbkdev.com\/dev\/hinocanada.com\/src\/","name":"Hino Canada","description":"Just another WordPress site","potentialAction":[{"@type":"SearchAction","target":{"@type":"EntryPoint","urlTemplate":"https:\/\/stage.tbkdev.com\/dev\/hinocanada.com\/src\/?s={search_term_string}"},"query-input":{"@type":"PropertyValueSpecification","valueRequired":true,"valueName":"search_term_string"}}],"inLanguage":"fr-CA"}]}},"_links":{"self":[{"href":"https:\/\/stage.tbkdev.com\/dev\/hinocanada.com\/src\/fr\/wp-json\/wp\/v2\/pages\/5346","targetHints":{"allow":["GET"]}}],"collection":[{"href":"https:\/\/stage.tbkdev.com\/dev\/hinocanada.com\/src\/fr\/wp-json\/wp\/v2\/pages"}],"about":[{"href":"https:\/\/stage.tbkdev.com\/dev\/hinocanada.com\/src\/fr\/wp-json\/wp\/v2\/types\/page"}],"author":[{"embeddable":true,"href":"https:\/\/stage.tbkdev.com\/dev\/hinocanada.com\/src\/fr\/wp-json\/wp\/v2\/users\/1"}],"replies":[{"embeddable":true,"href":"https:\/\/stage.tbkdev.com\/dev\/hinocanada.com\/src\/fr\/wp-json\/wp\/v2\/comments?post=5346"}],"version-history":[{"count":17,"href":"https:\/\/stage.tbkdev.com\/dev\/hinocanada.com\/src\/fr\/wp-json\/wp\/v2\/pages\/5346\/revisions"}],"predecessor-version":[{"id":20143,"href":"https:\/\/stage.tbkdev.com\/dev\/hinocanada.com\/src\/fr\/wp-json\/wp\/v2\/pages\/5346\/revisions\/20143"}],"wp:attachment":[{"href":"https:\/\/stage.tbkdev.com\/dev\/hinocanada.com\/src\/fr\/wp-json\/wp\/v2\/media?parent=5346"}],"curies":[{"name":"wp","href":"https:\/\/api.w.org\/{rel}","templated":true}]}}