{"id":5317,"date":"2017-04-26T16:27:26","date_gmt":"2017-04-26T20:27:26","guid":{"rendered":"http:\/\/stage.tbkdev.com\/dev\/hinocanada.com\/src\/camions-a-cabine-conventionnelle\/"},"modified":"2021-05-04T11:42:48","modified_gmt":"2021-05-04T15:42:48","slug":"poids-moyens-a-capot-conventionnel","status":"publish","type":"page","link":"https:\/\/stage.tbkdev.com\/dev\/hinocanada.com\/src\/fr\/poids-moyens-a-capot-conventionnel\/","title":{"rendered":"Camions \u00e0 cabine conventionnelle (L Series)"},"content":{"rendered":"<div class=\"wpb-content-wrapper\"><p>[vc_row][vc_column][hero_slider_container]<div class=\"item\">\n\t<div class=\"slider-owl-background\" style=\"background-image: url(https:\/\/stage.tbkdev.com\/dev\/hinocanada.com\/src\/wp-content\/uploads\/2021\/05\/L-Series_truck-intro_banner-1860x1241.jpg);\"><\/div>\n\t<div class=\"slider-owl-overlay visible\"><\/div>\n\t<div class=\"slider-owl-item-inner\">\n\t\t<div class=\"slide-owl-item-inner-heading-container bottom-left\">\n\t\t\t<div class=\"wow fadeInUp\" data-wow-duration=\"1s\" data-wow-delay=\"1s\">\n\t\t\t\t<div class=\"slide-owl-item-inner-heading\">\n\t\t\t\t\t\t\t\t\t<\/div>\n\t\t\t\t<div class=\"slide-owl-item-inner-description\">\n\t\t\t\t\t\t\t\t\t<\/div>\n\t\t\t\t\t\t\t<\/div>\n\t\t<\/div>\n\t<\/div>\n<\/div>\n[\/hero_slider_container][\/vc_column][\/vc_row][vc_row full_width=&nbsp;&raquo;stretch_row_content&nbsp;&raquo;][vc_column][ten_column_container][vc_column_text]<strong>Pourquoi un Hino \u00e0 capot conventionnel satisfait tous vos besoins<\/strong><\/p>\n<p>Comment savoir si un camion Hino \u00e0 capot conventionnel est ce qu\u2019il vous faut? Que votre travail soit de retirer des voitures des foss\u00e9s \u00e0 Petitcodiac ou de transporter de l\u2019\u00e9quipement d\u2019exploitation p\u00e9troli\u00e8re ou des produits r\u00e9frig\u00e9r\u00e9s dans la r\u00e9gion de Leduc, votre monture se doit d\u2019\u00eatre durable, fiable et \u00e9conomique. Plus, vous tenez \u00e0 ce que vos chauffeurs soient confortables et en s\u00fbret\u00e9. C\u2019est la raison pour laquelle votre choix de camion s\u2019arr\u00eatera sur l\u2019un de nos quatre mod\u00e8les \u00e0 capot conventionnel : le L6 Series, le L7 ou le plus imposant de tous, le L8.<\/p>\n<p>Ces camions sont con\u00e7us pour le travail robuste, qui exige un PNBV de 25\u00a0500 \u00e0 35\u00a0000 lb; tout un \u00e9ventail d\u2019applications! Hino vous offre la meilleure valeur qui soit, \u00e0 de faibles co\u00fbts d\u2019entretien.<\/p>\n<p>Chacun de ces v\u00e9hicules produits au Canada peut \u00eatre personnalis\u00e9 en fonction de vos besoins. Notons que chacun de ces camions est dot\u00e9 d\u2019un ch\u00e2ssis libre, ce qui signifie que rien n\u2019est install\u00e9 sur les longerons de ch\u00e2ssis derri\u00e8re la cabine.<\/p>\n<p>Dans les Hino \u00e0 capot conventionnel, le moteur standard est le Cummins\u00ae B6.7, coupl\u00e9 \u00e0 une transmission automatique Allison \u00e0 six rapports. La puissance varie de 240 \u00e0 260 chevaux et le couple de 560 lb-pi @ 1 600 t-m \u00e0 660 lb-pi @ 1 600 t-m.<\/p>\n<p>Une maniabilit\u00e9 sup\u00e9rieure, une excellente visibilit\u00e9 et une longue liste d\u2019\u00e9quipement de s\u00e9rie font en sorte que les Hino de poids moyen procurent un confort in\u00e9gal\u00e9 au chauffeur, ce qui a fait la renomm\u00e9e de Hino.[\/vc_column_text][\/ten_column_container][\/vc_column][\/vc_row][vc_row full_width=&nbsp;&raquo;stretch_row_content&nbsp;&raquo;][vc_column][vc_empty_space height=&nbsp;&raquo;120px&nbsp;&raquo;]<div class=\"dealer-callout-container\">\n\t<div class=\"dealer-callout-container-inner container\">\n\t\t<div class=\"dealer-callout-map-container wow fadeInLeft\" data-wow-duration=\"2s\">\n\t\t\t<span class=\"dealer-callout-map-icon icon-map-canada\"><\/span>\n\t\t\t\t\t\t\t\t\t\t\t<\/div>\n\t\t<div class=\"dealer-callout-info-circle\">\n\t\t\t<div class=\"dealer-callout-info-circle-inner\">\n\t\t\t\t<div class=\"dealer-callout-info-line-one\">R\u00e9volutionnaire<\/div>\n\t\t\t\t<div class=\"dealer-callout-info-line-two\">depuis<\/div>\n\t\t\t\t<div class=\"dealer-callout-info-line-three\">1974.<\/div>\n\t\t\t\t<div class=\"dealer-callout-info-line-four\">Comme \u00e0 la maison.<\/div>\n\t\t\t<\/div>\n\t\t<\/div>\n\t\t<div class=\"dealer-callout-content\">\n\t\t\t<div class=\"dealer-callout-title-one\">HINO<\/div>\n\t\t\t<div class=\"dealer-callout-title-two\">est l\u00e0 pour vous<\/div>\n\t\t\t<div class=\"dealer-callout-title-three\">\n\t\t\t\t\t\t\t\t\t<p>avec<strong> 50 concessions<\/strong> \u00e0 travers le Canada.<\/p>\n\t\t\t\t\t\t\t<\/div>\n\t\t\t<a href=\"http:\/\/stage.tbkdev.com\/dev\/hinocanada.com\/src\/fr\/dealers\/\" target=\"\" class=\"dealer-callout-button\">\t\t\t<span class=\"icon-map-marker dealer-callout-button-icon\"><\/span>\n\t\t\tTrouver un concessionnaire\t\t\t<\/a>\t\t<\/div>\n\t<\/div>\n<\/div>\n[\/vc_column][\/vc_row]<\/p>\n<\/div>","protected":false},"excerpt":{"rendered":"<p>[vc_row][vc_column][hero_slider_container][\/hero_slider_container][\/vc_column][\/vc_row][vc_row full_width=&nbsp;&raquo;stretch_row_content&nbsp;&raquo;][vc_column][ten_column_container][vc_column_text]Pourquoi un Hino \u00e0 capot conventionnel satisfait tous vos besoins<\/p>\n<p>Comment savoir si un camion Hino \u00e0 capot conventionnel est ce qu\u2019il vous faut? Que votre travail soit de retirer des voitures des foss\u00e9s \u00e0 Petitcodiac ou de transporter &hellip; [&#8230;]<\/p>\n","protected":false},"author":1,"featured_media":0,"parent":0,"menu_order":110,"comment_status":"closed","ping_status":"closed","template":"page-fullwidth.php","meta":{"_acf_changed":false,"footnotes":""},"class_list":["post-5317","page","type-page","status-publish","hentry"],"acf":[],"yoast_head":"<!-- This site is optimized with the Yoast SEO plugin v23.9 - https:\/\/yoast.com\/wordpress\/plugins\/seo\/ -->\n<title>Camions de poids moyen \u00e0 cabine conventionnelle | Hino Motors Canada<\/title>\n<meta name=\"description\" content=\"Les camions de poids moyen Hino sont \u00e0 la fois durables, fiables et \u00e9conomiques et assurent \u00e0 vos chauffeurs un confort in\u00e9gal\u00e9 en toute s\u00e9curit\u00e9, peu importe la t\u00e2che \u00e0 accomplir\" \/>\n<meta name=\"robots\" content=\"noindex, follow, max-snippet:-1, max-image-preview:large, max-video-preview:-1\" \/>\n<meta property=\"og:locale\" content=\"fr_CA\" \/>\n<meta property=\"og:type\" content=\"article\" \/>\n<meta property=\"og:title\" content=\"Camions de poids moyen \u00e0 cabine conventionnelle | Hino Motors Canada\" \/>\n<meta property=\"og:description\" content=\"Les camions de poids moyen Hino sont \u00e0 la fois durables, fiables et \u00e9conomiques et assurent \u00e0 vos chauffeurs un confort in\u00e9gal\u00e9 en toute s\u00e9curit\u00e9, peu importe la t\u00e2che \u00e0 accomplir\" \/>\n<meta property=\"og:url\" content=\"https:\/\/stage.tbkdev.com\/dev\/hinocanada.com\/src\/fr\/poids-moyens-a-capot-conventionnel\/\" \/>\n<meta property=\"og:site_name\" content=\"Hino Canada\" \/>\n<meta property=\"article:publisher\" content=\"https:\/\/www.facebook.com\/hinocanada\" \/>\n<meta property=\"article:modified_time\" content=\"2021-05-04T15:42:48+00:00\" \/>\n<meta name=\"twitter:card\" content=\"summary_large_image\" \/>\n<meta name=\"twitter:label1\" content=\"Est. reading time\" \/>\n\t<meta name=\"twitter:data1\" content=\"2 minutes\" \/>\n<script type=\"application\/ld+json\" class=\"yoast-schema-graph\">{\"@context\":\"https:\/\/schema.org\",\"@graph\":[{\"@type\":\"WebPage\",\"@id\":\"https:\/\/stage.tbkdev.com\/dev\/hinocanada.com\/src\/fr\/poids-moyens-a-capot-conventionnel\/\",\"url\":\"https:\/\/stage.tbkdev.com\/dev\/hinocanada.com\/src\/fr\/poids-moyens-a-capot-conventionnel\/\",\"name\":\"Camions de poids moyen \u00e0 cabine conventionnelle | Hino Motors Canada\",\"isPartOf\":{\"@id\":\"https:\/\/stage.tbkdev.com\/dev\/hinocanada.com\/src\/#website\"},\"datePublished\":\"2017-04-26T20:27:26+00:00\",\"dateModified\":\"2021-05-04T15:42:48+00:00\",\"description\":\"Les camions de poids moyen Hino sont \u00e0 la fois durables, fiables et \u00e9conomiques et assurent \u00e0 vos chauffeurs un confort in\u00e9gal\u00e9 en toute s\u00e9curit\u00e9, peu importe la t\u00e2che \u00e0 accomplir\",\"breadcrumb\":{\"@id\":\"https:\/\/stage.tbkdev.com\/dev\/hinocanada.com\/src\/fr\/poids-moyens-a-capot-conventionnel\/#breadcrumb\"},\"inLanguage\":\"fr-CA\",\"potentialAction\":[{\"@type\":\"ReadAction\",\"target\":[\"https:\/\/stage.tbkdev.com\/dev\/hinocanada.com\/src\/fr\/poids-moyens-a-capot-conventionnel\/\"]}]},{\"@type\":\"BreadcrumbList\",\"@id\":\"https:\/\/stage.tbkdev.com\/dev\/hinocanada.com\/src\/fr\/poids-moyens-a-capot-conventionnel\/#breadcrumb\",\"itemListElement\":[{\"@type\":\"ListItem\",\"position\":1,\"name\":\"Home\",\"item\":\"https:\/\/stage.tbkdev.com\/dev\/hinocanada.com\/src\/fr\/\"},{\"@type\":\"ListItem\",\"position\":2,\"name\":\"Camions \u00e0 cabine conventionnelle (L Series)\"}]},{\"@type\":\"WebSite\",\"@id\":\"https:\/\/stage.tbkdev.com\/dev\/hinocanada.com\/src\/#website\",\"url\":\"https:\/\/stage.tbkdev.com\/dev\/hinocanada.com\/src\/\",\"name\":\"Hino Canada\",\"description\":\"Just another WordPress site\",\"potentialAction\":[{\"@type\":\"SearchAction\",\"target\":{\"@type\":\"EntryPoint\",\"urlTemplate\":\"https:\/\/stage.tbkdev.com\/dev\/hinocanada.com\/src\/?s={search_term_string}\"},\"query-input\":{\"@type\":\"PropertyValueSpecification\",\"valueRequired\":true,\"valueName\":\"search_term_string\"}}],\"inLanguage\":\"fr-CA\"}]}<\/script>\n<!-- \/ Yoast SEO plugin. -->","yoast_head_json":{"title":"Camions de poids moyen \u00e0 cabine conventionnelle | Hino Motors Canada","description":"Les camions de poids moyen Hino sont \u00e0 la fois durables, fiables et \u00e9conomiques et assurent \u00e0 vos chauffeurs un confort in\u00e9gal\u00e9 en toute s\u00e9curit\u00e9, peu importe la t\u00e2che \u00e0 accomplir","robots":{"index":"noindex","follow":"follow","max-snippet":"max-snippet:-1","max-image-preview":"max-image-preview:large","max-video-preview":"max-video-preview:-1"},"og_locale":"fr_CA","og_type":"article","og_title":"Camions de poids moyen \u00e0 cabine conventionnelle | Hino Motors Canada","og_description":"Les camions de poids moyen Hino sont \u00e0 la fois durables, fiables et \u00e9conomiques et assurent \u00e0 vos chauffeurs un confort in\u00e9gal\u00e9 en toute s\u00e9curit\u00e9, peu importe la t\u00e2che \u00e0 accomplir","og_url":"https:\/\/stage.tbkdev.com\/dev\/hinocanada.com\/src\/fr\/poids-moyens-a-capot-conventionnel\/","og_site_name":"Hino Canada","article_publisher":"https:\/\/www.facebook.com\/hinocanada","article_modified_time":"2021-05-04T15:42:48+00:00","twitter_card":"summary_large_image","twitter_misc":{"Est. reading time":"2 minutes"},"schema":{"@context":"https:\/\/schema.org","@graph":[{"@type":"WebPage","@id":"https:\/\/stage.tbkdev.com\/dev\/hinocanada.com\/src\/fr\/poids-moyens-a-capot-conventionnel\/","url":"https:\/\/stage.tbkdev.com\/dev\/hinocanada.com\/src\/fr\/poids-moyens-a-capot-conventionnel\/","name":"Camions de poids moyen \u00e0 cabine conventionnelle | Hino Motors Canada","isPartOf":{"@id":"https:\/\/stage.tbkdev.com\/dev\/hinocanada.com\/src\/#website"},"datePublished":"2017-04-26T20:27:26+00:00","dateModified":"2021-05-04T15:42:48+00:00","description":"Les camions de poids moyen Hino sont \u00e0 la fois durables, fiables et \u00e9conomiques et assurent \u00e0 vos chauffeurs un confort in\u00e9gal\u00e9 en toute s\u00e9curit\u00e9, peu importe la t\u00e2che \u00e0 accomplir","breadcrumb":{"@id":"https:\/\/stage.tbkdev.com\/dev\/hinocanada.com\/src\/fr\/poids-moyens-a-capot-conventionnel\/#breadcrumb"},"inLanguage":"fr-CA","potentialAction":[{"@type":"ReadAction","target":["https:\/\/stage.tbkdev.com\/dev\/hinocanada.com\/src\/fr\/poids-moyens-a-capot-conventionnel\/"]}]},{"@type":"BreadcrumbList","@id":"https:\/\/stage.tbkdev.com\/dev\/hinocanada.com\/src\/fr\/poids-moyens-a-capot-conventionnel\/#breadcrumb","itemListElement":[{"@type":"ListItem","position":1,"name":"Home","item":"https:\/\/stage.tbkdev.com\/dev\/hinocanada.com\/src\/fr\/"},{"@type":"ListItem","position":2,"name":"Camions \u00e0 cabine conventionnelle (L Series)"}]},{"@type":"WebSite","@id":"https:\/\/stage.tbkdev.com\/dev\/hinocanada.com\/src\/#website","url":"https:\/\/stage.tbkdev.com\/dev\/hinocanada.com\/src\/","name":"Hino Canada","description":"Just another WordPress site","potentialAction":[{"@type":"SearchAction","target":{"@type":"EntryPoint","urlTemplate":"https:\/\/stage.tbkdev.com\/dev\/hinocanada.com\/src\/?s={search_term_string}"},"query-input":{"@type":"PropertyValueSpecification","valueRequired":true,"valueName":"search_term_string"}}],"inLanguage":"fr-CA"}]}},"_links":{"self":[{"href":"https:\/\/stage.tbkdev.com\/dev\/hinocanada.com\/src\/fr\/wp-json\/wp\/v2\/pages\/5317","targetHints":{"allow":["GET"]}}],"collection":[{"href":"https:\/\/stage.tbkdev.com\/dev\/hinocanada.com\/src\/fr\/wp-json\/wp\/v2\/pages"}],"about":[{"href":"https:\/\/stage.tbkdev.com\/dev\/hinocanada.com\/src\/fr\/wp-json\/wp\/v2\/types\/page"}],"author":[{"embeddable":true,"href":"https:\/\/stage.tbkdev.com\/dev\/hinocanada.com\/src\/fr\/wp-json\/wp\/v2\/users\/1"}],"replies":[{"embeddable":true,"href":"https:\/\/stage.tbkdev.com\/dev\/hinocanada.com\/src\/fr\/wp-json\/wp\/v2\/comments?post=5317"}],"version-history":[{"count":12,"href":"https:\/\/stage.tbkdev.com\/dev\/hinocanada.com\/src\/fr\/wp-json\/wp\/v2\/pages\/5317\/revisions"}],"predecessor-version":[{"id":16734,"href":"https:\/\/stage.tbkdev.com\/dev\/hinocanada.com\/src\/fr\/wp-json\/wp\/v2\/pages\/5317\/revisions\/16734"}],"wp:attachment":[{"href":"https:\/\/stage.tbkdev.com\/dev\/hinocanada.com\/src\/fr\/wp-json\/wp\/v2\/media?parent=5317"}],"curies":[{"name":"wp","href":"https:\/\/api.w.org\/{rel}","templated":true}]}}