{"id":5155,"date":"2016-10-28T14:11:57","date_gmt":"2016-10-28T18:11:57","guid":{"rendered":"http:\/\/stage.tbkdev.com\/dev\/hinocanada.com\/src\/pieces\/"},"modified":"2024-11-28T15:02:16","modified_gmt":"2024-11-28T20:02:16","slug":"pieces-2-2","status":"publish","type":"page","link":"https:\/\/stage.tbkdev.com\/dev\/hinocanada.com\/src\/fr\/pieces-2-2\/","title":{"rendered":"Pi\u00e8ces"},"content":{"rendered":"<div class=\"wpb-content-wrapper\"><p>[vc_row][vc_column][hero_slider_container]<div class=\"item\">\n\t<div class=\"slider-owl-background\" style=\"background-image: url(https:\/\/stage.tbkdev.com\/dev\/hinocanada.com\/src\/wp-content\/uploads\/2017\/01\/parts-bg-1860x782-1-1860x782.jpg);\"><\/div>\n\t<div class=\"slider-owl-overlay \"><\/div>\n\t<div class=\"slider-owl-item-inner\">\n\t\t<div class=\"slide-owl-item-inner-heading-container center\">\n\t\t\t<div class=\"wow fadeInUp\" data-wow-duration=\"1s\" data-wow-delay=\"1s\">\n\t\t\t\t<div class=\"slide-owl-item-inner-heading\">\n\t\t\t\t\tLA QUALIT\u00c9 COMMENCE \u00c0 L\u2019INT\u00c9RIEUR\t\t\t\t<\/div>\n\t\t\t\t<div class=\"slide-owl-item-inner-description\">\n\t\t\t\t\t\t\t\t\t<\/div>\n\t\t\t\t\t\t\t<\/div>\n\t\t<\/div>\n\t<\/div>\n<\/div>\n[\/hero_slider_container][\/vc_column][\/vc_row][vc_row][vc_column]<div class=\"coast-container\"  data-responsive-bg=\"responsive_bg69e9f50d5aca1\">\n\t<div class=\"coast-inner container\">\n\t\t<div class=\"coast-circle-container wow fadeInLeft\" data-wow-duration=\"1s\">\n\t\t<div class=\"coast-to-coast-circle\">\n\t\t\t<div class=\"coast-to-coast-circle-inner\">\n\t\t\t\t<div class=\"circle-line-one\">\n\t\t\t\t\t\t\t\t\t<\/div>\n\t\t\t\t<div class=\"circle-line-two\">\n\t\t\t\t\tR\u00c9SEAU DE CONCESSIONNAIRES\t\t\t\t<\/div>\n\t\t\t\t<div class=\"circle-line-three\">\n\t\t\t\t\tD\u2019UN OC\u00c9AN \u00c0 L\u2019AUTRE\t\t\t\t<\/div>\n\t\t\t<\/div>\n\t\t<\/div>\n\t\t<\/div>\n\t\t<div class=\"coast-content wow fadeInRight\" data-wow-duration=\"1s\">\n\t\t\t<div class=\"coast-title\">\n\t\t\t\t<strong><\/strong>\n\t\t\t\t\t\t\t<\/div>\n\t\t\t<div class=\"coast-content-main\">\n\t\t\t\tNotre vaste r\u00e9seau de concessionnaires s\u2019\u00e9tend partout au pays et est aliment\u00e9 par un centre de distribution de pi\u00e8ces de 38\u00a0000 pi<sup>2<\/sup> situ\u00e9 \u00e0 Mississauga, en Ontario.\t\t\t<\/div>\n\t\t<\/div>\n\t<\/div>\n<\/div>\n[\/vc_column][\/vc_row][vc_row][vc_column][basic_container_narrow][vc_column_text]<\/p>\n<h3>PI\u00c8CES DE RECHANGE POUR TOUTES LES MARQUES<\/h3>\n<h6>VOTRE D\u00c9PARTEMENT DE PI\u00c8CES HINO LOCAL VOUS OFFRE BIEN PLUS QUE LES PI\u00c8CES D\u2019ORIGINE<span style=\"color: #ff0000;\">HINO<\/span><\/h6>\n<p>Hino Canada s\u2019est alli\u00e9 aux plus importants fournisseurs de l\u2019industrie du camionnage afin de vous offrir tout un \u00e9ventail de pi\u00e8ces et de produits pour toutes les marques et mod\u00e8les de camions. Qu\u2019il s\u2019agisse de composantes de freins ou d\u2019essieux Meritor ou de cha\u00eene audio et autres accessoires JVCKENWOOD, votre concessionnaire Hino a tout ce qu\u2019il vous faut. Contactez un concessionnaire sans tarder pour d\u00e9couvrir \u00e0 quel point Hino peut vous permettre de trouver en un seul endroit les pi\u00e8ces de qualit\u00e9 de toutes les marques que vous recherchez.[\/vc_column_text][vc_single_image image=&nbsp;&raquo;21509&Prime; img_size=&nbsp;&raquo;full&nbsp;&raquo; css=&nbsp;&raquo;&nbsp;&raquo;][\/basic_container_narrow][vc_empty_space][\/vc_column][\/vc_row][vc_row css=&nbsp;&raquo;.vc_custom_1606935700639{margin-bottom: -60px !important;}&nbsp;&raquo;][vc_column el_id=&nbsp;&raquo;genuine-parts&nbsp;&raquo;]<div class=\"image-banner\"  data-responsive-bg=\"responsive_bg69e9f50d5ba92\">\n\t<div class=\"container\">\n\t\t<div class=\"image-banner-inner\">\n\t\t\t<div class=\"image-banner-text\">\n\t\t\t\t\t\t\t\t\t\t\t<\/div>\n\t\t<\/div>\n\t<\/div>\n<\/div>\n[\/vc_column][\/vc_row][vc_row][vc_column]<div class=\"warranty-text-wrapper\">\n\t<div class=\"container\">\n\t\t<div class=\"text-block-inner\">\n\t\t\t<div class=\"text-block-content\">\n\t\t\t\t<div class=\"text-block-title\">\n\t\t\t\t\tLes pi\u00e8ces\t\t\t\t\t\t\t\t\t\t\t<strong>d\u2019origineHino<\/strong>\n\t\t\t\t\t\t\t\t\t<\/div>\n\t\t\t\t<div class=\"text-block-content-main\">\n\t\t\t\t\t<p>Lorsque vous achetez ou louez un camion Hino, vous ne faites pas qu\u2019investir dans l\u2019un des v\u00e9hicules les plus efficaces et les plus fiables au monde, vous obtenez \u00e9galement tout un \u00e9ventail de ressources et de personnes pour vous appuyer, directement du Canada.<\/p>\n<p>Les pi\u00e8ces <strong>d\u2019origine<span style=\"color: #ff0000;\">Hino<\/span><\/strong> ont \u00e9t\u00e9 con\u00e7ues et test\u00e9es afin de se conformer aux normes de qualit\u00e9 les plus s\u00e9v\u00e8res et offrir la meilleure valeur et la meilleure performance qui soient \u00e0 votre camion Hino.<\/p>\n\t\t\t\t<\/div>\n\t\t\t<\/div>\n\t\t\t<div class=\"text-block-image\">\n\t\t\t\t<img decoding=\"async\" src=\"https:\/\/stage.tbkdev.com\/dev\/hinocanada.com\/src\/wp-content\/uploads\/2020\/07\/New_HinoGenuine-Parts-logo_color211-211x211.png\" alt=\"d\u2019origineHino\">\n\t\t\t<\/div>\n\t\t<\/div>\n\t<\/div>\n<\/div>\n[\/vc_column][\/vc_row][vc_row css=&nbsp;&raquo;.vc_custom_1606935691703{margin-top: -60px !important;}&nbsp;&raquo;][vc_column]<div class=\"parts-listing-container collapsed-container\">\n\t<div class=\"parts-listing-overlay\"><\/div>\n\t\t\t\t<a class=\"parts-listing-item\" target=\"_blank\" href=\"https:\/\/stage.tbkdev.com\/dev\/hinocanada.com\/src\/fr\/parts\/balais-dessuie-glace\/\">\n\t\t\t\t\t\t<div class=\"parts-listing-item-image\">\n\t\t\t\t\t\t\t\t\t<img decoding=\"async\" src=\"https:\/\/stage.tbkdev.com\/dev\/hinocanada.com\/src\/wp-content\/uploads\/2017\/02\/WIPER-BLADES_EN-200x200.jpg\"\n\t\t\t\t\t     alt=\"\">\n\t\t\t\t\t\t\t<\/div>\n\t\t\t<div class=\"parts-listing-item-title\">\n\t\t\t\tBalais d'essuie-glace\t\t\t<\/div>\n\t\t\t\t\t<\/a>\n\t\t\t\t\t<a class=\"parts-listing-item\" target=\"_blank\" href=\"https:\/\/stage.tbkdev.com\/dev\/hinocanada.com\/src\/fr\/parts\/ampoules\/\">\n\t\t\t\t\t\t<div class=\"parts-listing-item-image\">\n\t\t\t\t\t\t\t\t\t<img decoding=\"async\" src=\"https:\/\/stage.tbkdev.com\/dev\/hinocanada.com\/src\/wp-content\/uploads\/2017\/02\/LIGHT-BULBS_EN-200x200.jpg\"\n\t\t\t\t\t     alt=\"\">\n\t\t\t\t\t\t\t<\/div>\n\t\t\t<div class=\"parts-listing-item-title\">\n\t\t\t\tAmpoules\t\t\t<\/div>\n\t\t\t\t\t<\/a>\n\t\t\t\t\t<a class=\"parts-listing-item\" target=\"_blank\" href=\"https:\/\/stage.tbkdev.com\/dev\/hinocanada.com\/src\/fr\/parts\/element-de-filtre-a-air\/\">\n\t\t\t\t\t\t<div class=\"parts-listing-item-image\">\n\t\t\t\t\t\t\t\t\t<img decoding=\"async\" src=\"https:\/\/stage.tbkdev.com\/dev\/hinocanada.com\/src\/wp-content\/uploads\/2017\/02\/AIR-CLEANER-ELEMENT-1-200x200.jpg\"\n\t\t\t\t\t     alt=\"\">\n\t\t\t\t\t\t\t<\/div>\n\t\t\t<div class=\"parts-listing-item-title\">\n\t\t\t\t\u00c9l\u00e9ment de filtre \u00e0 air\t\t\t<\/div>\n\t\t\t\t\t<\/a>\n\t\t\t\t\t<a class=\"parts-listing-item\" target=\"_blank\" href=\"https:\/\/stage.tbkdev.com\/dev\/hinocanada.com\/src\/fr\/parts\/trousse-de-reparation-de-dessiccateur-dair\/\">\n\t\t\t\t\t\t<div class=\"parts-listing-item-image\">\n\t\t\t\t\t\t\t\t\t<img decoding=\"async\" src=\"https:\/\/stage.tbkdev.com\/dev\/hinocanada.com\/src\/wp-content\/uploads\/2017\/02\/AIR-DRYER-REPAIR-KIT-1-200x200.jpg\"\n\t\t\t\t\t     alt=\"\">\n\t\t\t\t\t\t\t<\/div>\n\t\t\t<div class=\"parts-listing-item-title\">\n\t\t\t\tTrousse de r\u00e9paration de dessiccateur d'air\t\t\t<\/div>\n\t\t\t\t\t<\/a>\n\t\t\t\t\t<a class=\"parts-listing-item\" target=\"_blank\" href=\"https:\/\/stage.tbkdev.com\/dev\/hinocanada.com\/src\/fr\/parts\/garniture-de-frein\/\">\n\t\t\t\t\t\t<div class=\"parts-listing-item-image\">\n\t\t\t\t\t\t\t\t\t<img decoding=\"async\" src=\"https:\/\/stage.tbkdev.com\/dev\/hinocanada.com\/src\/wp-content\/uploads\/2017\/02\/BRAKE-LINING_EN-1-200x200.jpg\"\n\t\t\t\t\t     alt=\"\">\n\t\t\t\t\t\t\t<\/div>\n\t\t\t<div class=\"parts-listing-item-title\">\n\t\t\t\tGarniture de frein\t\t\t<\/div>\n\t\t\t\t\t<\/a>\n\t\t\t\t\t<a class=\"parts-listing-item\" target=\"_blank\" href=\"https:\/\/stage.tbkdev.com\/dev\/hinocanada.com\/src\/fr\/parts\/disque-et-couvercle-dembrayage\/\">\n\t\t\t\t\t\t<div class=\"parts-listing-item-image\">\n\t\t\t\t\t\t\t\t\t<img decoding=\"async\" src=\"https:\/\/stage.tbkdev.com\/dev\/hinocanada.com\/src\/wp-content\/uploads\/2017\/02\/CLUCH-DISC-COVER_EN-200x200.jpg\"\n\t\t\t\t\t     alt=\"\">\n\t\t\t\t\t\t\t<\/div>\n\t\t\t<div class=\"parts-listing-item-title\">\n\t\t\t\tDisque et couvercle d'embrayage\t\t\t<\/div>\n\t\t\t\t\t<\/a>\n\t\t\t\t\t<a class=\"parts-listing-item\" target=\"_blank\" href=\"https:\/\/stage.tbkdev.com\/dev\/hinocanada.com\/src\/fr\/parts\/filtre-a-huile\/\">\n\t\t\t\t\t\t<div class=\"parts-listing-item-image\">\n\t\t\t\t\t\t\t\t\t<img decoding=\"async\" src=\"https:\/\/stage.tbkdev.com\/dev\/hinocanada.com\/src\/wp-content\/uploads\/2017\/02\/OIL-FILTER_EN-200x200.jpg\"\n\t\t\t\t\t     alt=\"\">\n\t\t\t\t\t\t\t<\/div>\n\t\t\t<div class=\"parts-listing-item-title\">\n\t\t\t\tFiltre \u00e0 huile\t\t\t<\/div>\n\t\t\t\t\t<\/a>\n\t\t\t\t\t<a class=\"parts-listing-item\" target=\"_blank\" href=\"https:\/\/stage.tbkdev.com\/dev\/hinocanada.com\/src\/fr\/parts\/filtre-a-carburant\/\">\n\t\t\t\t\t\t<div class=\"parts-listing-item-image\">\n\t\t\t\t\t\t\t\t\t<img decoding=\"async\" src=\"https:\/\/stage.tbkdev.com\/dev\/hinocanada.com\/src\/wp-content\/uploads\/2017\/02\/FUEL-FILTER_EN-200x200.jpg\"\n\t\t\t\t\t     alt=\"\">\n\t\t\t\t\t\t\t<\/div>\n\t\t\t<div class=\"parts-listing-item-title\">\n\t\t\t\tFiltre \u00e0 carburant\t\t\t<\/div>\n\t\t\t\t\t<\/a>\n\t\t\t\t\t<a class=\"parts-listing-item\" target=\"_blank\" href=\"https:\/\/stage.tbkdev.com\/dev\/hinocanada.com\/src\/fr\/parts\/manchon-de-bielle-de-reaction\/\">\n\t\t\t\t\t\t<div class=\"parts-listing-item-image\">\n\t\t\t\t\t\t\t\t\t<img decoding=\"async\" src=\"https:\/\/stage.tbkdev.com\/dev\/hinocanada.com\/src\/wp-content\/uploads\/2017\/02\/TORQUE-ROD-BUSHING_EN-200x200.jpg\"\n\t\t\t\t\t     alt=\"\">\n\t\t\t\t\t\t\t<\/div>\n\t\t\t<div class=\"parts-listing-item-title\">\n\t\t\t\tManchon de bielle de r\u00e9action\t\t\t<\/div>\n\t\t\t\t\t<\/a>\n\t\t\t\t\t<a class=\"parts-listing-item\" target=\"_blank\" href=\"https:\/\/stage.tbkdev.com\/dev\/hinocanada.com\/src\/fr\/parts\/courroie-trapezoidale\/\">\n\t\t\t\t\t\t<div class=\"parts-listing-item-image\">\n\t\t\t\t\t\t\t\t\t<img decoding=\"async\" src=\"https:\/\/stage.tbkdev.com\/dev\/hinocanada.com\/src\/wp-content\/uploads\/2017\/02\/V-BELT_EN-200x200.jpg\"\n\t\t\t\t\t     alt=\"\">\n\t\t\t\t\t\t\t<\/div>\n\t\t\t<div class=\"parts-listing-item-title\">\n\t\t\t\tCourroie trap\u00e9zo\u00efdale\t\t\t<\/div>\n\t\t\t\t\t<\/a>\n\t\t\t\t<button class=\"parts-listing-view-more collapsed\">\n\t\t\t<span class=\"view-all\">Voir tout<\/span>\n\t\t\t<span class=\"collapse-all\">Minimiser<\/span>\n\t\t<\/button>\n<\/div>\n[\/vc_column][\/vc_row][vc_row][vc_column]<div class=\"warranty-text-wrapper\">\n\t<div class=\"container\">\n\t\t<div class=\"text-block-inner\">\n\t\t\t<div class=\"text-block-content\">\n\t\t\t\t<div class=\"text-block-title\">\n\t\t\t\t\tGARANTIE HINO\t\t\t\t\t\t\t\t\t\t\t<strong>DE 3 ANS SUR LES PI\u00c8CES<\/strong>\n\t\t\t\t\t\t\t\t\t<\/div>\n\t\t\t\t<div class=\"text-block-content-main\">\n\t\t\t\t\t<p>Hino offre une garantie de 3 ans et kilom\u00e9trage illimit\u00e9 sur toutes les pi\u00e8ces de rechange Hino install\u00e9es chez un concessionnaire Hino du Canada. Cette garantie qui fait l\u2019envie de l\u2019industrie n\u2019est qu\u2019un exemple de plus qui d\u00e9montre \u00e0 quel point nous sommes d\u00e9di\u00e9s \u00e0 vous procurer les meilleures pi\u00e8ces d\u2019origine Hino et \u00e0 quel point nous sommes engag\u00e9s \u00e0 prot\u00e9ger votre investissement. Une garantie de 1 an et kilom\u00e9trage illimit\u00e9 s\u2019applique par ailleurs aux pi\u00e8ces Hino vendues au comptoir.<\/p>\n<p>Veuillez contacter votre concessionnaire Hino pour tous les d\u00e9tails.<\/p>\n\t\t\t\t<\/div>\n\t\t\t<\/div>\n\t\t\t<div class=\"text-block-image\">\n\t\t\t\t<img decoding=\"async\" src=\"https:\/\/stage.tbkdev.com\/dev\/hinocanada.com\/src\/wp-content\/uploads\/2021\/04\/Hino-Genuine-Parts-3-Years-Warranty-logo_color-1-250x250.png\" alt=\"DE 3 ANS SUR LES PI\u00c8CES\">\n\t\t\t<\/div>\n\t\t<\/div>\n\t<\/div>\n<\/div>\n[\/vc_column][\/vc_row][vc_row][vc_column]<div class=\"image-cta-container\">\n\t<a class=\"image-cta-link\" href=\"http:\/\/stage.tbkdev.com\/dev\/hinocanada.com\/src\/fr\/dealers\/\" target=\"\">\t<div class=\"image-cta-container-inner container\"  data-responsive-bg=\"responsive_bg69e9f50d791c3\">\n\t\t<div class=\"image-cta-logo-container\">\n\t\t\t<img decoding=\"async\" class=\"image-cta-logo\" src=\"https:\/\/stage.tbkdev.com\/dev\/hinocanada.com\/src\/wp-content\/themes\/hino-canada\/images\/logo-transparent.png\"\n\t\t\t     alt=\"Hino Canada\">\n\t\t<\/div>\n\t\t<div class=\"image-cta-text-container\">\n\t\t\t<div class=\"image-cta-text\">\n\t\t\t\t<span class=\"image-cta-icon icon-map-marker\"><\/span> \t\t\t\t<strong>Trouver votre concessionnaire Hino le plus pr\u00e8s<\/strong>\t\t\t\t\t\t\t\t\t<div class=\"image-cta-button\" ><span class=\"icon-play-circle\"><\/span><\/div>\n\t\t\t\t\t\t\t<\/div>\n\t\t<\/div>\n\t<\/div>\n\t<\/a><\/div>\n[\/vc_column][\/vc_row]<\/p>\n<\/div>","protected":false},"excerpt":{"rendered":"<p>[vc_row][vc_column][hero_slider_container][\/hero_slider_container][\/vc_column][\/vc_row][vc_row][vc_column][\/vc_column][\/vc_row][vc_row][vc_column][basic_container_narrow][vc_column_text]<\/p>\n<p> PI\u00c8CES DE RECHANGE POUR TOUTES LES MARQUES VOTRE D\u00c9PARTEMENT DE PI\u00c8CES HINO LOCAL VOUS OFFRE BIEN PLUS QUE LES PI\u00c8CES D\u2019ORIGINEHINO <\/p>\n<p>Hino Canada s\u2019est alli\u00e9 aux plus importants fournisseurs de l\u2019industrie du camionnage afin de vous offrir tout un &hellip; [&#8230;]<\/p>\n","protected":false},"author":1,"featured_media":0,"parent":0,"menu_order":290,"comment_status":"closed","ping_status":"closed","template":"page-fullwidth.php","meta":{"_acf_changed":false,"footnotes":""},"class_list":["post-5155","page","type-page","status-publish","hentry"],"acf":[],"yoast_head":"<!-- This site is optimized with the Yoast SEO plugin v23.9 - https:\/\/yoast.com\/wordpress\/plugins\/seo\/ -->\n<title>Pi\u00e8ces - Camions \u00e0 cabine sur\u00e9lev\u00e9e et \u00e0 cabine conventionnelle | Hino Motors Canada<\/title>\n<meta name=\"description\" content=\"Les camions Hino sont parmi les v\u00e9hicules les plus fiables qui soient. Les pi\u00e8ces d\u2019origine Hino r\u00e9pondent aux m\u00eames normes de contr\u00f4le de qualit\u00e9 et assurent une performance optimale \u00e0 votre camion.\" \/>\n<meta name=\"robots\" content=\"noindex, follow, max-snippet:-1, max-image-preview:large, max-video-preview:-1\" \/>\n<meta property=\"og:locale\" content=\"fr_CA\" \/>\n<meta property=\"og:type\" content=\"article\" \/>\n<meta property=\"og:title\" content=\"Pi\u00e8ces - Camions \u00e0 cabine sur\u00e9lev\u00e9e et \u00e0 cabine conventionnelle | Hino Motors Canada\" \/>\n<meta property=\"og:description\" content=\"Les camions Hino sont parmi les v\u00e9hicules les plus fiables qui soient. Les pi\u00e8ces d\u2019origine Hino r\u00e9pondent aux m\u00eames normes de contr\u00f4le de qualit\u00e9 et assurent une performance optimale \u00e0 votre camion.\" \/>\n<meta property=\"og:url\" content=\"https:\/\/stage.tbkdev.com\/dev\/hinocanada.com\/src\/fr\/pieces-2-2\/\" \/>\n<meta property=\"og:site_name\" content=\"Hino Canada\" \/>\n<meta property=\"article:publisher\" content=\"https:\/\/www.facebook.com\/hinocanada\" \/>\n<meta property=\"article:modified_time\" content=\"2024-11-28T20:02:16+00:00\" \/>\n<meta name=\"twitter:card\" content=\"summary_large_image\" \/>\n<meta name=\"twitter:label1\" content=\"Est. reading time\" \/>\n\t<meta name=\"twitter:data1\" content=\"3 minutes\" \/>\n<script type=\"application\/ld+json\" class=\"yoast-schema-graph\">{\"@context\":\"https:\/\/schema.org\",\"@graph\":[{\"@type\":\"WebPage\",\"@id\":\"https:\/\/stage.tbkdev.com\/dev\/hinocanada.com\/src\/fr\/pieces-2-2\/\",\"url\":\"https:\/\/stage.tbkdev.com\/dev\/hinocanada.com\/src\/fr\/pieces-2-2\/\",\"name\":\"Pi\u00e8ces - Camions \u00e0 cabine sur\u00e9lev\u00e9e et \u00e0 cabine conventionnelle | Hino Motors Canada\",\"isPartOf\":{\"@id\":\"https:\/\/stage.tbkdev.com\/dev\/hinocanada.com\/src\/#website\"},\"datePublished\":\"2016-10-28T18:11:57+00:00\",\"dateModified\":\"2024-11-28T20:02:16+00:00\",\"description\":\"Les camions Hino sont parmi les v\u00e9hicules les plus fiables qui soient. Les pi\u00e8ces d\u2019origine Hino r\u00e9pondent aux m\u00eames normes de contr\u00f4le de qualit\u00e9 et assurent une performance optimale \u00e0 votre camion.\",\"breadcrumb\":{\"@id\":\"https:\/\/stage.tbkdev.com\/dev\/hinocanada.com\/src\/fr\/pieces-2-2\/#breadcrumb\"},\"inLanguage\":\"fr-CA\",\"potentialAction\":[{\"@type\":\"ReadAction\",\"target\":[\"https:\/\/stage.tbkdev.com\/dev\/hinocanada.com\/src\/fr\/pieces-2-2\/\"]}]},{\"@type\":\"BreadcrumbList\",\"@id\":\"https:\/\/stage.tbkdev.com\/dev\/hinocanada.com\/src\/fr\/pieces-2-2\/#breadcrumb\",\"itemListElement\":[{\"@type\":\"ListItem\",\"position\":1,\"name\":\"Home\",\"item\":\"https:\/\/stage.tbkdev.com\/dev\/hinocanada.com\/src\/fr\/\"},{\"@type\":\"ListItem\",\"position\":2,\"name\":\"Pi\u00e8ces\"}]},{\"@type\":\"WebSite\",\"@id\":\"https:\/\/stage.tbkdev.com\/dev\/hinocanada.com\/src\/#website\",\"url\":\"https:\/\/stage.tbkdev.com\/dev\/hinocanada.com\/src\/\",\"name\":\"Hino Canada\",\"description\":\"Just another WordPress site\",\"potentialAction\":[{\"@type\":\"SearchAction\",\"target\":{\"@type\":\"EntryPoint\",\"urlTemplate\":\"https:\/\/stage.tbkdev.com\/dev\/hinocanada.com\/src\/?s={search_term_string}\"},\"query-input\":{\"@type\":\"PropertyValueSpecification\",\"valueRequired\":true,\"valueName\":\"search_term_string\"}}],\"inLanguage\":\"fr-CA\"}]}<\/script>\n<!-- \/ Yoast SEO plugin. -->","yoast_head_json":{"title":"Pi\u00e8ces - Camions \u00e0 cabine sur\u00e9lev\u00e9e et \u00e0 cabine conventionnelle | Hino Motors Canada","description":"Les camions Hino sont parmi les v\u00e9hicules les plus fiables qui soient. Les pi\u00e8ces d\u2019origine Hino r\u00e9pondent aux m\u00eames normes de contr\u00f4le de qualit\u00e9 et assurent une performance optimale \u00e0 votre camion.","robots":{"index":"noindex","follow":"follow","max-snippet":"max-snippet:-1","max-image-preview":"max-image-preview:large","max-video-preview":"max-video-preview:-1"},"og_locale":"fr_CA","og_type":"article","og_title":"Pi\u00e8ces - Camions \u00e0 cabine sur\u00e9lev\u00e9e et \u00e0 cabine conventionnelle | Hino Motors Canada","og_description":"Les camions Hino sont parmi les v\u00e9hicules les plus fiables qui soient. Les pi\u00e8ces d\u2019origine Hino r\u00e9pondent aux m\u00eames normes de contr\u00f4le de qualit\u00e9 et assurent une performance optimale \u00e0 votre camion.","og_url":"https:\/\/stage.tbkdev.com\/dev\/hinocanada.com\/src\/fr\/pieces-2-2\/","og_site_name":"Hino Canada","article_publisher":"https:\/\/www.facebook.com\/hinocanada","article_modified_time":"2024-11-28T20:02:16+00:00","twitter_card":"summary_large_image","twitter_misc":{"Est. reading time":"3 minutes"},"schema":{"@context":"https:\/\/schema.org","@graph":[{"@type":"WebPage","@id":"https:\/\/stage.tbkdev.com\/dev\/hinocanada.com\/src\/fr\/pieces-2-2\/","url":"https:\/\/stage.tbkdev.com\/dev\/hinocanada.com\/src\/fr\/pieces-2-2\/","name":"Pi\u00e8ces - Camions \u00e0 cabine sur\u00e9lev\u00e9e et \u00e0 cabine conventionnelle | Hino Motors Canada","isPartOf":{"@id":"https:\/\/stage.tbkdev.com\/dev\/hinocanada.com\/src\/#website"},"datePublished":"2016-10-28T18:11:57+00:00","dateModified":"2024-11-28T20:02:16+00:00","description":"Les camions Hino sont parmi les v\u00e9hicules les plus fiables qui soient. Les pi\u00e8ces d\u2019origine Hino r\u00e9pondent aux m\u00eames normes de contr\u00f4le de qualit\u00e9 et assurent une performance optimale \u00e0 votre camion.","breadcrumb":{"@id":"https:\/\/stage.tbkdev.com\/dev\/hinocanada.com\/src\/fr\/pieces-2-2\/#breadcrumb"},"inLanguage":"fr-CA","potentialAction":[{"@type":"ReadAction","target":["https:\/\/stage.tbkdev.com\/dev\/hinocanada.com\/src\/fr\/pieces-2-2\/"]}]},{"@type":"BreadcrumbList","@id":"https:\/\/stage.tbkdev.com\/dev\/hinocanada.com\/src\/fr\/pieces-2-2\/#breadcrumb","itemListElement":[{"@type":"ListItem","position":1,"name":"Home","item":"https:\/\/stage.tbkdev.com\/dev\/hinocanada.com\/src\/fr\/"},{"@type":"ListItem","position":2,"name":"Pi\u00e8ces"}]},{"@type":"WebSite","@id":"https:\/\/stage.tbkdev.com\/dev\/hinocanada.com\/src\/#website","url":"https:\/\/stage.tbkdev.com\/dev\/hinocanada.com\/src\/","name":"Hino Canada","description":"Just another WordPress site","potentialAction":[{"@type":"SearchAction","target":{"@type":"EntryPoint","urlTemplate":"https:\/\/stage.tbkdev.com\/dev\/hinocanada.com\/src\/?s={search_term_string}"},"query-input":{"@type":"PropertyValueSpecification","valueRequired":true,"valueName":"search_term_string"}}],"inLanguage":"fr-CA"}]}},"_links":{"self":[{"href":"https:\/\/stage.tbkdev.com\/dev\/hinocanada.com\/src\/fr\/wp-json\/wp\/v2\/pages\/5155","targetHints":{"allow":["GET"]}}],"collection":[{"href":"https:\/\/stage.tbkdev.com\/dev\/hinocanada.com\/src\/fr\/wp-json\/wp\/v2\/pages"}],"about":[{"href":"https:\/\/stage.tbkdev.com\/dev\/hinocanada.com\/src\/fr\/wp-json\/wp\/v2\/types\/page"}],"author":[{"embeddable":true,"href":"https:\/\/stage.tbkdev.com\/dev\/hinocanada.com\/src\/fr\/wp-json\/wp\/v2\/users\/1"}],"replies":[{"embeddable":true,"href":"https:\/\/stage.tbkdev.com\/dev\/hinocanada.com\/src\/fr\/wp-json\/wp\/v2\/comments?post=5155"}],"version-history":[{"count":43,"href":"https:\/\/stage.tbkdev.com\/dev\/hinocanada.com\/src\/fr\/wp-json\/wp\/v2\/pages\/5155\/revisions"}],"predecessor-version":[{"id":21512,"href":"https:\/\/stage.tbkdev.com\/dev\/hinocanada.com\/src\/fr\/wp-json\/wp\/v2\/pages\/5155\/revisions\/21512"}],"wp:attachment":[{"href":"https:\/\/stage.tbkdev.com\/dev\/hinocanada.com\/src\/fr\/wp-json\/wp\/v2\/media?parent=5155"}],"curies":[{"name":"wp","href":"https:\/\/api.w.org\/{rel}","templated":true}]}}