{"id":5083,"date":"2017-04-17T15:39:47","date_gmt":"2017-04-17T19:39:47","guid":{"rendered":"http:\/\/stage.tbkdev.com\/dev\/hinocanada.com\/src\/important-note\/"},"modified":"2021-04-14T11:55:15","modified_gmt":"2021-04-14T15:55:15","slug":"hameconnage","status":"publish","type":"page","link":"https:\/\/stage.tbkdev.com\/dev\/hinocanada.com\/src\/fr\/hameconnage\/","title":{"rendered":"D&rsquo;hame\u00e7onnage"},"content":{"rendered":"<h2><strong>FAITES ATTENTION AUX TENTATIVES \u201cD\u2019HAME\u00c7ONNAGE\u201d PAR LES CRIMINELS<\/strong><\/h2>\n<p>\u201cHame\u00e7onnage\u201d en utilisant le nom ou la marque Hino Motors, Ltd. \u2013 Des criminels continuent leurs efforts \u00e0 induire le public en erreur en masquant leurs courriels sous le nom de soci\u00e9t\u00e9s renomm\u00e9es, y compris Hino Motors, Ltd. Ces courriels se rapportant \u00e0 des offres d\u2019emploi et\/ou des opportunit\u00e9s d\u2019affaires. Cette manipulation s\u2019appelle \u201chame\u00e7onnage\u201d. Ces courriels requi\u00e8rent des informations confiendentielles telles que des informations sur le permis de conduire, le compte bancaire, et les cartes de credit en r\u00e9pondant \u00e0 des courriels ou en remplissant un formulaire HTML. Hino Motors, Ltd. ne requiert pas publiquement \u00e0 une personne ou une soci\u00e9t\u00e9 d\u2019agir en tant que ses distributeurs ou repr\u00e9sentants par courriel, ne pr\u00e9sente pas d\u2019offre d\u2019emploi publiquement par courriel, et ne requiert pas publiquement \u00e0 une personne ou une soci\u00e9t\u00e9 de soumettre des informations personnelles par courriel ou avec des formulaires HTML. Tels messages qui paraissent provenir de Hino Motors, Ltd. ne sont pas l\u00e9gitimes et doivent \u00eatre ignor\u00e9s. Si vous pensez avoir \u00e9t\u00e9 victime d\u2019une fraude, vous pouvez contacter la police locale ou d\u2019autres autorit\u00e9s. Vous pouvez \u00e9galement soumettre une plainte \u00e0 The Internet Crime Complaint Center auhttp:\/\/www.ic3.gov. Si vous \u00eates resident des \u00c9tats-Unis, vous pouvez \u00e9galement contacter le Federal Trade Commission&rsquo;s Consumer Identity Theft group au <a href=\"http:\/\/www.ftc.gov\/bcp\/edu\/microsites\/idtheft\" target=\"_blank\" rel=\"noopener noreferrer\">http:\/\/www.ftc.gov\/bcp\/edu\/microsites\/idtheft<\/a><\/p>\n","protected":false},"excerpt":{"rendered":"<p>FAITES ATTENTION AUX TENTATIVES \u201cD\u2019HAME\u00c7ONNAGE\u201d PAR LES CRIMINELS <\/p>\n<p>\u201cHame\u00e7onnage\u201d en utilisant le nom ou la marque Hino Motors, Ltd. \u2013 Des criminels continuent leurs efforts \u00e0 induire le public en erreur en masquant leurs courriels sous le nom de soci\u00e9t\u00e9s &hellip; [&#8230;]<\/p>\n","protected":false},"author":8,"featured_media":4076,"parent":0,"menu_order":710,"comment_status":"closed","ping_status":"closed","template":"","meta":{"_acf_changed":false,"footnotes":""},"class_list":["post-5083","page","type-page","status-publish","has-post-thumbnail","hentry"],"acf":[],"yoast_head":"<!-- This site is optimized with the Yoast SEO plugin v23.9 - https:\/\/yoast.com\/wordpress\/plugins\/seo\/ -->\n<title>D&#039;hame\u00e7onnage - Hino Canada<\/title>\n<meta name=\"robots\" content=\"noindex, follow, max-snippet:-1, max-image-preview:large, max-video-preview:-1\" \/>\n<meta property=\"og:locale\" content=\"fr_CA\" \/>\n<meta property=\"og:type\" content=\"article\" \/>\n<meta property=\"og:title\" content=\"D&#039;hame\u00e7onnage - Hino Canada\" \/>\n<meta property=\"og:description\" content=\"FAITES ATTENTION AUX TENTATIVES \u201cD\u2019HAME\u00c7ONNAGE\u201d PAR LES CRIMINELS \u201cHame\u00e7onnage\u201d en utilisant le nom ou la marque Hino Motors, Ltd. \u2013 Des criminels continuent leurs efforts \u00e0 induire le public en erreur en masquant leurs courriels sous le nom de soci\u00e9t\u00e9s &hellip; [...]\" \/>\n<meta property=\"og:url\" content=\"https:\/\/stage.tbkdev.com\/dev\/hinocanada.com\/src\/fr\/hameconnage\/\" \/>\n<meta property=\"og:site_name\" content=\"Hino Canada\" \/>\n<meta property=\"article:publisher\" content=\"https:\/\/www.facebook.com\/hinocanada\" \/>\n<meta property=\"article:modified_time\" content=\"2021-04-14T15:55:15+00:00\" \/>\n<meta property=\"og:image\" content=\"https:\/\/stage.tbkdev.com\/dev\/hinocanada.com\/src\/wp-content\/uploads\/2016\/10\/footer-pages-e1488212222510-2200x967.jpg\" \/>\n\t<meta property=\"og:image:width\" content=\"3056\" \/>\n\t<meta property=\"og:image:height\" content=\"967\" \/>\n\t<meta property=\"og:image:type\" content=\"image\/jpeg\" \/>\n<meta name=\"twitter:card\" content=\"summary_large_image\" \/>\n<meta name=\"twitter:label1\" content=\"Est. reading time\" \/>\n\t<meta name=\"twitter:data1\" content=\"1 minute\" \/>\n<script type=\"application\/ld+json\" class=\"yoast-schema-graph\">{\"@context\":\"https:\/\/schema.org\",\"@graph\":[{\"@type\":\"WebPage\",\"@id\":\"https:\/\/stage.tbkdev.com\/dev\/hinocanada.com\/src\/fr\/hameconnage\/\",\"url\":\"https:\/\/stage.tbkdev.com\/dev\/hinocanada.com\/src\/fr\/hameconnage\/\",\"name\":\"D'hame\u00e7onnage - Hino Canada\",\"isPartOf\":{\"@id\":\"https:\/\/stage.tbkdev.com\/dev\/hinocanada.com\/src\/#website\"},\"primaryImageOfPage\":{\"@id\":\"https:\/\/stage.tbkdev.com\/dev\/hinocanada.com\/src\/fr\/hameconnage\/#primaryimage\"},\"image\":{\"@id\":\"https:\/\/stage.tbkdev.com\/dev\/hinocanada.com\/src\/fr\/hameconnage\/#primaryimage\"},\"thumbnailUrl\":\"https:\/\/stage.tbkdev.com\/dev\/hinocanada.com\/src\/wp-content\/uploads\/2016\/10\/footer-pages-e1488212222510-2200x967.jpg\",\"datePublished\":\"2017-04-17T19:39:47+00:00\",\"dateModified\":\"2021-04-14T15:55:15+00:00\",\"breadcrumb\":{\"@id\":\"https:\/\/stage.tbkdev.com\/dev\/hinocanada.com\/src\/fr\/hameconnage\/#breadcrumb\"},\"inLanguage\":\"fr-CA\",\"potentialAction\":[{\"@type\":\"ReadAction\",\"target\":[\"https:\/\/stage.tbkdev.com\/dev\/hinocanada.com\/src\/fr\/hameconnage\/\"]}]},{\"@type\":\"ImageObject\",\"inLanguage\":\"fr-CA\",\"@id\":\"https:\/\/stage.tbkdev.com\/dev\/hinocanada.com\/src\/fr\/hameconnage\/#primaryimage\",\"url\":\"https:\/\/stage.tbkdev.com\/dev\/hinocanada.com\/src\/wp-content\/uploads\/2016\/10\/footer-pages-e1488212222510-2200x967.jpg\",\"contentUrl\":\"https:\/\/stage.tbkdev.com\/dev\/hinocanada.com\/src\/wp-content\/uploads\/2016\/10\/footer-pages-e1488212222510-2200x967.jpg\",\"width\":3056,\"height\":967},{\"@type\":\"BreadcrumbList\",\"@id\":\"https:\/\/stage.tbkdev.com\/dev\/hinocanada.com\/src\/fr\/hameconnage\/#breadcrumb\",\"itemListElement\":[{\"@type\":\"ListItem\",\"position\":1,\"name\":\"Home\",\"item\":\"https:\/\/stage.tbkdev.com\/dev\/hinocanada.com\/src\/fr\/\"},{\"@type\":\"ListItem\",\"position\":2,\"name\":\"D&rsquo;hame\u00e7onnage\"}]},{\"@type\":\"WebSite\",\"@id\":\"https:\/\/stage.tbkdev.com\/dev\/hinocanada.com\/src\/#website\",\"url\":\"https:\/\/stage.tbkdev.com\/dev\/hinocanada.com\/src\/\",\"name\":\"Hino Canada\",\"description\":\"Just another WordPress site\",\"potentialAction\":[{\"@type\":\"SearchAction\",\"target\":{\"@type\":\"EntryPoint\",\"urlTemplate\":\"https:\/\/stage.tbkdev.com\/dev\/hinocanada.com\/src\/?s={search_term_string}\"},\"query-input\":{\"@type\":\"PropertyValueSpecification\",\"valueRequired\":true,\"valueName\":\"search_term_string\"}}],\"inLanguage\":\"fr-CA\"}]}<\/script>\n<!-- \/ Yoast SEO plugin. -->","yoast_head_json":{"title":"D'hame\u00e7onnage - Hino Canada","robots":{"index":"noindex","follow":"follow","max-snippet":"max-snippet:-1","max-image-preview":"max-image-preview:large","max-video-preview":"max-video-preview:-1"},"og_locale":"fr_CA","og_type":"article","og_title":"D'hame\u00e7onnage - Hino Canada","og_description":"FAITES ATTENTION AUX TENTATIVES \u201cD\u2019HAME\u00c7ONNAGE\u201d PAR LES CRIMINELS \u201cHame\u00e7onnage\u201d en utilisant le nom ou la marque Hino Motors, Ltd. \u2013 Des criminels continuent leurs efforts \u00e0 induire le public en erreur en masquant leurs courriels sous le nom de soci\u00e9t\u00e9s &hellip; [...]","og_url":"https:\/\/stage.tbkdev.com\/dev\/hinocanada.com\/src\/fr\/hameconnage\/","og_site_name":"Hino Canada","article_publisher":"https:\/\/www.facebook.com\/hinocanada","article_modified_time":"2021-04-14T15:55:15+00:00","og_image":[{"width":3056,"height":967,"url":"https:\/\/stage.tbkdev.com\/dev\/hinocanada.com\/src\/wp-content\/uploads\/2016\/10\/footer-pages-e1488212222510-2200x967.jpg","type":"image\/jpeg"}],"twitter_card":"summary_large_image","twitter_misc":{"Est. reading time":"1 minute"},"schema":{"@context":"https:\/\/schema.org","@graph":[{"@type":"WebPage","@id":"https:\/\/stage.tbkdev.com\/dev\/hinocanada.com\/src\/fr\/hameconnage\/","url":"https:\/\/stage.tbkdev.com\/dev\/hinocanada.com\/src\/fr\/hameconnage\/","name":"D'hame\u00e7onnage - Hino Canada","isPartOf":{"@id":"https:\/\/stage.tbkdev.com\/dev\/hinocanada.com\/src\/#website"},"primaryImageOfPage":{"@id":"https:\/\/stage.tbkdev.com\/dev\/hinocanada.com\/src\/fr\/hameconnage\/#primaryimage"},"image":{"@id":"https:\/\/stage.tbkdev.com\/dev\/hinocanada.com\/src\/fr\/hameconnage\/#primaryimage"},"thumbnailUrl":"https:\/\/stage.tbkdev.com\/dev\/hinocanada.com\/src\/wp-content\/uploads\/2016\/10\/footer-pages-e1488212222510-2200x967.jpg","datePublished":"2017-04-17T19:39:47+00:00","dateModified":"2021-04-14T15:55:15+00:00","breadcrumb":{"@id":"https:\/\/stage.tbkdev.com\/dev\/hinocanada.com\/src\/fr\/hameconnage\/#breadcrumb"},"inLanguage":"fr-CA","potentialAction":[{"@type":"ReadAction","target":["https:\/\/stage.tbkdev.com\/dev\/hinocanada.com\/src\/fr\/hameconnage\/"]}]},{"@type":"ImageObject","inLanguage":"fr-CA","@id":"https:\/\/stage.tbkdev.com\/dev\/hinocanada.com\/src\/fr\/hameconnage\/#primaryimage","url":"https:\/\/stage.tbkdev.com\/dev\/hinocanada.com\/src\/wp-content\/uploads\/2016\/10\/footer-pages-e1488212222510-2200x967.jpg","contentUrl":"https:\/\/stage.tbkdev.com\/dev\/hinocanada.com\/src\/wp-content\/uploads\/2016\/10\/footer-pages-e1488212222510-2200x967.jpg","width":3056,"height":967},{"@type":"BreadcrumbList","@id":"https:\/\/stage.tbkdev.com\/dev\/hinocanada.com\/src\/fr\/hameconnage\/#breadcrumb","itemListElement":[{"@type":"ListItem","position":1,"name":"Home","item":"https:\/\/stage.tbkdev.com\/dev\/hinocanada.com\/src\/fr\/"},{"@type":"ListItem","position":2,"name":"D&rsquo;hame\u00e7onnage"}]},{"@type":"WebSite","@id":"https:\/\/stage.tbkdev.com\/dev\/hinocanada.com\/src\/#website","url":"https:\/\/stage.tbkdev.com\/dev\/hinocanada.com\/src\/","name":"Hino Canada","description":"Just another WordPress site","potentialAction":[{"@type":"SearchAction","target":{"@type":"EntryPoint","urlTemplate":"https:\/\/stage.tbkdev.com\/dev\/hinocanada.com\/src\/?s={search_term_string}"},"query-input":{"@type":"PropertyValueSpecification","valueRequired":true,"valueName":"search_term_string"}}],"inLanguage":"fr-CA"}]}},"_links":{"self":[{"href":"https:\/\/stage.tbkdev.com\/dev\/hinocanada.com\/src\/fr\/wp-json\/wp\/v2\/pages\/5083","targetHints":{"allow":["GET"]}}],"collection":[{"href":"https:\/\/stage.tbkdev.com\/dev\/hinocanada.com\/src\/fr\/wp-json\/wp\/v2\/pages"}],"about":[{"href":"https:\/\/stage.tbkdev.com\/dev\/hinocanada.com\/src\/fr\/wp-json\/wp\/v2\/types\/page"}],"author":[{"embeddable":true,"href":"https:\/\/stage.tbkdev.com\/dev\/hinocanada.com\/src\/fr\/wp-json\/wp\/v2\/users\/8"}],"replies":[{"embeddable":true,"href":"https:\/\/stage.tbkdev.com\/dev\/hinocanada.com\/src\/fr\/wp-json\/wp\/v2\/comments?post=5083"}],"version-history":[{"count":2,"href":"https:\/\/stage.tbkdev.com\/dev\/hinocanada.com\/src\/fr\/wp-json\/wp\/v2\/pages\/5083\/revisions"}],"predecessor-version":[{"id":16497,"href":"https:\/\/stage.tbkdev.com\/dev\/hinocanada.com\/src\/fr\/wp-json\/wp\/v2\/pages\/5083\/revisions\/16497"}],"wp:featuredmedia":[{"embeddable":true,"href":"https:\/\/stage.tbkdev.com\/dev\/hinocanada.com\/src\/fr\/wp-json\/wp\/v2\/media\/4076"}],"wp:attachment":[{"href":"https:\/\/stage.tbkdev.com\/dev\/hinocanada.com\/src\/fr\/wp-json\/wp\/v2\/media?parent=5083"}],"curies":[{"name":"wp","href":"https:\/\/api.w.org\/{rel}","templated":true}]}}