{"id":3492,"date":"2016-10-28T14:11:56","date_gmt":"2016-10-28T18:11:56","guid":{"rendered":"http:\/\/stage.tbkdev.com\/dev\/hinocanada.com\/src\/service-tips\/"},"modified":"2017-09-27T12:00:02","modified_gmt":"2017-09-27T16:00:02","slug":"conseils-de-service","status":"publish","type":"page","link":"https:\/\/stage.tbkdev.com\/dev\/hinocanada.com\/src\/fr\/pour-les-proprietaires\/conseils-de-service\/","title":{"rendered":"Conseils de service"},"content":{"rendered":"<div class=\"wpb-content-wrapper\"><p>[vc_row][vc_column][vc_column_text]<\/p>\n<h3>\u00c0 votre service.<\/h3>\n<p>Hino s\u2019engage \u00e0 vos offrir les meilleures pratiques et ressources afin de maximiser votre exp\u00e9rience Hino, que vous soyez propri\u00e9taire d\u2019un seul camion ou d\u2019une flotte enti\u00e8re, <strong>Hino est avec vous.<\/strong><\/p>\n<p>Cliquez ci-dessous pour en apprendre plus.[\/vc_column_text][\/vc_column][\/vc_row][vc_row][vc_column]<div id=\"service-training\" class=\"service-training-and-education\">\n\t<div class=\"service-training-and-education-container col-sm-10\">\n\t\t<div class=\"row\">\n\t\t\t<h3 class=\"service-training-and-education-headding\">Formation <span class=\"service-training-and-education-headding-ampersand\">&<\/span> \u00e9ducation <\/h3>\n\t\t<\/div>\n\t\t<div class=\"row\">\n\t\t\t\t\t\t\t<div class=\"service-training-and-education-single col-sm-12 col-lg-6\">\n\t\t\t\t\t<a class=\"magnific-popup\" data-media-type=\"application\" href=\"https:\/\/stage.tbkdev.com\/dev\/hinocanada.com\/src\/wp-content\/uploads\/2017\/12\/Burner-Promotion-Flyer_fr.pdf\" target=\"_blank\">\n\t\t\t\t\t\t<div class=\"service-training-and-education-image-box\" style=\"background-image:url('https:\/\/stage.tbkdev.com\/dev\/hinocanada.com\/src\/wp-content\/uploads\/2017\/12\/Burner_Fr-450x270.jpg')\">\n\t\t\t\t\t\t\t<div class=\"service-training-and-education-single-action-container\">\n\t\t\t\t\t\t\t\t<span class=\"service-training-and-education-icon-box service-training-and-education-icon-pdf\"><\/span>\n\t\t\t\t\t\t\t\t\t\t\t<span class=\"service-training-and-education-action-text\">T\u00e9l\u00e9charger le fichier PDF<\/span> \t\t\t\t\t\t\t<\/div>\n\t\t\t\t\t\t<\/div>\n\t\t\t\t\t<\/a>\n\t\t\t\t\t<h4>MOD\u00c8LE \u00c0 CABINE SUR\u00c9LEV\u00c9E - GUIDE DE R\u00c9F\u00c9RENCE RAPIDE<\/h4>\n\t\t\t\t\t<p><p>Entretien de votre syst\u00e8me de br\u00fbleur <\/p>\n<\/p>\n\t\t\t\t<\/div>\n\t\t\t\t\t\t\t<div class=\"service-training-and-education-single col-sm-12 col-lg-6\">\n\t\t\t\t\t<a class=\"magnific-popup\" data-media-type=\"application\" href=\"https:\/\/stage.tbkdev.com\/dev\/hinocanada.com\/src\/wp-content\/uploads\/2017\/12\/CCV-filter-flyer_fr.pdf\" target=\"_blank\">\n\t\t\t\t\t\t<div class=\"service-training-and-education-image-box\" style=\"background-image:url('https:\/\/stage.tbkdev.com\/dev\/hinocanada.com\/src\/wp-content\/uploads\/2017\/12\/CCV-filter-450x270.jpg')\">\n\t\t\t\t\t\t\t<div class=\"service-training-and-education-single-action-container\">\n\t\t\t\t\t\t\t\t<span class=\"service-training-and-education-icon-box service-training-and-education-icon-pdf\"><\/span>\n\t\t\t\t\t\t\t\t\t\t\t<span class=\"service-training-and-education-action-text\">T\u00e9l\u00e9charger le fichier PDF<\/span> \t\t\t\t\t\t\t<\/div>\n\t\t\t\t\t\t<\/div>\n\t\t\t\t\t<\/a>\n\t\t\t\t\t<h4>MOD\u00c8LE \u00c0 CABINE SUR\u00c9LEV\u00c9E - GUIDE DE R\u00c9F\u00c9RENCE RAPIDE<\/h4>\n\t\t\t\t\t<p><p>Remplacement de votre filtre CCV<\/p>\n<\/p>\n\t\t\t\t<\/div>\n\t\t\t\t\t\t\t<div class=\"service-training-and-education-single col-sm-12 col-lg-6\">\n\t\t\t\t\t<a class=\"magnific-popup\" data-media-type=\"vimeo\" href=\"https:\/\/vimeo.com\/876032028\" target=\"_blank\">\n\t\t\t\t\t\t<div class=\"service-training-and-education-image-box\" style=\"background-image:url('https:\/\/stage.tbkdev.com\/dev\/hinocanada.com\/src\/wp-content\/uploads\/2023\/10\/Radio-Image-Bluetooth-450x270.png')\">\n\t\t\t\t\t\t\t<div class=\"service-training-and-education-single-action-container\">\n\t\t\t\t\t\t\t\t<span class=\"service-training-and-education-icon-box service-training-and-education-icon-video\"><\/span>\n\t\t\t\t\t\t\t\t\t\t\t<span class=\"service-training-and-education-action-text\">Jouer la vid\u00e9o<\/span> \t\t\t\t\t\t\t<\/div>\n\t\t\t\t\t\t<\/div>\n\t\t\t\t\t<\/a>\n\t\t\t\t\t<h4>Couplage d\u2019appareils Bluetooth<\/h4>\n\t\t\t\t\t<p><\/p>\n\t\t\t\t<\/div>\n\t\t\t\t\t\t\t<div class=\"service-training-and-education-single col-sm-12 col-lg-6\">\n\t\t\t\t\t<a class=\"magnific-popup\" data-media-type=\"vimeo\" href=\"https:\/\/vimeo.com\/876091176\" target=\"_blank\">\n\t\t\t\t\t\t<div class=\"service-training-and-education-image-box\" style=\"background-image:url('https:\/\/stage.tbkdev.com\/dev\/hinocanada.com\/src\/wp-content\/uploads\/2023\/10\/Information-Display-Image-450x270.png')\">\n\t\t\t\t\t\t\t<div class=\"service-training-and-education-single-action-container\">\n\t\t\t\t\t\t\t\t<span class=\"service-training-and-education-icon-box service-training-and-education-icon-video\"><\/span>\n\t\t\t\t\t\t\t\t\t\t\t<span class=\"service-training-and-education-action-text\">Jouer la vid\u00e9o<\/span> \t\t\t\t\t\t\t<\/div>\n\t\t\t\t\t\t<\/div>\n\t\t\t\t\t<\/a>\n\t\t\t\t\t<h4>Fonctionnaalit\u00e9s d\u2019affichage dfes informations<\/h4>\n\t\t\t\t\t<p><\/p>\n\t\t\t\t<\/div>\n\t\t\t\t\t\t\t<div class=\"service-training-and-education-single col-sm-12 col-lg-6\">\n\t\t\t\t\t<a class=\"magnific-popup\" data-media-type=\"vimeo\" href=\"https:\/\/vimeo.com\/206476884\" target=\"_blank\">\n\t\t\t\t\t\t<div class=\"service-training-and-education-image-box\" style=\"background-image:url('https:\/\/stage.tbkdev.com\/dev\/hinocanada.com\/src\/wp-content\/uploads\/2017\/03\/COE_AIR-330x270.jpg')\">\n\t\t\t\t\t\t\t<div class=\"service-training-and-education-single-action-container\">\n\t\t\t\t\t\t\t\t<span class=\"service-training-and-education-icon-box service-training-and-education-icon-video\"><\/span>\n\t\t\t\t\t\t\t\t\t\t\t<span class=\"service-training-and-education-action-text\">Jouer la vid\u00e9o<\/span> \t\t\t\t\t\t\t<\/div>\n\t\t\t\t\t\t<\/div>\n\t\t\t\t\t<\/a>\n\t\t\t\t\t<h4>Mod\u00e8le \u00e0 cabine sur\u00e9lev\u00e9e - Filtre \u00e0 air<\/h4>\n\t\t\t\t\t<p><\/p>\n\t\t\t\t<\/div>\n\t\t\t\t\t\t\t<div class=\"service-training-and-education-single col-sm-12 col-lg-6\">\n\t\t\t\t\t<a class=\"magnific-popup\" data-media-type=\"application\" href=\"https:\/\/stage.tbkdev.com\/dev\/hinocanada.com\/src\/wp-content\/uploads\/2021\/02\/COE-QUICK-REFERENCE-SHEETS_FR-edit-021021.pdf\" target=\"_blank\">\n\t\t\t\t\t\t<div class=\"service-training-and-education-image-box\" style=\"background-image:url('https:\/\/stage.tbkdev.com\/dev\/hinocanada.com\/src\/wp-content\/uploads\/2017\/01\/COE-e1488551717637-322x270.jpg')\">\n\t\t\t\t\t\t\t<div class=\"service-training-and-education-single-action-container\">\n\t\t\t\t\t\t\t\t<span class=\"service-training-and-education-icon-box service-training-and-education-icon-pdf\"><\/span>\n\t\t\t\t\t\t\t\t\t\t\t<span class=\"service-training-and-education-action-text\">T\u00e9l\u00e9charger le fichier PDF<\/span> \t\t\t\t\t\t\t<\/div>\n\t\t\t\t\t\t<\/div>\n\t\t\t\t\t<\/a>\n\t\t\t\t\t<h4>Mod\u00e8le \u00e0 cabine sur\u00e9lev\u00e9e - Guide de r\u00e9f\u00e9rence rapide<\/h4>\n\t\t\t\t\t<p><p>Guide de r\u00e9f\u00e9rence relatif au fluide d\u2019\u00e9chappement diesel (DEF) et au syst\u00e8me de r\u00e9duction catalytique s\u00e9lective (SCR)<\/p>\n<\/p>\n\t\t\t\t<\/div>\n\t\t\t\t\t\t\t<div class=\"service-training-and-education-single col-sm-12 col-lg-6\">\n\t\t\t\t\t<a class=\"magnific-popup\" data-media-type=\"application\" href=\"https:\/\/stage.tbkdev.com\/dev\/hinocanada.com\/src\/wp-content\/uploads\/2017\/01\/Water-in-Fuel-Filter-Check.pdf\" target=\"_blank\">\n\t\t\t\t\t\t<div class=\"service-training-and-education-image-box\" style=\"background-image:url('https:\/\/stage.tbkdev.com\/dev\/hinocanada.com\/src\/wp-content\/uploads\/2017\/01\/fuel-filter-450x270.jpg')\">\n\t\t\t\t\t\t\t<div class=\"service-training-and-education-single-action-container\">\n\t\t\t\t\t\t\t\t<span class=\"service-training-and-education-icon-box service-training-and-education-icon-pdf\"><\/span>\n\t\t\t\t\t\t\t\t\t\t\t<span class=\"service-training-and-education-action-text\">T\u00e9l\u00e9charger le fichier PDF<\/span> \t\t\t\t\t\t\t<\/div>\n\t\t\t\t\t\t<\/div>\n\t\t\t\t\t<\/a>\n\t\t\t\t\t<h4>Conseils d'entretien et de conduite<\/h4>\n\t\t\t\t\t<p><p>V\u00e9rifier la pr\u00e9sence d\u2019eau dans le filtre \u00e0 carburant et l\u2019en \u00e9vacuer<\/p>\n<\/p>\n\t\t\t\t<\/div>\n\t\t\t\t\t\t\t<div class=\"service-training-and-education-single col-sm-12 col-lg-6\">\n\t\t\t\t\t<a class=\"magnific-popup\" data-media-type=\"vimeo\" href=\"https:\/\/vimeo.com\/206478358\" target=\"_blank\">\n\t\t\t\t\t\t<div class=\"service-training-and-education-image-box\" style=\"background-image:url('https:\/\/stage.tbkdev.com\/dev\/hinocanada.com\/src\/wp-content\/uploads\/2017\/03\/DEF-MDT-330x270.jpg')\">\n\t\t\t\t\t\t\t<div class=\"service-training-and-education-single-action-container\">\n\t\t\t\t\t\t\t\t<span class=\"service-training-and-education-icon-box service-training-and-education-icon-video\"><\/span>\n\t\t\t\t\t\t\t\t\t\t\t<span class=\"service-training-and-education-action-text\">Jouer la vid\u00e9o<\/span> \t\t\t\t\t\t\t<\/div>\n\t\t\t\t\t\t<\/div>\n\t\t\t\t\t<\/a>\n\t\t\t\t\t<h4>Mod\u00e8le \u00e0 capot conventionnel - DEF<\/h4>\n\t\t\t\t\t<p><\/p>\n\t\t\t\t<\/div>\n\t\t\t\t\t\t\t<div class=\"service-training-and-education-single col-sm-12 col-lg-6\">\n\t\t\t\t\t<a class=\"magnific-popup\" data-media-type=\"vimeo\" href=\"https:\/\/vimeo.com\/206477909\" target=\"_blank\">\n\t\t\t\t\t\t<div class=\"service-training-and-education-image-box\" style=\"background-image:url('https:\/\/stage.tbkdev.com\/dev\/hinocanada.com\/src\/wp-content\/uploads\/2017\/03\/Exhast-brakes-MDT-330x270.jpg')\">\n\t\t\t\t\t\t\t<div class=\"service-training-and-education-single-action-container\">\n\t\t\t\t\t\t\t\t<span class=\"service-training-and-education-icon-box service-training-and-education-icon-video\"><\/span>\n\t\t\t\t\t\t\t\t\t\t\t<span class=\"service-training-and-education-action-text\">Jouer la vid\u00e9o<\/span> \t\t\t\t\t\t\t<\/div>\n\t\t\t\t\t\t<\/div>\n\t\t\t\t\t<\/a>\n\t\t\t\t\t<h4>Mod\u00e8le \u00e0 capot conventionnel - Frein d'\u00e9chappement<\/h4>\n\t\t\t\t\t<p><\/p>\n\t\t\t\t<\/div>\n\t\t\t\t\t\t\t<div class=\"service-training-and-education-single col-sm-12 col-lg-6\">\n\t\t\t\t\t<a class=\"magnific-popup\" data-media-type=\"application\" href=\"https:\/\/stage.tbkdev.com\/dev\/hinocanada.com\/src\/wp-content\/uploads\/2017\/04\/Contaminated-Diesel-Exhaust-Fluid_Fr.pdf\" target=\"_blank\">\n\t\t\t\t\t\t<div class=\"service-training-and-education-image-box\" style=\"background-image:url('https:\/\/stage.tbkdev.com\/dev\/hinocanada.com\/src\/wp-content\/uploads\/2017\/01\/COE-QUICK-REFERENCE-SHEETS-1-330x270.jpg')\">\n\t\t\t\t\t\t\t<div class=\"service-training-and-education-single-action-container\">\n\t\t\t\t\t\t\t\t<span class=\"service-training-and-education-icon-box service-training-and-education-icon-pdf\"><\/span>\n\t\t\t\t\t\t\t\t\t\t\t<span class=\"service-training-and-education-action-text\">T\u00e9l\u00e9charger le fichier PDF<\/span> \t\t\t\t\t\t\t<\/div>\n\t\t\t\t\t\t<\/div>\n\t\t\t\t\t<\/a>\n\t\t\t\t\t<h4>Conseils d\u2019entretien et de conduite<\/h4>\n\t\t\t\t\t<p><p>Contamination du fluide d\u2019\u00e9chappement diesel<\/p>\n<\/p>\n\t\t\t\t<\/div>\n\t\t\t\t\t<\/div>\n\t<\/div>\n<\/div>\n[\/vc_column][\/vc_row]<\/p>\n<\/div>","protected":false},"excerpt":{"rendered":"<p>[vc_row][vc_column][vc_column_text]<\/p>\n<p> \u00c0 votre service. <\/p>\n<p>Hino s\u2019engage \u00e0 vos offrir les meilleures pratiques et ressources afin de maximiser votre exp\u00e9rience Hino, que vous soyez propri\u00e9taire d\u2019un seul camion ou d\u2019une flotte enti\u00e8re, Hino est avec vous.<\/p>\n<p>Cliquez ci-dessous pour en apprendre &hellip; [&#8230;]<\/p>\n","protected":false},"author":1,"featured_media":3135,"parent":5364,"menu_order":11,"comment_status":"closed","ping_status":"closed","template":"","meta":{"_acf_changed":false,"footnotes":""},"class_list":["post-3492","page","type-page","status-publish","has-post-thumbnail","hentry"],"acf":[],"yoast_head":"<!-- This site is optimized with the Yoast SEO plugin v23.9 - https:\/\/yoast.com\/wordpress\/plugins\/seo\/ -->\n<title>Conseils de service pour les propri\u00e9taires | Hino Motors Canada<\/title>\n<meta name=\"description\" content=\"Ma\u00eetrisez votre destin avec Hino par le biais de formations et de guides de r\u00e9f\u00e9rences rapides lorsque vous devez reprendre la route sans tarder. Apprenez-en plus d\u00e8s aujourd\u2019hui!\" \/>\n<meta name=\"robots\" content=\"noindex, follow, max-snippet:-1, max-image-preview:large, max-video-preview:-1\" \/>\n<meta property=\"og:locale\" content=\"fr_CA\" \/>\n<meta property=\"og:type\" content=\"article\" \/>\n<meta property=\"og:title\" content=\"Conseils de service pour les propri\u00e9taires | Hino Motors Canada\" \/>\n<meta property=\"og:description\" content=\"Ma\u00eetrisez votre destin avec Hino par le biais de formations et de guides de r\u00e9f\u00e9rences rapides lorsque vous devez reprendre la route sans tarder. Apprenez-en plus d\u00e8s aujourd\u2019hui!\" \/>\n<meta property=\"og:url\" content=\"https:\/\/stage.tbkdev.com\/dev\/hinocanada.com\/src\/fr\/pour-les-proprietaires\/conseils-de-service\/\" \/>\n<meta property=\"og:site_name\" content=\"Hino Canada\" \/>\n<meta property=\"article:publisher\" content=\"https:\/\/www.facebook.com\/hinocanada\" \/>\n<meta property=\"article:modified_time\" content=\"2017-09-27T16:00:02+00:00\" \/>\n<meta property=\"og:image\" content=\"https:\/\/stage.tbkdev.com\/dev\/hinocanada.com\/src\/wp-content\/uploads\/2016\/10\/owner_service-tips-2.jpg\" \/>\n\t<meta property=\"og:image:width\" content=\"1824\" \/>\n\t<meta property=\"og:image:height\" content=\"604\" \/>\n\t<meta property=\"og:image:type\" content=\"image\/jpeg\" \/>\n<meta name=\"twitter:card\" content=\"summary_large_image\" \/>\n<script type=\"application\/ld+json\" class=\"yoast-schema-graph\">{\"@context\":\"https:\/\/schema.org\",\"@graph\":[{\"@type\":\"WebPage\",\"@id\":\"https:\/\/stage.tbkdev.com\/dev\/hinocanada.com\/src\/fr\/pour-les-proprietaires\/conseils-de-service\/\",\"url\":\"https:\/\/stage.tbkdev.com\/dev\/hinocanada.com\/src\/fr\/pour-les-proprietaires\/conseils-de-service\/\",\"name\":\"Conseils de service pour les propri\u00e9taires | Hino Motors Canada\",\"isPartOf\":{\"@id\":\"https:\/\/stage.tbkdev.com\/dev\/hinocanada.com\/src\/#website\"},\"primaryImageOfPage\":{\"@id\":\"https:\/\/stage.tbkdev.com\/dev\/hinocanada.com\/src\/fr\/pour-les-proprietaires\/conseils-de-service\/#primaryimage\"},\"image\":{\"@id\":\"https:\/\/stage.tbkdev.com\/dev\/hinocanada.com\/src\/fr\/pour-les-proprietaires\/conseils-de-service\/#primaryimage\"},\"thumbnailUrl\":\"https:\/\/stage.tbkdev.com\/dev\/hinocanada.com\/src\/wp-content\/uploads\/2016\/10\/owner_service-tips-2.jpg\",\"datePublished\":\"2016-10-28T18:11:56+00:00\",\"dateModified\":\"2017-09-27T16:00:02+00:00\",\"description\":\"Ma\u00eetrisez votre destin avec Hino par le biais de formations et de guides de r\u00e9f\u00e9rences rapides lorsque vous devez reprendre la route sans tarder. Apprenez-en plus d\u00e8s aujourd\u2019hui!\",\"breadcrumb\":{\"@id\":\"https:\/\/stage.tbkdev.com\/dev\/hinocanada.com\/src\/fr\/pour-les-proprietaires\/conseils-de-service\/#breadcrumb\"},\"inLanguage\":\"fr-CA\",\"potentialAction\":[{\"@type\":\"ReadAction\",\"target\":[\"https:\/\/stage.tbkdev.com\/dev\/hinocanada.com\/src\/fr\/pour-les-proprietaires\/conseils-de-service\/\"]}]},{\"@type\":\"ImageObject\",\"inLanguage\":\"fr-CA\",\"@id\":\"https:\/\/stage.tbkdev.com\/dev\/hinocanada.com\/src\/fr\/pour-les-proprietaires\/conseils-de-service\/#primaryimage\",\"url\":\"https:\/\/stage.tbkdev.com\/dev\/hinocanada.com\/src\/wp-content\/uploads\/2016\/10\/owner_service-tips-2.jpg\",\"contentUrl\":\"https:\/\/stage.tbkdev.com\/dev\/hinocanada.com\/src\/wp-content\/uploads\/2016\/10\/owner_service-tips-2.jpg\",\"width\":1824,\"height\":604},{\"@type\":\"BreadcrumbList\",\"@id\":\"https:\/\/stage.tbkdev.com\/dev\/hinocanada.com\/src\/fr\/pour-les-proprietaires\/conseils-de-service\/#breadcrumb\",\"itemListElement\":[{\"@type\":\"ListItem\",\"position\":1,\"name\":\"Home\",\"item\":\"https:\/\/stage.tbkdev.com\/dev\/hinocanada.com\/src\/fr\/\"},{\"@type\":\"ListItem\",\"position\":2,\"name\":\"Pour les propri\u00e9taires\",\"item\":\"https:\/\/stage.tbkdev.com\/dev\/hinocanada.com\/src\/fr\/pour-les-proprietaires\/\"},{\"@type\":\"ListItem\",\"position\":3,\"name\":\"Conseils de service\"}]},{\"@type\":\"WebSite\",\"@id\":\"https:\/\/stage.tbkdev.com\/dev\/hinocanada.com\/src\/#website\",\"url\":\"https:\/\/stage.tbkdev.com\/dev\/hinocanada.com\/src\/\",\"name\":\"Hino Canada\",\"description\":\"Just another WordPress site\",\"potentialAction\":[{\"@type\":\"SearchAction\",\"target\":{\"@type\":\"EntryPoint\",\"urlTemplate\":\"https:\/\/stage.tbkdev.com\/dev\/hinocanada.com\/src\/?s={search_term_string}\"},\"query-input\":{\"@type\":\"PropertyValueSpecification\",\"valueRequired\":true,\"valueName\":\"search_term_string\"}}],\"inLanguage\":\"fr-CA\"}]}<\/script>\n<!-- \/ Yoast SEO plugin. -->","yoast_head_json":{"title":"Conseils de service pour les propri\u00e9taires | Hino Motors Canada","description":"Ma\u00eetrisez votre destin avec Hino par le biais de formations et de guides de r\u00e9f\u00e9rences rapides lorsque vous devez reprendre la route sans tarder. Apprenez-en plus d\u00e8s aujourd\u2019hui!","robots":{"index":"noindex","follow":"follow","max-snippet":"max-snippet:-1","max-image-preview":"max-image-preview:large","max-video-preview":"max-video-preview:-1"},"og_locale":"fr_CA","og_type":"article","og_title":"Conseils de service pour les propri\u00e9taires | Hino Motors Canada","og_description":"Ma\u00eetrisez votre destin avec Hino par le biais de formations et de guides de r\u00e9f\u00e9rences rapides lorsque vous devez reprendre la route sans tarder. Apprenez-en plus d\u00e8s aujourd\u2019hui!","og_url":"https:\/\/stage.tbkdev.com\/dev\/hinocanada.com\/src\/fr\/pour-les-proprietaires\/conseils-de-service\/","og_site_name":"Hino Canada","article_publisher":"https:\/\/www.facebook.com\/hinocanada","article_modified_time":"2017-09-27T16:00:02+00:00","og_image":[{"width":1824,"height":604,"url":"https:\/\/stage.tbkdev.com\/dev\/hinocanada.com\/src\/wp-content\/uploads\/2016\/10\/owner_service-tips-2.jpg","type":"image\/jpeg"}],"twitter_card":"summary_large_image","schema":{"@context":"https:\/\/schema.org","@graph":[{"@type":"WebPage","@id":"https:\/\/stage.tbkdev.com\/dev\/hinocanada.com\/src\/fr\/pour-les-proprietaires\/conseils-de-service\/","url":"https:\/\/stage.tbkdev.com\/dev\/hinocanada.com\/src\/fr\/pour-les-proprietaires\/conseils-de-service\/","name":"Conseils de service pour les propri\u00e9taires | Hino Motors Canada","isPartOf":{"@id":"https:\/\/stage.tbkdev.com\/dev\/hinocanada.com\/src\/#website"},"primaryImageOfPage":{"@id":"https:\/\/stage.tbkdev.com\/dev\/hinocanada.com\/src\/fr\/pour-les-proprietaires\/conseils-de-service\/#primaryimage"},"image":{"@id":"https:\/\/stage.tbkdev.com\/dev\/hinocanada.com\/src\/fr\/pour-les-proprietaires\/conseils-de-service\/#primaryimage"},"thumbnailUrl":"https:\/\/stage.tbkdev.com\/dev\/hinocanada.com\/src\/wp-content\/uploads\/2016\/10\/owner_service-tips-2.jpg","datePublished":"2016-10-28T18:11:56+00:00","dateModified":"2017-09-27T16:00:02+00:00","description":"Ma\u00eetrisez votre destin avec Hino par le biais de formations et de guides de r\u00e9f\u00e9rences rapides lorsque vous devez reprendre la route sans tarder. Apprenez-en plus d\u00e8s aujourd\u2019hui!","breadcrumb":{"@id":"https:\/\/stage.tbkdev.com\/dev\/hinocanada.com\/src\/fr\/pour-les-proprietaires\/conseils-de-service\/#breadcrumb"},"inLanguage":"fr-CA","potentialAction":[{"@type":"ReadAction","target":["https:\/\/stage.tbkdev.com\/dev\/hinocanada.com\/src\/fr\/pour-les-proprietaires\/conseils-de-service\/"]}]},{"@type":"ImageObject","inLanguage":"fr-CA","@id":"https:\/\/stage.tbkdev.com\/dev\/hinocanada.com\/src\/fr\/pour-les-proprietaires\/conseils-de-service\/#primaryimage","url":"https:\/\/stage.tbkdev.com\/dev\/hinocanada.com\/src\/wp-content\/uploads\/2016\/10\/owner_service-tips-2.jpg","contentUrl":"https:\/\/stage.tbkdev.com\/dev\/hinocanada.com\/src\/wp-content\/uploads\/2016\/10\/owner_service-tips-2.jpg","width":1824,"height":604},{"@type":"BreadcrumbList","@id":"https:\/\/stage.tbkdev.com\/dev\/hinocanada.com\/src\/fr\/pour-les-proprietaires\/conseils-de-service\/#breadcrumb","itemListElement":[{"@type":"ListItem","position":1,"name":"Home","item":"https:\/\/stage.tbkdev.com\/dev\/hinocanada.com\/src\/fr\/"},{"@type":"ListItem","position":2,"name":"Pour les propri\u00e9taires","item":"https:\/\/stage.tbkdev.com\/dev\/hinocanada.com\/src\/fr\/pour-les-proprietaires\/"},{"@type":"ListItem","position":3,"name":"Conseils de service"}]},{"@type":"WebSite","@id":"https:\/\/stage.tbkdev.com\/dev\/hinocanada.com\/src\/#website","url":"https:\/\/stage.tbkdev.com\/dev\/hinocanada.com\/src\/","name":"Hino Canada","description":"Just another WordPress site","potentialAction":[{"@type":"SearchAction","target":{"@type":"EntryPoint","urlTemplate":"https:\/\/stage.tbkdev.com\/dev\/hinocanada.com\/src\/?s={search_term_string}"},"query-input":{"@type":"PropertyValueSpecification","valueRequired":true,"valueName":"search_term_string"}}],"inLanguage":"fr-CA"}]}},"_links":{"self":[{"href":"https:\/\/stage.tbkdev.com\/dev\/hinocanada.com\/src\/fr\/wp-json\/wp\/v2\/pages\/3492","targetHints":{"allow":["GET"]}}],"collection":[{"href":"https:\/\/stage.tbkdev.com\/dev\/hinocanada.com\/src\/fr\/wp-json\/wp\/v2\/pages"}],"about":[{"href":"https:\/\/stage.tbkdev.com\/dev\/hinocanada.com\/src\/fr\/wp-json\/wp\/v2\/types\/page"}],"author":[{"embeddable":true,"href":"https:\/\/stage.tbkdev.com\/dev\/hinocanada.com\/src\/fr\/wp-json\/wp\/v2\/users\/1"}],"replies":[{"embeddable":true,"href":"https:\/\/stage.tbkdev.com\/dev\/hinocanada.com\/src\/fr\/wp-json\/wp\/v2\/comments?post=3492"}],"version-history":[{"count":14,"href":"https:\/\/stage.tbkdev.com\/dev\/hinocanada.com\/src\/fr\/wp-json\/wp\/v2\/pages\/3492\/revisions"}],"predecessor-version":[{"id":6765,"href":"https:\/\/stage.tbkdev.com\/dev\/hinocanada.com\/src\/fr\/wp-json\/wp\/v2\/pages\/3492\/revisions\/6765"}],"up":[{"embeddable":true,"href":"https:\/\/stage.tbkdev.com\/dev\/hinocanada.com\/src\/fr\/wp-json\/wp\/v2\/pages\/5364"}],"wp:featuredmedia":[{"embeddable":true,"href":"https:\/\/stage.tbkdev.com\/dev\/hinocanada.com\/src\/fr\/wp-json\/wp\/v2\/media\/3135"}],"wp:attachment":[{"href":"https:\/\/stage.tbkdev.com\/dev\/hinocanada.com\/src\/fr\/wp-json\/wp\/v2\/media?parent=3492"}],"curies":[{"name":"wp","href":"https:\/\/api.w.org\/{rel}","templated":true}]}}