{"id":3483,"date":"2016-10-28T14:11:59","date_gmt":"2016-10-28T18:11:59","guid":{"rendered":"http:\/\/stage.tbkdev.com\/dev\/hinocanada.com\/src\/about-us\/growing-with-toyota\/"},"modified":"2021-05-04T15:05:37","modified_gmt":"2021-05-04T19:05:37","slug":"nous-grandissons-avec-toyota","status":"publish","type":"page","link":"https:\/\/stage.tbkdev.com\/dev\/hinocanada.com\/src\/fr\/propos-de-nous\/nous-grandissons-avec-toyota\/","title":{"rendered":"Nous grandissons avec Toyota"},"content":{"rendered":"<div class=\"wpb-content-wrapper\"><p>[vc_row][vc_column][vc_column_text]En 2001, Toyota Motor Corporation a obtenu la propri\u00e9t\u00e9 majoritaire de Hino Motors, Ltd., s\u2019engageant dans une d\u00e9marche de leadership mondial sur le march\u00e9 des camions lourds et de poids moyen.<\/p>\n<p>L\u2019engagement du Groupe Toyota en mati\u00e8re d\u2019am\u00e9lioration continue et d\u2019innovation en \u00e9quipe est la raison pour laquelle Hino Trucks est la compagnie de camions de poids moyen qui conna\u00eet la croissance la plus rapide en Am\u00e9rique du Nord.<\/p>\n<p>L\u2019h\u00e9ritage Toyota en mati\u00e8re d\u2019excellence en design et en\u00a0 ing\u00e9nierie se refl\u00e8te sur chacun des produits de la gamme du Groupe Toyota, notamment les camions Hino. Tout cela accompagn\u00e9 de notre philosophie qui place le client au sommet de nos pr\u00e9occupations, fait de nous un partenaire d\u2019affaires fiable pour votre entreprise.[\/vc_column_text][\/vc_column][\/vc_row][vc_row][vc_column][vc_single_image image=&nbsp;&raquo;3050&Prime; img_size=&nbsp;&raquo;full&nbsp;&raquo; alignment=&nbsp;&raquo;center&nbsp;&raquo;][vc_empty_space height=&nbsp;&raquo;200px&nbsp;&raquo;][\/vc_column][\/vc_row]<\/p>\n<\/div>","protected":false},"excerpt":{"rendered":"<p>[vc_row][vc_column][vc_column_text]En 2001, Toyota Motor Corporation a obtenu la propri\u00e9t\u00e9 majoritaire de Hino Motors, Ltd., s\u2019engageant dans une d\u00e9marche de leadership mondial sur le march\u00e9 des camions lourds et de poids moyen.<\/p>\n<p>L\u2019engagement du Groupe Toyota en mati\u00e8re d\u2019am\u00e9lioration continue et &hellip; [&#8230;]<\/p>\n","protected":false},"author":1,"featured_media":3153,"parent":3476,"menu_order":6,"comment_status":"closed","ping_status":"closed","template":"","meta":{"_acf_changed":false,"footnotes":""},"class_list":["post-3483","page","type-page","status-publish","has-post-thumbnail","hentry"],"acf":[],"yoast_head":"<!-- This site is optimized with the Yoast SEO plugin v23.9 - https:\/\/yoast.com\/wordpress\/plugins\/seo\/ -->\n<title>Nous grandissons avec Toyota - Hino Canada<\/title>\n<meta name=\"robots\" content=\"noindex, follow, max-snippet:-1, max-image-preview:large, max-video-preview:-1\" \/>\n<meta property=\"og:locale\" content=\"fr_CA\" \/>\n<meta property=\"og:type\" content=\"article\" \/>\n<meta property=\"og:title\" content=\"Nous grandissons avec Toyota - Hino Canada\" \/>\n<meta property=\"og:description\" content=\"[vc_row][vc_column][vc_column_text]En 2001, Toyota Motor Corporation a obtenu la propri\u00e9t\u00e9 majoritaire de Hino Motors, Ltd., s\u2019engageant dans une d\u00e9marche de leadership mondial sur le march\u00e9 des camions lourds et de poids moyen. L\u2019engagement du Groupe Toyota en mati\u00e8re d\u2019am\u00e9lioration continue et &hellip; [...]\" \/>\n<meta property=\"og:url\" content=\"https:\/\/stage.tbkdev.com\/dev\/hinocanada.com\/src\/fr\/propos-de-nous\/nous-grandissons-avec-toyota\/\" \/>\n<meta property=\"og:site_name\" content=\"Hino Canada\" \/>\n<meta property=\"article:publisher\" content=\"https:\/\/www.facebook.com\/hinocanada\" \/>\n<meta property=\"article:modified_time\" content=\"2021-05-04T19:05:37+00:00\" \/>\n<meta property=\"og:image\" content=\"https:\/\/stage.tbkdev.com\/dev\/hinocanada.com\/src\/wp-content\/uploads\/2016\/10\/Growing-with-Toyota2-1-2200x1316.jpg\" \/>\n\t<meta property=\"og:image:width\" content=\"3072\" \/>\n\t<meta property=\"og:image:height\" content=\"1316\" \/>\n\t<meta property=\"og:image:type\" content=\"image\/jpeg\" \/>\n<meta name=\"twitter:card\" content=\"summary_large_image\" \/>\n<meta name=\"twitter:label1\" content=\"Est. reading time\" \/>\n\t<meta name=\"twitter:data1\" content=\"1 minute\" \/>\n<script type=\"application\/ld+json\" class=\"yoast-schema-graph\">{\"@context\":\"https:\/\/schema.org\",\"@graph\":[{\"@type\":\"WebPage\",\"@id\":\"https:\/\/stage.tbkdev.com\/dev\/hinocanada.com\/src\/fr\/propos-de-nous\/nous-grandissons-avec-toyota\/\",\"url\":\"https:\/\/stage.tbkdev.com\/dev\/hinocanada.com\/src\/fr\/propos-de-nous\/nous-grandissons-avec-toyota\/\",\"name\":\"Nous grandissons avec Toyota - Hino Canada\",\"isPartOf\":{\"@id\":\"https:\/\/stage.tbkdev.com\/dev\/hinocanada.com\/src\/#website\"},\"primaryImageOfPage\":{\"@id\":\"https:\/\/stage.tbkdev.com\/dev\/hinocanada.com\/src\/fr\/propos-de-nous\/nous-grandissons-avec-toyota\/#primaryimage\"},\"image\":{\"@id\":\"https:\/\/stage.tbkdev.com\/dev\/hinocanada.com\/src\/fr\/propos-de-nous\/nous-grandissons-avec-toyota\/#primaryimage\"},\"thumbnailUrl\":\"https:\/\/stage.tbkdev.com\/dev\/hinocanada.com\/src\/wp-content\/uploads\/2016\/10\/Growing-with-Toyota2-1-2200x1316.jpg\",\"datePublished\":\"2016-10-28T18:11:59+00:00\",\"dateModified\":\"2021-05-04T19:05:37+00:00\",\"breadcrumb\":{\"@id\":\"https:\/\/stage.tbkdev.com\/dev\/hinocanada.com\/src\/fr\/propos-de-nous\/nous-grandissons-avec-toyota\/#breadcrumb\"},\"inLanguage\":\"fr-CA\",\"potentialAction\":[{\"@type\":\"ReadAction\",\"target\":[\"https:\/\/stage.tbkdev.com\/dev\/hinocanada.com\/src\/fr\/propos-de-nous\/nous-grandissons-avec-toyota\/\"]}]},{\"@type\":\"ImageObject\",\"inLanguage\":\"fr-CA\",\"@id\":\"https:\/\/stage.tbkdev.com\/dev\/hinocanada.com\/src\/fr\/propos-de-nous\/nous-grandissons-avec-toyota\/#primaryimage\",\"url\":\"https:\/\/stage.tbkdev.com\/dev\/hinocanada.com\/src\/wp-content\/uploads\/2016\/10\/Growing-with-Toyota2-1-2200x1316.jpg\",\"contentUrl\":\"https:\/\/stage.tbkdev.com\/dev\/hinocanada.com\/src\/wp-content\/uploads\/2016\/10\/Growing-with-Toyota2-1-2200x1316.jpg\",\"width\":3072,\"height\":1316},{\"@type\":\"BreadcrumbList\",\"@id\":\"https:\/\/stage.tbkdev.com\/dev\/hinocanada.com\/src\/fr\/propos-de-nous\/nous-grandissons-avec-toyota\/#breadcrumb\",\"itemListElement\":[{\"@type\":\"ListItem\",\"position\":1,\"name\":\"Home\",\"item\":\"https:\/\/stage.tbkdev.com\/dev\/hinocanada.com\/src\/fr\/\"},{\"@type\":\"ListItem\",\"position\":2,\"name\":\"\u00c0 propos de nous\",\"item\":\"https:\/\/stage.tbkdev.com\/dev\/hinocanada.com\/src\/fr\/propos-de-nous\/\"},{\"@type\":\"ListItem\",\"position\":3,\"name\":\"Nous grandissons avec Toyota\"}]},{\"@type\":\"WebSite\",\"@id\":\"https:\/\/stage.tbkdev.com\/dev\/hinocanada.com\/src\/#website\",\"url\":\"https:\/\/stage.tbkdev.com\/dev\/hinocanada.com\/src\/\",\"name\":\"Hino Canada\",\"description\":\"Just another WordPress site\",\"potentialAction\":[{\"@type\":\"SearchAction\",\"target\":{\"@type\":\"EntryPoint\",\"urlTemplate\":\"https:\/\/stage.tbkdev.com\/dev\/hinocanada.com\/src\/?s={search_term_string}\"},\"query-input\":{\"@type\":\"PropertyValueSpecification\",\"valueRequired\":true,\"valueName\":\"search_term_string\"}}],\"inLanguage\":\"fr-CA\"}]}<\/script>\n<!-- \/ Yoast SEO plugin. -->","yoast_head_json":{"title":"Nous grandissons avec Toyota - Hino Canada","robots":{"index":"noindex","follow":"follow","max-snippet":"max-snippet:-1","max-image-preview":"max-image-preview:large","max-video-preview":"max-video-preview:-1"},"og_locale":"fr_CA","og_type":"article","og_title":"Nous grandissons avec Toyota - Hino Canada","og_description":"[vc_row][vc_column][vc_column_text]En 2001, Toyota Motor Corporation a obtenu la propri\u00e9t\u00e9 majoritaire de Hino Motors, Ltd., s\u2019engageant dans une d\u00e9marche de leadership mondial sur le march\u00e9 des camions lourds et de poids moyen. L\u2019engagement du Groupe Toyota en mati\u00e8re d\u2019am\u00e9lioration continue et &hellip; [...]","og_url":"https:\/\/stage.tbkdev.com\/dev\/hinocanada.com\/src\/fr\/propos-de-nous\/nous-grandissons-avec-toyota\/","og_site_name":"Hino Canada","article_publisher":"https:\/\/www.facebook.com\/hinocanada","article_modified_time":"2021-05-04T19:05:37+00:00","og_image":[{"width":3072,"height":1316,"url":"https:\/\/stage.tbkdev.com\/dev\/hinocanada.com\/src\/wp-content\/uploads\/2016\/10\/Growing-with-Toyota2-1-2200x1316.jpg","type":"image\/jpeg"}],"twitter_card":"summary_large_image","twitter_misc":{"Est. reading time":"1 minute"},"schema":{"@context":"https:\/\/schema.org","@graph":[{"@type":"WebPage","@id":"https:\/\/stage.tbkdev.com\/dev\/hinocanada.com\/src\/fr\/propos-de-nous\/nous-grandissons-avec-toyota\/","url":"https:\/\/stage.tbkdev.com\/dev\/hinocanada.com\/src\/fr\/propos-de-nous\/nous-grandissons-avec-toyota\/","name":"Nous grandissons avec Toyota - Hino Canada","isPartOf":{"@id":"https:\/\/stage.tbkdev.com\/dev\/hinocanada.com\/src\/#website"},"primaryImageOfPage":{"@id":"https:\/\/stage.tbkdev.com\/dev\/hinocanada.com\/src\/fr\/propos-de-nous\/nous-grandissons-avec-toyota\/#primaryimage"},"image":{"@id":"https:\/\/stage.tbkdev.com\/dev\/hinocanada.com\/src\/fr\/propos-de-nous\/nous-grandissons-avec-toyota\/#primaryimage"},"thumbnailUrl":"https:\/\/stage.tbkdev.com\/dev\/hinocanada.com\/src\/wp-content\/uploads\/2016\/10\/Growing-with-Toyota2-1-2200x1316.jpg","datePublished":"2016-10-28T18:11:59+00:00","dateModified":"2021-05-04T19:05:37+00:00","breadcrumb":{"@id":"https:\/\/stage.tbkdev.com\/dev\/hinocanada.com\/src\/fr\/propos-de-nous\/nous-grandissons-avec-toyota\/#breadcrumb"},"inLanguage":"fr-CA","potentialAction":[{"@type":"ReadAction","target":["https:\/\/stage.tbkdev.com\/dev\/hinocanada.com\/src\/fr\/propos-de-nous\/nous-grandissons-avec-toyota\/"]}]},{"@type":"ImageObject","inLanguage":"fr-CA","@id":"https:\/\/stage.tbkdev.com\/dev\/hinocanada.com\/src\/fr\/propos-de-nous\/nous-grandissons-avec-toyota\/#primaryimage","url":"https:\/\/stage.tbkdev.com\/dev\/hinocanada.com\/src\/wp-content\/uploads\/2016\/10\/Growing-with-Toyota2-1-2200x1316.jpg","contentUrl":"https:\/\/stage.tbkdev.com\/dev\/hinocanada.com\/src\/wp-content\/uploads\/2016\/10\/Growing-with-Toyota2-1-2200x1316.jpg","width":3072,"height":1316},{"@type":"BreadcrumbList","@id":"https:\/\/stage.tbkdev.com\/dev\/hinocanada.com\/src\/fr\/propos-de-nous\/nous-grandissons-avec-toyota\/#breadcrumb","itemListElement":[{"@type":"ListItem","position":1,"name":"Home","item":"https:\/\/stage.tbkdev.com\/dev\/hinocanada.com\/src\/fr\/"},{"@type":"ListItem","position":2,"name":"\u00c0 propos de nous","item":"https:\/\/stage.tbkdev.com\/dev\/hinocanada.com\/src\/fr\/propos-de-nous\/"},{"@type":"ListItem","position":3,"name":"Nous grandissons avec Toyota"}]},{"@type":"WebSite","@id":"https:\/\/stage.tbkdev.com\/dev\/hinocanada.com\/src\/#website","url":"https:\/\/stage.tbkdev.com\/dev\/hinocanada.com\/src\/","name":"Hino Canada","description":"Just another WordPress site","potentialAction":[{"@type":"SearchAction","target":{"@type":"EntryPoint","urlTemplate":"https:\/\/stage.tbkdev.com\/dev\/hinocanada.com\/src\/?s={search_term_string}"},"query-input":{"@type":"PropertyValueSpecification","valueRequired":true,"valueName":"search_term_string"}}],"inLanguage":"fr-CA"}]}},"_links":{"self":[{"href":"https:\/\/stage.tbkdev.com\/dev\/hinocanada.com\/src\/fr\/wp-json\/wp\/v2\/pages\/3483","targetHints":{"allow":["GET"]}}],"collection":[{"href":"https:\/\/stage.tbkdev.com\/dev\/hinocanada.com\/src\/fr\/wp-json\/wp\/v2\/pages"}],"about":[{"href":"https:\/\/stage.tbkdev.com\/dev\/hinocanada.com\/src\/fr\/wp-json\/wp\/v2\/types\/page"}],"author":[{"embeddable":true,"href":"https:\/\/stage.tbkdev.com\/dev\/hinocanada.com\/src\/fr\/wp-json\/wp\/v2\/users\/1"}],"replies":[{"embeddable":true,"href":"https:\/\/stage.tbkdev.com\/dev\/hinocanada.com\/src\/fr\/wp-json\/wp\/v2\/comments?post=3483"}],"version-history":[{"count":16,"href":"https:\/\/stage.tbkdev.com\/dev\/hinocanada.com\/src\/fr\/wp-json\/wp\/v2\/pages\/3483\/revisions"}],"predecessor-version":[{"id":16752,"href":"https:\/\/stage.tbkdev.com\/dev\/hinocanada.com\/src\/fr\/wp-json\/wp\/v2\/pages\/3483\/revisions\/16752"}],"up":[{"embeddable":true,"href":"https:\/\/stage.tbkdev.com\/dev\/hinocanada.com\/src\/fr\/wp-json\/wp\/v2\/pages\/3476"}],"wp:featuredmedia":[{"embeddable":true,"href":"https:\/\/stage.tbkdev.com\/dev\/hinocanada.com\/src\/fr\/wp-json\/wp\/v2\/media\/3153"}],"wp:attachment":[{"href":"https:\/\/stage.tbkdev.com\/dev\/hinocanada.com\/src\/fr\/wp-json\/wp\/v2\/media?parent=3483"}],"curies":[{"name":"wp","href":"https:\/\/api.w.org\/{rel}","templated":true}]}}