{"id":3480,"date":"2016-10-28T14:11:59","date_gmt":"2016-10-28T18:11:59","guid":{"rendered":"http:\/\/stage.tbkdev.com\/dev\/hinocanada.com\/src\/about-us\/woodstock-plant-milestones\/"},"modified":"2025-02-10T15:34:21","modified_gmt":"2025-02-10T20:34:21","slug":"moments-charnieres-lusine-de-woodstock","status":"publish","type":"page","link":"https:\/\/stage.tbkdev.com\/dev\/hinocanada.com\/src\/fr\/propos-de-nous\/moments-charnieres-lusine-de-woodstock\/","title":{"rendered":"Usine d\u2019assemblage Woodstock"},"content":{"rendered":"<div class=\"wpb-content-wrapper\"><p>[vc_row][vc_column][vc_column_text css=&nbsp;&raquo;&nbsp;&raquo;]<\/p>\n<h4><strong>LA FORCE DE HINO CANADA. CONSTRUIT PAR DES CANADIENS, POUR DES CANADIENS.<\/strong><\/h4>\n<p>Hino Motors Canada, Ltd. a une pr\u00e9sence importante au sein de l&rsquo;industrie canadienne des v\u00e9hicules commerciaux, en particulier par l&rsquo;entremise de son usine d&rsquo;assemblage situ\u00e9e \u00e0 Woodstock, en Ontario. \u00c9tablie en 2006, cette installation souligne l&rsquo;engagement de HINO \u00e0 produire des v\u00e9hicules adapt\u00e9s au march\u00e9 canadien. En 2024, Hino Motors Canada, Ltd. Canada a fi\u00e8rement c\u00e9l\u00e9br\u00e9 son 50<sup>e<\/sup> anniversaire, marquant un demi-si\u00e8cle d\u2019efforts pour proposer des solutions de transport fiables dans tout le pays.<\/p>\n<p>L&rsquo;usine de Woodstock, d&rsquo;une superficie de 181\u00a0000 pieds carr\u00e9s, se consacre \u00e0 l&rsquo;assemblage de\u00a0<strong>camions de poids moyen et de camions lourds<\/strong>\u00a0qui r\u00e9pondent aux besoins pr\u00e9cis des entreprises canadiennes. Ces v\u00e9hicules sont con\u00e7us pour affronter les divers climats et terrains du Canada, assurant ainsi la fiabilit\u00e9 d\u2019un oc\u00e9an \u00e0 l\u2019autre.<\/p>\n<p>L&rsquo;usine joue \u00e9galement un r\u00f4le cl\u00e9 dans l&rsquo;\u00e9volution de la gamme de HINO, en assemblant des camions propuls\u00e9s par des\u00a0<strong>moteurs B6.7 et L9 Cummins<\/strong>, assurant des performances et une efficacit\u00e9 optimis\u00e9es pour les exploitants canadiens.<\/p>\n<p>L&rsquo;engagement de HINO envers l&rsquo;assemblage local refl\u00e8te son d\u00e9vouement envers les entreprises canadiennes, garantissant que chaque camion est con\u00e7u en tenant compte des besoins des conducteurs. Cet accent mis sur l&rsquo;innovation et la fiabilit\u00e9 renforce la position de HINO en tant que partenaire de confiance dans l&rsquo;industrie des v\u00e9hicules commerciaux.<\/p>\n<p><strong>Usine d\u2019assemblage Woodstock de Hino Motors Canada, Ltd. <\/strong><br \/>\n<strong>Certifi\u00e9e ISO 14001:2015 pour son syst\u00e8me de gestion environnementale<\/strong>[\/vc_column_text][\/vc_column][\/vc_row][vc_row][vc_column width=&nbsp;&raquo;1\/2&Prime;][vc_single_image image=&nbsp;&raquo;8859&Prime; img_size=&nbsp;&raquo;large&nbsp;&raquo; alignment=&nbsp;&raquo;right&nbsp;&raquo; onclick=&nbsp;&raquo;custom_link&nbsp;&raquo; img_link_target=&nbsp;&raquo;_blank&nbsp;&raquo; link=&nbsp;&raquo;https:\/\/stage.tbkdev.com\/dev\/hinocanada.com\/src\/wp-content\/uploads\/2022\/02\/Certificate-of-registration-2022.pdf&nbsp;&raquo;][\/vc_column][\/vc_row][vc_row][vc_column][vc_column_text]<\/p>\n<h3><strong>Moments marquants<\/strong><\/h3>\n<p>[\/vc_column_text][\/vc_column][\/vc_row][vc_row][vc_column css=&nbsp;&raquo;.vc_custom_1485284173912{margin-bottom: 20px !important;}&nbsp;&raquo;][\/vc_column][\/vc_row][vc_row][vc_column width=&nbsp;&raquo;1\/2&Prime;][vc_single_image image=&nbsp;&raquo;18155&Prime; img_size=&nbsp;&raquo;large&nbsp;&raquo; alignment=&nbsp;&raquo;right&nbsp;&raquo;][\/vc_column][vc_column width=&nbsp;&raquo;1\/2&Prime;][vc_column_text]<\/p>\n<h4 style=\"margin-top: 0px;\">Avril 2018<\/h4>\n<p>La nouvelle s\u00e9rie Hino XL a \u00e9t\u00e9 d\u00e9voil\u00e9e \u00e0 Truck World[\/vc_column_text][\/vc_column][\/vc_row][vc_row][vc_column css=&nbsp;&raquo;.vc_custom_1485284173912{margin-bottom: 20px !important;}&nbsp;&raquo;][\/vc_column][\/vc_row][vc_row][vc_column width=&nbsp;&raquo;1\/2&Prime;][vc_single_image image=&nbsp;&raquo;14433&Prime; img_size=&nbsp;&raquo;large&nbsp;&raquo; alignment=&nbsp;&raquo;right&nbsp;&raquo;][\/vc_column][vc_column width=&nbsp;&raquo;1\/2&Prime;][vc_column_text]<\/p>\n<h4 style=\"margin-top: 0px;\">Octobre 2016<\/h4>\n<p>Agrandissement de l&rsquo;usine d&rsquo;assemblage de Woodstock et r\u00e9novation int\u00e9rieure termin\u00e9e.[\/vc_column_text][\/vc_column][\/vc_row][vc_row][vc_column css=&nbsp;&raquo;.vc_custom_1485284173912{margin-bottom: 20px !important;}&nbsp;&raquo;][\/vc_column][\/vc_row][vc_row][vc_column width=&nbsp;&raquo;1\/2&Prime;][vc_single_image image=&nbsp;&raquo;811&Prime; img_size=&nbsp;&raquo;large&nbsp;&raquo; alignment=&nbsp;&raquo;right&nbsp;&raquo;][\/vc_column][vc_column width=&nbsp;&raquo;1\/2&Prime;][vc_column_text]<\/p>\n<h4 style=\"margin-top: 0px;\">Mai 2016<\/h4>\n<p>L\u2019usine d\u2019assemblage de Woodstock produit son 10\u00a0000<sup>\u00e8me<\/sup> camion \u00e0 capot conventionnel.[\/vc_column_text][\/vc_column][\/vc_row][vc_row][vc_column css=&nbsp;&raquo;.vc_custom_1485284173912{margin-bottom: 20px !important;}&nbsp;&raquo;][\/vc_column][\/vc_row][vc_row][vc_column width=&nbsp;&raquo;1\/2&Prime;][vc_single_image image=&nbsp;&raquo;814&Prime; img_size=&nbsp;&raquo;large&nbsp;&raquo;][\/vc_column][vc_column width=&nbsp;&raquo;1\/2&Prime;][vc_column_text]<\/p>\n<h4 style=\"margin-top: 0px;\">Avril\u00a02016<\/h4>\n<p>L&rsquo;usine\u00a0de Woodstock c\u00e9l\u00e8bre son 10<sup>\u00e8me<\/sup> anniversaire.[\/vc_column_text][\/vc_column][\/vc_row][vc_row][vc_column css=&nbsp;&raquo;.vc_custom_1485284173912{margin-bottom: 20px !important;}&nbsp;&raquo;][\/vc_column][\/vc_row][vc_row][vc_column width=&nbsp;&raquo;1\/2&Prime;][vc_single_image image=&nbsp;&raquo;805&Prime; img_size=&nbsp;&raquo;large&nbsp;&raquo; alignment=&nbsp;&raquo;right&nbsp;&raquo;][\/vc_column][vc_column width=&nbsp;&raquo;1\/2&Prime;][vc_column_text]<\/p>\n<h4 style=\"margin-top: 0px;\">Juillet 2015<\/h4>\n<p>L&rsquo;usine de Woodstock vit une phase d&rsquo;expansion.[\/vc_column_text][\/vc_column][\/vc_row][vc_row][vc_column css=&nbsp;&raquo;.vc_custom_1485284173912{margin-bottom: 20px !important;}&nbsp;&raquo;][\/vc_column][\/vc_row][vc_row][vc_column width=&nbsp;&raquo;1\/2&Prime;][vc_single_image image=&nbsp;&raquo;802&Prime; img_size=&nbsp;&raquo;large&nbsp;&raquo; alignment=&nbsp;&raquo;right&nbsp;&raquo;][\/vc_column][vc_column width=&nbsp;&raquo;1\/2&Prime;][vc_column_text]<\/p>\n<h4 style=\"margin-top: 0px;\">Octobre 2014<\/h4>\n<p>L&rsquo;usine d&rsquo;assemblage de Woodstock produit son 10\u00a0000<sup>\u00e8me<\/sup> camion.[\/vc_column_text][\/vc_column][vc_column][\/vc_column][\/vc_row][vc_row][vc_column width=&nbsp;&raquo;1\/2&Prime;][vc_single_image image=&nbsp;&raquo;5674&Prime; img_size=&nbsp;&raquo;large&nbsp;&raquo; alignment=&nbsp;&raquo;right&nbsp;&raquo;][\/vc_column][vc_column width=&nbsp;&raquo;1\/2&Prime;][vc_column_text]<\/p>\n<h4 style=\"margin-top: 0px;\">Octobre 2014<\/h4>\n<p>Hino Motors Canada c\u00e9l\u00e8bre ses 40 ans au Canada.[\/vc_column_text][\/vc_column][vc_column][\/vc_column][\/vc_row][vc_row][vc_column width=&nbsp;&raquo;1\/2&Prime;][vc_single_image image=&nbsp;&raquo;796&Prime; img_size=&nbsp;&raquo;large&nbsp;&raquo; alignment=&nbsp;&raquo;right&nbsp;&raquo;][\/vc_column][vc_column width=&nbsp;&raquo;1\/2&Prime;][vc_column_text]<\/p>\n<h4 style=\"margin-top: 0px;\">Mai 2013<\/h4>\n<p>D\u00e9but de la production du Hino mod\u00e8le 165 \u00e0 cabine sur\u00e9lev\u00e9e.[\/vc_column_text][\/vc_column][vc_column][\/vc_column][\/vc_row][vc_row][vc_column width=&nbsp;&raquo;1\/2&Prime;][vc_single_image image=&nbsp;&raquo;775&Prime; img_size=&nbsp;&raquo;large&nbsp;&raquo; alignment=&nbsp;&raquo;right&nbsp;&raquo;][\/vc_column][vc_column width=&nbsp;&raquo;1\/2&Prime;][vc_column_text]<\/p>\n<h4 style=\"margin-top: 0px;\">F\u00e9vrier 2012<\/h4>\n<p>Arriv\u00e9e de la toute nouvelle configuration du Hino 195 2013 \u00e0 cabine d\u2019\u00e9quipe.[\/vc_column_text][\/vc_column][vc_column][\/vc_column][\/vc_row][vc_row][vc_column width=&nbsp;&raquo;1\/2&Prime;][vc_single_image image=&nbsp;&raquo;769&Prime; img_size=&nbsp;&raquo;large&nbsp;&raquo; alignment=&nbsp;&raquo;right&nbsp;&raquo;][\/vc_column][vc_column width=&nbsp;&raquo;1\/2&Prime;][vc_column_text]<\/p>\n<h4 style=\"margin-top: 0px;\">Novembre 2010<\/h4>\n<p>Lancement des nouveaux camions de poids moyen \u00e0 capot conventionnel redessin\u00e9s, \u00e0 l\u2019occasion d\u2019une journ\u00e9e portes ouvertes \u00e0 Woodstock.[\/vc_column_text][\/vc_column][vc_column][\/vc_column][\/vc_row][vc_row][vc_column width=&nbsp;&raquo;1\/2&Prime;][vc_single_image image=&nbsp;&raquo;766&Prime; img_size=&nbsp;&raquo;large&nbsp;&raquo; alignment=&nbsp;&raquo;right&nbsp;&raquo;][\/vc_column][vc_column width=&nbsp;&raquo;1\/2&Prime;][vc_column_text]<\/p>\n<h4 style=\"margin-top: 0px;\">Mai 2008<\/h4>\n<p>Hino Motors Canada produit le premier mod\u00e8le Hino 155 \u00e0 cabine avanc\u00e9e destin\u00e9 au march\u00e9 canadien.[\/vc_column_text][\/vc_column][vc_column][\/vc_column][\/vc_row][vc_row][vc_column width=&nbsp;&raquo;1\/2&Prime;][vc_single_image image=&nbsp;&raquo;763&Prime; img_size=&nbsp;&raquo;large&nbsp;&raquo; alignment=&nbsp;&raquo;right&nbsp;&raquo;][\/vc_column][vc_column width=&nbsp;&raquo;1\/2&Prime;][vc_column_text]<\/p>\n<h4 style=\"margin-top: 0px;\">Mars 2006<\/h4>\n<p>L\u2019usine Woodstock d\u00e9marre la production de camions de poids moyen \u00e0 capot conventionnel.[\/vc_column_text][\/vc_column][vc_column][\/vc_column][\/vc_row][vc_row][vc_column width=&nbsp;&raquo;1\/2&Prime;][vc_single_image image=&nbsp;&raquo;760&Prime; img_size=&nbsp;&raquo;large&nbsp;&raquo; alignment=&nbsp;&raquo;right&nbsp;&raquo;][\/vc_column][vc_column width=&nbsp;&raquo;1\/2&Prime;][vc_column_text]<\/p>\n<h4 style=\"margin-top: 0px;\">2006<\/h4>\n<p>Hino inaugure une nouvelle usine d\u2019assemblage \u00e0 Woodstock, en Ontario.[\/vc_column_text][\/vc_column][\/vc_row]<\/p>\n<\/div>","protected":false},"excerpt":{"rendered":"<p>[vc_row][vc_column][vc_column_text css=&nbsp;&raquo;&nbsp;&raquo;]<\/p>\n<p> LA FORCE DE HINO CANADA. CONSTRUIT PAR DES CANADIENS, POUR DES CANADIENS. <\/p>\n<p>Hino Motors Canada, Ltd. a une pr\u00e9sence importante au sein de l&rsquo;industrie canadienne des v\u00e9hicules commerciaux, en particulier par l&rsquo;entremise de son usine d&rsquo;assemblage situ\u00e9e \u00e0 &hellip; [&#8230;]<\/p>\n","protected":false},"author":1,"featured_media":16652,"parent":3476,"menu_order":3,"comment_status":"closed","ping_status":"closed","template":"","meta":{"_acf_changed":false,"footnotes":""},"class_list":["post-3480","page","type-page","status-publish","has-post-thumbnail","hentry"],"acf":[],"yoast_head":"<!-- This site is optimized with the Yoast SEO plugin v23.9 - https:\/\/yoast.com\/wordpress\/plugins\/seo\/ -->\n<title>Usine d\u2019assemblage Woodstock - Hino Canada<\/title>\n<meta name=\"robots\" content=\"noindex, follow, max-snippet:-1, max-image-preview:large, max-video-preview:-1\" \/>\n<meta property=\"og:locale\" content=\"fr_CA\" \/>\n<meta property=\"og:type\" content=\"article\" \/>\n<meta property=\"og:title\" content=\"Usine d\u2019assemblage Woodstock - Hino Canada\" \/>\n<meta property=\"og:description\" content=\"[vc_row][vc_column][vc_column_text css=&nbsp;&raquo;&nbsp;&raquo;] LA FORCE DE HINO CANADA. CONSTRUIT PAR DES CANADIENS, POUR DES CANADIENS. Hino Motors Canada, Ltd. a une pr\u00e9sence importante au sein de l&rsquo;industrie canadienne des v\u00e9hicules commerciaux, en particulier par l&rsquo;entremise de son usine d&rsquo;assemblage situ\u00e9e \u00e0 &hellip; [...]\" \/>\n<meta property=\"og:url\" content=\"https:\/\/stage.tbkdev.com\/dev\/hinocanada.com\/src\/fr\/propos-de-nous\/moments-charnieres-lusine-de-woodstock\/\" \/>\n<meta property=\"og:site_name\" content=\"Hino Canada\" \/>\n<meta property=\"article:publisher\" content=\"https:\/\/www.facebook.com\/hinocanada\" \/>\n<meta property=\"article:modified_time\" content=\"2025-02-10T20:34:21+00:00\" \/>\n<meta property=\"og:image\" content=\"https:\/\/stage.tbkdev.com\/dev\/hinocanada.com\/src\/wp-content\/uploads\/2021\/03\/MDT_Woodstock_banner_darken.jpg\" \/>\n\t<meta property=\"og:image:width\" content=\"2000\" \/>\n\t<meta property=\"og:image:height\" content=\"817\" \/>\n\t<meta property=\"og:image:type\" content=\"image\/jpeg\" \/>\n<meta name=\"twitter:card\" content=\"summary_large_image\" \/>\n<meta name=\"twitter:label1\" content=\"Est. reading time\" \/>\n\t<meta name=\"twitter:data1\" content=\"6 minutes\" \/>\n<script type=\"application\/ld+json\" class=\"yoast-schema-graph\">{\"@context\":\"https:\/\/schema.org\",\"@graph\":[{\"@type\":\"WebPage\",\"@id\":\"https:\/\/stage.tbkdev.com\/dev\/hinocanada.com\/src\/fr\/propos-de-nous\/moments-charnieres-lusine-de-woodstock\/\",\"url\":\"https:\/\/stage.tbkdev.com\/dev\/hinocanada.com\/src\/fr\/propos-de-nous\/moments-charnieres-lusine-de-woodstock\/\",\"name\":\"Usine d\u2019assemblage Woodstock - Hino Canada\",\"isPartOf\":{\"@id\":\"https:\/\/stage.tbkdev.com\/dev\/hinocanada.com\/src\/#website\"},\"primaryImageOfPage\":{\"@id\":\"https:\/\/stage.tbkdev.com\/dev\/hinocanada.com\/src\/fr\/propos-de-nous\/moments-charnieres-lusine-de-woodstock\/#primaryimage\"},\"image\":{\"@id\":\"https:\/\/stage.tbkdev.com\/dev\/hinocanada.com\/src\/fr\/propos-de-nous\/moments-charnieres-lusine-de-woodstock\/#primaryimage\"},\"thumbnailUrl\":\"https:\/\/stage.tbkdev.com\/dev\/hinocanada.com\/src\/wp-content\/uploads\/2021\/03\/MDT_Woodstock_banner_darken.jpg\",\"datePublished\":\"2016-10-28T18:11:59+00:00\",\"dateModified\":\"2025-02-10T20:34:21+00:00\",\"breadcrumb\":{\"@id\":\"https:\/\/stage.tbkdev.com\/dev\/hinocanada.com\/src\/fr\/propos-de-nous\/moments-charnieres-lusine-de-woodstock\/#breadcrumb\"},\"inLanguage\":\"fr-CA\",\"potentialAction\":[{\"@type\":\"ReadAction\",\"target\":[\"https:\/\/stage.tbkdev.com\/dev\/hinocanada.com\/src\/fr\/propos-de-nous\/moments-charnieres-lusine-de-woodstock\/\"]}]},{\"@type\":\"ImageObject\",\"inLanguage\":\"fr-CA\",\"@id\":\"https:\/\/stage.tbkdev.com\/dev\/hinocanada.com\/src\/fr\/propos-de-nous\/moments-charnieres-lusine-de-woodstock\/#primaryimage\",\"url\":\"https:\/\/stage.tbkdev.com\/dev\/hinocanada.com\/src\/wp-content\/uploads\/2021\/03\/MDT_Woodstock_banner_darken.jpg\",\"contentUrl\":\"https:\/\/stage.tbkdev.com\/dev\/hinocanada.com\/src\/wp-content\/uploads\/2021\/03\/MDT_Woodstock_banner_darken.jpg\",\"width\":2000,\"height\":817},{\"@type\":\"BreadcrumbList\",\"@id\":\"https:\/\/stage.tbkdev.com\/dev\/hinocanada.com\/src\/fr\/propos-de-nous\/moments-charnieres-lusine-de-woodstock\/#breadcrumb\",\"itemListElement\":[{\"@type\":\"ListItem\",\"position\":1,\"name\":\"Home\",\"item\":\"https:\/\/stage.tbkdev.com\/dev\/hinocanada.com\/src\/fr\/\"},{\"@type\":\"ListItem\",\"position\":2,\"name\":\"\u00c0 propos de nous\",\"item\":\"https:\/\/stage.tbkdev.com\/dev\/hinocanada.com\/src\/fr\/propos-de-nous\/\"},{\"@type\":\"ListItem\",\"position\":3,\"name\":\"Usine d\u2019assemblage Woodstock\"}]},{\"@type\":\"WebSite\",\"@id\":\"https:\/\/stage.tbkdev.com\/dev\/hinocanada.com\/src\/#website\",\"url\":\"https:\/\/stage.tbkdev.com\/dev\/hinocanada.com\/src\/\",\"name\":\"Hino Canada\",\"description\":\"Just another WordPress site\",\"potentialAction\":[{\"@type\":\"SearchAction\",\"target\":{\"@type\":\"EntryPoint\",\"urlTemplate\":\"https:\/\/stage.tbkdev.com\/dev\/hinocanada.com\/src\/?s={search_term_string}\"},\"query-input\":{\"@type\":\"PropertyValueSpecification\",\"valueRequired\":true,\"valueName\":\"search_term_string\"}}],\"inLanguage\":\"fr-CA\"}]}<\/script>\n<!-- \/ Yoast SEO plugin. -->","yoast_head_json":{"title":"Usine d\u2019assemblage Woodstock - Hino Canada","robots":{"index":"noindex","follow":"follow","max-snippet":"max-snippet:-1","max-image-preview":"max-image-preview:large","max-video-preview":"max-video-preview:-1"},"og_locale":"fr_CA","og_type":"article","og_title":"Usine d\u2019assemblage Woodstock - Hino Canada","og_description":"[vc_row][vc_column][vc_column_text css=&nbsp;&raquo;&nbsp;&raquo;] LA FORCE DE HINO CANADA. CONSTRUIT PAR DES CANADIENS, POUR DES CANADIENS. Hino Motors Canada, Ltd. a une pr\u00e9sence importante au sein de l&rsquo;industrie canadienne des v\u00e9hicules commerciaux, en particulier par l&rsquo;entremise de son usine d&rsquo;assemblage situ\u00e9e \u00e0 &hellip; [...]","og_url":"https:\/\/stage.tbkdev.com\/dev\/hinocanada.com\/src\/fr\/propos-de-nous\/moments-charnieres-lusine-de-woodstock\/","og_site_name":"Hino Canada","article_publisher":"https:\/\/www.facebook.com\/hinocanada","article_modified_time":"2025-02-10T20:34:21+00:00","og_image":[{"width":2000,"height":817,"url":"https:\/\/stage.tbkdev.com\/dev\/hinocanada.com\/src\/wp-content\/uploads\/2021\/03\/MDT_Woodstock_banner_darken.jpg","type":"image\/jpeg"}],"twitter_card":"summary_large_image","twitter_misc":{"Est. reading time":"6 minutes"},"schema":{"@context":"https:\/\/schema.org","@graph":[{"@type":"WebPage","@id":"https:\/\/stage.tbkdev.com\/dev\/hinocanada.com\/src\/fr\/propos-de-nous\/moments-charnieres-lusine-de-woodstock\/","url":"https:\/\/stage.tbkdev.com\/dev\/hinocanada.com\/src\/fr\/propos-de-nous\/moments-charnieres-lusine-de-woodstock\/","name":"Usine d\u2019assemblage Woodstock - Hino Canada","isPartOf":{"@id":"https:\/\/stage.tbkdev.com\/dev\/hinocanada.com\/src\/#website"},"primaryImageOfPage":{"@id":"https:\/\/stage.tbkdev.com\/dev\/hinocanada.com\/src\/fr\/propos-de-nous\/moments-charnieres-lusine-de-woodstock\/#primaryimage"},"image":{"@id":"https:\/\/stage.tbkdev.com\/dev\/hinocanada.com\/src\/fr\/propos-de-nous\/moments-charnieres-lusine-de-woodstock\/#primaryimage"},"thumbnailUrl":"https:\/\/stage.tbkdev.com\/dev\/hinocanada.com\/src\/wp-content\/uploads\/2021\/03\/MDT_Woodstock_banner_darken.jpg","datePublished":"2016-10-28T18:11:59+00:00","dateModified":"2025-02-10T20:34:21+00:00","breadcrumb":{"@id":"https:\/\/stage.tbkdev.com\/dev\/hinocanada.com\/src\/fr\/propos-de-nous\/moments-charnieres-lusine-de-woodstock\/#breadcrumb"},"inLanguage":"fr-CA","potentialAction":[{"@type":"ReadAction","target":["https:\/\/stage.tbkdev.com\/dev\/hinocanada.com\/src\/fr\/propos-de-nous\/moments-charnieres-lusine-de-woodstock\/"]}]},{"@type":"ImageObject","inLanguage":"fr-CA","@id":"https:\/\/stage.tbkdev.com\/dev\/hinocanada.com\/src\/fr\/propos-de-nous\/moments-charnieres-lusine-de-woodstock\/#primaryimage","url":"https:\/\/stage.tbkdev.com\/dev\/hinocanada.com\/src\/wp-content\/uploads\/2021\/03\/MDT_Woodstock_banner_darken.jpg","contentUrl":"https:\/\/stage.tbkdev.com\/dev\/hinocanada.com\/src\/wp-content\/uploads\/2021\/03\/MDT_Woodstock_banner_darken.jpg","width":2000,"height":817},{"@type":"BreadcrumbList","@id":"https:\/\/stage.tbkdev.com\/dev\/hinocanada.com\/src\/fr\/propos-de-nous\/moments-charnieres-lusine-de-woodstock\/#breadcrumb","itemListElement":[{"@type":"ListItem","position":1,"name":"Home","item":"https:\/\/stage.tbkdev.com\/dev\/hinocanada.com\/src\/fr\/"},{"@type":"ListItem","position":2,"name":"\u00c0 propos de nous","item":"https:\/\/stage.tbkdev.com\/dev\/hinocanada.com\/src\/fr\/propos-de-nous\/"},{"@type":"ListItem","position":3,"name":"Usine d\u2019assemblage Woodstock"}]},{"@type":"WebSite","@id":"https:\/\/stage.tbkdev.com\/dev\/hinocanada.com\/src\/#website","url":"https:\/\/stage.tbkdev.com\/dev\/hinocanada.com\/src\/","name":"Hino Canada","description":"Just another WordPress site","potentialAction":[{"@type":"SearchAction","target":{"@type":"EntryPoint","urlTemplate":"https:\/\/stage.tbkdev.com\/dev\/hinocanada.com\/src\/?s={search_term_string}"},"query-input":{"@type":"PropertyValueSpecification","valueRequired":true,"valueName":"search_term_string"}}],"inLanguage":"fr-CA"}]}},"_links":{"self":[{"href":"https:\/\/stage.tbkdev.com\/dev\/hinocanada.com\/src\/fr\/wp-json\/wp\/v2\/pages\/3480","targetHints":{"allow":["GET"]}}],"collection":[{"href":"https:\/\/stage.tbkdev.com\/dev\/hinocanada.com\/src\/fr\/wp-json\/wp\/v2\/pages"}],"about":[{"href":"https:\/\/stage.tbkdev.com\/dev\/hinocanada.com\/src\/fr\/wp-json\/wp\/v2\/types\/page"}],"author":[{"embeddable":true,"href":"https:\/\/stage.tbkdev.com\/dev\/hinocanada.com\/src\/fr\/wp-json\/wp\/v2\/users\/1"}],"replies":[{"embeddable":true,"href":"https:\/\/stage.tbkdev.com\/dev\/hinocanada.com\/src\/fr\/wp-json\/wp\/v2\/comments?post=3480"}],"version-history":[{"count":45,"href":"https:\/\/stage.tbkdev.com\/dev\/hinocanada.com\/src\/fr\/wp-json\/wp\/v2\/pages\/3480\/revisions"}],"predecessor-version":[{"id":21710,"href":"https:\/\/stage.tbkdev.com\/dev\/hinocanada.com\/src\/fr\/wp-json\/wp\/v2\/pages\/3480\/revisions\/21710"}],"up":[{"embeddable":true,"href":"https:\/\/stage.tbkdev.com\/dev\/hinocanada.com\/src\/fr\/wp-json\/wp\/v2\/pages\/3476"}],"wp:featuredmedia":[{"embeddable":true,"href":"https:\/\/stage.tbkdev.com\/dev\/hinocanada.com\/src\/fr\/wp-json\/wp\/v2\/media\/16652"}],"wp:attachment":[{"href":"https:\/\/stage.tbkdev.com\/dev\/hinocanada.com\/src\/fr\/wp-json\/wp\/v2\/media?parent=3480"}],"curies":[{"name":"wp","href":"https:\/\/api.w.org\/{rel}","templated":true}]}}