{"id":3478,"date":"2016-10-28T14:11:59","date_gmt":"2016-10-28T18:11:59","guid":{"rendered":"http:\/\/stage.tbkdev.com\/dev\/hinocanada.com\/src\/about-us\/hino-history\/"},"modified":"2024-07-24T12:24:40","modified_gmt":"2024-07-24T16:24:40","slug":"historique-de-hino","status":"publish","type":"page","link":"https:\/\/stage.tbkdev.com\/dev\/hinocanada.com\/src\/fr\/propos-de-nous\/historique-de-hino\/","title":{"rendered":"L\u2019HISTORIQUE DE HINO"},"content":{"rendered":"<div class=\"wpb-content-wrapper\"><p>[vc_row][vc_column][vc_video link=&nbsp;&raquo;https:\/\/vimeo.com\/989119437&Prime; align=&nbsp;&raquo;center&nbsp;&raquo; title=&nbsp;&raquo;50 ans d&rsquo;activit\u00e9&nbsp;&raquo;][\/vc_column][\/vc_row][vc_row][vc_column][vc_column_text]Hino Motors Canada, Ltd. est le distributeur exclusif de produits Hino au Canada, est une filiale en propri\u00e9t\u00e9 exclusive de Hino Motors Ltd. (HML) et fait partie du Groupe Hino.\u00a0 Le si\u00e8ge social de Hino Canada est situ\u00e9 \u00e0 Mississauga, en Ontario, et des repr\u00e9sentants r\u00e9gionaux sont \u00e9galement en poste \u00e0 Montr\u00e9al et Calgary.<\/p>\n<p>Avec 50 ans d\u2019histoire au Canada, Hino est reconnu \u00e0 titre de fournisseur de camions l\u00e9ger, moyen et de poids lourds de premi\u00e8re qualit\u00e9 avec essieux simple et une gamme du PNBV entre 14 500 lb \u00e0 60 600 lb.<\/p>\n<p>C\u2019est en mai 2006 que Hino a ouvert son usine d\u2019assemblage \u00e0 Woodstock, en Ontario. Ce site de 177 000 pi2 emploie plus de 100 personnes, ayant la capacit\u00e9 de produire 3 200 unit\u00e9s par ann\u00e9e. Gr\u00e2ce \u00e0 des technologies de pointe en mati\u00e8re d\u2019ing\u00e9nierie et de fabrication, Hino produit des camions fiables, confortables et \u00e9conomes en carburant.<\/p>\n<p>Nos clients ont appris \u00e0 appr\u00e9cier la fiabilit\u00e9 exceptionnelle et la superbe \u00e9conomie de carburant de nos camions, qui doivent souvent op\u00e9rer dans des conditions tr\u00e8s exigeantes. La pr\u00e9occupation de Hino pour l\u2019environnement et nos capacit\u00e9s d\u2019ing\u00e9nieries sup\u00e9rieures sont garantes du respect des normes d\u2019\u00e9missions les plus s\u00e9v\u00e8res. Ensemble, avec notre r\u00e9seau de concessionnaires d\u2019un oc\u00e9an \u00e0 l\u2019autre, nous sommes engag\u00e9s \u00e0 offrir un service \u00e0 la client\u00e8le hors pair, avec un inventaire de pi\u00e8ces et un service fiable et disponible.[\/vc_column_text][\/vc_column][\/vc_row]<\/p>\n<\/div>","protected":false},"excerpt":{"rendered":"<p>[vc_row][vc_column][vc_video link=&nbsp;&raquo;https:\/\/vimeo.com\/989119437&Prime; align=&nbsp;&raquo;center&nbsp;&raquo; title=&nbsp;&raquo;50 ans d&rsquo;activit\u00e9&nbsp;&raquo;][\/vc_column][\/vc_row][vc_row][vc_column][vc_column_text]Hino Motors Canada, Ltd. est le distributeur exclusif de produits Hino au Canada, est une filiale en propri\u00e9t\u00e9 exclusive de Hino Motors Ltd. (HML) et fait partie du Groupe Hino.\u00a0 Le si\u00e8ge social de Hino &hellip; [&#8230;]<\/p>\n","protected":false},"author":1,"featured_media":21053,"parent":3476,"menu_order":1,"comment_status":"closed","ping_status":"closed","template":"","meta":{"_acf_changed":false,"footnotes":""},"class_list":["post-3478","page","type-page","status-publish","has-post-thumbnail","hentry"],"acf":[],"yoast_head":"<!-- This site is optimized with the Yoast SEO plugin v23.9 - https:\/\/yoast.com\/wordpress\/plugins\/seo\/ -->\n<title>L\u2019HISTORIQUE DE HINO - Hino Canada<\/title>\n<meta name=\"description\" content=\"Hino Motors Canada, Ltd. est le distributeur exclusif de produits Hino au Canada, est une filiale en propri\u00e9t\u00e9 exclusive de Hino Motors Ltd. (HML) et fait partie du Groupe Hino.\u00a0 Le si\u00e8ge social de Hino Canada est situ\u00e9 \u00e0 Mississauga, en Ontario, et des repr\u00e9sentants r\u00e9gionaux sont \u00e9galement en poste \u00e0 Montr\u00e9al et Calgary.\" \/>\n<meta name=\"robots\" content=\"noindex, follow, max-snippet:-1, max-image-preview:large, max-video-preview:-1\" \/>\n<meta property=\"og:locale\" content=\"fr_CA\" \/>\n<meta property=\"og:type\" content=\"article\" \/>\n<meta property=\"og:title\" content=\"L\u2019HISTORIQUE DE HINO - Hino Canada\" \/>\n<meta property=\"og:description\" content=\"Hino Motors Canada, Ltd. est le distributeur exclusif de produits Hino au Canada, est une filiale en propri\u00e9t\u00e9 exclusive de Hino Motors Ltd. (HML) et fait partie du Groupe Hino.\u00a0 Le si\u00e8ge social de Hino Canada est situ\u00e9 \u00e0 Mississauga, en Ontario, et des repr\u00e9sentants r\u00e9gionaux sont \u00e9galement en poste \u00e0 Montr\u00e9al et Calgary.\" \/>\n<meta property=\"og:url\" content=\"https:\/\/stage.tbkdev.com\/dev\/hinocanada.com\/src\/fr\/propos-de-nous\/historique-de-hino\/\" \/>\n<meta property=\"og:site_name\" content=\"Hino Canada\" \/>\n<meta property=\"article:publisher\" content=\"https:\/\/www.facebook.com\/hinocanada\" \/>\n<meta property=\"article:modified_time\" content=\"2024-07-24T16:24:40+00:00\" \/>\n<meta property=\"og:image\" content=\"https:\/\/stage.tbkdev.com\/dev\/hinocanada.com\/src\/wp-content\/uploads\/2024\/07\/50_HOMEPAGE_HINO_Banner_History.jpg\" \/>\n\t<meta property=\"og:image:width\" content=\"1795\" \/>\n\t<meta property=\"og:image:height\" content=\"875\" \/>\n\t<meta property=\"og:image:type\" content=\"image\/jpeg\" \/>\n<meta name=\"twitter:card\" content=\"summary_large_image\" \/>\n<meta name=\"twitter:label1\" content=\"Est. reading time\" \/>\n\t<meta name=\"twitter:data1\" content=\"2 minutes\" \/>\n<script type=\"application\/ld+json\" class=\"yoast-schema-graph\">{\"@context\":\"https:\/\/schema.org\",\"@graph\":[{\"@type\":\"WebPage\",\"@id\":\"https:\/\/stage.tbkdev.com\/dev\/hinocanada.com\/src\/fr\/propos-de-nous\/historique-de-hino\/\",\"url\":\"https:\/\/stage.tbkdev.com\/dev\/hinocanada.com\/src\/fr\/propos-de-nous\/historique-de-hino\/\",\"name\":\"L\u2019HISTORIQUE DE HINO - Hino Canada\",\"isPartOf\":{\"@id\":\"https:\/\/stage.tbkdev.com\/dev\/hinocanada.com\/src\/#website\"},\"primaryImageOfPage\":{\"@id\":\"https:\/\/stage.tbkdev.com\/dev\/hinocanada.com\/src\/fr\/propos-de-nous\/historique-de-hino\/#primaryimage\"},\"image\":{\"@id\":\"https:\/\/stage.tbkdev.com\/dev\/hinocanada.com\/src\/fr\/propos-de-nous\/historique-de-hino\/#primaryimage\"},\"thumbnailUrl\":\"https:\/\/stage.tbkdev.com\/dev\/hinocanada.com\/src\/wp-content\/uploads\/2024\/07\/50_HOMEPAGE_HINO_Banner_History.jpg\",\"datePublished\":\"2016-10-28T18:11:59+00:00\",\"dateModified\":\"2024-07-24T16:24:40+00:00\",\"description\":\"Hino Motors Canada, Ltd. est le distributeur exclusif de produits Hino au Canada, est une filiale en propri\u00e9t\u00e9 exclusive de Hino Motors Ltd. (HML) et fait partie du Groupe Hino.\u00a0 Le si\u00e8ge social de Hino Canada est situ\u00e9 \u00e0 Mississauga, en Ontario, et des repr\u00e9sentants r\u00e9gionaux sont \u00e9galement en poste \u00e0 Montr\u00e9al et Calgary.\",\"breadcrumb\":{\"@id\":\"https:\/\/stage.tbkdev.com\/dev\/hinocanada.com\/src\/fr\/propos-de-nous\/historique-de-hino\/#breadcrumb\"},\"inLanguage\":\"fr-CA\",\"potentialAction\":[{\"@type\":\"ReadAction\",\"target\":[\"https:\/\/stage.tbkdev.com\/dev\/hinocanada.com\/src\/fr\/propos-de-nous\/historique-de-hino\/\"]}]},{\"@type\":\"ImageObject\",\"inLanguage\":\"fr-CA\",\"@id\":\"https:\/\/stage.tbkdev.com\/dev\/hinocanada.com\/src\/fr\/propos-de-nous\/historique-de-hino\/#primaryimage\",\"url\":\"https:\/\/stage.tbkdev.com\/dev\/hinocanada.com\/src\/wp-content\/uploads\/2024\/07\/50_HOMEPAGE_HINO_Banner_History.jpg\",\"contentUrl\":\"https:\/\/stage.tbkdev.com\/dev\/hinocanada.com\/src\/wp-content\/uploads\/2024\/07\/50_HOMEPAGE_HINO_Banner_History.jpg\",\"width\":1795,\"height\":875},{\"@type\":\"BreadcrumbList\",\"@id\":\"https:\/\/stage.tbkdev.com\/dev\/hinocanada.com\/src\/fr\/propos-de-nous\/historique-de-hino\/#breadcrumb\",\"itemListElement\":[{\"@type\":\"ListItem\",\"position\":1,\"name\":\"Home\",\"item\":\"https:\/\/stage.tbkdev.com\/dev\/hinocanada.com\/src\/fr\/\"},{\"@type\":\"ListItem\",\"position\":2,\"name\":\"\u00c0 propos de nous\",\"item\":\"https:\/\/stage.tbkdev.com\/dev\/hinocanada.com\/src\/fr\/propos-de-nous\/\"},{\"@type\":\"ListItem\",\"position\":3,\"name\":\"L\u2019HISTORIQUE DE HINO\"}]},{\"@type\":\"WebSite\",\"@id\":\"https:\/\/stage.tbkdev.com\/dev\/hinocanada.com\/src\/#website\",\"url\":\"https:\/\/stage.tbkdev.com\/dev\/hinocanada.com\/src\/\",\"name\":\"Hino Canada\",\"description\":\"Just another WordPress site\",\"potentialAction\":[{\"@type\":\"SearchAction\",\"target\":{\"@type\":\"EntryPoint\",\"urlTemplate\":\"https:\/\/stage.tbkdev.com\/dev\/hinocanada.com\/src\/?s={search_term_string}\"},\"query-input\":{\"@type\":\"PropertyValueSpecification\",\"valueRequired\":true,\"valueName\":\"search_term_string\"}}],\"inLanguage\":\"fr-CA\"}]}<\/script>\n<!-- \/ Yoast SEO plugin. -->","yoast_head_json":{"title":"L\u2019HISTORIQUE DE HINO - Hino Canada","description":"Hino Motors Canada, Ltd. est le distributeur exclusif de produits Hino au Canada, est une filiale en propri\u00e9t\u00e9 exclusive de Hino Motors Ltd. (HML) et fait partie du Groupe Hino.\u00a0 Le si\u00e8ge social de Hino Canada est situ\u00e9 \u00e0 Mississauga, en Ontario, et des repr\u00e9sentants r\u00e9gionaux sont \u00e9galement en poste \u00e0 Montr\u00e9al et Calgary.","robots":{"index":"noindex","follow":"follow","max-snippet":"max-snippet:-1","max-image-preview":"max-image-preview:large","max-video-preview":"max-video-preview:-1"},"og_locale":"fr_CA","og_type":"article","og_title":"L\u2019HISTORIQUE DE HINO - Hino Canada","og_description":"Hino Motors Canada, Ltd. est le distributeur exclusif de produits Hino au Canada, est une filiale en propri\u00e9t\u00e9 exclusive de Hino Motors Ltd. (HML) et fait partie du Groupe Hino.\u00a0 Le si\u00e8ge social de Hino Canada est situ\u00e9 \u00e0 Mississauga, en Ontario, et des repr\u00e9sentants r\u00e9gionaux sont \u00e9galement en poste \u00e0 Montr\u00e9al et Calgary.","og_url":"https:\/\/stage.tbkdev.com\/dev\/hinocanada.com\/src\/fr\/propos-de-nous\/historique-de-hino\/","og_site_name":"Hino Canada","article_publisher":"https:\/\/www.facebook.com\/hinocanada","article_modified_time":"2024-07-24T16:24:40+00:00","og_image":[{"width":1795,"height":875,"url":"https:\/\/stage.tbkdev.com\/dev\/hinocanada.com\/src\/wp-content\/uploads\/2024\/07\/50_HOMEPAGE_HINO_Banner_History.jpg","type":"image\/jpeg"}],"twitter_card":"summary_large_image","twitter_misc":{"Est. reading time":"2 minutes"},"schema":{"@context":"https:\/\/schema.org","@graph":[{"@type":"WebPage","@id":"https:\/\/stage.tbkdev.com\/dev\/hinocanada.com\/src\/fr\/propos-de-nous\/historique-de-hino\/","url":"https:\/\/stage.tbkdev.com\/dev\/hinocanada.com\/src\/fr\/propos-de-nous\/historique-de-hino\/","name":"L\u2019HISTORIQUE DE HINO - Hino Canada","isPartOf":{"@id":"https:\/\/stage.tbkdev.com\/dev\/hinocanada.com\/src\/#website"},"primaryImageOfPage":{"@id":"https:\/\/stage.tbkdev.com\/dev\/hinocanada.com\/src\/fr\/propos-de-nous\/historique-de-hino\/#primaryimage"},"image":{"@id":"https:\/\/stage.tbkdev.com\/dev\/hinocanada.com\/src\/fr\/propos-de-nous\/historique-de-hino\/#primaryimage"},"thumbnailUrl":"https:\/\/stage.tbkdev.com\/dev\/hinocanada.com\/src\/wp-content\/uploads\/2024\/07\/50_HOMEPAGE_HINO_Banner_History.jpg","datePublished":"2016-10-28T18:11:59+00:00","dateModified":"2024-07-24T16:24:40+00:00","description":"Hino Motors Canada, Ltd. est le distributeur exclusif de produits Hino au Canada, est une filiale en propri\u00e9t\u00e9 exclusive de Hino Motors Ltd. (HML) et fait partie du Groupe Hino.\u00a0 Le si\u00e8ge social de Hino Canada est situ\u00e9 \u00e0 Mississauga, en Ontario, et des repr\u00e9sentants r\u00e9gionaux sont \u00e9galement en poste \u00e0 Montr\u00e9al et Calgary.","breadcrumb":{"@id":"https:\/\/stage.tbkdev.com\/dev\/hinocanada.com\/src\/fr\/propos-de-nous\/historique-de-hino\/#breadcrumb"},"inLanguage":"fr-CA","potentialAction":[{"@type":"ReadAction","target":["https:\/\/stage.tbkdev.com\/dev\/hinocanada.com\/src\/fr\/propos-de-nous\/historique-de-hino\/"]}]},{"@type":"ImageObject","inLanguage":"fr-CA","@id":"https:\/\/stage.tbkdev.com\/dev\/hinocanada.com\/src\/fr\/propos-de-nous\/historique-de-hino\/#primaryimage","url":"https:\/\/stage.tbkdev.com\/dev\/hinocanada.com\/src\/wp-content\/uploads\/2024\/07\/50_HOMEPAGE_HINO_Banner_History.jpg","contentUrl":"https:\/\/stage.tbkdev.com\/dev\/hinocanada.com\/src\/wp-content\/uploads\/2024\/07\/50_HOMEPAGE_HINO_Banner_History.jpg","width":1795,"height":875},{"@type":"BreadcrumbList","@id":"https:\/\/stage.tbkdev.com\/dev\/hinocanada.com\/src\/fr\/propos-de-nous\/historique-de-hino\/#breadcrumb","itemListElement":[{"@type":"ListItem","position":1,"name":"Home","item":"https:\/\/stage.tbkdev.com\/dev\/hinocanada.com\/src\/fr\/"},{"@type":"ListItem","position":2,"name":"\u00c0 propos de nous","item":"https:\/\/stage.tbkdev.com\/dev\/hinocanada.com\/src\/fr\/propos-de-nous\/"},{"@type":"ListItem","position":3,"name":"L\u2019HISTORIQUE DE HINO"}]},{"@type":"WebSite","@id":"https:\/\/stage.tbkdev.com\/dev\/hinocanada.com\/src\/#website","url":"https:\/\/stage.tbkdev.com\/dev\/hinocanada.com\/src\/","name":"Hino Canada","description":"Just another WordPress site","potentialAction":[{"@type":"SearchAction","target":{"@type":"EntryPoint","urlTemplate":"https:\/\/stage.tbkdev.com\/dev\/hinocanada.com\/src\/?s={search_term_string}"},"query-input":{"@type":"PropertyValueSpecification","valueRequired":true,"valueName":"search_term_string"}}],"inLanguage":"fr-CA"}]}},"_links":{"self":[{"href":"https:\/\/stage.tbkdev.com\/dev\/hinocanada.com\/src\/fr\/wp-json\/wp\/v2\/pages\/3478","targetHints":{"allow":["GET"]}}],"collection":[{"href":"https:\/\/stage.tbkdev.com\/dev\/hinocanada.com\/src\/fr\/wp-json\/wp\/v2\/pages"}],"about":[{"href":"https:\/\/stage.tbkdev.com\/dev\/hinocanada.com\/src\/fr\/wp-json\/wp\/v2\/types\/page"}],"author":[{"embeddable":true,"href":"https:\/\/stage.tbkdev.com\/dev\/hinocanada.com\/src\/fr\/wp-json\/wp\/v2\/users\/1"}],"replies":[{"embeddable":true,"href":"https:\/\/stage.tbkdev.com\/dev\/hinocanada.com\/src\/fr\/wp-json\/wp\/v2\/comments?post=3478"}],"version-history":[{"count":21,"href":"https:\/\/stage.tbkdev.com\/dev\/hinocanada.com\/src\/fr\/wp-json\/wp\/v2\/pages\/3478\/revisions"}],"predecessor-version":[{"id":21096,"href":"https:\/\/stage.tbkdev.com\/dev\/hinocanada.com\/src\/fr\/wp-json\/wp\/v2\/pages\/3478\/revisions\/21096"}],"up":[{"embeddable":true,"href":"https:\/\/stage.tbkdev.com\/dev\/hinocanada.com\/src\/fr\/wp-json\/wp\/v2\/pages\/3476"}],"wp:featuredmedia":[{"embeddable":true,"href":"https:\/\/stage.tbkdev.com\/dev\/hinocanada.com\/src\/fr\/wp-json\/wp\/v2\/media\/21053"}],"wp:attachment":[{"href":"https:\/\/stage.tbkdev.com\/dev\/hinocanada.com\/src\/fr\/wp-json\/wp\/v2\/media?parent=3478"}],"curies":[{"name":"wp","href":"https:\/\/api.w.org\/{rel}","templated":true}]}}