{"id":3476,"date":"2016-10-28T14:11:59","date_gmt":"2016-10-28T18:11:59","guid":{"rendered":"http:\/\/stage.tbkdev.com\/dev\/hinocanada.com\/src\/about-us\/"},"modified":"2017-09-27T14:51:58","modified_gmt":"2017-09-27T18:51:58","slug":"propos-de-nous","status":"publish","type":"page","link":"https:\/\/stage.tbkdev.com\/dev\/hinocanada.com\/src\/fr\/propos-de-nous\/","title":{"rendered":"\u00c0 propos de nous"},"content":{"rendered":"<div class=\"wpb-content-wrapper\"><p>[vc_row][vc_column][vc_column_text]Hino Motors Canada Ltd. est le distributeur exclusif des produits Hino au Canada et, avec plus de 40 ans d\u2019histoire au Canada, nous poursuivons toujours dans la voie du m\u00eame credo, qui \u00e9tablit clairement les politiques corporatives de Hino Motors du Japon \u00e0 titre de fabricant de v\u00e9hicules commerciaux, qu\u2019il s\u2019agisse de camions ou d\u2019autobus.<\/p>\n<h3>La mission corporative de HINO<\/h3>\n<p>Il s\u2019agit d\u2019abord et avant tout de faire de notre monde un\u00a0 endroit o\u00f9 il fait bon vivre, en contribuant \u00e0 ce que les gens et les biens se rendent \u00e0 bon port \u2013 en toute s\u00e9curit\u00e9 et en tout respect de l\u2019environnement \u2013 tout en mettant l\u2019emphase sur le d\u00e9veloppement durable.<\/p>\n<p>Au Groupe Hino, nous partageons les d\u00e9fis et l\u2019inspiration de cette mission corporative. Il s\u2019agit d\u2019un \u00e9nonc\u00e9 relativement simple, qui indique ce que le monde attend de nous, tout en exprimant le formidable impact positif que nous pouvons avoir, simplement en faisant ce que nous faisons le mieux. Apr\u00e8s tout, nous tenons \u00e0 ce que Hino soit reconnue comme \u00e9tant l\u2019entreprise qui en fait toujours plus.<\/p>\n<h3>Nos principes fondamentaux<\/h3>\n<p>Dans tous ce que nous faisons, nous nous effor\u00e7ons de\u2026<\/p>\n<ol>\n<li>Gagner la confiance du monde entier \u00e0 titre de fabricant de v\u00e9hicules commerciaux d\u2019envergure mondiale<\/li>\n<li>\u00c9laborer et assurer le d\u00e9veloppement de technologies innovatrices qui nous permettent d\u2019offrir \u00e0 notre client\u00e8le des produits et services qui leur soient utiles<\/li>\n<li>Int\u00e9grer \u00e0 nos plans de croissance les principes de durabilit\u00e9, de pr\u00e9occupation sociale et de sensibilisation \u00e0 l\u2019\u00e9gard des changements qui se produisent autour de nous<\/li>\n<li>Respecter la diversit\u00e9 de nos employ\u00e9s afin de b\u00e2tir une culture d\u2019entreprise tout aussi foisonnante<\/li>\n<\/ol>\n<h3>Notre Charte<\/h3>\n<p>Sur la base de nos principes fondamentaux, notre objectif est de servir les diff\u00e9rents groupes d\u2019intervenants avec qui nous collaborons.<\/p>\n<p><strong>Envers notre client\u00e8le<\/strong><\/p>\n<p>Nous r\u00e9pondons aux attentes de nos clients en leur offrant des produits et services qui leur sont vraiment utiles.<\/p>\n<p><strong>Envers nos employ\u00e9s<\/strong><\/p>\n<p>Nous respectons chacun de nos employ\u00e9s et faisons tout en notre possible pour mettre en place un milieu de travail qui favorise l\u2019\u00e9panouissement personnel.<\/p>\n<p><strong>Envers nos partenaires d\u2019affaires<\/strong><\/p>\n<p>Nous \u00e9tablissons des partenariats bas\u00e9s sur la confiance, en privil\u00e9giant la communication ouverte et en poursuivant un objectif de prosp\u00e9rit\u00e9 mutuelle.<\/p>\n<p><strong>Envers nos actionnaires<\/strong><\/p>\n<p>Nous d\u00e9ployons tous les efforts n\u00e9cessaires pour anticiper les changements qui se produisent dans notre environnement d\u2019affaires afin d\u2019augmenter sans cesse la valeur corporative du Groupe Hino.<\/p>\n<p><strong>Envers les communaut\u00e9s locales et internationales<\/strong><\/p>\n<ul>\n<li>Nous faisons tout en notre pouvoir pour offrir des produits \u00e0 la fois s\u00e9curitaires et respectueux de l\u2019environnement, sans cesse \u00e0 la recherche d\u2019un sain \u00e9quilibre environnemental dans chacun de nos activit\u00e9s corporatives.<\/li>\n<li>Nous nous effor\u00e7ons de contribuer aux communaut\u00e9s locales de chacune des r\u00e9gions o\u00f9 nous sommes actifs.<\/li>\n<li>Nous croyons en la notion de citoyennet\u00e9 corporative exemplaire, en nous conformant aux lois et r\u00e8glements tout en maintenant les standards \u00e9thiques les plus \u00e9lev\u00e9s.<\/li>\n<\/ul>\n<p>[\/vc_column_text][\/vc_column][\/vc_row][vc_row][vc_column][\/vc_column][\/vc_row]<\/p>\n<\/div>","protected":false},"excerpt":{"rendered":"<p>[vc_row][vc_column][vc_column_text]Hino Motors Canada Ltd. est le distributeur exclusif des produits Hino au Canada et, avec plus de 40 ans d\u2019histoire au Canada, nous poursuivons toujours dans la voie du m\u00eame credo, qui \u00e9tablit clairement les politiques corporatives de Hino Motors &hellip; [&#8230;]<\/p>\n","protected":false},"author":1,"featured_media":2956,"parent":0,"menu_order":430,"comment_status":"closed","ping_status":"closed","template":"","meta":{"_acf_changed":false,"footnotes":""},"class_list":["post-3476","page","type-page","status-publish","has-post-thumbnail","hentry"],"acf":[],"yoast_head":"<!-- This site is optimized with the Yoast SEO plugin v23.9 - https:\/\/yoast.com\/wordpress\/plugins\/seo\/ -->\n<title>\u00c0 propos de nous - Hino Canada<\/title>\n<meta name=\"robots\" content=\"noindex, follow, max-snippet:-1, max-image-preview:large, max-video-preview:-1\" \/>\n<meta property=\"og:locale\" content=\"fr_CA\" \/>\n<meta property=\"og:type\" content=\"article\" \/>\n<meta property=\"og:title\" content=\"\u00c0 propos de nous - Hino Canada\" \/>\n<meta property=\"og:description\" content=\"[vc_row][vc_column][vc_column_text]Hino Motors Canada Ltd. est le distributeur exclusif des produits Hino au Canada et, avec plus de 40 ans d\u2019histoire au Canada, nous poursuivons toujours dans la voie du m\u00eame credo, qui \u00e9tablit clairement les politiques corporatives de Hino Motors &hellip; [...]\" \/>\n<meta property=\"og:url\" content=\"https:\/\/stage.tbkdev.com\/dev\/hinocanada.com\/src\/fr\/propos-de-nous\/\" \/>\n<meta property=\"og:site_name\" content=\"Hino Canada\" \/>\n<meta property=\"article:publisher\" content=\"https:\/\/www.facebook.com\/hinocanada\" \/>\n<meta property=\"article:modified_time\" content=\"2017-09-27T18:51:58+00:00\" \/>\n<meta property=\"og:image\" content=\"https:\/\/stage.tbkdev.com\/dev\/hinocanada.com\/src\/wp-content\/uploads\/2016\/11\/IMG_0045-1-e1487170546238-2200x1589.jpg\" \/>\n\t<meta property=\"og:image:width\" content=\"3072\" \/>\n\t<meta property=\"og:image:height\" content=\"1589\" \/>\n\t<meta property=\"og:image:type\" content=\"image\/jpeg\" \/>\n<meta name=\"twitter:card\" content=\"summary_large_image\" \/>\n<meta name=\"twitter:label1\" content=\"Est. reading time\" \/>\n\t<meta name=\"twitter:data1\" content=\"3 minutes\" \/>\n<script type=\"application\/ld+json\" class=\"yoast-schema-graph\">{\"@context\":\"https:\/\/schema.org\",\"@graph\":[{\"@type\":\"WebPage\",\"@id\":\"https:\/\/stage.tbkdev.com\/dev\/hinocanada.com\/src\/fr\/propos-de-nous\/\",\"url\":\"https:\/\/stage.tbkdev.com\/dev\/hinocanada.com\/src\/fr\/propos-de-nous\/\",\"name\":\"\u00c0 propos de nous - Hino Canada\",\"isPartOf\":{\"@id\":\"https:\/\/stage.tbkdev.com\/dev\/hinocanada.com\/src\/#website\"},\"primaryImageOfPage\":{\"@id\":\"https:\/\/stage.tbkdev.com\/dev\/hinocanada.com\/src\/fr\/propos-de-nous\/#primaryimage\"},\"image\":{\"@id\":\"https:\/\/stage.tbkdev.com\/dev\/hinocanada.com\/src\/fr\/propos-de-nous\/#primaryimage\"},\"thumbnailUrl\":\"https:\/\/stage.tbkdev.com\/dev\/hinocanada.com\/src\/wp-content\/uploads\/2016\/11\/IMG_0045-1-e1487170546238-2200x1589.jpg\",\"datePublished\":\"2016-10-28T18:11:59+00:00\",\"dateModified\":\"2017-09-27T18:51:58+00:00\",\"breadcrumb\":{\"@id\":\"https:\/\/stage.tbkdev.com\/dev\/hinocanada.com\/src\/fr\/propos-de-nous\/#breadcrumb\"},\"inLanguage\":\"fr-CA\",\"potentialAction\":[{\"@type\":\"ReadAction\",\"target\":[\"https:\/\/stage.tbkdev.com\/dev\/hinocanada.com\/src\/fr\/propos-de-nous\/\"]}]},{\"@type\":\"ImageObject\",\"inLanguage\":\"fr-CA\",\"@id\":\"https:\/\/stage.tbkdev.com\/dev\/hinocanada.com\/src\/fr\/propos-de-nous\/#primaryimage\",\"url\":\"https:\/\/stage.tbkdev.com\/dev\/hinocanada.com\/src\/wp-content\/uploads\/2016\/11\/IMG_0045-1-e1487170546238-2200x1589.jpg\",\"contentUrl\":\"https:\/\/stage.tbkdev.com\/dev\/hinocanada.com\/src\/wp-content\/uploads\/2016\/11\/IMG_0045-1-e1487170546238-2200x1589.jpg\",\"width\":3072,\"height\":1589},{\"@type\":\"BreadcrumbList\",\"@id\":\"https:\/\/stage.tbkdev.com\/dev\/hinocanada.com\/src\/fr\/propos-de-nous\/#breadcrumb\",\"itemListElement\":[{\"@type\":\"ListItem\",\"position\":1,\"name\":\"Home\",\"item\":\"https:\/\/stage.tbkdev.com\/dev\/hinocanada.com\/src\/fr\/\"},{\"@type\":\"ListItem\",\"position\":2,\"name\":\"\u00c0 propos de nous\"}]},{\"@type\":\"WebSite\",\"@id\":\"https:\/\/stage.tbkdev.com\/dev\/hinocanada.com\/src\/#website\",\"url\":\"https:\/\/stage.tbkdev.com\/dev\/hinocanada.com\/src\/\",\"name\":\"Hino Canada\",\"description\":\"Just another WordPress site\",\"potentialAction\":[{\"@type\":\"SearchAction\",\"target\":{\"@type\":\"EntryPoint\",\"urlTemplate\":\"https:\/\/stage.tbkdev.com\/dev\/hinocanada.com\/src\/?s={search_term_string}\"},\"query-input\":{\"@type\":\"PropertyValueSpecification\",\"valueRequired\":true,\"valueName\":\"search_term_string\"}}],\"inLanguage\":\"fr-CA\"}]}<\/script>\n<!-- \/ Yoast SEO plugin. -->","yoast_head_json":{"title":"\u00c0 propos de nous - Hino Canada","robots":{"index":"noindex","follow":"follow","max-snippet":"max-snippet:-1","max-image-preview":"max-image-preview:large","max-video-preview":"max-video-preview:-1"},"og_locale":"fr_CA","og_type":"article","og_title":"\u00c0 propos de nous - Hino Canada","og_description":"[vc_row][vc_column][vc_column_text]Hino Motors Canada Ltd. est le distributeur exclusif des produits Hino au Canada et, avec plus de 40 ans d\u2019histoire au Canada, nous poursuivons toujours dans la voie du m\u00eame credo, qui \u00e9tablit clairement les politiques corporatives de Hino Motors &hellip; [...]","og_url":"https:\/\/stage.tbkdev.com\/dev\/hinocanada.com\/src\/fr\/propos-de-nous\/","og_site_name":"Hino Canada","article_publisher":"https:\/\/www.facebook.com\/hinocanada","article_modified_time":"2017-09-27T18:51:58+00:00","og_image":[{"width":3072,"height":1589,"url":"https:\/\/stage.tbkdev.com\/dev\/hinocanada.com\/src\/wp-content\/uploads\/2016\/11\/IMG_0045-1-e1487170546238-2200x1589.jpg","type":"image\/jpeg"}],"twitter_card":"summary_large_image","twitter_misc":{"Est. reading time":"3 minutes"},"schema":{"@context":"https:\/\/schema.org","@graph":[{"@type":"WebPage","@id":"https:\/\/stage.tbkdev.com\/dev\/hinocanada.com\/src\/fr\/propos-de-nous\/","url":"https:\/\/stage.tbkdev.com\/dev\/hinocanada.com\/src\/fr\/propos-de-nous\/","name":"\u00c0 propos de nous - Hino Canada","isPartOf":{"@id":"https:\/\/stage.tbkdev.com\/dev\/hinocanada.com\/src\/#website"},"primaryImageOfPage":{"@id":"https:\/\/stage.tbkdev.com\/dev\/hinocanada.com\/src\/fr\/propos-de-nous\/#primaryimage"},"image":{"@id":"https:\/\/stage.tbkdev.com\/dev\/hinocanada.com\/src\/fr\/propos-de-nous\/#primaryimage"},"thumbnailUrl":"https:\/\/stage.tbkdev.com\/dev\/hinocanada.com\/src\/wp-content\/uploads\/2016\/11\/IMG_0045-1-e1487170546238-2200x1589.jpg","datePublished":"2016-10-28T18:11:59+00:00","dateModified":"2017-09-27T18:51:58+00:00","breadcrumb":{"@id":"https:\/\/stage.tbkdev.com\/dev\/hinocanada.com\/src\/fr\/propos-de-nous\/#breadcrumb"},"inLanguage":"fr-CA","potentialAction":[{"@type":"ReadAction","target":["https:\/\/stage.tbkdev.com\/dev\/hinocanada.com\/src\/fr\/propos-de-nous\/"]}]},{"@type":"ImageObject","inLanguage":"fr-CA","@id":"https:\/\/stage.tbkdev.com\/dev\/hinocanada.com\/src\/fr\/propos-de-nous\/#primaryimage","url":"https:\/\/stage.tbkdev.com\/dev\/hinocanada.com\/src\/wp-content\/uploads\/2016\/11\/IMG_0045-1-e1487170546238-2200x1589.jpg","contentUrl":"https:\/\/stage.tbkdev.com\/dev\/hinocanada.com\/src\/wp-content\/uploads\/2016\/11\/IMG_0045-1-e1487170546238-2200x1589.jpg","width":3072,"height":1589},{"@type":"BreadcrumbList","@id":"https:\/\/stage.tbkdev.com\/dev\/hinocanada.com\/src\/fr\/propos-de-nous\/#breadcrumb","itemListElement":[{"@type":"ListItem","position":1,"name":"Home","item":"https:\/\/stage.tbkdev.com\/dev\/hinocanada.com\/src\/fr\/"},{"@type":"ListItem","position":2,"name":"\u00c0 propos de nous"}]},{"@type":"WebSite","@id":"https:\/\/stage.tbkdev.com\/dev\/hinocanada.com\/src\/#website","url":"https:\/\/stage.tbkdev.com\/dev\/hinocanada.com\/src\/","name":"Hino Canada","description":"Just another WordPress site","potentialAction":[{"@type":"SearchAction","target":{"@type":"EntryPoint","urlTemplate":"https:\/\/stage.tbkdev.com\/dev\/hinocanada.com\/src\/?s={search_term_string}"},"query-input":{"@type":"PropertyValueSpecification","valueRequired":true,"valueName":"search_term_string"}}],"inLanguage":"fr-CA"}]}},"_links":{"self":[{"href":"https:\/\/stage.tbkdev.com\/dev\/hinocanada.com\/src\/fr\/wp-json\/wp\/v2\/pages\/3476","targetHints":{"allow":["GET"]}}],"collection":[{"href":"https:\/\/stage.tbkdev.com\/dev\/hinocanada.com\/src\/fr\/wp-json\/wp\/v2\/pages"}],"about":[{"href":"https:\/\/stage.tbkdev.com\/dev\/hinocanada.com\/src\/fr\/wp-json\/wp\/v2\/types\/page"}],"author":[{"embeddable":true,"href":"https:\/\/stage.tbkdev.com\/dev\/hinocanada.com\/src\/fr\/wp-json\/wp\/v2\/users\/1"}],"replies":[{"embeddable":true,"href":"https:\/\/stage.tbkdev.com\/dev\/hinocanada.com\/src\/fr\/wp-json\/wp\/v2\/comments?post=3476"}],"version-history":[{"count":14,"href":"https:\/\/stage.tbkdev.com\/dev\/hinocanada.com\/src\/fr\/wp-json\/wp\/v2\/pages\/3476\/revisions"}],"predecessor-version":[{"id":6773,"href":"https:\/\/stage.tbkdev.com\/dev\/hinocanada.com\/src\/fr\/wp-json\/wp\/v2\/pages\/3476\/revisions\/6773"}],"wp:featuredmedia":[{"embeddable":true,"href":"https:\/\/stage.tbkdev.com\/dev\/hinocanada.com\/src\/fr\/wp-json\/wp\/v2\/media\/2956"}],"wp:attachment":[{"href":"https:\/\/stage.tbkdev.com\/dev\/hinocanada.com\/src\/fr\/wp-json\/wp\/v2\/media?parent=3476"}],"curies":[{"name":"wp","href":"https:\/\/api.w.org\/{rel}","templated":true}]}}