{"id":3449,"date":"2016-10-28T14:12:01","date_gmt":"2016-10-28T18:12:01","guid":{"rendered":"http:\/\/stage.tbkdev.com\/dev\/hinocanada.com\/src\/join\/"},"modified":"2021-03-05T11:20:18","modified_gmt":"2021-03-05T16:20:18","slug":"carrieres-2","status":"publish","type":"page","link":"https:\/\/stage.tbkdev.com\/dev\/hinocanada.com\/src\/fr\/carrieres-2\/","title":{"rendered":"Carri\u00e8res"},"content":{"rendered":"<div class=\"wpb-content-wrapper\"><p>[vc_row][vc_column][basic_container_narrow][vc_empty_space height=&nbsp;&raquo;50px&nbsp;&raquo;][vc_column_text]<\/p>\n<h2 style=\"text-align: center;\">\u00a0<strong>Faites route avec nous.<\/strong><\/h2>\n<p><strong>Chez Hino Motors Canada, Ltd.<\/strong>, nous offrons un environnement \u00e0 rythme rapide, une atmosph\u00e8re d&rsquo;\u00e9quipe autonome ainsi dynamique alors que nous travaillons \u00e0 am\u00e9liorer la marque Hino au Canada. L&rsquo;une de nos philosophies d&rsquo;entreprise est d&rsquo;encourager les membres de l&rsquo;\u00e9quipe \u00e0 d\u00e9velopper un sens de responsabilit\u00e9 et une participation coop\u00e9rative au succ\u00e8s de notre entreprise. Nous reconnaissons la valeur de chaque membre de l&rsquo;\u00e9quipe et avons l&rsquo;intention de fournir les \u00e9l\u00e9ments essentiels qui permettront \u00e0 chacun d&rsquo;obtenir une satisfaction maximale dans son travail.<\/p>\n<p>Des possibilit\u00e9s de d\u00e9veloppement et d&rsquo;avancement sont offertes \u00e0 tous les employ\u00e9s, conform\u00e9ment aux capacit\u00e9s individuelles, aux performances et aux besoins de Hino Motors Canada, Ltd.[\/vc_column_text][vc_empty_space height=&nbsp;&raquo;40px&nbsp;&raquo;][vc_cta h2=&nbsp;&raquo;&nbsp;&raquo; css_animation=&nbsp;&raquo;fadeIn&nbsp;&raquo;]<\/p>\n<p style=\"text-align: center;\">En tant qu&#8217;employeur offrant l&rsquo;\u00e9galit\u00e9 des chances, nous nous effor\u00e7ons d&rsquo;assurer l&rsquo;accessibilit\u00e9, l&rsquo;\u00e9galit\u00e9 de traitement et les chances pour tous les membres de l&rsquo;\u00e9quipe et les candidats \u00e0 un emploi ind\u00e9pendamment de leur race, ascendance, lieu d&rsquo;origine, couleur, origine ethnique, citoyennet\u00e9, croyance, sexe, orientation sexuelle, identit\u00e9 de genre, expression sexuelles, \u00e2ge, ant\u00e9c\u00e9dents d&rsquo;infraction, \u00e9tat matrimonial, situation familiale ou handicap. Nous respectons les droits individuels des membres de l&rsquo;\u00e9quipe et traitons chaque personne avec courtoisie, dignit\u00e9 et consid\u00e9ration.<\/p>\n<p style=\"text-align: center;\"><img loading=\"lazy\" decoding=\"async\" class=\"aligncenter wp-image-15686 size-full\" src=\"https:\/\/stage.tbkdev.com\/dev\/hinocanada.com\/src\/wp-content\/uploads\/2021\/03\/career-page_-watermark3-scaled.jpg\" alt=\"\" width=\"2560\" height=\"1423\" srcset=\"https:\/\/stage.tbkdev.com\/dev\/hinocanada.com\/src\/wp-content\/uploads\/2021\/03\/career-page_-watermark3-scaled.jpg 2560w, https:\/\/stage.tbkdev.com\/dev\/hinocanada.com\/src\/wp-content\/uploads\/2021\/03\/career-page_-watermark3-300x167.jpg 300w, https:\/\/stage.tbkdev.com\/dev\/hinocanada.com\/src\/wp-content\/uploads\/2021\/03\/career-page_-watermark3-1024x569.jpg 1024w, https:\/\/stage.tbkdev.com\/dev\/hinocanada.com\/src\/wp-content\/uploads\/2021\/03\/career-page_-watermark3-768x427.jpg 768w, https:\/\/stage.tbkdev.com\/dev\/hinocanada.com\/src\/wp-content\/uploads\/2021\/03\/career-page_-watermark3-1536x854.jpg 1536w, https:\/\/stage.tbkdev.com\/dev\/hinocanada.com\/src\/wp-content\/uploads\/2021\/03\/career-page_-watermark3-2048x1139.jpg 2048w, https:\/\/stage.tbkdev.com\/dev\/hinocanada.com\/src\/wp-content\/uploads\/2021\/03\/career-page_-watermark3-1860x1034.jpg 1860w, https:\/\/stage.tbkdev.com\/dev\/hinocanada.com\/src\/wp-content\/uploads\/2021\/03\/career-page_-watermark3-992x551.jpg 992w, https:\/\/stage.tbkdev.com\/dev\/hinocanada.com\/src\/wp-content\/uploads\/2021\/03\/career-page_-watermark3-640x356.jpg 640w, https:\/\/stage.tbkdev.com\/dev\/hinocanada.com\/src\/wp-content\/uploads\/2021\/03\/career-page_-watermark3-230x128.jpg 230w, https:\/\/stage.tbkdev.com\/dev\/hinocanada.com\/src\/wp-content\/uploads\/2021\/03\/career-page_-watermark3-720x399.jpg 720w, https:\/\/stage.tbkdev.com\/dev\/hinocanada.com\/src\/wp-content\/uploads\/2021\/03\/career-page_-watermark3-612x340.jpg 612w, https:\/\/stage.tbkdev.com\/dev\/hinocanada.com\/src\/wp-content\/uploads\/2021\/03\/career-page_-watermark3-500x278.jpg 500w, https:\/\/stage.tbkdev.com\/dev\/hinocanada.com\/src\/wp-content\/uploads\/2021\/03\/career-page_-watermark3-150x83.jpg 150w\" sizes=\"auto, (max-width: 2560px) 100vw, 2560px\" \/><\/p>\n<p style=\"text-align: center;\">Hino Motors Canada, Ltd. met l&rsquo;accent sur la responsabilit\u00e9 sociale des entreprises (RSE) en tenant compte de l&rsquo;impact de nos activit\u00e9s sur l&rsquo;environnement et la soci\u00e9t\u00e9 dans son ensemble.<\/p>\n<p>[\/vc_cta][vc_empty_space height=&nbsp;&raquo;30px&nbsp;&raquo;]<nav class=\"career-submenu-nav\">\n\t<ul class=\"career-submenu\">\n\t\t\t\t\t<li class=\"menu-item\">\n\t\t\t\t<a href=\"https:\/\/stage.tbkdev.com\/dev\/hinocanada.com\/src\/fr\/carrieres-2\/opportunites-demplois-au-siege-social-de-hino-canada\/\">\n\t\t\t\t\t<span class=\"menu-item-icon icon-opportunites-demplois-au-siege-social-de-hino-canada\"><\/span>\n\t\t\t\t\t<div class=\"menu-item-text\">\n\t\t\t\t\t\t\t\t\t\t\t\t\t<span class=\"menu-item-title\">Opportunit\u00e9s d'emplois au si\u00e8ge social de Hino Canada<\/span>\n\t\t\t\t\t\t\t\t\t\t\t<\/div>\n\t\t\t\t<\/a>\n\t\t\t<\/li>\n\t\t\t\t\t<li class=\"menu-item\">\n\t\t\t\t<a href=\"https:\/\/stage.tbkdev.com\/dev\/hinocanada.com\/src\/fr\/carrieres-2\/opportunites-emplois-usine-woodstock\/\">\n\t\t\t\t\t<span class=\"menu-item-icon icon-opportunites-emplois-usine-woodstock\"><\/span>\n\t\t\t\t\t<div class=\"menu-item-text\">\n\t\t\t\t\t\t\t\t\t\t\t\t\t<span class=\"menu-item-title\">Opportunit\u00e9s d'emplois \u00e0 l'usine de Woodstock<\/span>\n\t\t\t\t\t\t\t\t\t\t\t<\/div>\n\t\t\t\t<\/a>\n\t\t\t<\/li>\n\t\t\t\t\t<li class=\"menu-item\">\n\t\t\t\t<a href=\"https:\/\/stage.tbkdev.com\/dev\/hinocanada.com\/src\/fr\/carrieres-2\/devenir-concessionnaire\/\">\n\t\t\t\t\t<span class=\"menu-item-icon icon-devenir-concessionnaire\"><\/span>\n\t\t\t\t\t<div class=\"menu-item-text\">\n\t\t\t\t\t\t\t\t\t\t\t\t\t<span class=\"menu-item-title\">Devenir concessionnaire<\/span>\n\t\t\t\t\t\t\t\t\t\t\t<\/div>\n\t\t\t\t<\/a>\n\t\t\t<\/li>\n\t\t\t<\/ul>\n<\/nav>\n[\/basic_container_narrow][\/vc_column][\/vc_row][vc_row][vc_column][vc_empty_space height=&nbsp;&raquo;200px&nbsp;&raquo;]<div class=\"image-banner\"  data-responsive-bg=\"responsive_bg69d29fdb692d1\">\n\t<div class=\"container\">\n\t\t<div class=\"image-banner-inner\">\n\t\t\t<div class=\"image-banner-text\">\n\t\t\t\t\t\t\t\t\t\t\t<\/div>\n\t\t<\/div>\n\t<\/div>\n<\/div>\n[\/vc_column][\/vc_row]<\/p>\n<\/div>","protected":false},"excerpt":{"rendered":"<p>[vc_row][vc_column][basic_container_narrow][vc_empty_space height=&nbsp;&raquo;50px&nbsp;&raquo;][vc_column_text]<\/p>\n<p> \u00a0Faites route avec nous. <\/p>\n<p>Chez Hino Motors Canada, Ltd., nous offrons un environnement \u00e0 rythme rapide, une atmosph\u00e8re d&rsquo;\u00e9quipe autonome ainsi dynamique alors que nous travaillons \u00e0 am\u00e9liorer la marque Hino au Canada. L&rsquo;une de nos philosophies d&rsquo;entreprise &hellip; [&#8230;]<\/p>\n","protected":false},"author":1,"featured_media":10917,"parent":0,"menu_order":550,"comment_status":"closed","ping_status":"closed","template":"page-nosidebar.php","meta":{"_acf_changed":false,"footnotes":""},"class_list":["post-3449","page","type-page","status-publish","has-post-thumbnail","hentry"],"acf":[],"yoast_head":"<!-- This site is optimized with the Yoast SEO plugin v23.9 - https:\/\/yoast.com\/wordpress\/plugins\/seo\/ -->\n<title>Carri\u00e8res | Hino Motors Canada<\/title>\n<meta name=\"description\" content=\"Nous fournissons aux Canadiens des camions commerciaux de qualit\u00e9 depuis plus de 40 ans et sommes engag\u00e9s \u00e0 offrir le plus haut niveau de service qui soit. Faites route avec nous.\" \/>\n<meta name=\"robots\" content=\"noindex, follow, max-snippet:-1, max-image-preview:large, max-video-preview:-1\" \/>\n<meta property=\"og:locale\" content=\"fr_CA\" \/>\n<meta property=\"og:type\" content=\"article\" \/>\n<meta property=\"og:title\" content=\"Carri\u00e8res | Hino Motors Canada\" \/>\n<meta property=\"og:description\" content=\"Nous fournissons aux Canadiens des camions commerciaux de qualit\u00e9 depuis plus de 40 ans et sommes engag\u00e9s \u00e0 offrir le plus haut niveau de service qui soit. Faites route avec nous.\" \/>\n<meta property=\"og:url\" content=\"https:\/\/stage.tbkdev.com\/dev\/hinocanada.com\/src\/fr\/carrieres-2\/\" \/>\n<meta property=\"og:site_name\" content=\"Hino Canada\" \/>\n<meta property=\"article:publisher\" content=\"https:\/\/www.facebook.com\/hinocanada\" \/>\n<meta property=\"article:modified_time\" content=\"2021-03-05T16:20:18+00:00\" \/>\n<meta property=\"og:image\" content=\"https:\/\/stage.tbkdev.com\/dev\/hinocanada.com\/src\/wp-content\/uploads\/2019\/08\/HMC_career_banner3.jpg\" \/>\n\t<meta property=\"og:image:width\" content=\"1800\" \/>\n\t<meta property=\"og:image:height\" content=\"620\" \/>\n\t<meta property=\"og:image:type\" content=\"image\/jpeg\" \/>\n<meta name=\"twitter:card\" content=\"summary_large_image\" \/>\n<meta name=\"twitter:label1\" content=\"Est. reading time\" \/>\n\t<meta name=\"twitter:data1\" content=\"2 minutes\" \/>\n<script type=\"application\/ld+json\" class=\"yoast-schema-graph\">{\"@context\":\"https:\/\/schema.org\",\"@graph\":[{\"@type\":\"WebPage\",\"@id\":\"https:\/\/stage.tbkdev.com\/dev\/hinocanada.com\/src\/fr\/carrieres-2\/\",\"url\":\"https:\/\/stage.tbkdev.com\/dev\/hinocanada.com\/src\/fr\/carrieres-2\/\",\"name\":\"Carri\u00e8res | Hino Motors Canada\",\"isPartOf\":{\"@id\":\"https:\/\/stage.tbkdev.com\/dev\/hinocanada.com\/src\/#website\"},\"primaryImageOfPage\":{\"@id\":\"https:\/\/stage.tbkdev.com\/dev\/hinocanada.com\/src\/fr\/carrieres-2\/#primaryimage\"},\"image\":{\"@id\":\"https:\/\/stage.tbkdev.com\/dev\/hinocanada.com\/src\/fr\/carrieres-2\/#primaryimage\"},\"thumbnailUrl\":\"https:\/\/stage.tbkdev.com\/dev\/hinocanada.com\/src\/wp-content\/uploads\/2019\/08\/HMC_career_banner3.jpg\",\"datePublished\":\"2016-10-28T18:12:01+00:00\",\"dateModified\":\"2021-03-05T16:20:18+00:00\",\"description\":\"Nous fournissons aux Canadiens des camions commerciaux de qualit\u00e9 depuis plus de 40 ans et sommes engag\u00e9s \u00e0 offrir le plus haut niveau de service qui soit. Faites route avec nous.\",\"breadcrumb\":{\"@id\":\"https:\/\/stage.tbkdev.com\/dev\/hinocanada.com\/src\/fr\/carrieres-2\/#breadcrumb\"},\"inLanguage\":\"fr-CA\",\"potentialAction\":[{\"@type\":\"ReadAction\",\"target\":[\"https:\/\/stage.tbkdev.com\/dev\/hinocanada.com\/src\/fr\/carrieres-2\/\"]}]},{\"@type\":\"ImageObject\",\"inLanguage\":\"fr-CA\",\"@id\":\"https:\/\/stage.tbkdev.com\/dev\/hinocanada.com\/src\/fr\/carrieres-2\/#primaryimage\",\"url\":\"https:\/\/stage.tbkdev.com\/dev\/hinocanada.com\/src\/wp-content\/uploads\/2019\/08\/HMC_career_banner3.jpg\",\"contentUrl\":\"https:\/\/stage.tbkdev.com\/dev\/hinocanada.com\/src\/wp-content\/uploads\/2019\/08\/HMC_career_banner3.jpg\",\"width\":1800,\"height\":620,\"caption\":\"Business people working together in an office\"},{\"@type\":\"BreadcrumbList\",\"@id\":\"https:\/\/stage.tbkdev.com\/dev\/hinocanada.com\/src\/fr\/carrieres-2\/#breadcrumb\",\"itemListElement\":[{\"@type\":\"ListItem\",\"position\":1,\"name\":\"Home\",\"item\":\"https:\/\/stage.tbkdev.com\/dev\/hinocanada.com\/src\/fr\/\"},{\"@type\":\"ListItem\",\"position\":2,\"name\":\"Carri\u00e8res\"}]},{\"@type\":\"WebSite\",\"@id\":\"https:\/\/stage.tbkdev.com\/dev\/hinocanada.com\/src\/#website\",\"url\":\"https:\/\/stage.tbkdev.com\/dev\/hinocanada.com\/src\/\",\"name\":\"Hino Canada\",\"description\":\"Just another WordPress site\",\"potentialAction\":[{\"@type\":\"SearchAction\",\"target\":{\"@type\":\"EntryPoint\",\"urlTemplate\":\"https:\/\/stage.tbkdev.com\/dev\/hinocanada.com\/src\/?s={search_term_string}\"},\"query-input\":{\"@type\":\"PropertyValueSpecification\",\"valueRequired\":true,\"valueName\":\"search_term_string\"}}],\"inLanguage\":\"fr-CA\"}]}<\/script>\n<!-- \/ Yoast SEO plugin. -->","yoast_head_json":{"title":"Carri\u00e8res | Hino Motors Canada","description":"Nous fournissons aux Canadiens des camions commerciaux de qualit\u00e9 depuis plus de 40 ans et sommes engag\u00e9s \u00e0 offrir le plus haut niveau de service qui soit. Faites route avec nous.","robots":{"index":"noindex","follow":"follow","max-snippet":"max-snippet:-1","max-image-preview":"max-image-preview:large","max-video-preview":"max-video-preview:-1"},"og_locale":"fr_CA","og_type":"article","og_title":"Carri\u00e8res | Hino Motors Canada","og_description":"Nous fournissons aux Canadiens des camions commerciaux de qualit\u00e9 depuis plus de 40 ans et sommes engag\u00e9s \u00e0 offrir le plus haut niveau de service qui soit. Faites route avec nous.","og_url":"https:\/\/stage.tbkdev.com\/dev\/hinocanada.com\/src\/fr\/carrieres-2\/","og_site_name":"Hino Canada","article_publisher":"https:\/\/www.facebook.com\/hinocanada","article_modified_time":"2021-03-05T16:20:18+00:00","og_image":[{"width":1800,"height":620,"url":"https:\/\/stage.tbkdev.com\/dev\/hinocanada.com\/src\/wp-content\/uploads\/2019\/08\/HMC_career_banner3.jpg","type":"image\/jpeg"}],"twitter_card":"summary_large_image","twitter_misc":{"Est. reading time":"2 minutes"},"schema":{"@context":"https:\/\/schema.org","@graph":[{"@type":"WebPage","@id":"https:\/\/stage.tbkdev.com\/dev\/hinocanada.com\/src\/fr\/carrieres-2\/","url":"https:\/\/stage.tbkdev.com\/dev\/hinocanada.com\/src\/fr\/carrieres-2\/","name":"Carri\u00e8res | Hino Motors Canada","isPartOf":{"@id":"https:\/\/stage.tbkdev.com\/dev\/hinocanada.com\/src\/#website"},"primaryImageOfPage":{"@id":"https:\/\/stage.tbkdev.com\/dev\/hinocanada.com\/src\/fr\/carrieres-2\/#primaryimage"},"image":{"@id":"https:\/\/stage.tbkdev.com\/dev\/hinocanada.com\/src\/fr\/carrieres-2\/#primaryimage"},"thumbnailUrl":"https:\/\/stage.tbkdev.com\/dev\/hinocanada.com\/src\/wp-content\/uploads\/2019\/08\/HMC_career_banner3.jpg","datePublished":"2016-10-28T18:12:01+00:00","dateModified":"2021-03-05T16:20:18+00:00","description":"Nous fournissons aux Canadiens des camions commerciaux de qualit\u00e9 depuis plus de 40 ans et sommes engag\u00e9s \u00e0 offrir le plus haut niveau de service qui soit. Faites route avec nous.","breadcrumb":{"@id":"https:\/\/stage.tbkdev.com\/dev\/hinocanada.com\/src\/fr\/carrieres-2\/#breadcrumb"},"inLanguage":"fr-CA","potentialAction":[{"@type":"ReadAction","target":["https:\/\/stage.tbkdev.com\/dev\/hinocanada.com\/src\/fr\/carrieres-2\/"]}]},{"@type":"ImageObject","inLanguage":"fr-CA","@id":"https:\/\/stage.tbkdev.com\/dev\/hinocanada.com\/src\/fr\/carrieres-2\/#primaryimage","url":"https:\/\/stage.tbkdev.com\/dev\/hinocanada.com\/src\/wp-content\/uploads\/2019\/08\/HMC_career_banner3.jpg","contentUrl":"https:\/\/stage.tbkdev.com\/dev\/hinocanada.com\/src\/wp-content\/uploads\/2019\/08\/HMC_career_banner3.jpg","width":1800,"height":620,"caption":"Business people working together in an office"},{"@type":"BreadcrumbList","@id":"https:\/\/stage.tbkdev.com\/dev\/hinocanada.com\/src\/fr\/carrieres-2\/#breadcrumb","itemListElement":[{"@type":"ListItem","position":1,"name":"Home","item":"https:\/\/stage.tbkdev.com\/dev\/hinocanada.com\/src\/fr\/"},{"@type":"ListItem","position":2,"name":"Carri\u00e8res"}]},{"@type":"WebSite","@id":"https:\/\/stage.tbkdev.com\/dev\/hinocanada.com\/src\/#website","url":"https:\/\/stage.tbkdev.com\/dev\/hinocanada.com\/src\/","name":"Hino Canada","description":"Just another WordPress site","potentialAction":[{"@type":"SearchAction","target":{"@type":"EntryPoint","urlTemplate":"https:\/\/stage.tbkdev.com\/dev\/hinocanada.com\/src\/?s={search_term_string}"},"query-input":{"@type":"PropertyValueSpecification","valueRequired":true,"valueName":"search_term_string"}}],"inLanguage":"fr-CA"}]}},"_links":{"self":[{"href":"https:\/\/stage.tbkdev.com\/dev\/hinocanada.com\/src\/fr\/wp-json\/wp\/v2\/pages\/3449","targetHints":{"allow":["GET"]}}],"collection":[{"href":"https:\/\/stage.tbkdev.com\/dev\/hinocanada.com\/src\/fr\/wp-json\/wp\/v2\/pages"}],"about":[{"href":"https:\/\/stage.tbkdev.com\/dev\/hinocanada.com\/src\/fr\/wp-json\/wp\/v2\/types\/page"}],"author":[{"embeddable":true,"href":"https:\/\/stage.tbkdev.com\/dev\/hinocanada.com\/src\/fr\/wp-json\/wp\/v2\/users\/1"}],"replies":[{"embeddable":true,"href":"https:\/\/stage.tbkdev.com\/dev\/hinocanada.com\/src\/fr\/wp-json\/wp\/v2\/comments?post=3449"}],"version-history":[{"count":25,"href":"https:\/\/stage.tbkdev.com\/dev\/hinocanada.com\/src\/fr\/wp-json\/wp\/v2\/pages\/3449\/revisions"}],"predecessor-version":[{"id":15697,"href":"https:\/\/stage.tbkdev.com\/dev\/hinocanada.com\/src\/fr\/wp-json\/wp\/v2\/pages\/3449\/revisions\/15697"}],"wp:featuredmedia":[{"embeddable":true,"href":"https:\/\/stage.tbkdev.com\/dev\/hinocanada.com\/src\/fr\/wp-json\/wp\/v2\/media\/10917"}],"wp:attachment":[{"href":"https:\/\/stage.tbkdev.com\/dev\/hinocanada.com\/src\/fr\/wp-json\/wp\/v2\/media?parent=3449"}],"curies":[{"name":"wp","href":"https:\/\/api.w.org\/{rel}","templated":true}]}}