{"id":3436,"date":"2016-10-28T14:12:03","date_gmt":"2016-10-28T18:12:03","guid":{"rendered":"http:\/\/stage.tbkdev.com\/dev\/hinocanada.com\/src\/privacy\/"},"modified":"2017-09-27T15:49:33","modified_gmt":"2017-09-27T19:49:33","slug":"confidentialite","status":"publish","type":"page","link":"https:\/\/stage.tbkdev.com\/dev\/hinocanada.com\/src\/fr\/confidentialite\/","title":{"rendered":"Confidentialit\u00e9"},"content":{"rendered":"<p><strong>Politique de confidentialit\u00e9 de Hino<\/strong><\/p>\n<p>Hino Motors Canada, Ltd. (\u00ab\u00a0Hino\u00a0\u00bb) respecte votre droit \u00e0 la vie priv\u00e9e. Cette politique indique comment les principes de Hino en mati\u00e8re de confidentialit\u00e9 prot\u00e8gent votre vie priv\u00e9e \u00e0 titre d\u2019intervenant cl\u00e9 avec qui nous entretenons une relation d\u2019affaires privil\u00e9gi\u00e9e. Ces principes de confidentialit\u00e9 s\u2019appliquent \u00e0 tous les renseignements personnels que Hino recueille aupr\u00e8s de ses clients. Les renseignements personnels sont toute information permettant de vous identifier. Ils n\u2019incluent pas l\u2019information agglom\u00e9r\u00e9e qui ne vous identifie pas de fa\u00e7on sp\u00e9cifique.<\/p>\n<p><strong>Quels renseignements personnels HINO recueille-t-elle?<\/strong><\/p>\n<p>En lien avec votre achat de v\u00e9hicule, Hino recueille aupr\u00e8s de vous l\u2019information que vous nous fournissez et qui est n\u00e9cessaire pour que le concessionnaire Hino puisse boucler la transaction, ceci incluant vos nom, adresse, num\u00e9ro(s) de t\u00e9l\u00e9phone, adresse courriel et informations relatives au permis de conduire ainsi qu\u2019aux assurances. Hino garde \u00e9galement dans ses dossiers de l\u2019information relative au v\u00e9hicule qui a \u00e9t\u00e9 achet\u00e9, au prix d\u2019achat et autres informations li\u00e9es \u00e0 la transaction. Hino recueillera aussi des renseignements personnels de votre part par le biais de sondages clients, lorsque vous faites des demandes d\u2019information et que vous visitez les sites Internet de Hino. On ne vous demandera de fournir vos renseignements personnels qu\u2019afin de permettre \u00e0 Hino de vous offrir un service (tel que l\u2019envoi d\u2019une brochure d\u2019information sur un nouveau v\u00e9hicule, l\u2019aide \u00e0 localiser un concessionnaire pr\u00e8s de chez vous ou vous permettre de compl\u00e9ter une demande d\u2019emploi ou de cr\u00e9dit en ligne).<\/p>\n<p>Hino d\u00e9ploie des efforts constants afin de toujours mieux comprendre vos besoins en mati\u00e8re de v\u00e9hicules moteurs et d\u2019am\u00e9liorer la qualit\u00e9 de ses produits et l\u2019efficacit\u00e9 de Hino et de ses concessionnaires dans leur mani\u00e8re de vous procurer ces produits et services. C\u2019est dans cette perspective que Hino vous demandera, de temps \u00e0 autre, de fournir de l\u2019information au sujet de vos pr\u00e9f\u00e9rences d\u2019achats, de votre profil d\u00e9mographique et de votre mode de vie par le biais de sondages clients.<\/p>\n<p>Hino recueillera \u00e9galement toute information fournie par vous lors de demandes d\u2019information au service \u00e0 la client\u00e8le ou lorsque Hino r\u00e9pond \u00e0 vos demandes d\u2019information.<\/p>\n<p>Hino recueille aussi l\u2019information que vous transmettez lors de vos visites des sites Internet de Hino, incluant vos coordonn\u00e9es, l\u2019information sur le v\u00e9hicule, de l\u2019information de sondage client et celle vous permettant de participer \u00e0 un concours.<\/p>\n<p><strong>Comment vos renseignements personnels sont-ils utilis\u00e9s?<\/strong><\/p>\n<p>Hino pourrait utiliser vos renseignements personnels aux fins suivantes\u00a0:<\/p>\n<ul>\n<li>compl\u00e9ter des transactions de vente et de service avec vous;<\/li>\n<li>r\u00e9pondre \u00e0 vos demandes en lien avec des produits, des services ou de l\u2019information;<\/li>\n<li>am\u00e9liorer ses produits et services et mieux comprendre vos besoins en mati\u00e8re de v\u00e9hicules moteurs, notamment par le biais de sondages clients;<\/li>\n<li>administrer la couverture de garantie de votre nouveau v\u00e9hicule;<\/li>\n<li>accro\u00eetre votre niveau de sensibilisation \u00e0 l\u2019\u00e9gard des produits et services de Hino; et<\/li>\n<li>vous inclure dans des campagnes publicitaires ou de marketing pour vous offrir des produits et\/ou services provenant de Hino ou d\u2019autres sources.<\/li>\n<\/ul>\n<p><strong>Avec qui vos renseignements personnels sont-ils partag\u00e9s?<\/strong><\/p>\n<p>Aux fins \u00e9nonc\u00e9es ci-dessus, Hino pourrait partager vos renseignements personnels avec des concessionnaires Hino et des associations de concessionnaires.<\/p>\n<p>Hino partagera \u00e9galement vos renseignements personnels avec des partenaires de marketing tri\u00e9s sur le volet, qui pourraient vous transmettre de l\u2019information relative \u00e0 leurs produits et services. La possibilit\u00e9 de vous exclure des communications avec les partenaires marketing de Hino vous sera offerte. Vos renseignements personnels pourraient \u00eatre achemin\u00e9s \u00e0 des fournisseurs externes que Hino utilise \u00e0 des fins de gestion et de traitement de vos renseignements personnels. Ces fournisseurs externes de Hino ont l\u2019obligation d\u2019utiliser, garder ou divulguer vos renseignements personnels uniquement en conformit\u00e9 avec les directives qui leurs sont fournies par Hino et seulement au nom de Hino.<\/p>\n<p>Hino ne divulguera aucun de vos renseignements personnels \u00e0 qui que ce soit d\u2019autre, \u00e0 moins que (i) vous y ayez consenti au pr\u00e9alable; (ii) ce soit li\u00e9 \u00e0 la vente de tous ou pratiquement tous les actifs d\u2019une unit\u00e9 d\u2019affaires de Hino; ou (iii) que ce soit requis ou permis par la loi.<\/p>\n<p><strong>Votre consentement<\/strong><\/p>\n<p>Votre consentement peut \u00eatre donn\u00e9 express\u00e9ment ou de fa\u00e7on implicite, selon les circonstances.<\/p>\n<p>En lien avec l\u2019achat de votre v\u00e9hicule ou certaines requ\u00eates de service, on vous demandera de consentir express\u00e9ment \u00e0 ce que Hino recueille vos renseignements personnels aux fins ici identifi\u00e9es.<\/p>\n<p>Lorsque vous visitez le site Internet de Hino (<a href=\"http:\/\/stage.tbkdev.com\/dev\/hinocanada.com\/src\">stage.tbkdev.com\/dev\/hinocanada.com\/src<\/a>), vous consentez \u00e0 ce que Hino recueille, utilise et divulgue les renseignements personnels que vous fournissez sur ce site Web. Dans certains cas, le site Web pourrait vous demander de donner votre consentement \u00e0 la cueillette de certaines informations permettant de vous identifier personnellement. En cliquant sur \u00ab\u00a0J\u2019ai lu et j\u2019accepte\u00a0\u00bb, vous donnez \u00e0 Hino la permission, telle qu\u2019applicable, de recueillir, utiliser et divulguer vos renseignements personnels tels que d\u00e9crits ci-dessus sous les sous-titres \u00ab\u00a0Quels renseignements personnels HINO recueille-t-elle?\u00a0\u00bb, \u00ab\u00a0Comment vos renseignements personnels sont-ils utilis\u00e9s?\u00a0\u00bb et \u00ab\u00a0Avec qui vos renseignements personnels sont-ils partag\u00e9s?\u00a0\u00bb.<\/p>\n<p>En d\u2019autres circonstances, votre consentement est implicite, par exemple lorsque vous r\u00e9pondez \u00e0 un sondage de satisfaction de la client\u00e8le, faites la demande d\u2019une brochure de renseignement sur un produit \u00e0 partir du site Web, vous inscrivez pour la r\u00e9ception de mises \u00e0 jour sur le site Web ou compl\u00e9tez une demande d\u2019emploi en ligne.<\/p>\n<p>En fournissant tout renseignement personnel par quelque requ\u00eate courriel ou interactivit\u00e9 que ce soit sur le site Web de Hino, vous consentez \u00e0 ce que Hino recueille ces renseignements.<\/p>\n<p>Vous pouvez \u00e0 tout moment retirer ou modifier votre consentement \u00e0 Hino quant \u00e0 la divulgation de vos renseignements personnels, ou demander \u00e0 Hino de les effacer des dossiers Hino, le tout \u00e9tant sujet \u00e0 des restrictions l\u00e9gales et contractuelles. Toutefois, si vous ne transmettez pas les renseignements personnels requis pour l\u2019offre d\u2019un produit ou d\u2019un service, Hino pourrait \u00eatre dans l\u2019incapacit\u00e9 de fournir ce produit ou ce service.<\/p>\n<p>\u00c0 moins que vous demandiez \u00e0 Hino de ne pas le faire, vous acceptez que Hino puisse utiliser et divulguer vos renseignements personnels \u00e0 des concessionnaires ou \u00e0 des associations de concessionnaires afin de vous inclure de fa\u00e7on cibl\u00e9e dans des campagnes publicitaires et de marketing destin\u00e9es \u00e0 rehausser la renomm\u00e9e des produits et services de Hino ainsi que la bonne volont\u00e9 associ\u00e9e aux entreprises de Hino. Certaines des campagnes publicitaires et de marketing de Hino incluent l\u2019envoi d\u2019infolettres, de rappels de service et d\u2019offres promotionnelles de Hino. Si vous pr\u00e9f\u00e9rez que Hino n\u2019utilise pas les renseignements personnels permettant de vous identifier pour de telles campagnes publicitaires ou de marketing, veuillez en informer Hino par l\u2019un ou l\u2019autre des moyens indiqu\u00e9s ci-dessous, sous le sous-titre \u00ab\u00a0Comment vous pouvez passer en revue et mettre \u00e0 jour vos renseignements personnels\u00a0\u00bb. Vous pouvez aviser Hino en tout temps que vous ne d\u00e9sirez pas que nous utilisions vos renseignements personnels \u00e0 toute fin qui n\u2019est pas requise pour la fourniture d\u2019un produit ou d\u2019un service, en communiquant avec Hino par l\u2019un ou l\u2019autre des moyens indiqu\u00e9s ci-dessous, sous le sous-titre \u00ab\u00a0Comment vous pouvez passer en revue et mettre \u00e0 jour vos renseignements personnels\u00a0\u00bb. Hino vous demandera par la suite votre consentement pour toute utilisation de vos renseignements personnels pour laquelle Hino n\u2019aurait pas d\u00e9j\u00e0 obtenu votre consentement.<\/p>\n<p><strong>Votre consentement et les messages \u00e9lectroniques<\/strong><\/p>\n<p>Hino ne vous fera parvenir des courriels, messages textes ou autres formes de messages \u00e9lectroniques que si vous \u00eates d\u00e9tenteur d\u2019une garantie de v\u00e9hicule existant et\/ou \u00eates en relation d\u2019affaires avec Hino ou avez exprim\u00e9 autrement votre d\u00e9sir de recevoir des courriels, des messages textes ou autres formes de messages \u00e9lectroniques de la part de Hino. Tout message \u00e9lectronique que vous recevez de Hino identifiera Hino comme \u00e9tant l\u2019exp\u00e9diteur, vous permettra de contacter Hino directement et vous donnera les moyens n\u00e9cessaires \u00e0 ce que vous soyez exempt\u00e9 de tout envoi de messages \u00e9lectroniques subs\u00e9quents. Hino pourrait \u00e9galement, de temps \u00e0 autre, demander votre consentement au nom de l\u2019un ou de l\u2019ensemble de ses concessionnaires et associations de concessionnaires et de partenaires marketing de Hino. Les messages \u00e9lectroniques que vous recevrez de l\u2019une ou l\u2019autre de ces entit\u00e9s identifieront clairement l\u2019exp\u00e9diteur, vous permettront de communiquer directement avec cet exp\u00e9diteur, vous offriront un moyen de vous exclure de tout autre envoi de message \u00e9lectronique de cet exp\u00e9diteur et, dans le cas des partenaires marketing de Hino, de vous exclure de tout message \u00e9lectronique provenant d\u2019un partenaire marketing de Hino.<\/p>\n<p><strong>Sites Web de Hino<\/strong><\/p>\n<p><strong>Renseignements ne permettant pas de vous identifier.<\/strong> Lorsque vous visitez les sites Web de Hino, \u00e0 moins que vous r\u00e9v\u00e9liez \u00e0 Hino qui vous \u00eates ou autre forme de renseignement personnel, Hino ne recueille ni ne conserve de renseignements personnels \u00e0 votre sujet. La seule information que Hino recueille et conserve est de l\u2019information ne permettant pas de vous identifier, comme par exemple le nom de votre fournisseur Internet, le type de navigateur Internet que vous utilisez ou encore les sites Web de r\u00e9f\u00e9rence ou les pages Internet que vous demandez. Hino utilise ces renseignements ne permettant pas de vous identifier afin de g\u00e9n\u00e9rer des statistiques agglom\u00e9r\u00e9es au sujet de l\u2019activit\u00e9 sur le site Web de Hino.<\/p>\n<p><strong>Cookies.<\/strong> Les cookies sont des fichiers que votre navigateur Web place sur votre disque dur et qui permettent \u00e0 Hino de savoir si, et si c\u2019est le cas, combien de fois vous avez acc\u00e9d\u00e9 aux sites Web de Hino pr\u00e9c\u00e9demment, la langue que vous avez pr\u00e9f\u00e9r\u00e9 utiliser, le concessionnaire que vous avez choisi, la province o\u00f9 est install\u00e9 votre fournisseur de service Internet, de faire des analyses de comportement Internet ainsi que d\u2019identifier le syst\u00e8me flash de votre syst\u00e8me informatique. Vous pouvez choisir de d\u00e9cliner l\u2019offre d\u2019accepter des cookies si votre navigateur vous le permet, mais cela pourrait affecter l\u2019utilisation que vous faites des sites Web de Hino ainsi que votre capacit\u00e9 \u00e0 acc\u00e9der \u00e0 certaines fonctionnalit\u00e9s de ces sites Web.<\/p>\n<p><strong>Pixel tags<\/strong>. Un pixel tag est une image transparente, parfois aussi appel\u00e9e signal Web, GIF clair ou signal de rep\u00e9rage, plac\u00e9e sur un site Web ou dans un courriel et qui nous indique qu\u2019une page ou qu\u2019un courriel a \u00e9t\u00e9 consult\u00e9. De plus, un pixel tag pourrait indiquer \u00e0 votre navigateur Internet d\u2019aller chercher du contenu provenant d\u2019un autre serveur.<\/p>\n<p><strong>Liens de tierces parties.<\/strong> Les sites Web de Hino contiennent des liens menant \u00e0 d\u2019autres sites. Lorsque vous cliquez sur un lien qui vous m\u00e8ne sur le site d\u2019une tierce partie, vous serez assujetti aux politiques de confidentialit\u00e9 de cette tierce partie. Bien que Hino soit en faveur du respect de la vie priv\u00e9e sur Internet, Hino ne peut pas \u00eatre tenue responsable des actes de tierces parties ou de leurs pratiques en mati\u00e8re de confidentialit\u00e9. Hino incite les utilisateurs de ses sites Web \u00e0 \u00eatre conscients du moment o\u00f9 ils les quittent et \u00e0 lire les politiques de confidentialit\u00e9 de chacun des sites Web avec lesquels ils interagissent.<\/p>\n<p><strong>Enfants.<\/strong> Hino n\u2019utilise pas sciemment ses sites Web dans le but de solliciter des renseignements personnels ou de faire du marketing aupr\u00e8s de personnes d\u2019\u00e2ge mineur.<\/p>\n<p><strong>Combien de temps HINO garde-t-elle vos renseignements personnels?<\/strong><\/p>\n<p>Hino garde vos renseignements personnels aussi longtemps que n\u00e9cessaire pour les fins identifi\u00e9es au moment o\u00f9 vous avez fourni ces renseignements personnels et pour toute autre raison que vous avez identifi\u00e9e et \u00e0 laquelle vous avez consenti et ce pour une p\u00e9riode appropri\u00e9e par la suite.<\/p>\n<p>Vos renseignements personnels seront gard\u00e9s dans des dossiers des bases de donn\u00e9es du si\u00e8ge social de Hino, situ\u00e9 \u00e0 Mississauga en Ontario.<\/p>\n<p><strong>Comment HINO prot\u00e8ge-t-elle vos renseignements personnels?<\/strong><\/p>\n<p>Hino prot\u00e8ge vos renseignements personnels en utilisant des syst\u00e8mes de s\u00e9curit\u00e9 correspondant au niveau de sensibilit\u00e9 de l\u2019information qu\u2019elle d\u00e9tient. Les sites Web de Hino sont prot\u00e9g\u00e9s par la norme Digital Certificates, qui implique la technologie d\u2019encryptage TLS \u00e0 toute information que vous soumettez \u00e0 travers les zones s\u00e9curis\u00e9es du site Web. Hino utilise des garde-fous de s\u00e9curit\u00e9 pour assurer la confidentialit\u00e9 de vos donn\u00e9es. Veuillez noter\u00a0: la pr\u00e9servation de la confidentialit\u00e9 de vos mots de passe rel\u00e8ve de votre enti\u00e8re et unique responsabilit\u00e9.<\/p>\n<p><strong>Comment vous pouvez passer en revue et mettre \u00e0 jour vos renseignements personnels<\/strong><\/p>\n<p>Vous pouvez passer en revue et corriger tout renseignement personnel se trouvant dans les dossiers de Hino ainsi que le consentement \u00e0 l\u2019\u00e9gard de son utilisation et de sa divulgation en tout temps, en contactant l\u2019Agent de protection de la vie priv\u00e9e de Hino de l\u2019une ou l\u2019autre des mani\u00e8res indiqu\u00e9es ci-dessous.<\/p>\n<p>Si vous avez quelque question ou pr\u00e9occupation que ce soit au sujet de la politique de confidentialit\u00e9 de HINO et des proc\u00e9dures qui s\u2019y rattachent, si vous d\u00e9sirez modifier votre consentement quant \u00e0 l\u2019utilisation et \u00e0 la divulgation par HINO de vos renseignements personnels ou si vous d\u00e9sirez passer en revue, mettre \u00e0 jour, modifier ou faire en sorte que HINO efface vos renseignements personnels de ses dossiers, veuillez contacter\u00a0:<\/p>\n<p>Agent de protection de la vie priv\u00e9e<br \/>\nHino Motors Canada, Ltd.<br \/>\n6975 Creditview Drive, Unit #2<br \/>\nMississauga, Ontario<br \/>\nL5N 8E9<\/p>\n<p>Par t\u00e9l\u00e9phone au 905-670-3352<br \/>\nou en nous visitant au\u00a0<a href=\"http:\/\/stage.tbkdev.com\/dev\/hinocanada.com\/src\/\"><strong>stage.tbkdev.com\/dev\/hinocanada.com\/src<\/strong><\/a><\/p>\n<p><strong>La politique de confidentialit\u00e9 de HINO changera-t-elle?<\/strong><\/p>\n<p>Hino se r\u00e9serve le droit, en tout temps, de modifier cette Politique \u00e0 la seule discr\u00e9tion de Hino et vous acceptez d\u2019\u00eatre li\u00e9 \u00e0 de telles modifications, qui entreront en vigueur d\u00e8s le moment o\u00f9 la Politique r\u00e9vis\u00e9e sera affich\u00e9e par Hino sur ses sites Web.<\/p>\n<p>&nbsp;<\/p>\n","protected":false},"excerpt":{"rendered":"<p>Politique de confidentialit\u00e9 de Hino<\/p>\n<p>Hino Motors Canada, Ltd. (\u00ab\u00a0Hino\u00a0\u00bb) respecte votre droit \u00e0 la vie priv\u00e9e. Cette politique indique comment les principes de Hino en mati\u00e8re de confidentialit\u00e9 prot\u00e8gent votre vie priv\u00e9e \u00e0 titre d\u2019intervenant cl\u00e9 avec qui nous &hellip; [&#8230;]<\/p>\n","protected":false},"author":1,"featured_media":4076,"parent":0,"menu_order":700,"comment_status":"closed","ping_status":"closed","template":"","meta":{"_acf_changed":false,"footnotes":""},"class_list":["post-3436","page","type-page","status-publish","has-post-thumbnail","hentry"],"acf":[],"yoast_head":"<!-- This site is optimized with the Yoast SEO plugin v23.9 - https:\/\/yoast.com\/wordpress\/plugins\/seo\/ -->\n<title>Confidentialit\u00e9 - Hino Canada<\/title>\n<meta name=\"robots\" content=\"noindex, follow, max-snippet:-1, max-image-preview:large, max-video-preview:-1\" \/>\n<meta property=\"og:locale\" content=\"fr_CA\" \/>\n<meta property=\"og:type\" content=\"article\" \/>\n<meta property=\"og:title\" content=\"Confidentialit\u00e9 - Hino Canada\" \/>\n<meta property=\"og:description\" content=\"Politique de confidentialit\u00e9 de Hino Hino Motors Canada, Ltd. (\u00ab\u00a0Hino\u00a0\u00bb) respecte votre droit \u00e0 la vie priv\u00e9e. Cette politique indique comment les principes de Hino en mati\u00e8re de confidentialit\u00e9 prot\u00e8gent votre vie priv\u00e9e \u00e0 titre d\u2019intervenant cl\u00e9 avec qui nous &hellip; [...]\" \/>\n<meta property=\"og:url\" content=\"https:\/\/stage.tbkdev.com\/dev\/hinocanada.com\/src\/fr\/confidentialite\/\" \/>\n<meta property=\"og:site_name\" content=\"Hino Canada\" \/>\n<meta property=\"article:publisher\" content=\"https:\/\/www.facebook.com\/hinocanada\" \/>\n<meta property=\"article:modified_time\" content=\"2017-09-27T19:49:33+00:00\" \/>\n<meta property=\"og:image\" content=\"https:\/\/stage.tbkdev.com\/dev\/hinocanada.com\/src\/wp-content\/uploads\/2016\/10\/footer-pages-e1488212222510-2200x967.jpg\" \/>\n\t<meta property=\"og:image:width\" content=\"3056\" \/>\n\t<meta property=\"og:image:height\" content=\"967\" \/>\n\t<meta property=\"og:image:type\" content=\"image\/jpeg\" \/>\n<meta name=\"twitter:card\" content=\"summary_large_image\" \/>\n<meta name=\"twitter:label1\" content=\"Est. reading time\" \/>\n\t<meta name=\"twitter:data1\" content=\"12 minutes\" \/>\n<script type=\"application\/ld+json\" class=\"yoast-schema-graph\">{\"@context\":\"https:\/\/schema.org\",\"@graph\":[{\"@type\":\"WebPage\",\"@id\":\"https:\/\/stage.tbkdev.com\/dev\/hinocanada.com\/src\/fr\/confidentialite\/\",\"url\":\"https:\/\/stage.tbkdev.com\/dev\/hinocanada.com\/src\/fr\/confidentialite\/\",\"name\":\"Confidentialit\u00e9 - Hino Canada\",\"isPartOf\":{\"@id\":\"https:\/\/stage.tbkdev.com\/dev\/hinocanada.com\/src\/#website\"},\"primaryImageOfPage\":{\"@id\":\"https:\/\/stage.tbkdev.com\/dev\/hinocanada.com\/src\/fr\/confidentialite\/#primaryimage\"},\"image\":{\"@id\":\"https:\/\/stage.tbkdev.com\/dev\/hinocanada.com\/src\/fr\/confidentialite\/#primaryimage\"},\"thumbnailUrl\":\"https:\/\/stage.tbkdev.com\/dev\/hinocanada.com\/src\/wp-content\/uploads\/2016\/10\/footer-pages-e1488212222510-2200x967.jpg\",\"datePublished\":\"2016-10-28T18:12:03+00:00\",\"dateModified\":\"2017-09-27T19:49:33+00:00\",\"breadcrumb\":{\"@id\":\"https:\/\/stage.tbkdev.com\/dev\/hinocanada.com\/src\/fr\/confidentialite\/#breadcrumb\"},\"inLanguage\":\"fr-CA\",\"potentialAction\":[{\"@type\":\"ReadAction\",\"target\":[\"https:\/\/stage.tbkdev.com\/dev\/hinocanada.com\/src\/fr\/confidentialite\/\"]}]},{\"@type\":\"ImageObject\",\"inLanguage\":\"fr-CA\",\"@id\":\"https:\/\/stage.tbkdev.com\/dev\/hinocanada.com\/src\/fr\/confidentialite\/#primaryimage\",\"url\":\"https:\/\/stage.tbkdev.com\/dev\/hinocanada.com\/src\/wp-content\/uploads\/2016\/10\/footer-pages-e1488212222510-2200x967.jpg\",\"contentUrl\":\"https:\/\/stage.tbkdev.com\/dev\/hinocanada.com\/src\/wp-content\/uploads\/2016\/10\/footer-pages-e1488212222510-2200x967.jpg\",\"width\":3056,\"height\":967},{\"@type\":\"BreadcrumbList\",\"@id\":\"https:\/\/stage.tbkdev.com\/dev\/hinocanada.com\/src\/fr\/confidentialite\/#breadcrumb\",\"itemListElement\":[{\"@type\":\"ListItem\",\"position\":1,\"name\":\"Home\",\"item\":\"https:\/\/stage.tbkdev.com\/dev\/hinocanada.com\/src\/fr\/\"},{\"@type\":\"ListItem\",\"position\":2,\"name\":\"Confidentialit\u00e9\"}]},{\"@type\":\"WebSite\",\"@id\":\"https:\/\/stage.tbkdev.com\/dev\/hinocanada.com\/src\/#website\",\"url\":\"https:\/\/stage.tbkdev.com\/dev\/hinocanada.com\/src\/\",\"name\":\"Hino Canada\",\"description\":\"Just another WordPress site\",\"potentialAction\":[{\"@type\":\"SearchAction\",\"target\":{\"@type\":\"EntryPoint\",\"urlTemplate\":\"https:\/\/stage.tbkdev.com\/dev\/hinocanada.com\/src\/?s={search_term_string}\"},\"query-input\":{\"@type\":\"PropertyValueSpecification\",\"valueRequired\":true,\"valueName\":\"search_term_string\"}}],\"inLanguage\":\"fr-CA\"}]}<\/script>\n<!-- \/ Yoast SEO plugin. -->","yoast_head_json":{"title":"Confidentialit\u00e9 - Hino Canada","robots":{"index":"noindex","follow":"follow","max-snippet":"max-snippet:-1","max-image-preview":"max-image-preview:large","max-video-preview":"max-video-preview:-1"},"og_locale":"fr_CA","og_type":"article","og_title":"Confidentialit\u00e9 - Hino Canada","og_description":"Politique de confidentialit\u00e9 de Hino Hino Motors Canada, Ltd. (\u00ab\u00a0Hino\u00a0\u00bb) respecte votre droit \u00e0 la vie priv\u00e9e. Cette politique indique comment les principes de Hino en mati\u00e8re de confidentialit\u00e9 prot\u00e8gent votre vie priv\u00e9e \u00e0 titre d\u2019intervenant cl\u00e9 avec qui nous &hellip; [...]","og_url":"https:\/\/stage.tbkdev.com\/dev\/hinocanada.com\/src\/fr\/confidentialite\/","og_site_name":"Hino Canada","article_publisher":"https:\/\/www.facebook.com\/hinocanada","article_modified_time":"2017-09-27T19:49:33+00:00","og_image":[{"width":3056,"height":967,"url":"https:\/\/stage.tbkdev.com\/dev\/hinocanada.com\/src\/wp-content\/uploads\/2016\/10\/footer-pages-e1488212222510-2200x967.jpg","type":"image\/jpeg"}],"twitter_card":"summary_large_image","twitter_misc":{"Est. reading time":"12 minutes"},"schema":{"@context":"https:\/\/schema.org","@graph":[{"@type":"WebPage","@id":"https:\/\/stage.tbkdev.com\/dev\/hinocanada.com\/src\/fr\/confidentialite\/","url":"https:\/\/stage.tbkdev.com\/dev\/hinocanada.com\/src\/fr\/confidentialite\/","name":"Confidentialit\u00e9 - Hino Canada","isPartOf":{"@id":"https:\/\/stage.tbkdev.com\/dev\/hinocanada.com\/src\/#website"},"primaryImageOfPage":{"@id":"https:\/\/stage.tbkdev.com\/dev\/hinocanada.com\/src\/fr\/confidentialite\/#primaryimage"},"image":{"@id":"https:\/\/stage.tbkdev.com\/dev\/hinocanada.com\/src\/fr\/confidentialite\/#primaryimage"},"thumbnailUrl":"https:\/\/stage.tbkdev.com\/dev\/hinocanada.com\/src\/wp-content\/uploads\/2016\/10\/footer-pages-e1488212222510-2200x967.jpg","datePublished":"2016-10-28T18:12:03+00:00","dateModified":"2017-09-27T19:49:33+00:00","breadcrumb":{"@id":"https:\/\/stage.tbkdev.com\/dev\/hinocanada.com\/src\/fr\/confidentialite\/#breadcrumb"},"inLanguage":"fr-CA","potentialAction":[{"@type":"ReadAction","target":["https:\/\/stage.tbkdev.com\/dev\/hinocanada.com\/src\/fr\/confidentialite\/"]}]},{"@type":"ImageObject","inLanguage":"fr-CA","@id":"https:\/\/stage.tbkdev.com\/dev\/hinocanada.com\/src\/fr\/confidentialite\/#primaryimage","url":"https:\/\/stage.tbkdev.com\/dev\/hinocanada.com\/src\/wp-content\/uploads\/2016\/10\/footer-pages-e1488212222510-2200x967.jpg","contentUrl":"https:\/\/stage.tbkdev.com\/dev\/hinocanada.com\/src\/wp-content\/uploads\/2016\/10\/footer-pages-e1488212222510-2200x967.jpg","width":3056,"height":967},{"@type":"BreadcrumbList","@id":"https:\/\/stage.tbkdev.com\/dev\/hinocanada.com\/src\/fr\/confidentialite\/#breadcrumb","itemListElement":[{"@type":"ListItem","position":1,"name":"Home","item":"https:\/\/stage.tbkdev.com\/dev\/hinocanada.com\/src\/fr\/"},{"@type":"ListItem","position":2,"name":"Confidentialit\u00e9"}]},{"@type":"WebSite","@id":"https:\/\/stage.tbkdev.com\/dev\/hinocanada.com\/src\/#website","url":"https:\/\/stage.tbkdev.com\/dev\/hinocanada.com\/src\/","name":"Hino Canada","description":"Just another WordPress site","potentialAction":[{"@type":"SearchAction","target":{"@type":"EntryPoint","urlTemplate":"https:\/\/stage.tbkdev.com\/dev\/hinocanada.com\/src\/?s={search_term_string}"},"query-input":{"@type":"PropertyValueSpecification","valueRequired":true,"valueName":"search_term_string"}}],"inLanguage":"fr-CA"}]}},"_links":{"self":[{"href":"https:\/\/stage.tbkdev.com\/dev\/hinocanada.com\/src\/fr\/wp-json\/wp\/v2\/pages\/3436","targetHints":{"allow":["GET"]}}],"collection":[{"href":"https:\/\/stage.tbkdev.com\/dev\/hinocanada.com\/src\/fr\/wp-json\/wp\/v2\/pages"}],"about":[{"href":"https:\/\/stage.tbkdev.com\/dev\/hinocanada.com\/src\/fr\/wp-json\/wp\/v2\/types\/page"}],"author":[{"embeddable":true,"href":"https:\/\/stage.tbkdev.com\/dev\/hinocanada.com\/src\/fr\/wp-json\/wp\/v2\/users\/1"}],"replies":[{"embeddable":true,"href":"https:\/\/stage.tbkdev.com\/dev\/hinocanada.com\/src\/fr\/wp-json\/wp\/v2\/comments?post=3436"}],"version-history":[{"count":7,"href":"https:\/\/stage.tbkdev.com\/dev\/hinocanada.com\/src\/fr\/wp-json\/wp\/v2\/pages\/3436\/revisions"}],"predecessor-version":[{"id":6789,"href":"https:\/\/stage.tbkdev.com\/dev\/hinocanada.com\/src\/fr\/wp-json\/wp\/v2\/pages\/3436\/revisions\/6789"}],"wp:featuredmedia":[{"embeddable":true,"href":"https:\/\/stage.tbkdev.com\/dev\/hinocanada.com\/src\/fr\/wp-json\/wp\/v2\/media\/4076"}],"wp:attachment":[{"href":"https:\/\/stage.tbkdev.com\/dev\/hinocanada.com\/src\/fr\/wp-json\/wp\/v2\/media?parent=3436"}],"curies":[{"name":"wp","href":"https:\/\/api.w.org\/{rel}","templated":true}]}}