{"id":3423,"date":"2017-02-02T17:12:29","date_gmt":"2017-02-02T22:12:29","guid":{"rendered":"http:\/\/stage.tbkdev.com\/dev\/hinocanada.com\/src\/hino-logos\/"},"modified":"2017-05-09T15:52:27","modified_gmt":"2017-05-09T19:52:27","slug":"logo-hino","status":"publish","type":"page","link":"https:\/\/stage.tbkdev.com\/dev\/hinocanada.com\/src\/fr\/propos-de-nous\/logo-hino\/","title":{"rendered":"Logo Hino"},"content":{"rendered":"<div class=\"wpb-content-wrapper\"><p>[vc_row][vc_column][vc_column_text][\/vc_column_text][vc_single_image image=&nbsp;&raquo;3383&Prime; img_size=&nbsp;&raquo;medium&nbsp;&raquo; alignment=&nbsp;&raquo;center&nbsp;&raquo;][vc_column_text]Ce logo a \u00e9t\u00e9 adopt\u00e9 en 1994, alors que Hino rafra\u00eechissait le design de son identit\u00e9 corporative.<\/p>\n<p>La lettre H symbolise Hino, bien s\u00fbr. Le logo lui-m\u00eame exprime le dynamisme de Hino ainsi que son potentiel d\u2019innovation et de croissance, alors que l\u2019entreprise rel\u00e8ve sans cesse de nouveaux d\u00e9fis. Le logo repr\u00e9sente aussi un soleil levant \u00e0 l\u2019horizon. Les lignes courbes se dirigeant vers l\u2019int\u00e9rieur et qui semblent mutuellement attir\u00e9es l\u2019une par l\u2019autre repr\u00e9sentent l\u2019harmonie qui pr\u00e9vaut entre les technologies de pointe de Hino et son souci de l\u2019environnement ainsi que les espoirs que l\u2019entreprise place en mati\u00e8re de d\u00e9veloppement durable pour l\u2019avenir.<\/p>\n<p>Les renflements horizontaux repr\u00e9sentent des fl\u00e8ches pointant vers deux directions \u00e0 la fois, ce qui symbolise le d\u00e9sir du fabricant de camions et d\u2019autobus de s\u2019assurer que ses v\u00e9hicules prennent leur d\u00e9part et arrivent \u00e0 destination en toute s\u00e9curit\u00e9.[\/vc_column_text][\/vc_column][\/vc_row]<\/p>\n<\/div>","protected":false},"excerpt":{"rendered":"<p>[vc_row][vc_column][vc_column_text][\/vc_column_text][vc_single_image image=&nbsp;&raquo;3383&Prime; img_size=&nbsp;&raquo;medium&nbsp;&raquo; alignment=&nbsp;&raquo;center&nbsp;&raquo;][vc_column_text]Ce logo a \u00e9t\u00e9 adopt\u00e9 en 1994, alors que Hino rafra\u00eechissait le design de son identit\u00e9 corporative.<\/p>\n<p>La lettre H symbolise Hino, bien s\u00fbr. Le logo lui-m\u00eame exprime le dynamisme de Hino ainsi que son potentiel d\u2019innovation &hellip; [&#8230;]<\/p>\n","protected":false},"author":1,"featured_media":3147,"parent":3476,"menu_order":4,"comment_status":"closed","ping_status":"closed","template":"","meta":{"_acf_changed":false,"footnotes":""},"class_list":["post-3423","page","type-page","status-publish","has-post-thumbnail","hentry"],"acf":[],"yoast_head":"<!-- This site is optimized with the Yoast SEO plugin v23.9 - https:\/\/yoast.com\/wordpress\/plugins\/seo\/ -->\n<title>Logo Hino - Hino Canada<\/title>\n<meta name=\"robots\" content=\"noindex, follow, max-snippet:-1, max-image-preview:large, max-video-preview:-1\" \/>\n<meta property=\"og:locale\" content=\"fr_CA\" \/>\n<meta property=\"og:type\" content=\"article\" \/>\n<meta property=\"og:title\" content=\"Logo Hino - Hino Canada\" \/>\n<meta property=\"og:description\" content=\"[vc_row][vc_column][vc_column_text][\/vc_column_text][vc_single_image image=&nbsp;&raquo;3383&Prime; img_size=&nbsp;&raquo;medium&nbsp;&raquo; alignment=&nbsp;&raquo;center&nbsp;&raquo;][vc_column_text]Ce logo a \u00e9t\u00e9 adopt\u00e9 en 1994, alors que Hino rafra\u00eechissait le design de son identit\u00e9 corporative. La lettre H symbolise Hino, bien s\u00fbr. Le logo lui-m\u00eame exprime le dynamisme de Hino ainsi que son potentiel d\u2019innovation &hellip; [...]\" \/>\n<meta property=\"og:url\" content=\"https:\/\/stage.tbkdev.com\/dev\/hinocanada.com\/src\/fr\/propos-de-nous\/logo-hino\/\" \/>\n<meta property=\"og:site_name\" content=\"Hino Canada\" \/>\n<meta property=\"article:publisher\" content=\"https:\/\/www.facebook.com\/hinocanada\" \/>\n<meta property=\"article:modified_time\" content=\"2017-05-09T19:52:27+00:00\" \/>\n<meta property=\"og:image\" content=\"https:\/\/stage.tbkdev.com\/dev\/hinocanada.com\/src\/wp-content\/uploads\/2016\/10\/Hino-history2-2200x1316.jpg\" \/>\n\t<meta property=\"og:image:width\" content=\"3072\" \/>\n\t<meta property=\"og:image:height\" content=\"1316\" \/>\n\t<meta property=\"og:image:type\" content=\"image\/jpeg\" \/>\n<meta name=\"twitter:card\" content=\"summary_large_image\" \/>\n<meta name=\"twitter:label1\" content=\"Est. reading time\" \/>\n\t<meta name=\"twitter:data1\" content=\"1 minute\" \/>\n<script type=\"application\/ld+json\" class=\"yoast-schema-graph\">{\"@context\":\"https:\/\/schema.org\",\"@graph\":[{\"@type\":\"WebPage\",\"@id\":\"https:\/\/stage.tbkdev.com\/dev\/hinocanada.com\/src\/fr\/propos-de-nous\/logo-hino\/\",\"url\":\"https:\/\/stage.tbkdev.com\/dev\/hinocanada.com\/src\/fr\/propos-de-nous\/logo-hino\/\",\"name\":\"Logo Hino - Hino Canada\",\"isPartOf\":{\"@id\":\"https:\/\/stage.tbkdev.com\/dev\/hinocanada.com\/src\/#website\"},\"primaryImageOfPage\":{\"@id\":\"https:\/\/stage.tbkdev.com\/dev\/hinocanada.com\/src\/fr\/propos-de-nous\/logo-hino\/#primaryimage\"},\"image\":{\"@id\":\"https:\/\/stage.tbkdev.com\/dev\/hinocanada.com\/src\/fr\/propos-de-nous\/logo-hino\/#primaryimage\"},\"thumbnailUrl\":\"https:\/\/stage.tbkdev.com\/dev\/hinocanada.com\/src\/wp-content\/uploads\/2016\/10\/Hino-history2-2200x1316.jpg\",\"datePublished\":\"2017-02-02T22:12:29+00:00\",\"dateModified\":\"2017-05-09T19:52:27+00:00\",\"breadcrumb\":{\"@id\":\"https:\/\/stage.tbkdev.com\/dev\/hinocanada.com\/src\/fr\/propos-de-nous\/logo-hino\/#breadcrumb\"},\"inLanguage\":\"fr-CA\",\"potentialAction\":[{\"@type\":\"ReadAction\",\"target\":[\"https:\/\/stage.tbkdev.com\/dev\/hinocanada.com\/src\/fr\/propos-de-nous\/logo-hino\/\"]}]},{\"@type\":\"ImageObject\",\"inLanguage\":\"fr-CA\",\"@id\":\"https:\/\/stage.tbkdev.com\/dev\/hinocanada.com\/src\/fr\/propos-de-nous\/logo-hino\/#primaryimage\",\"url\":\"https:\/\/stage.tbkdev.com\/dev\/hinocanada.com\/src\/wp-content\/uploads\/2016\/10\/Hino-history2-2200x1316.jpg\",\"contentUrl\":\"https:\/\/stage.tbkdev.com\/dev\/hinocanada.com\/src\/wp-content\/uploads\/2016\/10\/Hino-history2-2200x1316.jpg\",\"width\":3072,\"height\":1316},{\"@type\":\"BreadcrumbList\",\"@id\":\"https:\/\/stage.tbkdev.com\/dev\/hinocanada.com\/src\/fr\/propos-de-nous\/logo-hino\/#breadcrumb\",\"itemListElement\":[{\"@type\":\"ListItem\",\"position\":1,\"name\":\"Home\",\"item\":\"https:\/\/stage.tbkdev.com\/dev\/hinocanada.com\/src\/fr\/\"},{\"@type\":\"ListItem\",\"position\":2,\"name\":\"\u00c0 propos de nous\",\"item\":\"https:\/\/stage.tbkdev.com\/dev\/hinocanada.com\/src\/fr\/propos-de-nous\/\"},{\"@type\":\"ListItem\",\"position\":3,\"name\":\"Logo Hino\"}]},{\"@type\":\"WebSite\",\"@id\":\"https:\/\/stage.tbkdev.com\/dev\/hinocanada.com\/src\/#website\",\"url\":\"https:\/\/stage.tbkdev.com\/dev\/hinocanada.com\/src\/\",\"name\":\"Hino Canada\",\"description\":\"Just another WordPress site\",\"potentialAction\":[{\"@type\":\"SearchAction\",\"target\":{\"@type\":\"EntryPoint\",\"urlTemplate\":\"https:\/\/stage.tbkdev.com\/dev\/hinocanada.com\/src\/?s={search_term_string}\"},\"query-input\":{\"@type\":\"PropertyValueSpecification\",\"valueRequired\":true,\"valueName\":\"search_term_string\"}}],\"inLanguage\":\"fr-CA\"}]}<\/script>\n<!-- \/ Yoast SEO plugin. -->","yoast_head_json":{"title":"Logo Hino - Hino Canada","robots":{"index":"noindex","follow":"follow","max-snippet":"max-snippet:-1","max-image-preview":"max-image-preview:large","max-video-preview":"max-video-preview:-1"},"og_locale":"fr_CA","og_type":"article","og_title":"Logo Hino - Hino Canada","og_description":"[vc_row][vc_column][vc_column_text][\/vc_column_text][vc_single_image image=&nbsp;&raquo;3383&Prime; img_size=&nbsp;&raquo;medium&nbsp;&raquo; alignment=&nbsp;&raquo;center&nbsp;&raquo;][vc_column_text]Ce logo a \u00e9t\u00e9 adopt\u00e9 en 1994, alors que Hino rafra\u00eechissait le design de son identit\u00e9 corporative. La lettre H symbolise Hino, bien s\u00fbr. Le logo lui-m\u00eame exprime le dynamisme de Hino ainsi que son potentiel d\u2019innovation &hellip; [...]","og_url":"https:\/\/stage.tbkdev.com\/dev\/hinocanada.com\/src\/fr\/propos-de-nous\/logo-hino\/","og_site_name":"Hino Canada","article_publisher":"https:\/\/www.facebook.com\/hinocanada","article_modified_time":"2017-05-09T19:52:27+00:00","og_image":[{"width":3072,"height":1316,"url":"https:\/\/stage.tbkdev.com\/dev\/hinocanada.com\/src\/wp-content\/uploads\/2016\/10\/Hino-history2-2200x1316.jpg","type":"image\/jpeg"}],"twitter_card":"summary_large_image","twitter_misc":{"Est. reading time":"1 minute"},"schema":{"@context":"https:\/\/schema.org","@graph":[{"@type":"WebPage","@id":"https:\/\/stage.tbkdev.com\/dev\/hinocanada.com\/src\/fr\/propos-de-nous\/logo-hino\/","url":"https:\/\/stage.tbkdev.com\/dev\/hinocanada.com\/src\/fr\/propos-de-nous\/logo-hino\/","name":"Logo Hino - Hino Canada","isPartOf":{"@id":"https:\/\/stage.tbkdev.com\/dev\/hinocanada.com\/src\/#website"},"primaryImageOfPage":{"@id":"https:\/\/stage.tbkdev.com\/dev\/hinocanada.com\/src\/fr\/propos-de-nous\/logo-hino\/#primaryimage"},"image":{"@id":"https:\/\/stage.tbkdev.com\/dev\/hinocanada.com\/src\/fr\/propos-de-nous\/logo-hino\/#primaryimage"},"thumbnailUrl":"https:\/\/stage.tbkdev.com\/dev\/hinocanada.com\/src\/wp-content\/uploads\/2016\/10\/Hino-history2-2200x1316.jpg","datePublished":"2017-02-02T22:12:29+00:00","dateModified":"2017-05-09T19:52:27+00:00","breadcrumb":{"@id":"https:\/\/stage.tbkdev.com\/dev\/hinocanada.com\/src\/fr\/propos-de-nous\/logo-hino\/#breadcrumb"},"inLanguage":"fr-CA","potentialAction":[{"@type":"ReadAction","target":["https:\/\/stage.tbkdev.com\/dev\/hinocanada.com\/src\/fr\/propos-de-nous\/logo-hino\/"]}]},{"@type":"ImageObject","inLanguage":"fr-CA","@id":"https:\/\/stage.tbkdev.com\/dev\/hinocanada.com\/src\/fr\/propos-de-nous\/logo-hino\/#primaryimage","url":"https:\/\/stage.tbkdev.com\/dev\/hinocanada.com\/src\/wp-content\/uploads\/2016\/10\/Hino-history2-2200x1316.jpg","contentUrl":"https:\/\/stage.tbkdev.com\/dev\/hinocanada.com\/src\/wp-content\/uploads\/2016\/10\/Hino-history2-2200x1316.jpg","width":3072,"height":1316},{"@type":"BreadcrumbList","@id":"https:\/\/stage.tbkdev.com\/dev\/hinocanada.com\/src\/fr\/propos-de-nous\/logo-hino\/#breadcrumb","itemListElement":[{"@type":"ListItem","position":1,"name":"Home","item":"https:\/\/stage.tbkdev.com\/dev\/hinocanada.com\/src\/fr\/"},{"@type":"ListItem","position":2,"name":"\u00c0 propos de nous","item":"https:\/\/stage.tbkdev.com\/dev\/hinocanada.com\/src\/fr\/propos-de-nous\/"},{"@type":"ListItem","position":3,"name":"Logo Hino"}]},{"@type":"WebSite","@id":"https:\/\/stage.tbkdev.com\/dev\/hinocanada.com\/src\/#website","url":"https:\/\/stage.tbkdev.com\/dev\/hinocanada.com\/src\/","name":"Hino Canada","description":"Just another WordPress site","potentialAction":[{"@type":"SearchAction","target":{"@type":"EntryPoint","urlTemplate":"https:\/\/stage.tbkdev.com\/dev\/hinocanada.com\/src\/?s={search_term_string}"},"query-input":{"@type":"PropertyValueSpecification","valueRequired":true,"valueName":"search_term_string"}}],"inLanguage":"fr-CA"}]}},"_links":{"self":[{"href":"https:\/\/stage.tbkdev.com\/dev\/hinocanada.com\/src\/fr\/wp-json\/wp\/v2\/pages\/3423","targetHints":{"allow":["GET"]}}],"collection":[{"href":"https:\/\/stage.tbkdev.com\/dev\/hinocanada.com\/src\/fr\/wp-json\/wp\/v2\/pages"}],"about":[{"href":"https:\/\/stage.tbkdev.com\/dev\/hinocanada.com\/src\/fr\/wp-json\/wp\/v2\/types\/page"}],"author":[{"embeddable":true,"href":"https:\/\/stage.tbkdev.com\/dev\/hinocanada.com\/src\/fr\/wp-json\/wp\/v2\/users\/1"}],"replies":[{"embeddable":true,"href":"https:\/\/stage.tbkdev.com\/dev\/hinocanada.com\/src\/fr\/wp-json\/wp\/v2\/comments?post=3423"}],"version-history":[{"count":8,"href":"https:\/\/stage.tbkdev.com\/dev\/hinocanada.com\/src\/fr\/wp-json\/wp\/v2\/pages\/3423\/revisions"}],"predecessor-version":[{"id":4995,"href":"https:\/\/stage.tbkdev.com\/dev\/hinocanada.com\/src\/fr\/wp-json\/wp\/v2\/pages\/3423\/revisions\/4995"}],"up":[{"embeddable":true,"href":"https:\/\/stage.tbkdev.com\/dev\/hinocanada.com\/src\/fr\/wp-json\/wp\/v2\/pages\/3476"}],"wp:featuredmedia":[{"embeddable":true,"href":"https:\/\/stage.tbkdev.com\/dev\/hinocanada.com\/src\/fr\/wp-json\/wp\/v2\/media\/3147"}],"wp:attachment":[{"href":"https:\/\/stage.tbkdev.com\/dev\/hinocanada.com\/src\/fr\/wp-json\/wp\/v2\/media?parent=3423"}],"curies":[{"name":"wp","href":"https:\/\/api.w.org\/{rel}","templated":true}]}}