{"id":21554,"date":"2025-02-06T15:37:57","date_gmt":"2025-02-06T20:37:57","guid":{"rendered":"https:\/\/stage.tbkdev.com\/dev\/hinocanada.com\/src\/?page_id=21554"},"modified":"2025-02-06T15:37:57","modified_gmt":"2025-02-06T20:37:57","slug":"safety-recalls","status":"publish","type":"page","link":"https:\/\/stage.tbkdev.com\/dev\/hinocanada.com\/src\/fr\/pour-les-proprietaires\/safety-recalls\/","title":{"rendered":"Safety Recalls"},"content":{"rendered":"<div class=\"wpb-content-wrapper\"><p>[vc_row][vc_column][vc_empty_space][\/vc_column][\/vc_row][vc_row][vc_column css=&nbsp;&raquo;.vc_custom_1736868713323{padding-top: 10px !important;}&nbsp;&raquo;][vc_row_inner][vc_column_inner][vc_column_text css=&nbsp;&raquo;.vc_custom_1738870576538{padding-top: 20px !important;}&nbsp;&raquo;]<strong>Consultez les rappels de s\u00e9curit\u00e9 <\/strong>[\/vc_column_text][vc_column_text css=&nbsp;&raquo;&nbsp;&raquo;]HINO Canada s&rsquo;engage \u00e0 d\u00e9velopper des technologies pour s&rsquo;assurer que vous tirez un plaisir optimal de votre v\u00e9hicule. De temps \u00e0 autre, nous devrons peut-\u00eatre r\u00e9parer ou remplacer un ou plusieurs composants du v\u00e9hicule pour aider \u00e0 maintenir la qualit\u00e9 et la s\u00e9curit\u00e9 de votre v\u00e9hicule. En tant que propri\u00e9taire ou locataire HINO, vous serez inform\u00e9 par la poste si votre v\u00e9hicule n\u00e9cessite des r\u00e9parations ou un entretien et vous serez inform\u00e9 de la fa\u00e7on d&rsquo;obtenir la r\u00e9paration ou l&rsquo;entretien sans frais pour vous.[\/vc_column_text][\/vc_column_inner][\/vc_row_inner][vc_empty_space][vc_separator border_width=&nbsp;&raquo;3&Prime;][vc_column_text css=&nbsp;&raquo;.vc_custom_1738874145152{padding-top: 30px !important;padding-bottom: 10px !important;}&nbsp;&raquo;][\/vc_column_text][vc_tta_accordion style=&nbsp;&raquo;modern&nbsp;&raquo; active_section=&nbsp;&raquo;0&Prime;][vc_tta_section title=&nbsp;&raquo;Campagne de rappel de s\u00e9curit\u00e9 (SRC)&nbsp;&raquo; tab_id=&nbsp;&raquo;1736870730486-62e36c31-4cc5&Prime;][vc_column_text css=&nbsp;&raquo;&nbsp;&raquo;]Conform\u00e9ment aux exigences de la <strong><em>Loi sur la s\u00e9curit\u00e9 automobile<\/em><\/strong> du Canada, lorsque HINO a d\u00e9termin\u00e9 que votre v\u00e9hicule fait l\u2019objet d\u2019un d\u00e9faut ou d\u2019une non-conformit\u00e9 \u00e0 une Norme de s\u00e9curit\u00e9 des v\u00e9hicules automobiles du Canada qui se rapporte \u00e0 la s\u00e9curit\u00e9 des v\u00e9hicules automobiles, une campagne de rappel de s\u00e9curit\u00e9 est lanc\u00e9e. L&rsquo;inspection et\/ou les r\u00e9parations requises dans le cadre d&rsquo;une campagne de rappel de s\u00e9curit\u00e9 seront effectu\u00e9es sans frais pour le propri\u00e9taire du v\u00e9hicule.[\/vc_column_text][\/vc_tta_section][\/vc_tta_accordion][vc_separator border_width=&nbsp;&raquo;3&Prime;][vc_empty_space][\/vc_column][\/vc_row][vc_section][\/vc_section][vc_row][vc_column width=&nbsp;&raquo;1\/2&Prime;]<div class=\"text-center\">\n\t<a href=\"\" target=\"\" class=\"btn hino-button\">\n\t\t\t\tTelematics Ground Circuit M0460\/TC2024071\t<\/a>\n<\/div>\n<div class=\"text-center\">\n\t<a href=\"\" target=\"\" class=\"btn hino-button\">\n\t\t\t\tVIN AFFECTED VEHICLES\t<\/a>\n<\/div>\n[\/vc_column][\/vc_row][vc_row][vc_column][\/vc_column][\/vc_row][vc_row][vc_column][vc_separator border_width=&nbsp;&raquo;3&Prime;][vc_empty_space][\/vc_column][\/vc_row][vc_row][vc_column][vc_column_text css=&nbsp;&raquo;&nbsp;&raquo;]<strong>Important:<\/strong>\u00a0Block Heater Recalls in Canada<br \/>\nSafety recalls involving certain Toyota block heaters were recently issued in Canada. If your vehicle is subject to one of those recalls, stop using your block heater immediately. Continued use of your recalled block heater may increase the risk of fire hazard.<\/p>\n<p>Use the VIN list to check for any recalls that apply to your vehicle, including the Block Heater Recall.<\/p>\n<p>If you have not been receiving recall notices by mail, please confirm your address with HINO Canada via the contact options below.[\/vc_column_text][vc_empty_space]<small>Pour nous assurer que nous avons votre adresse postale exacte, <a href=\"https:\/\/na01.safelinks.protection.outlook.com\/?url=https%3A%2F%2Fwww.toyota.ca%2Ftoyota%2Fen%2Fowners%2Fupdate-info%3Fvin%3D&amp;data=05%7C02%7C%7Cb54f663eb0744db34f7808dd33f1e628%7C84df9e7fe9f640afb435aaaaaaaaaaaa%7C1%7C0%7C638723836231833277%7CUnknown%7CTWFpbGZsb3d8eyJFbXB0eU1hcGkiOnRydWUsIlYiOiIwLjAuMDAwMCIsIlAiOiJXaW4zMiIsIkFOIjoiTWFpbCIsIldUIjoyfQ%3D%3D%7C0%7C%7C%7C&amp;sdata=onqjmNOl22bcyojKplPYw2GUv7WtYl7t%2FEoehPvpAlI%3D&amp;reserved=0\"><strong>veuillez cliquer ici pour mettre \u00e0 jour l\u2019information vous concernant<\/strong><\/a> (ceci est un lien de param\u00e8tre fictif uniquement; il \u00e9tablira un lien vers la page de mise \u00e0 jour de l&rsquo;information de HINO Canada).<\/small>[\/vc_column][\/vc_row]<\/p>\n<\/div>","protected":false},"excerpt":{"rendered":"<p>[vc_row][vc_column][vc_empty_space][\/vc_column][\/vc_row][vc_row][vc_column css=&nbsp;&raquo;.vc_custom_1736868713323{padding-top: 10px !important;}&nbsp;&raquo;][vc_row_inner][vc_column_inner][vc_column_text css=&nbsp;&raquo;.vc_custom_1738870576538{padding-top: 20px !important;}&nbsp;&raquo;]Consultez les rappels de s\u00e9curit\u00e9 [\/vc_column_text][vc_column_text css=&nbsp;&raquo;&nbsp;&raquo;]HINO Canada s&rsquo;engage \u00e0 d\u00e9velopper des technologies pour s&rsquo;assurer que vous tirez un plaisir optimal de votre v\u00e9hicule. De temps \u00e0 autre, nous devrons peut-\u00eatre r\u00e9parer ou remplacer &hellip; [&#8230;]<\/p>\n","protected":false},"author":13,"featured_media":21724,"parent":5364,"menu_order":6,"comment_status":"closed","ping_status":"closed","template":"","meta":{"_acf_changed":false,"footnotes":""},"class_list":["post-21554","page","type-page","status-publish","has-post-thumbnail","hentry"],"acf":[],"yoast_head":"<!-- This site is optimized with the Yoast SEO plugin v23.9 - https:\/\/yoast.com\/wordpress\/plugins\/seo\/ -->\n<title>Hino Warranty Coverage | Hino Motors Canada<\/title>\n<meta name=\"description\" content=\"Hino&#039;s industry-leading vehicle protection plan just got better!\" \/>\n<meta name=\"robots\" content=\"noindex, follow, max-snippet:-1, max-image-preview:large, max-video-preview:-1\" \/>\n<meta property=\"og:locale\" content=\"fr_CA\" \/>\n<meta property=\"og:type\" content=\"article\" \/>\n<meta property=\"og:title\" content=\"Hino Warranty Coverage | Hino Motors Canada\" \/>\n<meta property=\"og:description\" content=\"Hino&#039;s industry-leading vehicle protection plan just got better!\" \/>\n<meta property=\"og:url\" content=\"https:\/\/stage.tbkdev.com\/dev\/hinocanada.com\/src\/fr\/pour-les-proprietaires\/safety-recalls\/\" \/>\n<meta property=\"og:site_name\" content=\"Hino Canada\" \/>\n<meta property=\"article:publisher\" content=\"https:\/\/www.facebook.com\/hinocanada\" \/>\n<meta property=\"og:image\" content=\"https:\/\/stage.tbkdev.com\/dev\/hinocanada.com\/src\/wp-content\/uploads\/2025\/01\/Hino-Recall-Banner-5-2200x1576.jpg\" \/>\n\t<meta property=\"og:image:width\" content=\"2560\" \/>\n\t<meta property=\"og:image:height\" content=\"955\" \/>\n\t<meta property=\"og:image:type\" content=\"image\/jpeg\" \/>\n<meta name=\"twitter:card\" content=\"summary_large_image\" \/>\n<meta name=\"twitter:label1\" content=\"Est. reading time\" \/>\n\t<meta name=\"twitter:data1\" content=\"2 minutes\" \/>\n<script type=\"application\/ld+json\" class=\"yoast-schema-graph\">{\"@context\":\"https:\/\/schema.org\",\"@graph\":[{\"@type\":\"WebPage\",\"@id\":\"https:\/\/stage.tbkdev.com\/dev\/hinocanada.com\/src\/fr\/pour-les-proprietaires\/safety-recalls\/\",\"url\":\"https:\/\/stage.tbkdev.com\/dev\/hinocanada.com\/src\/fr\/pour-les-proprietaires\/safety-recalls\/\",\"name\":\"Hino Warranty Coverage | Hino Motors Canada\",\"isPartOf\":{\"@id\":\"https:\/\/stage.tbkdev.com\/dev\/hinocanada.com\/src\/#website\"},\"primaryImageOfPage\":{\"@id\":\"https:\/\/stage.tbkdev.com\/dev\/hinocanada.com\/src\/fr\/pour-les-proprietaires\/safety-recalls\/#primaryimage\"},\"image\":{\"@id\":\"https:\/\/stage.tbkdev.com\/dev\/hinocanada.com\/src\/fr\/pour-les-proprietaires\/safety-recalls\/#primaryimage\"},\"thumbnailUrl\":\"https:\/\/stage.tbkdev.com\/dev\/hinocanada.com\/src\/wp-content\/uploads\/2025\/02\/Hino-Recall-Banner-9-2200x1576.jpg\",\"datePublished\":\"2025-02-06T20:37:57+00:00\",\"dateModified\":\"2025-02-06T20:37:57+00:00\",\"description\":\"Hino's industry-leading vehicle protection plan just got better!\",\"breadcrumb\":{\"@id\":\"https:\/\/stage.tbkdev.com\/dev\/hinocanada.com\/src\/fr\/pour-les-proprietaires\/safety-recalls\/#breadcrumb\"},\"inLanguage\":\"fr-CA\",\"potentialAction\":[{\"@type\":\"ReadAction\",\"target\":[\"https:\/\/stage.tbkdev.com\/dev\/hinocanada.com\/src\/fr\/pour-les-proprietaires\/safety-recalls\/\"]}]},{\"@type\":\"ImageObject\",\"inLanguage\":\"fr-CA\",\"@id\":\"https:\/\/stage.tbkdev.com\/dev\/hinocanada.com\/src\/fr\/pour-les-proprietaires\/safety-recalls\/#primaryimage\",\"url\":\"https:\/\/stage.tbkdev.com\/dev\/hinocanada.com\/src\/wp-content\/uploads\/2025\/02\/Hino-Recall-Banner-9-2200x1576.jpg\",\"contentUrl\":\"https:\/\/stage.tbkdev.com\/dev\/hinocanada.com\/src\/wp-content\/uploads\/2025\/02\/Hino-Recall-Banner-9-2200x1576.jpg\",\"width\":2560,\"height\":955},{\"@type\":\"BreadcrumbList\",\"@id\":\"https:\/\/stage.tbkdev.com\/dev\/hinocanada.com\/src\/fr\/pour-les-proprietaires\/safety-recalls\/#breadcrumb\",\"itemListElement\":[{\"@type\":\"ListItem\",\"position\":1,\"name\":\"Home\",\"item\":\"https:\/\/stage.tbkdev.com\/dev\/hinocanada.com\/src\/fr\/\"},{\"@type\":\"ListItem\",\"position\":2,\"name\":\"Pour les propri\u00e9taires\",\"item\":\"https:\/\/stage.tbkdev.com\/dev\/hinocanada.com\/src\/fr\/pour-les-proprietaires\/\"},{\"@type\":\"ListItem\",\"position\":3,\"name\":\"Safety Recalls\"}]},{\"@type\":\"WebSite\",\"@id\":\"https:\/\/stage.tbkdev.com\/dev\/hinocanada.com\/src\/#website\",\"url\":\"https:\/\/stage.tbkdev.com\/dev\/hinocanada.com\/src\/\",\"name\":\"Hino Canada\",\"description\":\"Just another WordPress site\",\"potentialAction\":[{\"@type\":\"SearchAction\",\"target\":{\"@type\":\"EntryPoint\",\"urlTemplate\":\"https:\/\/stage.tbkdev.com\/dev\/hinocanada.com\/src\/?s={search_term_string}\"},\"query-input\":{\"@type\":\"PropertyValueSpecification\",\"valueRequired\":true,\"valueName\":\"search_term_string\"}}],\"inLanguage\":\"fr-CA\"}]}<\/script>\n<!-- \/ Yoast SEO plugin. -->","yoast_head_json":{"title":"Hino Warranty Coverage | Hino Motors Canada","description":"Hino's industry-leading vehicle protection plan just got better!","robots":{"index":"noindex","follow":"follow","max-snippet":"max-snippet:-1","max-image-preview":"max-image-preview:large","max-video-preview":"max-video-preview:-1"},"og_locale":"fr_CA","og_type":"article","og_title":"Hino Warranty Coverage | Hino Motors Canada","og_description":"Hino's industry-leading vehicle protection plan just got better!","og_url":"https:\/\/stage.tbkdev.com\/dev\/hinocanada.com\/src\/fr\/pour-les-proprietaires\/safety-recalls\/","og_site_name":"Hino Canada","article_publisher":"https:\/\/www.facebook.com\/hinocanada","og_image":[{"width":2560,"height":955,"url":"https:\/\/stage.tbkdev.com\/dev\/hinocanada.com\/src\/wp-content\/uploads\/2025\/01\/Hino-Recall-Banner-5-2200x1576.jpg","type":"image\/jpeg"}],"twitter_card":"summary_large_image","twitter_misc":{"Est. reading time":"2 minutes"},"schema":{"@context":"https:\/\/schema.org","@graph":[{"@type":"WebPage","@id":"https:\/\/stage.tbkdev.com\/dev\/hinocanada.com\/src\/fr\/pour-les-proprietaires\/safety-recalls\/","url":"https:\/\/stage.tbkdev.com\/dev\/hinocanada.com\/src\/fr\/pour-les-proprietaires\/safety-recalls\/","name":"Hino Warranty Coverage | Hino Motors Canada","isPartOf":{"@id":"https:\/\/stage.tbkdev.com\/dev\/hinocanada.com\/src\/#website"},"primaryImageOfPage":{"@id":"https:\/\/stage.tbkdev.com\/dev\/hinocanada.com\/src\/fr\/pour-les-proprietaires\/safety-recalls\/#primaryimage"},"image":{"@id":"https:\/\/stage.tbkdev.com\/dev\/hinocanada.com\/src\/fr\/pour-les-proprietaires\/safety-recalls\/#primaryimage"},"thumbnailUrl":"https:\/\/stage.tbkdev.com\/dev\/hinocanada.com\/src\/wp-content\/uploads\/2025\/02\/Hino-Recall-Banner-9-2200x1576.jpg","datePublished":"2025-02-06T20:37:57+00:00","dateModified":"2025-02-06T20:37:57+00:00","description":"Hino's industry-leading vehicle protection plan just got better!","breadcrumb":{"@id":"https:\/\/stage.tbkdev.com\/dev\/hinocanada.com\/src\/fr\/pour-les-proprietaires\/safety-recalls\/#breadcrumb"},"inLanguage":"fr-CA","potentialAction":[{"@type":"ReadAction","target":["https:\/\/stage.tbkdev.com\/dev\/hinocanada.com\/src\/fr\/pour-les-proprietaires\/safety-recalls\/"]}]},{"@type":"ImageObject","inLanguage":"fr-CA","@id":"https:\/\/stage.tbkdev.com\/dev\/hinocanada.com\/src\/fr\/pour-les-proprietaires\/safety-recalls\/#primaryimage","url":"https:\/\/stage.tbkdev.com\/dev\/hinocanada.com\/src\/wp-content\/uploads\/2025\/02\/Hino-Recall-Banner-9-2200x1576.jpg","contentUrl":"https:\/\/stage.tbkdev.com\/dev\/hinocanada.com\/src\/wp-content\/uploads\/2025\/02\/Hino-Recall-Banner-9-2200x1576.jpg","width":2560,"height":955},{"@type":"BreadcrumbList","@id":"https:\/\/stage.tbkdev.com\/dev\/hinocanada.com\/src\/fr\/pour-les-proprietaires\/safety-recalls\/#breadcrumb","itemListElement":[{"@type":"ListItem","position":1,"name":"Home","item":"https:\/\/stage.tbkdev.com\/dev\/hinocanada.com\/src\/fr\/"},{"@type":"ListItem","position":2,"name":"Pour les propri\u00e9taires","item":"https:\/\/stage.tbkdev.com\/dev\/hinocanada.com\/src\/fr\/pour-les-proprietaires\/"},{"@type":"ListItem","position":3,"name":"Safety Recalls"}]},{"@type":"WebSite","@id":"https:\/\/stage.tbkdev.com\/dev\/hinocanada.com\/src\/#website","url":"https:\/\/stage.tbkdev.com\/dev\/hinocanada.com\/src\/","name":"Hino Canada","description":"Just another WordPress site","potentialAction":[{"@type":"SearchAction","target":{"@type":"EntryPoint","urlTemplate":"https:\/\/stage.tbkdev.com\/dev\/hinocanada.com\/src\/?s={search_term_string}"},"query-input":{"@type":"PropertyValueSpecification","valueRequired":true,"valueName":"search_term_string"}}],"inLanguage":"fr-CA"}]}},"_links":{"self":[{"href":"https:\/\/stage.tbkdev.com\/dev\/hinocanada.com\/src\/fr\/wp-json\/wp\/v2\/pages\/21554","targetHints":{"allow":["GET"]}}],"collection":[{"href":"https:\/\/stage.tbkdev.com\/dev\/hinocanada.com\/src\/fr\/wp-json\/wp\/v2\/pages"}],"about":[{"href":"https:\/\/stage.tbkdev.com\/dev\/hinocanada.com\/src\/fr\/wp-json\/wp\/v2\/types\/page"}],"author":[{"embeddable":true,"href":"https:\/\/stage.tbkdev.com\/dev\/hinocanada.com\/src\/fr\/wp-json\/wp\/v2\/users\/13"}],"replies":[{"embeddable":true,"href":"https:\/\/stage.tbkdev.com\/dev\/hinocanada.com\/src\/fr\/wp-json\/wp\/v2\/comments?post=21554"}],"version-history":[{"count":4,"href":"https:\/\/stage.tbkdev.com\/dev\/hinocanada.com\/src\/fr\/wp-json\/wp\/v2\/pages\/21554\/revisions"}],"predecessor-version":[{"id":21684,"href":"https:\/\/stage.tbkdev.com\/dev\/hinocanada.com\/src\/fr\/wp-json\/wp\/v2\/pages\/21554\/revisions\/21684"}],"up":[{"embeddable":true,"href":"https:\/\/stage.tbkdev.com\/dev\/hinocanada.com\/src\/fr\/wp-json\/wp\/v2\/pages\/5364"}],"wp:featuredmedia":[{"embeddable":true,"href":"https:\/\/stage.tbkdev.com\/dev\/hinocanada.com\/src\/fr\/wp-json\/wp\/v2\/media\/21724"}],"wp:attachment":[{"href":"https:\/\/stage.tbkdev.com\/dev\/hinocanada.com\/src\/fr\/wp-json\/wp\/v2\/media?parent=21554"}],"curies":[{"name":"wp","href":"https:\/\/api.w.org\/{rel}","templated":true}]}}