{"id":20389,"date":"2023-02-23T14:39:01","date_gmt":"2023-02-23T19:39:01","guid":{"rendered":"https:\/\/stage.tbkdev.com\/dev\/hinocanada.com\/src\/?page_id=20389"},"modified":"2023-02-23T14:39:01","modified_gmt":"2023-02-23T19:39:01","slug":"hino-edge-design-example","status":"publish","type":"page","link":"https:\/\/stage.tbkdev.com\/dev\/hinocanada.com\/src\/fr\/pour-les-proprietaires\/hino-edge-design-example\/","title":{"rendered":"HINO EDGE &#8211; DESIGN EXAMPLE"},"content":{"rendered":"<div class=\"wpb-content-wrapper\"><p>[vc_row][vc_column][hero_slider_container]<div class=\"item\">\n\t<div class=\"slider-owl-background\" style=\"background-image: url(https:\/\/stage.tbkdev.com\/dev\/hinocanada.com\/src\/wp-content\/uploads\/2023\/02\/Hino-Edge-page-header-image2023-1860x1085.jpg);\"><\/div>\n\t<div class=\"slider-owl-overlay visible\"><\/div>\n\t<div class=\"slider-owl-item-inner\">\n\t\t<div class=\"slide-owl-item-inner-heading-container center\">\n\t\t\t<div class=\"wow fadeInUp\" data-wow-duration=\"1s\" data-wow-delay=\"1s\">\n\t\t\t\t<div class=\"slide-owl-item-inner-heading\">\n\t\t\t\t\tBUILT FOR YOU\t\t\t\t<\/div>\n\t\t\t\t<div class=\"slide-owl-item-inner-description\">\n\t\t\t\t\t\t\t\t\t<\/div>\n\t\t\t\t\t\t\t<\/div>\n\t\t<\/div>\n\t<\/div>\n<\/div>\n[\/hero_slider_container][basic_container][vc_empty_space height=&nbsp;&raquo;30px&nbsp;&raquo;][vc_column_text css_animation=&nbsp;&raquo;fadeIn&nbsp;&raquo;]<\/p>\n<h4 style=\"text-align: center;\">Welcome to the evolution of connectivity!<\/h4>\n<p>Hino is raising the bar in customer ownership experience with the introduction of HINO EDGE, the all-new, connected vehicle solution.\u00a0 HINO EDGE synergizes the digital connection between the fleet customer, dealer network, Telematics Service Providers, and Hino Ultimate Support Centre, to provide customers a competitive edge.<\/p>\n<p>[\/vc_column_text]<div class=\"text-center\">\n\t<a href=\"https:\/\/stage.tbkdev.com\/dev\/hinocanada.com\/src\/wp-content\/uploads\/2023\/02\/edge_brochure_11x85_22-hms.pdf\" target=\"_blank\" class=\"btn hino-button\">\n\t\t<span class=\"icon icon-download\"><\/span> \t\tHino Edge Brochure\t<\/a>\n<\/div>\n[vc_empty_space height=&nbsp;&raquo;50px&nbsp;&raquo;][\/basic_container][basic_container][vc_empty_space height=&nbsp;&raquo;30px&nbsp;&raquo;][vc_single_image image=&nbsp;&raquo;20315&Prime; img_size=&nbsp;&raquo;full&nbsp;&raquo; alignment=&nbsp;&raquo;center&nbsp;&raquo; css_animation=&nbsp;&raquo;fadeIn&nbsp;&raquo; css=&nbsp;&raquo;.vc_custom_1676473287456{margin-bottom: -60px !important;}&nbsp;&raquo;][vc_column_text css_animation=&nbsp;&raquo;fadeIn&nbsp;&raquo;]<\/p>\n<h4 style=\"text-align: center;\">Introducing HINO EDGE.<\/h4>\n<p style=\"text-align: left;\">HINO EDGE is a body of services within the Total Support Ownership Experience that only Hino can offer to you. It\u2019s a suite of services that helps us maximize your uptime, decrease maintenance costs and increases your ROI. No matter where you drive, or how you use your Hino, we\u2019ll be there right behind you mile after mile after mile.<\/p>\n<p>[\/vc_column_text][vc_empty_space height=&nbsp;&raquo;50px&nbsp;&raquo;][\/basic_container][\/vc_column][\/vc_row][vc_row css=&nbsp;&raquo;.vc_custom_1635451119003{background-color: #e8e8e8 !important;}&nbsp;&raquo;][vc_column][basic_container][vc_column_text css_animation=&nbsp;&raquo;fadeIn&nbsp;&raquo;]<\/p>\n<h4 style=\"text-align: center;\"><span style=\"color: #c4023c;\"><img loading=\"lazy\" decoding=\"async\" class=\"alignnone wp-image-18392\" src=\"https:\/\/stage.tbkdev.com\/dev\/hinocanada.com\/src\/wp-content\/uploads\/2021\/10\/Case-magt-150x150.png\" alt=\"\" width=\"70\" height=\"70\" srcset=\"https:\/\/stage.tbkdev.com\/dev\/hinocanada.com\/src\/wp-content\/uploads\/2021\/10\/Case-magt-150x150.png 150w, https:\/\/stage.tbkdev.com\/dev\/hinocanada.com\/src\/wp-content\/uploads\/2021\/10\/Case-magt-50x50.png 50w, https:\/\/stage.tbkdev.com\/dev\/hinocanada.com\/src\/wp-content\/uploads\/2021\/10\/Case-magt.png 200w, https:\/\/stage.tbkdev.com\/dev\/hinocanada.com\/src\/wp-content\/uploads\/2021\/10\/Case-magt-163x163.png 163w\" sizes=\"auto, (max-width: 70px) 100vw, 70px\" \/> Case Management<\/span><\/h4>\n<p>You know your truck is in good hands when your Case Management system is powered by Decisiv and easily controlled through your Ultimate Portal. If you have a fault code appear, you&rsquo;ll immediately get an email. Simply reply to that email to speak with a knowledgeable Ultimate Support representative.<\/p>\n<p>Then, in the Case Management tab, you can:<\/p>\n<p><img loading=\"lazy\" decoding=\"async\" class=\"wp-image-18425 size-medium alignleft\" src=\"https:\/\/stage.tbkdev.com\/dev\/hinocanada.com\/src\/wp-content\/uploads\/2021\/10\/CASE-MAN-1-300x103.png\" alt=\"\" width=\"300\" height=\"103\" srcset=\"https:\/\/stage.tbkdev.com\/dev\/hinocanada.com\/src\/wp-content\/uploads\/2021\/10\/CASE-MAN-1-300x103.png 300w, https:\/\/stage.tbkdev.com\/dev\/hinocanada.com\/src\/wp-content\/uploads\/2021\/10\/CASE-MAN-1-640x219.png 640w, https:\/\/stage.tbkdev.com\/dev\/hinocanada.com\/src\/wp-content\/uploads\/2021\/10\/CASE-MAN-1-230x79.png 230w, https:\/\/stage.tbkdev.com\/dev\/hinocanada.com\/src\/wp-content\/uploads\/2021\/10\/CASE-MAN-1-612x210.png 612w, https:\/\/stage.tbkdev.com\/dev\/hinocanada.com\/src\/wp-content\/uploads\/2021\/10\/CASE-MAN-1-500x171.png 500w, https:\/\/stage.tbkdev.com\/dev\/hinocanada.com\/src\/wp-content\/uploads\/2021\/10\/CASE-MAN-1-150x51.png 150w, https:\/\/stage.tbkdev.com\/dev\/hinocanada.com\/src\/wp-content\/uploads\/2021\/10\/CASE-MAN-1.png 665w\" sizes=\"auto, (max-width: 300px) 100vw, 300px\" \/><\/p>\n<p>1. View outstanding Recalls<br \/>\n2. Review Maintenance Due by mileage, engine hours or time<br \/>\n3. See all open cases<br \/>\n4. Contact your dealer to arrange service[\/vc_column_text][vc_empty_space height=&nbsp;&raquo;60px&nbsp;&raquo;][\/basic_container][\/vc_column][\/vc_row][vc_row css=&nbsp;&raquo;.vc_custom_1635452019565{background-color: #ffffff !important;}&nbsp;&raquo;][vc_column][basic_container][vc_column_text css_animation=&nbsp;&raquo;fadeIn&nbsp;&raquo;]<\/p>\n<h4 style=\"text-align: center;\"><span style=\"color: #c4023c;\"><img loading=\"lazy\" decoding=\"async\" class=\"alignnone wp-image-18395\" src=\"https:\/\/stage.tbkdev.com\/dev\/hinocanada.com\/src\/wp-content\/uploads\/2021\/10\/dashboard-200x200.png\" alt=\"\" width=\"90\" height=\"90\" srcset=\"https:\/\/stage.tbkdev.com\/dev\/hinocanada.com\/src\/wp-content\/uploads\/2021\/10\/dashboard.png 200w, https:\/\/stage.tbkdev.com\/dev\/hinocanada.com\/src\/wp-content\/uploads\/2021\/10\/dashboard-150x150.png 150w, https:\/\/stage.tbkdev.com\/dev\/hinocanada.com\/src\/wp-content\/uploads\/2021\/10\/dashboard-50x50.png 50w, https:\/\/stage.tbkdev.com\/dev\/hinocanada.com\/src\/wp-content\/uploads\/2021\/10\/dashboard-163x163.png 163w\" sizes=\"auto, (max-width: 90px) 100vw, 90px\" \/>\u00a0 Dashboard<\/span><\/h4>\n<p style=\"text-align: left;\"><img loading=\"lazy\" decoding=\"async\" class=\"wp-image-18411 alignleft\" src=\"https:\/\/stage.tbkdev.com\/dev\/hinocanada.com\/src\/wp-content\/uploads\/2021\/10\/DASHBOARD-1-665x322.png\" alt=\"\" width=\"350\" height=\"169\" \/><\/p>\n<p>The <strong>Hino Dashboard<\/strong> allows you to view your fleet location, nearest dealer and how your fleet&rsquo;s utilization compares to others.<\/p>\n<p>With <strong>Hino Benchmarking<\/strong>, you&rsquo;ll see a graphical snapshot of how you&rsquo;re doing compared to other similar vehicles in similar situations. Idle times, fuel economy &#8230; whatever data you need to optimize the performance of your fleet, you can find it here in real time. Never fly blind again! Everything you need to maximize your fleet&rsquo;s ROI is right here, right now.<\/p>\n<h4 style=\"text-align: center;\"><span style=\"color: #c4023c;\">\u00a0<\/span><\/h4>\n<p>[\/vc_column_text][vc_empty_space height=&nbsp;&raquo;60px&nbsp;&raquo;][\/basic_container][\/vc_column][\/vc_row][vc_row css=&nbsp;&raquo;.vc_custom_1635967332950{background-color: #e8e8e8 !important;}&nbsp;&raquo;][vc_column][basic_container][vc_column_text css_animation=&nbsp;&raquo;fadeIn&nbsp;&raquo;]<\/p>\n<h4 style=\"text-align: center;\"><span style=\"color: #c4023c;\"><img loading=\"lazy\" decoding=\"async\" class=\"alignnone wp-image-18389\" src=\"https:\/\/stage.tbkdev.com\/dev\/hinocanada.com\/src\/wp-content\/uploads\/2021\/10\/tekematic-200x200.png\" alt=\"\" width=\"80\" height=\"80\" srcset=\"https:\/\/stage.tbkdev.com\/dev\/hinocanada.com\/src\/wp-content\/uploads\/2021\/10\/tekematic.png 200w, https:\/\/stage.tbkdev.com\/dev\/hinocanada.com\/src\/wp-content\/uploads\/2021\/10\/tekematic-150x150.png 150w, https:\/\/stage.tbkdev.com\/dev\/hinocanada.com\/src\/wp-content\/uploads\/2021\/10\/tekematic-50x50.png 50w, https:\/\/stage.tbkdev.com\/dev\/hinocanada.com\/src\/wp-content\/uploads\/2021\/10\/tekematic-163x163.png 163w\" sizes=\"auto, (max-width: 80px) 100vw, 80px\" \/> Telematics<\/span><\/h4>\n<p style=\"text-align: left;\"><strong>With Hino, it&rsquo;s all about you. <\/strong>We&rsquo;ve partnered with the top Telematics service providers to empower you and your business with the choices that best fits your needs. You pick the provider. You select the features that are important to you. We have the hardware factory installed for you, after you tell us what features you want, we&rsquo;ll take it from there!<\/p>\n<p>In these 3 simple steps:<br \/>\n1. Log in to Hinoultimate.com<br \/>\n2. Select your TSP and desired trucks<br \/>\n3. Your Service provider will follow up and you can enjoy seamless integration.[\/vc_column_text][vc_empty_space height=&nbsp;&raquo;60px&nbsp;&raquo;][\/basic_container][\/vc_column][\/vc_row][vc_row css=&nbsp;&raquo;.vc_custom_1635452019565{background-color: #ffffff !important;}&nbsp;&raquo;][vc_column][basic_container][vc_column_text css_animation=&nbsp;&raquo;fadeIn&nbsp;&raquo;]<\/p>\n<p>&nbsp;<\/p>\n<p style=\"text-align: left;\">Here are just some of the providers we\u2019re already working with.<\/p>\n<p style=\"text-align: center;\"><img loading=\"lazy\" decoding=\"async\" class=\"wp-image-18382 alignnone\" src=\"https:\/\/stage.tbkdev.com\/dev\/hinocanada.com\/src\/wp-content\/uploads\/2021\/10\/telematic.png\" alt=\"\" width=\"702\" height=\"120\" srcset=\"https:\/\/stage.tbkdev.com\/dev\/hinocanada.com\/src\/wp-content\/uploads\/2021\/10\/telematic.png 702w, https:\/\/stage.tbkdev.com\/dev\/hinocanada.com\/src\/wp-content\/uploads\/2021\/10\/telematic-300x51.png 300w, https:\/\/stage.tbkdev.com\/dev\/hinocanada.com\/src\/wp-content\/uploads\/2021\/10\/telematic-640x109.png 640w, https:\/\/stage.tbkdev.com\/dev\/hinocanada.com\/src\/wp-content\/uploads\/2021\/10\/telematic-230x39.png 230w, https:\/\/stage.tbkdev.com\/dev\/hinocanada.com\/src\/wp-content\/uploads\/2021\/10\/telematic-612x105.png 612w, https:\/\/stage.tbkdev.com\/dev\/hinocanada.com\/src\/wp-content\/uploads\/2021\/10\/telematic-500x85.png 500w, https:\/\/stage.tbkdev.com\/dev\/hinocanada.com\/src\/wp-content\/uploads\/2021\/10\/telematic-150x26.png 150w\" sizes=\"auto, (max-width: 702px) 100vw, 702px\" \/><\/p>\n<p>[\/vc_column_text][vc_empty_space height=&nbsp;&raquo;80px&nbsp;&raquo;][\/basic_container][\/vc_column][\/vc_row][vc_row full_width=&nbsp;&raquo;stretch_row_content_no_spaces&nbsp;&raquo;][vc_column]<div class=\"image-banner\"  data-responsive-bg=\"responsive_bg69e1a784d36ba\">\n\t<div class=\"container\">\n\t\t<div class=\"image-banner-inner\">\n\t\t\t<div class=\"image-banner-text\">\n\t\t\t\t<h3 class=\"text-uppercase helvetica-bold cmn-red-clr mt-4 main-heading\">YOUR CONNECTED EDGE<\/h3>\t\t\t\t\t\t\t\t\t<div>\n\t\t\t\t\t\t<a class=\"btn btn-medium btn-unfilled white\" href=\"https:\/\/hinob2c.b2clogin.com\/hinob2c.onmicrosoft.com\/oauth2\/v2.0\/authorize?p=B2C_1_SIGNIN_WEB_PROD&client_id=814e7f6e-01b7-4727-8c80-daf094e88009&nonce=defaultNonce&redirect_uri=https%3A%2F%2Fhinoultimate.com%2Flogin&scope=openid&response_type=id_token&prompt=login\"\n\t\t\t\t\t\t   title=\"\" target=\"_blank\">\n\t\t\t\t\t\t\t<span class=\"btn-text\">HinoUltimate.com Login<\/span>\n\t\t\t\t\t\t\t<i class=\"icon-chevron-right\"><\/i>\n\t\t\t\t\t\t<\/a>\n\t\t\t\t\t<\/div>\n\t\t\t\t\t\t\t<\/div>\n\t\t<\/div>\n\t<\/div>\n<\/div>\n[\/vc_column][\/vc_row][vc_row][vc_column]<div class=\"image-cta-container\">\n\t<a class=\"image-cta-link\" href=\"https:\/\/stage.tbkdev.com\/dev\/hinocanada.com\/src\/hino-edge-terms-privacy\/\" target=\"_blank\">\t<div class=\"image-cta-container-inner container\" >\n\t\t<div class=\"image-cta-logo-container\">\n\t\t\t<img decoding=\"async\" class=\"image-cta-logo\" src=\"https:\/\/stage.tbkdev.com\/dev\/hinocanada.com\/src\/wp-content\/themes\/hino-canada\/images\/logo-transparent.png\"\n\t\t\t     alt=\"Hino Canada\">\n\t\t<\/div>\n\t\t<div class=\"image-cta-text-container\">\n\t\t\t<div class=\"image-cta-text\">\n\t\t\t\t\t\t\t\tLearn about HINO EDGE Terms &amp; Privacy\t\t\t\t\t\t\t\t\t<div class=\"image-cta-button\" ><span class=\"icon-play-circle\"><\/span><\/div>\n\t\t\t\t\t\t\t<\/div>\n\t\t<\/div>\n\t<\/div>\n\t<\/a><\/div>\n[\/vc_column][\/vc_row]<\/p>\n<\/div>","protected":false},"excerpt":{"rendered":"<p>[vc_row][vc_column][hero_slider_container][\/hero_slider_container][basic_container][vc_empty_space height=&nbsp;&raquo;30px&nbsp;&raquo;][vc_column_text css_animation=&nbsp;&raquo;fadeIn&nbsp;&raquo;]<\/p>\n<p> Welcome to the evolution of connectivity! <\/p>\n<p>Hino is raising the bar in customer ownership experience with the introduction of HINO EDGE, the all-new, connected vehicle solution.\u00a0 HINO EDGE synergizes the digital connection between the fleet customer, dealer &hellip; [&#8230;]<\/p>\n","protected":false},"author":1,"featured_media":0,"parent":5364,"menu_order":1,"comment_status":"closed","ping_status":"closed","template":"page-fullwidth.php","meta":{"_acf_changed":false,"footnotes":""},"class_list":["post-20389","page","type-page","status-publish","hentry"],"acf":[],"yoast_head":"<!-- This site is optimized with the Yoast SEO plugin v23.9 - https:\/\/yoast.com\/wordpress\/plugins\/seo\/ -->\n<title>Pi\u00e8ces - Camions \u00e0 cabine sur\u00e9lev\u00e9e et \u00e0 cabine conventionnelle | Hino Motors Canada<\/title>\n<meta name=\"description\" content=\"Les camions Hino sont parmi les v\u00e9hicules les plus fiables qui soient. Les pi\u00e8ces d\u2019origine Hino r\u00e9pondent aux m\u00eames normes de contr\u00f4le de qualit\u00e9 et assurent une performance optimale \u00e0 votre camion.\" \/>\n<meta name=\"robots\" content=\"noindex, follow, max-snippet:-1, max-image-preview:large, max-video-preview:-1\" \/>\n<meta property=\"og:locale\" content=\"fr_CA\" \/>\n<meta property=\"og:type\" content=\"article\" \/>\n<meta property=\"og:title\" content=\"Pi\u00e8ces - Camions \u00e0 cabine sur\u00e9lev\u00e9e et \u00e0 cabine conventionnelle | Hino Motors Canada\" \/>\n<meta property=\"og:description\" content=\"Les camions Hino sont parmi les v\u00e9hicules les plus fiables qui soient. Les pi\u00e8ces d\u2019origine Hino r\u00e9pondent aux m\u00eames normes de contr\u00f4le de qualit\u00e9 et assurent une performance optimale \u00e0 votre camion.\" \/>\n<meta property=\"og:url\" content=\"https:\/\/stage.tbkdev.com\/dev\/hinocanada.com\/src\/fr\/pour-les-proprietaires\/hino-edge-design-example\/\" \/>\n<meta property=\"og:site_name\" content=\"Hino Canada\" \/>\n<meta property=\"article:publisher\" content=\"https:\/\/www.facebook.com\/hinocanada\" \/>\n<meta property=\"og:image\" content=\"https:\/\/stage.tbkdev.com\/dev\/hinocanada.com\/src\/wp-content\/uploads\/2021\/10\/Case-magt-150x150.png\" \/>\n<meta name=\"twitter:card\" content=\"summary_large_image\" \/>\n<meta name=\"twitter:label1\" content=\"Est. reading time\" \/>\n\t<meta name=\"twitter:data1\" content=\"4 minutes\" \/>\n<script type=\"application\/ld+json\" class=\"yoast-schema-graph\">{\"@context\":\"https:\/\/schema.org\",\"@graph\":[{\"@type\":\"WebPage\",\"@id\":\"https:\/\/stage.tbkdev.com\/dev\/hinocanada.com\/src\/fr\/pour-les-proprietaires\/hino-edge-design-example\/\",\"url\":\"https:\/\/stage.tbkdev.com\/dev\/hinocanada.com\/src\/fr\/pour-les-proprietaires\/hino-edge-design-example\/\",\"name\":\"Pi\u00e8ces - Camions \u00e0 cabine sur\u00e9lev\u00e9e et \u00e0 cabine conventionnelle | Hino Motors Canada\",\"isPartOf\":{\"@id\":\"https:\/\/stage.tbkdev.com\/dev\/hinocanada.com\/src\/#website\"},\"primaryImageOfPage\":{\"@id\":\"https:\/\/stage.tbkdev.com\/dev\/hinocanada.com\/src\/fr\/pour-les-proprietaires\/hino-edge-design-example\/#primaryimage\"},\"image\":{\"@id\":\"https:\/\/stage.tbkdev.com\/dev\/hinocanada.com\/src\/fr\/pour-les-proprietaires\/hino-edge-design-example\/#primaryimage\"},\"thumbnailUrl\":\"https:\/\/stage.tbkdev.com\/dev\/hinocanada.com\/src\/wp-content\/uploads\/2021\/10\/Case-magt-150x150.png\",\"datePublished\":\"2023-02-23T19:39:01+00:00\",\"dateModified\":\"2023-02-23T19:39:01+00:00\",\"description\":\"Les camions Hino sont parmi les v\u00e9hicules les plus fiables qui soient. Les pi\u00e8ces d\u2019origine Hino r\u00e9pondent aux m\u00eames normes de contr\u00f4le de qualit\u00e9 et assurent une performance optimale \u00e0 votre camion.\",\"breadcrumb\":{\"@id\":\"https:\/\/stage.tbkdev.com\/dev\/hinocanada.com\/src\/fr\/pour-les-proprietaires\/hino-edge-design-example\/#breadcrumb\"},\"inLanguage\":\"fr-CA\",\"potentialAction\":[{\"@type\":\"ReadAction\",\"target\":[\"https:\/\/stage.tbkdev.com\/dev\/hinocanada.com\/src\/fr\/pour-les-proprietaires\/hino-edge-design-example\/\"]}]},{\"@type\":\"ImageObject\",\"inLanguage\":\"fr-CA\",\"@id\":\"https:\/\/stage.tbkdev.com\/dev\/hinocanada.com\/src\/fr\/pour-les-proprietaires\/hino-edge-design-example\/#primaryimage\",\"url\":\"https:\/\/stage.tbkdev.com\/dev\/hinocanada.com\/src\/wp-content\/uploads\/2021\/10\/Case-magt-150x150.png\",\"contentUrl\":\"https:\/\/stage.tbkdev.com\/dev\/hinocanada.com\/src\/wp-content\/uploads\/2021\/10\/Case-magt-150x150.png\"},{\"@type\":\"BreadcrumbList\",\"@id\":\"https:\/\/stage.tbkdev.com\/dev\/hinocanada.com\/src\/fr\/pour-les-proprietaires\/hino-edge-design-example\/#breadcrumb\",\"itemListElement\":[{\"@type\":\"ListItem\",\"position\":1,\"name\":\"Home\",\"item\":\"https:\/\/stage.tbkdev.com\/dev\/hinocanada.com\/src\/fr\/\"},{\"@type\":\"ListItem\",\"position\":2,\"name\":\"Pour les propri\u00e9taires\",\"item\":\"https:\/\/stage.tbkdev.com\/dev\/hinocanada.com\/src\/fr\/pour-les-proprietaires\/\"},{\"@type\":\"ListItem\",\"position\":3,\"name\":\"HINO EDGE &#8211; DESIGN EXAMPLE\"}]},{\"@type\":\"WebSite\",\"@id\":\"https:\/\/stage.tbkdev.com\/dev\/hinocanada.com\/src\/#website\",\"url\":\"https:\/\/stage.tbkdev.com\/dev\/hinocanada.com\/src\/\",\"name\":\"Hino Canada\",\"description\":\"Just another WordPress site\",\"potentialAction\":[{\"@type\":\"SearchAction\",\"target\":{\"@type\":\"EntryPoint\",\"urlTemplate\":\"https:\/\/stage.tbkdev.com\/dev\/hinocanada.com\/src\/?s={search_term_string}\"},\"query-input\":{\"@type\":\"PropertyValueSpecification\",\"valueRequired\":true,\"valueName\":\"search_term_string\"}}],\"inLanguage\":\"fr-CA\"}]}<\/script>\n<!-- \/ Yoast SEO plugin. -->","yoast_head_json":{"title":"Pi\u00e8ces - Camions \u00e0 cabine sur\u00e9lev\u00e9e et \u00e0 cabine conventionnelle | Hino Motors Canada","description":"Les camions Hino sont parmi les v\u00e9hicules les plus fiables qui soient. Les pi\u00e8ces d\u2019origine Hino r\u00e9pondent aux m\u00eames normes de contr\u00f4le de qualit\u00e9 et assurent une performance optimale \u00e0 votre camion.","robots":{"index":"noindex","follow":"follow","max-snippet":"max-snippet:-1","max-image-preview":"max-image-preview:large","max-video-preview":"max-video-preview:-1"},"og_locale":"fr_CA","og_type":"article","og_title":"Pi\u00e8ces - Camions \u00e0 cabine sur\u00e9lev\u00e9e et \u00e0 cabine conventionnelle | Hino Motors Canada","og_description":"Les camions Hino sont parmi les v\u00e9hicules les plus fiables qui soient. Les pi\u00e8ces d\u2019origine Hino r\u00e9pondent aux m\u00eames normes de contr\u00f4le de qualit\u00e9 et assurent une performance optimale \u00e0 votre camion.","og_url":"https:\/\/stage.tbkdev.com\/dev\/hinocanada.com\/src\/fr\/pour-les-proprietaires\/hino-edge-design-example\/","og_site_name":"Hino Canada","article_publisher":"https:\/\/www.facebook.com\/hinocanada","og_image":[{"url":"https:\/\/stage.tbkdev.com\/dev\/hinocanada.com\/src\/wp-content\/uploads\/2021\/10\/Case-magt-150x150.png"}],"twitter_card":"summary_large_image","twitter_misc":{"Est. reading time":"4 minutes"},"schema":{"@context":"https:\/\/schema.org","@graph":[{"@type":"WebPage","@id":"https:\/\/stage.tbkdev.com\/dev\/hinocanada.com\/src\/fr\/pour-les-proprietaires\/hino-edge-design-example\/","url":"https:\/\/stage.tbkdev.com\/dev\/hinocanada.com\/src\/fr\/pour-les-proprietaires\/hino-edge-design-example\/","name":"Pi\u00e8ces - Camions \u00e0 cabine sur\u00e9lev\u00e9e et \u00e0 cabine conventionnelle | Hino Motors Canada","isPartOf":{"@id":"https:\/\/stage.tbkdev.com\/dev\/hinocanada.com\/src\/#website"},"primaryImageOfPage":{"@id":"https:\/\/stage.tbkdev.com\/dev\/hinocanada.com\/src\/fr\/pour-les-proprietaires\/hino-edge-design-example\/#primaryimage"},"image":{"@id":"https:\/\/stage.tbkdev.com\/dev\/hinocanada.com\/src\/fr\/pour-les-proprietaires\/hino-edge-design-example\/#primaryimage"},"thumbnailUrl":"https:\/\/stage.tbkdev.com\/dev\/hinocanada.com\/src\/wp-content\/uploads\/2021\/10\/Case-magt-150x150.png","datePublished":"2023-02-23T19:39:01+00:00","dateModified":"2023-02-23T19:39:01+00:00","description":"Les camions Hino sont parmi les v\u00e9hicules les plus fiables qui soient. Les pi\u00e8ces d\u2019origine Hino r\u00e9pondent aux m\u00eames normes de contr\u00f4le de qualit\u00e9 et assurent une performance optimale \u00e0 votre camion.","breadcrumb":{"@id":"https:\/\/stage.tbkdev.com\/dev\/hinocanada.com\/src\/fr\/pour-les-proprietaires\/hino-edge-design-example\/#breadcrumb"},"inLanguage":"fr-CA","potentialAction":[{"@type":"ReadAction","target":["https:\/\/stage.tbkdev.com\/dev\/hinocanada.com\/src\/fr\/pour-les-proprietaires\/hino-edge-design-example\/"]}]},{"@type":"ImageObject","inLanguage":"fr-CA","@id":"https:\/\/stage.tbkdev.com\/dev\/hinocanada.com\/src\/fr\/pour-les-proprietaires\/hino-edge-design-example\/#primaryimage","url":"https:\/\/stage.tbkdev.com\/dev\/hinocanada.com\/src\/wp-content\/uploads\/2021\/10\/Case-magt-150x150.png","contentUrl":"https:\/\/stage.tbkdev.com\/dev\/hinocanada.com\/src\/wp-content\/uploads\/2021\/10\/Case-magt-150x150.png"},{"@type":"BreadcrumbList","@id":"https:\/\/stage.tbkdev.com\/dev\/hinocanada.com\/src\/fr\/pour-les-proprietaires\/hino-edge-design-example\/#breadcrumb","itemListElement":[{"@type":"ListItem","position":1,"name":"Home","item":"https:\/\/stage.tbkdev.com\/dev\/hinocanada.com\/src\/fr\/"},{"@type":"ListItem","position":2,"name":"Pour les propri\u00e9taires","item":"https:\/\/stage.tbkdev.com\/dev\/hinocanada.com\/src\/fr\/pour-les-proprietaires\/"},{"@type":"ListItem","position":3,"name":"HINO EDGE &#8211; DESIGN EXAMPLE"}]},{"@type":"WebSite","@id":"https:\/\/stage.tbkdev.com\/dev\/hinocanada.com\/src\/#website","url":"https:\/\/stage.tbkdev.com\/dev\/hinocanada.com\/src\/","name":"Hino Canada","description":"Just another WordPress site","potentialAction":[{"@type":"SearchAction","target":{"@type":"EntryPoint","urlTemplate":"https:\/\/stage.tbkdev.com\/dev\/hinocanada.com\/src\/?s={search_term_string}"},"query-input":{"@type":"PropertyValueSpecification","valueRequired":true,"valueName":"search_term_string"}}],"inLanguage":"fr-CA"}]}},"_links":{"self":[{"href":"https:\/\/stage.tbkdev.com\/dev\/hinocanada.com\/src\/fr\/wp-json\/wp\/v2\/pages\/20389","targetHints":{"allow":["GET"]}}],"collection":[{"href":"https:\/\/stage.tbkdev.com\/dev\/hinocanada.com\/src\/fr\/wp-json\/wp\/v2\/pages"}],"about":[{"href":"https:\/\/stage.tbkdev.com\/dev\/hinocanada.com\/src\/fr\/wp-json\/wp\/v2\/types\/page"}],"author":[{"embeddable":true,"href":"https:\/\/stage.tbkdev.com\/dev\/hinocanada.com\/src\/fr\/wp-json\/wp\/v2\/users\/1"}],"replies":[{"embeddable":true,"href":"https:\/\/stage.tbkdev.com\/dev\/hinocanada.com\/src\/fr\/wp-json\/wp\/v2\/comments?post=20389"}],"version-history":[{"count":1,"href":"https:\/\/stage.tbkdev.com\/dev\/hinocanada.com\/src\/fr\/wp-json\/wp\/v2\/pages\/20389\/revisions"}],"predecessor-version":[{"id":20394,"href":"https:\/\/stage.tbkdev.com\/dev\/hinocanada.com\/src\/fr\/wp-json\/wp\/v2\/pages\/20389\/revisions\/20394"}],"up":[{"embeddable":true,"href":"https:\/\/stage.tbkdev.com\/dev\/hinocanada.com\/src\/fr\/wp-json\/wp\/v2\/pages\/5364"}],"wp:attachment":[{"href":"https:\/\/stage.tbkdev.com\/dev\/hinocanada.com\/src\/fr\/wp-json\/wp\/v2\/media?parent=20389"}],"curies":[{"name":"wp","href":"https:\/\/api.w.org\/{rel}","templated":true}]}}