{"id":18376,"date":"2023-02-23T12:38:15","date_gmt":"2023-02-23T17:38:15","guid":{"rendered":"https:\/\/stage.tbkdev.com\/dev\/hinocanada.com\/src\/?page_id=18376"},"modified":"2023-02-24T10:08:31","modified_gmt":"2023-02-24T15:08:31","slug":"hino-edge","status":"publish","type":"page","link":"https:\/\/stage.tbkdev.com\/dev\/hinocanada.com\/src\/fr\/pour-les-proprietaires\/hino-edge\/","title":{"rendered":"HINO EDGE"},"content":{"rendered":"<div class=\"wpb-content-wrapper\"><p>[vc_row][vc_column][hero_slider_container]<div class=\"item\">\n\t<div class=\"slider-owl-background\" style=\"background-image: url(https:\/\/stage.tbkdev.com\/dev\/hinocanada.com\/src\/wp-content\/uploads\/2023\/02\/Hino-Edge-page-header-image2023-1860x1085.jpg);\"><\/div>\n\t<div class=\"slider-owl-overlay visible\"><\/div>\n\t<div class=\"slider-owl-item-inner\">\n\t\t<div class=\"slide-owl-item-inner-heading-container center\">\n\t\t\t<div class=\"wow fadeInUp\" data-wow-duration=\"1s\" data-wow-delay=\"1s\">\n\t\t\t\t<div class=\"slide-owl-item-inner-heading\">\n\t\t\t\t\tBUILT FOR YOU \/ CONSTRUIT POUR VOUS\t\t\t\t<\/div>\n\t\t\t\t<div class=\"slide-owl-item-inner-description\">\n\t\t\t\t\t\t\t\t\t<\/div>\n\t\t\t\t\t\t\t<\/div>\n\t\t<\/div>\n\t<\/div>\n<\/div>\n[\/hero_slider_container][basic_container][vc_empty_space height=&nbsp;&raquo;30px&nbsp;&raquo;][vc_column_text css_animation=&nbsp;&raquo;fadeIn&nbsp;&raquo;]<\/p>\n<h4 style=\"text-align: center;\">Bienvenue \u00e0 l&rsquo;\u00e9volution de la connectivit\u00e9!<\/h4>\n<p>Hino rel\u00e8ve une fois de plus la barre en mati\u00e8re d\u2019exp\u00e9rience de propri\u00e9t\u00e9 du client avec la mise en place de Hino Edge, la toute nouvelle solution de v\u00e9hicule connect\u00e9 de troisi\u00e8me g\u00e9n\u00e9ration de l\u2019entreprise. Hino Edge optimise la connexion num\u00e9rique entre le client du parc automobile, le r\u00e9seau de concessionnaires, les fournisseurs de services t\u00e9l\u00e9matiques et le centre d\u2019assistance Ultimate de Hino, afin d\u2019offrir \u00e0 la client\u00e8le un avantage concurrentiel.[\/vc_column_text]<div class=\"text-center\">\n\t<a href=\"https:\/\/stage.tbkdev.com\/dev\/hinocanada.com\/src\/wp-content\/uploads\/2023\/02\/edge_brochure_11x85_22-\" target=\"\" class=\"btn hino-button\">\n\t\t<span class=\"icon icon-download\"><\/span> \t\tHino Edge Brochure\t<\/a>\n<\/div>\n[vc_empty_space height=&nbsp;&raquo;50px&nbsp;&raquo;][\/basic_container][\/vc_column][\/vc_row][vc_row css=&nbsp;&raquo;.vc_custom_1606935700639{margin-bottom: -60px !important;}&nbsp;&raquo;][vc_column el_id=&nbsp;&raquo;genuine-parts&nbsp;&raquo;][basic_container][vc_empty_space height=&nbsp;&raquo;30px&nbsp;&raquo;][vc_single_image image=&nbsp;&raquo;20317&Prime; img_size=&nbsp;&raquo;full&nbsp;&raquo; alignment=&nbsp;&raquo;center&nbsp;&raquo; css_animation=&nbsp;&raquo;fadeIn&nbsp;&raquo;][vc_column_text css_animation=&nbsp;&raquo;fadeIn&nbsp;&raquo;]<\/p>\n<h4 style=\"text-align: center;\">Introducing HINO EDGE.<\/h4>\n<p>HINO EDGE est un ensemble de services au sein de l&rsquo;exp\u00e9rience de propri\u00e9t\u00e9 d&rsquo;assistance totale que seul Hino peut vous offrir. Il s&rsquo;agit d&rsquo;une suite de services qui nous aide \u00e0 maximiser votre temps de disponibilit\u00e9, \u00e0 r\u00e9duire les co\u00fbts de maintenance et \u00e0 augmenter votre retour sur investissement.\u00a0 Peu importe o\u00f9 vous conduisez ou comment vous utilisez votre Hino, nous serons l\u00e0 juste derri\u00e8re vous, kilom\u00e8tre apr\u00e8s kilom\u00e8tre.<\/p>\n<p>[\/vc_column_text][vc_empty_space height=&nbsp;&raquo;70px&nbsp;&raquo;][\/basic_container][\/vc_column][\/vc_row][vc_row css=&nbsp;&raquo;.vc_custom_1677194828014{background-color: #e8e8e8 !important;}&nbsp;&raquo;][vc_column][basic_container][vc_column_text css_animation=&nbsp;&raquo;fadeIn&nbsp;&raquo; css=&nbsp;&raquo;.vc_custom_1677195162674{margin-left: 0px !important;}&nbsp;&raquo;]<\/p>\n<h4 style=\"text-align: center;\"><span style=\"color: #c4023c;\"><img loading=\"lazy\" decoding=\"async\" class=\"alignnone wp-image-18392\" src=\"https:\/\/stage.tbkdev.com\/dev\/hinocanada.com\/src\/wp-content\/uploads\/2021\/10\/Case-magt-150x150.png\" alt=\"\" width=\"70\" height=\"70\" srcset=\"https:\/\/stage.tbkdev.com\/dev\/hinocanada.com\/src\/wp-content\/uploads\/2021\/10\/Case-magt-150x150.png 150w, https:\/\/stage.tbkdev.com\/dev\/hinocanada.com\/src\/wp-content\/uploads\/2021\/10\/Case-magt-50x50.png 50w, https:\/\/stage.tbkdev.com\/dev\/hinocanada.com\/src\/wp-content\/uploads\/2021\/10\/Case-magt.png 200w, https:\/\/stage.tbkdev.com\/dev\/hinocanada.com\/src\/wp-content\/uploads\/2021\/10\/Case-magt-163x163.png 163w\" sizes=\"auto, (max-width: 70px) 100vw, 70px\" \/> Case Management \/ LA GESTION DE CAS<\/span><\/h4>\n<p>Vous savez que votre camion est entre de bonnes mains lorsque votre syst\u00e8me de gestion de cas est aliment\u00e9 par Decisiv et facilement contr\u00f4l\u00e9 par votre portail Ultimate. Si un code d\u2019erreur appara\u00eet, vous recevez imm\u00e9diatement un courriel. Il vous suffit de r\u00e9pondre \u00e0 ce courriel pour parler avec un repr\u00e9sentant comp\u00e9tent du service d\u2019assistance Ultimate.<\/p>\n<p>Ensuite, dans l\u2019onglet Gestion des cas, vous pouvez :<\/p>\n<p><img loading=\"lazy\" decoding=\"async\" class=\"wp-image-18425 size-medium alignleft\" src=\"https:\/\/stage.tbkdev.com\/dev\/hinocanada.com\/src\/wp-content\/uploads\/2021\/10\/CASE-MAN-1-300x103.png\" alt=\"\" width=\"300\" height=\"103\" srcset=\"https:\/\/stage.tbkdev.com\/dev\/hinocanada.com\/src\/wp-content\/uploads\/2021\/10\/CASE-MAN-1-300x103.png 300w, https:\/\/stage.tbkdev.com\/dev\/hinocanada.com\/src\/wp-content\/uploads\/2021\/10\/CASE-MAN-1-640x219.png 640w, https:\/\/stage.tbkdev.com\/dev\/hinocanada.com\/src\/wp-content\/uploads\/2021\/10\/CASE-MAN-1-230x79.png 230w, https:\/\/stage.tbkdev.com\/dev\/hinocanada.com\/src\/wp-content\/uploads\/2021\/10\/CASE-MAN-1-612x210.png 612w, https:\/\/stage.tbkdev.com\/dev\/hinocanada.com\/src\/wp-content\/uploads\/2021\/10\/CASE-MAN-1-500x171.png 500w, https:\/\/stage.tbkdev.com\/dev\/hinocanada.com\/src\/wp-content\/uploads\/2021\/10\/CASE-MAN-1-150x51.png 150w, https:\/\/stage.tbkdev.com\/dev\/hinocanada.com\/src\/wp-content\/uploads\/2021\/10\/CASE-MAN-1.png 665w\" sizes=\"auto, (max-width: 300px) 100vw, 300px\" \/><\/p>\n<p>1. Consulter les rappels en cours<br \/>\n2. V\u00e9rifier l\u2019entretien d\u00fb par kilom\u00e9trage, heures moteur ou temps.<br \/>\n3. Consulter tous les dossiers en cours<br \/>\n4. Contacter votre concessionnaire pour organiser le service[\/vc_column_text][vc_empty_space height=&nbsp;&raquo;60px&nbsp;&raquo;][\/basic_container][\/vc_column][\/vc_row][vc_row][vc_column][basic_container][vc_row_inner][vc_column_inner][\/vc_column_inner][\/vc_row_inner][vc_column_text css_animation=&nbsp;&raquo;fadeIn&nbsp;&raquo;]<\/p>\n<h4 style=\"text-align: center;\"><span style=\"color: #c4023c;\"><img loading=\"lazy\" decoding=\"async\" class=\"alignnone wp-image-18395\" src=\"https:\/\/stage.tbkdev.com\/dev\/hinocanada.com\/src\/wp-content\/uploads\/2021\/10\/dashboard-200x200.png\" alt=\"\" width=\"90\" height=\"90\" srcset=\"https:\/\/stage.tbkdev.com\/dev\/hinocanada.com\/src\/wp-content\/uploads\/2021\/10\/dashboard.png 200w, https:\/\/stage.tbkdev.com\/dev\/hinocanada.com\/src\/wp-content\/uploads\/2021\/10\/dashboard-150x150.png 150w, https:\/\/stage.tbkdev.com\/dev\/hinocanada.com\/src\/wp-content\/uploads\/2021\/10\/dashboard-50x50.png 50w, https:\/\/stage.tbkdev.com\/dev\/hinocanada.com\/src\/wp-content\/uploads\/2021\/10\/dashboard-163x163.png 163w\" sizes=\"auto, (max-width: 90px) 100vw, 90px\" \/>\u00a0 Dashboard \/ TABLEAU DE BORD<\/span><\/h4>\n<p style=\"text-align: left;\"><img loading=\"lazy\" decoding=\"async\" class=\"wp-image-18411 alignleft\" src=\"https:\/\/stage.tbkdev.com\/dev\/hinocanada.com\/src\/wp-content\/uploads\/2021\/10\/DASHBOARD-1-665x322.png\" alt=\"\" width=\"350\" height=\"169\" \/><\/p>\n<p>Le <strong>tableau de bord Hino<\/strong> vous permet de visualiser l\u2019emplacement de votre parc automobile, le concessionnaire le plus proche et de comparer l\u2019utilisation de votre parc \u00e0 celle des autres.<\/p>\n<p><strong>Avec Hino Benchmarking<\/strong>, vous obtiendrez un instantan\u00e9 graphique de votre rendement par rapport \u00e0 d\u2019autres v\u00e9hicules semblables dans des situations similaires. Temps de ralenti, \u00e9conomie de carburant&#8230; toutes les donn\u00e9es dont vous avez besoin pour optimiser le rendement de votre parc automobile, vous les trouverez ici en temps r\u00e9el. Ne naviguez plus jamais \u00e0 l\u2019aveuglette! Tout ce dont vous avez besoin pour optimiser le retour sur investissement de votre parc automobile se trouve ici et maintenant.[\/vc_column_text][vc_empty_space height=&nbsp;&raquo;60px&nbsp;&raquo;][\/basic_container][\/vc_column][\/vc_row][vc_row][vc_column css=&nbsp;&raquo;.vc_custom_1677195743016{background-color: #e8e8e8 !important;}&nbsp;&raquo;][basic_container][vc_column_text css_animation=&nbsp;&raquo;fadeIn&nbsp;&raquo;]<\/p>\n<h4 style=\"text-align: center;\"><span style=\"color: #c4023c;\"><img loading=\"lazy\" decoding=\"async\" class=\"alignnone wp-image-18389\" src=\"https:\/\/stage.tbkdev.com\/dev\/hinocanada.com\/src\/wp-content\/uploads\/2021\/10\/tekematic-200x200.png\" alt=\"\" width=\"80\" height=\"80\" srcset=\"https:\/\/stage.tbkdev.com\/dev\/hinocanada.com\/src\/wp-content\/uploads\/2021\/10\/tekematic.png 200w, https:\/\/stage.tbkdev.com\/dev\/hinocanada.com\/src\/wp-content\/uploads\/2021\/10\/tekematic-150x150.png 150w, https:\/\/stage.tbkdev.com\/dev\/hinocanada.com\/src\/wp-content\/uploads\/2021\/10\/tekematic-50x50.png 50w, https:\/\/stage.tbkdev.com\/dev\/hinocanada.com\/src\/wp-content\/uploads\/2021\/10\/tekematic-163x163.png 163w\" sizes=\"auto, (max-width: 80px) 100vw, 80px\" \/> T\u00c9L\u00c9MATIQUE<\/span><\/h4>\n<p><strong>Avec Hino, tout tourne autour de vous.<\/strong> Nous avons \u00e9tabli un partenariat avec les meilleurs fournisseurs de services t\u00e9l\u00e9matiques pour vous permettre, \u00e0 vous et \u00e0 votre entreprise, de faire les choix qui r\u00e9pondent le mieux \u00e0 vos besoins. Vous s\u00e9lectionnez le fournisseur. Vous choisissez les caract\u00e9ristiques qui sont importantes pour vous. Nous avons install\u00e9 le mat\u00e9riel en usine pour vous, apr\u00e8s nous avoir indiqu\u00e9 les caract\u00e9ristiques que vous souhaitez, nous nous chargeons du reste!<\/p>\n<p>Trois \u00e9tapes simples \u00e0 suivre :<br \/>\n1. Ouvrez une session \u00e0 Hinoultimate.com<br \/>\n2. S\u00e9lectionnez votre propri\u00e9t\u00e9 d\u2019assistance totale et vos camions souhait\u00e9s<br \/>\n3. Votre fournisseur de services assurera le suivi et vous pourrez profiter d\u2019une int\u00e9gration sans probl\u00e8me.[\/vc_column_text][vc_empty_space height=&nbsp;&raquo;60px&nbsp;&raquo;][\/basic_container][\/vc_column][\/vc_row][vc_row][vc_column][vc_column_text css_animation=&nbsp;&raquo;fadeIn&nbsp;&raquo;]<\/p>\n<p style=\"text-align: left;\">Here are just some of the providers we\u2019re already working with.<\/p>\n<p><em>Voici quelques-uns des fournisseurs avec qui nous travaillons d\u00e9j\u00e0.<\/em><\/p>\n<p style=\"text-align: center;\"><img loading=\"lazy\" decoding=\"async\" class=\"wp-image-18382 alignnone\" src=\"https:\/\/stage.tbkdev.com\/dev\/hinocanada.com\/src\/wp-content\/uploads\/2021\/10\/telematic.png\" alt=\"\" width=\"702\" height=\"120\" srcset=\"https:\/\/stage.tbkdev.com\/dev\/hinocanada.com\/src\/wp-content\/uploads\/2021\/10\/telematic.png 702w, https:\/\/stage.tbkdev.com\/dev\/hinocanada.com\/src\/wp-content\/uploads\/2021\/10\/telematic-300x51.png 300w, https:\/\/stage.tbkdev.com\/dev\/hinocanada.com\/src\/wp-content\/uploads\/2021\/10\/telematic-640x109.png 640w, https:\/\/stage.tbkdev.com\/dev\/hinocanada.com\/src\/wp-content\/uploads\/2021\/10\/telematic-230x39.png 230w, https:\/\/stage.tbkdev.com\/dev\/hinocanada.com\/src\/wp-content\/uploads\/2021\/10\/telematic-612x105.png 612w, https:\/\/stage.tbkdev.com\/dev\/hinocanada.com\/src\/wp-content\/uploads\/2021\/10\/telematic-500x85.png 500w, https:\/\/stage.tbkdev.com\/dev\/hinocanada.com\/src\/wp-content\/uploads\/2021\/10\/telematic-150x26.png 150w\" sizes=\"auto, (max-width: 702px) 100vw, 702px\" \/><\/p>\n<p>[\/vc_column_text][vc_empty_space height=&nbsp;&raquo;80px&nbsp;&raquo;][vc_empty_space]<div class=\"image-banner\"  data-responsive-bg=\"responsive_bg69e9f51b34625\">\n\t<div class=\"container\">\n\t\t<div class=\"image-banner-inner\">\n\t\t\t<div class=\"image-banner-text\">\n\t\t\t\t<h3 class=\"text-uppercase helvetica-bold cmn-red-clr mt-4 main-heading\">YOUR CONNECTED EDGE<\/h3>\t\t\t\t\t\t\t\t\t<div>\n\t\t\t\t\t\t<a class=\"btn btn-medium btn-unfilled white\" href=\"https:\/\/hinob2c.b2clogin.com\/hinob2c.onmicrosoft.com\/oauth2\/v2.0\/authorize?\"\n\t\t\t\t\t\t   title=\"\">\n\t\t\t\t\t\t\t<span class=\"btn-text\">HinoUltimate.com Login<\/span>\n\t\t\t\t\t\t\t<i class=\"icon-chevron-right\"><\/i>\n\t\t\t\t\t\t<\/a>\n\t\t\t\t\t<\/div>\n\t\t\t\t\t\t\t<\/div>\n\t\t<\/div>\n\t<\/div>\n<\/div>\n<div class=\"image-cta-container\">\n\t<a class=\"image-cta-link\" href=\"https:\/\/stage.tbkdev.com\/dev\/hinocanada.com\/src\/hino-edge-terms-privacy\/ _blank\" target=\"\">\t<div class=\"image-cta-container-inner container\" >\n\t\t<div class=\"image-cta-logo-container\">\n\t\t\t<img decoding=\"async\" class=\"image-cta-logo\" src=\"https:\/\/stage.tbkdev.com\/dev\/hinocanada.com\/src\/wp-content\/themes\/hino-canada\/images\/logo-transparent.png\"\n\t\t\t     alt=\"Hino Canada\">\n\t\t<\/div>\n\t\t<div class=\"image-cta-text-container\">\n\t\t\t<div class=\"image-cta-text\">\n\t\t\t\t\t\t\t\tLearn about HINO EDGE Terms &amp; Privacy\t\t\t\t\t\t\t\t\t<div class=\"image-cta-button\" ><span class=\"icon-play-circle\"><\/span><\/div>\n\t\t\t\t\t\t\t<\/div>\n\t\t<\/div>\n\t<\/div>\n\t<\/a><\/div>\n[\/vc_column][\/vc_row]<\/p>\n<\/div>","protected":false},"excerpt":{"rendered":"<p>[vc_row][vc_column][hero_slider_container][\/hero_slider_container][basic_container][vc_empty_space height=&nbsp;&raquo;30px&nbsp;&raquo;][vc_column_text css_animation=&nbsp;&raquo;fadeIn&nbsp;&raquo;]<\/p>\n<p> Bienvenue \u00e0 l&rsquo;\u00e9volution de la connectivit\u00e9! <\/p>\n<p>Hino rel\u00e8ve une fois de plus la barre en mati\u00e8re d\u2019exp\u00e9rience de propri\u00e9t\u00e9 du client avec la mise en place de Hino Edge, la toute nouvelle solution de v\u00e9hicule connect\u00e9 de &hellip; [&#8230;]<\/p>\n","protected":false},"author":8,"featured_media":0,"parent":5364,"menu_order":4,"comment_status":"closed","ping_status":"closed","template":"page-fullwidth.php","meta":{"_acf_changed":false,"footnotes":""},"class_list":["post-18376","page","type-page","status-publish","hentry"],"acf":[],"yoast_head":"<!-- This site is optimized with the Yoast SEO plugin v23.9 - https:\/\/yoast.com\/wordpress\/plugins\/seo\/ -->\n<title>Pi\u00e8ces - Camions \u00e0 cabine sur\u00e9lev\u00e9e et \u00e0 cabine conventionnelle | Hino Motors Canada<\/title>\n<meta name=\"description\" content=\"Les camions Hino sont parmi les v\u00e9hicules les plus fiables qui soient. Les pi\u00e8ces d\u2019origine Hino r\u00e9pondent aux m\u00eames normes de contr\u00f4le de qualit\u00e9 et assurent une performance optimale \u00e0 votre camion.\" \/>\n<meta name=\"robots\" content=\"noindex, follow, max-snippet:-1, max-image-preview:large, max-video-preview:-1\" \/>\n<meta property=\"og:locale\" content=\"fr_CA\" \/>\n<meta property=\"og:type\" content=\"article\" \/>\n<meta property=\"og:title\" content=\"Pi\u00e8ces - Camions \u00e0 cabine sur\u00e9lev\u00e9e et \u00e0 cabine conventionnelle | Hino Motors Canada\" \/>\n<meta property=\"og:description\" content=\"Les camions Hino sont parmi les v\u00e9hicules les plus fiables qui soient. Les pi\u00e8ces d\u2019origine Hino r\u00e9pondent aux m\u00eames normes de contr\u00f4le de qualit\u00e9 et assurent une performance optimale \u00e0 votre camion.\" \/>\n<meta property=\"og:url\" content=\"https:\/\/stage.tbkdev.com\/dev\/hinocanada.com\/src\/fr\/pour-les-proprietaires\/hino-edge\/\" \/>\n<meta property=\"og:site_name\" content=\"Hino Canada\" \/>\n<meta property=\"article:publisher\" content=\"https:\/\/www.facebook.com\/hinocanada\" \/>\n<meta property=\"article:modified_time\" content=\"2023-02-24T15:08:31+00:00\" \/>\n<meta property=\"og:image\" content=\"https:\/\/stage.tbkdev.com\/dev\/hinocanada.com\/src\/wp-content\/uploads\/2021\/10\/Case-magt-150x150.png\" \/>\n<meta name=\"twitter:card\" content=\"summary_large_image\" \/>\n<meta name=\"twitter:label1\" content=\"Est. reading time\" \/>\n\t<meta name=\"twitter:data1\" content=\"4 minutes\" \/>\n<script type=\"application\/ld+json\" class=\"yoast-schema-graph\">{\"@context\":\"https:\/\/schema.org\",\"@graph\":[{\"@type\":\"WebPage\",\"@id\":\"https:\/\/stage.tbkdev.com\/dev\/hinocanada.com\/src\/fr\/pour-les-proprietaires\/hino-edge\/\",\"url\":\"https:\/\/stage.tbkdev.com\/dev\/hinocanada.com\/src\/fr\/pour-les-proprietaires\/hino-edge\/\",\"name\":\"Pi\u00e8ces - Camions \u00e0 cabine sur\u00e9lev\u00e9e et \u00e0 cabine conventionnelle | Hino Motors Canada\",\"isPartOf\":{\"@id\":\"https:\/\/stage.tbkdev.com\/dev\/hinocanada.com\/src\/#website\"},\"primaryImageOfPage\":{\"@id\":\"https:\/\/stage.tbkdev.com\/dev\/hinocanada.com\/src\/fr\/pour-les-proprietaires\/hino-edge\/#primaryimage\"},\"image\":{\"@id\":\"https:\/\/stage.tbkdev.com\/dev\/hinocanada.com\/src\/fr\/pour-les-proprietaires\/hino-edge\/#primaryimage\"},\"thumbnailUrl\":\"https:\/\/stage.tbkdev.com\/dev\/hinocanada.com\/src\/wp-content\/uploads\/2021\/10\/Case-magt-150x150.png\",\"datePublished\":\"2023-02-23T17:38:15+00:00\",\"dateModified\":\"2023-02-24T15:08:31+00:00\",\"description\":\"Les camions Hino sont parmi les v\u00e9hicules les plus fiables qui soient. Les pi\u00e8ces d\u2019origine Hino r\u00e9pondent aux m\u00eames normes de contr\u00f4le de qualit\u00e9 et assurent une performance optimale \u00e0 votre camion.\",\"breadcrumb\":{\"@id\":\"https:\/\/stage.tbkdev.com\/dev\/hinocanada.com\/src\/fr\/pour-les-proprietaires\/hino-edge\/#breadcrumb\"},\"inLanguage\":\"fr-CA\",\"potentialAction\":[{\"@type\":\"ReadAction\",\"target\":[\"https:\/\/stage.tbkdev.com\/dev\/hinocanada.com\/src\/fr\/pour-les-proprietaires\/hino-edge\/\"]}]},{\"@type\":\"ImageObject\",\"inLanguage\":\"fr-CA\",\"@id\":\"https:\/\/stage.tbkdev.com\/dev\/hinocanada.com\/src\/fr\/pour-les-proprietaires\/hino-edge\/#primaryimage\",\"url\":\"https:\/\/stage.tbkdev.com\/dev\/hinocanada.com\/src\/wp-content\/uploads\/2021\/10\/Case-magt-150x150.png\",\"contentUrl\":\"https:\/\/stage.tbkdev.com\/dev\/hinocanada.com\/src\/wp-content\/uploads\/2021\/10\/Case-magt-150x150.png\"},{\"@type\":\"BreadcrumbList\",\"@id\":\"https:\/\/stage.tbkdev.com\/dev\/hinocanada.com\/src\/fr\/pour-les-proprietaires\/hino-edge\/#breadcrumb\",\"itemListElement\":[{\"@type\":\"ListItem\",\"position\":1,\"name\":\"Home\",\"item\":\"https:\/\/stage.tbkdev.com\/dev\/hinocanada.com\/src\/fr\/\"},{\"@type\":\"ListItem\",\"position\":2,\"name\":\"Pour les propri\u00e9taires\",\"item\":\"https:\/\/stage.tbkdev.com\/dev\/hinocanada.com\/src\/fr\/pour-les-proprietaires\/\"},{\"@type\":\"ListItem\",\"position\":3,\"name\":\"HINO EDGE\"}]},{\"@type\":\"WebSite\",\"@id\":\"https:\/\/stage.tbkdev.com\/dev\/hinocanada.com\/src\/#website\",\"url\":\"https:\/\/stage.tbkdev.com\/dev\/hinocanada.com\/src\/\",\"name\":\"Hino Canada\",\"description\":\"Just another WordPress site\",\"potentialAction\":[{\"@type\":\"SearchAction\",\"target\":{\"@type\":\"EntryPoint\",\"urlTemplate\":\"https:\/\/stage.tbkdev.com\/dev\/hinocanada.com\/src\/?s={search_term_string}\"},\"query-input\":{\"@type\":\"PropertyValueSpecification\",\"valueRequired\":true,\"valueName\":\"search_term_string\"}}],\"inLanguage\":\"fr-CA\"}]}<\/script>\n<!-- \/ Yoast SEO plugin. -->","yoast_head_json":{"title":"Pi\u00e8ces - Camions \u00e0 cabine sur\u00e9lev\u00e9e et \u00e0 cabine conventionnelle | Hino Motors Canada","description":"Les camions Hino sont parmi les v\u00e9hicules les plus fiables qui soient. Les pi\u00e8ces d\u2019origine Hino r\u00e9pondent aux m\u00eames normes de contr\u00f4le de qualit\u00e9 et assurent une performance optimale \u00e0 votre camion.","robots":{"index":"noindex","follow":"follow","max-snippet":"max-snippet:-1","max-image-preview":"max-image-preview:large","max-video-preview":"max-video-preview:-1"},"og_locale":"fr_CA","og_type":"article","og_title":"Pi\u00e8ces - Camions \u00e0 cabine sur\u00e9lev\u00e9e et \u00e0 cabine conventionnelle | Hino Motors Canada","og_description":"Les camions Hino sont parmi les v\u00e9hicules les plus fiables qui soient. Les pi\u00e8ces d\u2019origine Hino r\u00e9pondent aux m\u00eames normes de contr\u00f4le de qualit\u00e9 et assurent une performance optimale \u00e0 votre camion.","og_url":"https:\/\/stage.tbkdev.com\/dev\/hinocanada.com\/src\/fr\/pour-les-proprietaires\/hino-edge\/","og_site_name":"Hino Canada","article_publisher":"https:\/\/www.facebook.com\/hinocanada","article_modified_time":"2023-02-24T15:08:31+00:00","og_image":[{"url":"https:\/\/stage.tbkdev.com\/dev\/hinocanada.com\/src\/wp-content\/uploads\/2021\/10\/Case-magt-150x150.png"}],"twitter_card":"summary_large_image","twitter_misc":{"Est. reading time":"4 minutes"},"schema":{"@context":"https:\/\/schema.org","@graph":[{"@type":"WebPage","@id":"https:\/\/stage.tbkdev.com\/dev\/hinocanada.com\/src\/fr\/pour-les-proprietaires\/hino-edge\/","url":"https:\/\/stage.tbkdev.com\/dev\/hinocanada.com\/src\/fr\/pour-les-proprietaires\/hino-edge\/","name":"Pi\u00e8ces - Camions \u00e0 cabine sur\u00e9lev\u00e9e et \u00e0 cabine conventionnelle | Hino Motors Canada","isPartOf":{"@id":"https:\/\/stage.tbkdev.com\/dev\/hinocanada.com\/src\/#website"},"primaryImageOfPage":{"@id":"https:\/\/stage.tbkdev.com\/dev\/hinocanada.com\/src\/fr\/pour-les-proprietaires\/hino-edge\/#primaryimage"},"image":{"@id":"https:\/\/stage.tbkdev.com\/dev\/hinocanada.com\/src\/fr\/pour-les-proprietaires\/hino-edge\/#primaryimage"},"thumbnailUrl":"https:\/\/stage.tbkdev.com\/dev\/hinocanada.com\/src\/wp-content\/uploads\/2021\/10\/Case-magt-150x150.png","datePublished":"2023-02-23T17:38:15+00:00","dateModified":"2023-02-24T15:08:31+00:00","description":"Les camions Hino sont parmi les v\u00e9hicules les plus fiables qui soient. Les pi\u00e8ces d\u2019origine Hino r\u00e9pondent aux m\u00eames normes de contr\u00f4le de qualit\u00e9 et assurent une performance optimale \u00e0 votre camion.","breadcrumb":{"@id":"https:\/\/stage.tbkdev.com\/dev\/hinocanada.com\/src\/fr\/pour-les-proprietaires\/hino-edge\/#breadcrumb"},"inLanguage":"fr-CA","potentialAction":[{"@type":"ReadAction","target":["https:\/\/stage.tbkdev.com\/dev\/hinocanada.com\/src\/fr\/pour-les-proprietaires\/hino-edge\/"]}]},{"@type":"ImageObject","inLanguage":"fr-CA","@id":"https:\/\/stage.tbkdev.com\/dev\/hinocanada.com\/src\/fr\/pour-les-proprietaires\/hino-edge\/#primaryimage","url":"https:\/\/stage.tbkdev.com\/dev\/hinocanada.com\/src\/wp-content\/uploads\/2021\/10\/Case-magt-150x150.png","contentUrl":"https:\/\/stage.tbkdev.com\/dev\/hinocanada.com\/src\/wp-content\/uploads\/2021\/10\/Case-magt-150x150.png"},{"@type":"BreadcrumbList","@id":"https:\/\/stage.tbkdev.com\/dev\/hinocanada.com\/src\/fr\/pour-les-proprietaires\/hino-edge\/#breadcrumb","itemListElement":[{"@type":"ListItem","position":1,"name":"Home","item":"https:\/\/stage.tbkdev.com\/dev\/hinocanada.com\/src\/fr\/"},{"@type":"ListItem","position":2,"name":"Pour les propri\u00e9taires","item":"https:\/\/stage.tbkdev.com\/dev\/hinocanada.com\/src\/fr\/pour-les-proprietaires\/"},{"@type":"ListItem","position":3,"name":"HINO EDGE"}]},{"@type":"WebSite","@id":"https:\/\/stage.tbkdev.com\/dev\/hinocanada.com\/src\/#website","url":"https:\/\/stage.tbkdev.com\/dev\/hinocanada.com\/src\/","name":"Hino Canada","description":"Just another WordPress site","potentialAction":[{"@type":"SearchAction","target":{"@type":"EntryPoint","urlTemplate":"https:\/\/stage.tbkdev.com\/dev\/hinocanada.com\/src\/?s={search_term_string}"},"query-input":{"@type":"PropertyValueSpecification","valueRequired":true,"valueName":"search_term_string"}}],"inLanguage":"fr-CA"}]}},"_links":{"self":[{"href":"https:\/\/stage.tbkdev.com\/dev\/hinocanada.com\/src\/fr\/wp-json\/wp\/v2\/pages\/18376","targetHints":{"allow":["GET"]}}],"collection":[{"href":"https:\/\/stage.tbkdev.com\/dev\/hinocanada.com\/src\/fr\/wp-json\/wp\/v2\/pages"}],"about":[{"href":"https:\/\/stage.tbkdev.com\/dev\/hinocanada.com\/src\/fr\/wp-json\/wp\/v2\/types\/page"}],"author":[{"embeddable":true,"href":"https:\/\/stage.tbkdev.com\/dev\/hinocanada.com\/src\/fr\/wp-json\/wp\/v2\/users\/8"}],"replies":[{"embeddable":true,"href":"https:\/\/stage.tbkdev.com\/dev\/hinocanada.com\/src\/fr\/wp-json\/wp\/v2\/comments?post=18376"}],"version-history":[{"count":13,"href":"https:\/\/stage.tbkdev.com\/dev\/hinocanada.com\/src\/fr\/wp-json\/wp\/v2\/pages\/18376\/revisions"}],"predecessor-version":[{"id":20418,"href":"https:\/\/stage.tbkdev.com\/dev\/hinocanada.com\/src\/fr\/wp-json\/wp\/v2\/pages\/18376\/revisions\/20418"}],"up":[{"embeddable":true,"href":"https:\/\/stage.tbkdev.com\/dev\/hinocanada.com\/src\/fr\/wp-json\/wp\/v2\/pages\/5364"}],"wp:attachment":[{"href":"https:\/\/stage.tbkdev.com\/dev\/hinocanada.com\/src\/fr\/wp-json\/wp\/v2\/media?parent=18376"}],"curies":[{"name":"wp","href":"https:\/\/api.w.org\/{rel}","templated":true}]}}