{"id":17504,"date":"2021-08-23T11:13:13","date_gmt":"2021-08-23T15:13:13","guid":{"rendered":"https:\/\/stage.tbkdev.com\/dev\/hinocanada.com\/src\/?page_id=17504"},"modified":"2023-02-14T15:29:56","modified_gmt":"2023-02-14T20:29:56","slug":"concours-de-photos-2021","status":"publish","type":"page","link":"https:\/\/stage.tbkdev.com\/dev\/hinocanada.com\/src\/fr\/concours-de-photos-2021\/","title":{"rendered":"Concours de photos 2021"},"content":{"rendered":"<div class=\"wpb-content-wrapper\"><p>[vc_row][vc_column][vc_empty_space height=&nbsp;&raquo;60px&nbsp;&raquo;][vc_column_text css_animation=&nbsp;&raquo;fadeIn&nbsp;&raquo;]<\/p>\n<div style=\"width: 1920px;\" class=\"wp-video\"><!--[if lt IE 9]><script>document.createElement('video');<\/script><![endif]-->\n<video class=\"wp-video-shortcode\" id=\"video-17504-1\" width=\"1920\" height=\"1080\" loop autoplay preload=\"metadata\" controls=\"controls\"><source type=\"video\/mp4\" src=\"https:\/\/stage.tbkdev.com\/dev\/hinocanada.com\/src\/wp-content\/uploads\/2021\/12\/photo-contest-_Winners-loop_FR.mp4?_=1\" \/><a href=\"https:\/\/stage.tbkdev.com\/dev\/hinocanada.com\/src\/wp-content\/uploads\/2021\/12\/photo-contest-_Winners-loop_FR.mp4\">https:\/\/stage.tbkdev.com\/dev\/hinocanada.com\/src\/wp-content\/uploads\/2021\/12\/photo-contest-_Winners-loop_FR.mp4<\/a><\/video><\/div>\n<p>&nbsp;<\/p>\n<p style=\"text-align: center;\"><strong>Merci pour votre participation et votre soutien! Restez \u00e0 l&rsquo;aff\u00fbt des prochains concours en 2023.*<\/strong><\/p>\n<p>[\/vc_column_text][\/vc_column][\/vc_row][vc_row][vc_column][vc_empty_space][vc_single_image image=&nbsp;&raquo;19306&Prime; img_size=&nbsp;&raquo;full&nbsp;&raquo; alignment=&nbsp;&raquo;center&nbsp;&raquo; onclick=&nbsp;&raquo;custom_link&nbsp;&raquo; img_link_target=&nbsp;&raquo;_blank&nbsp;&raquo; css_animation=&nbsp;&raquo;fadeIn&nbsp;&raquo; link=&nbsp;&raquo;https:\/\/stage.tbkdev.com\/dev\/hinocanada.com\/src\/wp-content\/uploads\/2021\/12\/2022-Hino-Calendar.pdf&nbsp;&raquo;]<div class=\"text-center\">\n\t<a href=\"https:\/\/stage.tbkdev.com\/dev\/hinocanada.com\/src\/wp-content\/uploads\/2021\/12\/2022-Hino-Calendar.pdf\" target=\"_blank\" class=\"btn hino-button\">\n\t\t<span class=\"icon icon-download\"><\/span> \t\tCalendrier Hino 2022\t<\/a>\n<\/div>\n[vc_empty_space height=&nbsp;&raquo;50px&nbsp;&raquo;][\/vc_column][\/vc_row][vc_row css=&nbsp;&raquo;.vc_custom_1629403840783{margin-top: -60px !important;}&nbsp;&raquo;][vc_column]<small>*La soumission d&rsquo;une ou plusieurs photo (s) ne garantit pas que la photo figurera dans le calendrier. HMC consid\u00e9rera toutes les photos re\u00e7ues. Si vous avez des questions, veuillez contacter le service marketing de HMC : <a href=\"mailto:marketing@hinocanada.com\">marketing@hinocanada.com<\/a>.<\/small>[vc_empty_space height=&nbsp;&raquo;50px&nbsp;&raquo;]<small><strong>Avis de non-responsabilit\u00e9:<\/strong><br \/>\nLes prix doivent \u00eatre accept\u00e9s tels qu\u2019accord\u00e9s et ne sont pas transf\u00e9rables ou convertibles en argent. Le concours est ouvert aux r\u00e9sidents du Canada. HMC se r\u00e9serve le droit de modifier, annuler ou r\u00e9voquer ce programme en tout ou en partie \u00e0 tout moment sans pr\u00e9avis. L\u2019interpr\u00e9tation de l\u2019octroi de toute r\u00e9compense dans le cadre de ce programme sera \u00e0 l\u2019unique discr\u00e9tion de HMC.<\/small>[vc_empty_space height=&nbsp;&raquo;50px&nbsp;&raquo;][vc_separator border_width=&nbsp;&raquo;3&Prime;][\/vc_column][\/vc_row]<\/p>\n<\/div>","protected":false},"excerpt":{"rendered":"<p>[vc_row][vc_column][vc_empty_space height=&nbsp;&raquo;60px&nbsp;&raquo;][vc_column_text css_animation=&nbsp;&raquo;fadeIn&nbsp;&raquo;]<\/p>\n<p>&nbsp;<\/p>\n<p style=\"text-align: center;\">Merci pour votre participation et votre soutien! Restez \u00e0 l&rsquo;aff\u00fbt des prochains concours en 2023.*<\/p>\n<p>[\/vc_column_text][\/vc_column][\/vc_row][vc_row][vc_column][vc_empty_space][vc_single_image image=&nbsp;&raquo;19306&Prime; img_size=&nbsp;&raquo;full&nbsp;&raquo; alignment=&nbsp;&raquo;center&nbsp;&raquo; onclick=&nbsp;&raquo;custom_link&nbsp;&raquo; img_link_target=&nbsp;&raquo;_blank&nbsp;&raquo; css_animation=&nbsp;&raquo;fadeIn&nbsp;&raquo; link=&nbsp;&raquo;https:\/\/stage.tbkdev.com\/dev\/hinocanada.com\/src\/wp-content\/uploads\/2021\/12\/2022-Hino-Calendar.pdf&nbsp;&raquo;][vc_empty_space height=&nbsp;&raquo;50px&nbsp;&raquo;][\/vc_column][\/vc_row][vc_row css=&nbsp;&raquo;.vc_custom_1629403840783{margin-top: -60px !important;}&nbsp;&raquo;][vc_column][vc_empty_space height=&nbsp;&raquo;50px&nbsp;&raquo;][vc_empty_space height=&nbsp;&raquo;50px&nbsp;&raquo;][vc_separator border_width=&nbsp;&raquo;3&Prime;][\/vc_column][\/vc_row]<\/p>\n","protected":false},"author":8,"featured_media":21152,"parent":0,"menu_order":1,"comment_status":"closed","ping_status":"closed","template":"","meta":{"_acf_changed":false,"footnotes":""},"class_list":["post-17504","page","type-page","status-publish","has-post-thumbnail","hentry"],"acf":[],"yoast_head":"<!-- This site is optimized with the Yoast SEO plugin v23.9 - https:\/\/yoast.com\/wordpress\/plugins\/seo\/ -->\n<title>Concours de photos 2021 - Hino Canada<\/title>\n<meta name=\"description\" content=\"Capturez &amp; gagnez! Montrez-nous comment vous utilisez votre hino \u2013 pr\u00eat pour la route! Nous voulons de vos nouvelles. Nous sommes #CanadaFier. Votre entreprise est notre affaire. #HINONATION\" \/>\n<meta name=\"robots\" content=\"noindex, follow, max-snippet:-1, max-image-preview:large, max-video-preview:-1\" \/>\n<meta property=\"og:locale\" content=\"fr_CA\" \/>\n<meta property=\"og:type\" content=\"article\" \/>\n<meta property=\"og:title\" content=\"Concours de photos 2021 - Hino Canada\" \/>\n<meta property=\"og:description\" content=\"Capturez &amp; gagnez! Montrez-nous comment vous utilisez votre hino \u2013 pr\u00eat pour la route! Nous voulons de vos nouvelles. Nous sommes #CanadaFier. Votre entreprise est notre affaire. #HINONATION\" \/>\n<meta property=\"og:url\" content=\"https:\/\/stage.tbkdev.com\/dev\/hinocanada.com\/src\/fr\/concours-de-photos-2021\/\" \/>\n<meta property=\"og:site_name\" content=\"Hino Canada\" \/>\n<meta property=\"article:publisher\" content=\"https:\/\/www.facebook.com\/hinocanada\" \/>\n<meta property=\"article:modified_time\" content=\"2023-02-14T20:29:56+00:00\" \/>\n<meta property=\"og:image\" content=\"https:\/\/stage.tbkdev.com\/dev\/hinocanada.com\/src\/wp-content\/uploads\/2024\/07\/HinoCapture_web_header-2200x2200.jpg\" \/>\n\t<meta property=\"og:image:width\" content=\"2560\" \/>\n\t<meta property=\"og:image:height\" content=\"1081\" \/>\n\t<meta property=\"og:image:type\" content=\"image\/jpeg\" \/>\n<meta name=\"twitter:card\" content=\"summary_large_image\" \/>\n<meta name=\"twitter:label1\" content=\"Est. reading time\" \/>\n\t<meta name=\"twitter:data1\" content=\"1 minute\" \/>\n<script type=\"application\/ld+json\" class=\"yoast-schema-graph\">{\"@context\":\"https:\/\/schema.org\",\"@graph\":[{\"@type\":\"WebPage\",\"@id\":\"https:\/\/stage.tbkdev.com\/dev\/hinocanada.com\/src\/fr\/concours-de-photos-2021\/\",\"url\":\"https:\/\/stage.tbkdev.com\/dev\/hinocanada.com\/src\/fr\/concours-de-photos-2021\/\",\"name\":\"Concours de photos 2021 - Hino Canada\",\"isPartOf\":{\"@id\":\"https:\/\/stage.tbkdev.com\/dev\/hinocanada.com\/src\/#website\"},\"primaryImageOfPage\":{\"@id\":\"https:\/\/stage.tbkdev.com\/dev\/hinocanada.com\/src\/fr\/concours-de-photos-2021\/#primaryimage\"},\"image\":{\"@id\":\"https:\/\/stage.tbkdev.com\/dev\/hinocanada.com\/src\/fr\/concours-de-photos-2021\/#primaryimage\"},\"thumbnailUrl\":\"https:\/\/stage.tbkdev.com\/dev\/hinocanada.com\/src\/wp-content\/uploads\/2024\/07\/HinoCapture_web_header-2200x2200.jpg\",\"datePublished\":\"2021-08-23T15:13:13+00:00\",\"dateModified\":\"2023-02-14T20:29:56+00:00\",\"description\":\"Capturez & gagnez! Montrez-nous comment vous utilisez votre hino \u2013 pr\u00eat pour la route! Nous voulons de vos nouvelles. Nous sommes #CanadaFier. Votre entreprise est notre affaire. #HINONATION\",\"breadcrumb\":{\"@id\":\"https:\/\/stage.tbkdev.com\/dev\/hinocanada.com\/src\/fr\/concours-de-photos-2021\/#breadcrumb\"},\"inLanguage\":\"fr-CA\",\"potentialAction\":[{\"@type\":\"ReadAction\",\"target\":[\"https:\/\/stage.tbkdev.com\/dev\/hinocanada.com\/src\/fr\/concours-de-photos-2021\/\"]}]},{\"@type\":\"ImageObject\",\"inLanguage\":\"fr-CA\",\"@id\":\"https:\/\/stage.tbkdev.com\/dev\/hinocanada.com\/src\/fr\/concours-de-photos-2021\/#primaryimage\",\"url\":\"https:\/\/stage.tbkdev.com\/dev\/hinocanada.com\/src\/wp-content\/uploads\/2024\/07\/HinoCapture_web_header-2200x2200.jpg\",\"contentUrl\":\"https:\/\/stage.tbkdev.com\/dev\/hinocanada.com\/src\/wp-content\/uploads\/2024\/07\/HinoCapture_web_header-2200x2200.jpg\",\"width\":2560,\"height\":1081},{\"@type\":\"BreadcrumbList\",\"@id\":\"https:\/\/stage.tbkdev.com\/dev\/hinocanada.com\/src\/fr\/concours-de-photos-2021\/#breadcrumb\",\"itemListElement\":[{\"@type\":\"ListItem\",\"position\":1,\"name\":\"Home\",\"item\":\"https:\/\/stage.tbkdev.com\/dev\/hinocanada.com\/src\/fr\/\"},{\"@type\":\"ListItem\",\"position\":2,\"name\":\"Concours de photos 2021\"}]},{\"@type\":\"WebSite\",\"@id\":\"https:\/\/stage.tbkdev.com\/dev\/hinocanada.com\/src\/#website\",\"url\":\"https:\/\/stage.tbkdev.com\/dev\/hinocanada.com\/src\/\",\"name\":\"Hino Canada\",\"description\":\"Just another WordPress site\",\"potentialAction\":[{\"@type\":\"SearchAction\",\"target\":{\"@type\":\"EntryPoint\",\"urlTemplate\":\"https:\/\/stage.tbkdev.com\/dev\/hinocanada.com\/src\/?s={search_term_string}\"},\"query-input\":{\"@type\":\"PropertyValueSpecification\",\"valueRequired\":true,\"valueName\":\"search_term_string\"}}],\"inLanguage\":\"fr-CA\"}]}<\/script>\n<!-- \/ Yoast SEO plugin. -->","yoast_head_json":{"title":"Concours de photos 2021 - Hino Canada","description":"Capturez & gagnez! Montrez-nous comment vous utilisez votre hino \u2013 pr\u00eat pour la route! Nous voulons de vos nouvelles. Nous sommes #CanadaFier. Votre entreprise est notre affaire. #HINONATION","robots":{"index":"noindex","follow":"follow","max-snippet":"max-snippet:-1","max-image-preview":"max-image-preview:large","max-video-preview":"max-video-preview:-1"},"og_locale":"fr_CA","og_type":"article","og_title":"Concours de photos 2021 - Hino Canada","og_description":"Capturez & gagnez! Montrez-nous comment vous utilisez votre hino \u2013 pr\u00eat pour la route! Nous voulons de vos nouvelles. Nous sommes #CanadaFier. Votre entreprise est notre affaire. #HINONATION","og_url":"https:\/\/stage.tbkdev.com\/dev\/hinocanada.com\/src\/fr\/concours-de-photos-2021\/","og_site_name":"Hino Canada","article_publisher":"https:\/\/www.facebook.com\/hinocanada","article_modified_time":"2023-02-14T20:29:56+00:00","og_image":[{"width":2560,"height":1081,"url":"https:\/\/stage.tbkdev.com\/dev\/hinocanada.com\/src\/wp-content\/uploads\/2024\/07\/HinoCapture_web_header-2200x2200.jpg","type":"image\/jpeg"}],"twitter_card":"summary_large_image","twitter_misc":{"Est. reading time":"1 minute"},"schema":{"@context":"https:\/\/schema.org","@graph":[{"@type":"WebPage","@id":"https:\/\/stage.tbkdev.com\/dev\/hinocanada.com\/src\/fr\/concours-de-photos-2021\/","url":"https:\/\/stage.tbkdev.com\/dev\/hinocanada.com\/src\/fr\/concours-de-photos-2021\/","name":"Concours de photos 2021 - Hino Canada","isPartOf":{"@id":"https:\/\/stage.tbkdev.com\/dev\/hinocanada.com\/src\/#website"},"primaryImageOfPage":{"@id":"https:\/\/stage.tbkdev.com\/dev\/hinocanada.com\/src\/fr\/concours-de-photos-2021\/#primaryimage"},"image":{"@id":"https:\/\/stage.tbkdev.com\/dev\/hinocanada.com\/src\/fr\/concours-de-photos-2021\/#primaryimage"},"thumbnailUrl":"https:\/\/stage.tbkdev.com\/dev\/hinocanada.com\/src\/wp-content\/uploads\/2024\/07\/HinoCapture_web_header-2200x2200.jpg","datePublished":"2021-08-23T15:13:13+00:00","dateModified":"2023-02-14T20:29:56+00:00","description":"Capturez & gagnez! Montrez-nous comment vous utilisez votre hino \u2013 pr\u00eat pour la route! Nous voulons de vos nouvelles. Nous sommes #CanadaFier. Votre entreprise est notre affaire. #HINONATION","breadcrumb":{"@id":"https:\/\/stage.tbkdev.com\/dev\/hinocanada.com\/src\/fr\/concours-de-photos-2021\/#breadcrumb"},"inLanguage":"fr-CA","potentialAction":[{"@type":"ReadAction","target":["https:\/\/stage.tbkdev.com\/dev\/hinocanada.com\/src\/fr\/concours-de-photos-2021\/"]}]},{"@type":"ImageObject","inLanguage":"fr-CA","@id":"https:\/\/stage.tbkdev.com\/dev\/hinocanada.com\/src\/fr\/concours-de-photos-2021\/#primaryimage","url":"https:\/\/stage.tbkdev.com\/dev\/hinocanada.com\/src\/wp-content\/uploads\/2024\/07\/HinoCapture_web_header-2200x2200.jpg","contentUrl":"https:\/\/stage.tbkdev.com\/dev\/hinocanada.com\/src\/wp-content\/uploads\/2024\/07\/HinoCapture_web_header-2200x2200.jpg","width":2560,"height":1081},{"@type":"BreadcrumbList","@id":"https:\/\/stage.tbkdev.com\/dev\/hinocanada.com\/src\/fr\/concours-de-photos-2021\/#breadcrumb","itemListElement":[{"@type":"ListItem","position":1,"name":"Home","item":"https:\/\/stage.tbkdev.com\/dev\/hinocanada.com\/src\/fr\/"},{"@type":"ListItem","position":2,"name":"Concours de photos 2021"}]},{"@type":"WebSite","@id":"https:\/\/stage.tbkdev.com\/dev\/hinocanada.com\/src\/#website","url":"https:\/\/stage.tbkdev.com\/dev\/hinocanada.com\/src\/","name":"Hino Canada","description":"Just another WordPress site","potentialAction":[{"@type":"SearchAction","target":{"@type":"EntryPoint","urlTemplate":"https:\/\/stage.tbkdev.com\/dev\/hinocanada.com\/src\/?s={search_term_string}"},"query-input":{"@type":"PropertyValueSpecification","valueRequired":true,"valueName":"search_term_string"}}],"inLanguage":"fr-CA"}]}},"_links":{"self":[{"href":"https:\/\/stage.tbkdev.com\/dev\/hinocanada.com\/src\/fr\/wp-json\/wp\/v2\/pages\/17504","targetHints":{"allow":["GET"]}}],"collection":[{"href":"https:\/\/stage.tbkdev.com\/dev\/hinocanada.com\/src\/fr\/wp-json\/wp\/v2\/pages"}],"about":[{"href":"https:\/\/stage.tbkdev.com\/dev\/hinocanada.com\/src\/fr\/wp-json\/wp\/v2\/types\/page"}],"author":[{"embeddable":true,"href":"https:\/\/stage.tbkdev.com\/dev\/hinocanada.com\/src\/fr\/wp-json\/wp\/v2\/users\/8"}],"replies":[{"embeddable":true,"href":"https:\/\/stage.tbkdev.com\/dev\/hinocanada.com\/src\/fr\/wp-json\/wp\/v2\/comments?post=17504"}],"version-history":[{"count":28,"href":"https:\/\/stage.tbkdev.com\/dev\/hinocanada.com\/src\/fr\/wp-json\/wp\/v2\/pages\/17504\/revisions"}],"predecessor-version":[{"id":20308,"href":"https:\/\/stage.tbkdev.com\/dev\/hinocanada.com\/src\/fr\/wp-json\/wp\/v2\/pages\/17504\/revisions\/20308"}],"wp:featuredmedia":[{"embeddable":true,"href":"https:\/\/stage.tbkdev.com\/dev\/hinocanada.com\/src\/fr\/wp-json\/wp\/v2\/media\/21152"}],"wp:attachment":[{"href":"https:\/\/stage.tbkdev.com\/dev\/hinocanada.com\/src\/fr\/wp-json\/wp\/v2\/media?parent=17504"}],"curies":[{"name":"wp","href":"https:\/\/api.w.org\/{rel}","templated":true}]}}