{"id":16863,"date":"2021-06-09T17:58:39","date_gmt":"2021-06-09T21:58:39","guid":{"rendered":"https:\/\/stage.tbkdev.com\/dev\/hinocanada.com\/src\/?page_id=16863"},"modified":"2025-02-20T15:26:27","modified_gmt":"2025-02-20T20:26:27","slug":"assistance-routiere-hinowatch","status":"publish","type":"page","link":"https:\/\/stage.tbkdev.com\/dev\/hinocanada.com\/src\/fr\/pour-les-proprietaires\/assistance-routiere-hinowatch\/","title":{"rendered":"Assistance routi\u00e8re HINOWATCH"},"content":{"rendered":"<div class=\"wpb-content-wrapper\"><p>[vc_row][vc_column][vc_column_text]<\/p>\n<h3>Vous \u00eates \u00e0 l\u2019abri des probl\u00e8mes qui peuvent survenir sur la route.<\/h3>\n<p>Au cours des trois premi\u00e8res ann\u00e9es de propri\u00e9t\u00e9, peu importe le kilom\u00e9trage, <strong>HINOWATCH<\/strong> est l\u00e0 pour assurer votre protection, nuit et jour, chaque jour de l\u2019ann\u00e9e, vous offrant de l\u2019assistance routi\u00e8re pour votre camion Hino, o\u00f9 que vous soyez au Canada ou aux \u00c9tats-Unis.<\/p>\n<p>Vous n&rsquo;avez qu&rsquo;\u00e0 contacter<strong> HINOWATCH<\/strong> donner le num\u00e9ro d\u2019identification de votre v\u00e9hicule (VIN), indiquer l\u2019endroit o\u00f9 vous vous trouvez ainsi que la nature du probl\u00e8me rencontr\u00e9. Tous les appels \u00e0 <strong>HINOWATCH<\/strong> sont gratuits pour les propri\u00e9taires de camions Hino et l\u2019un de nos repr\u00e9sentants peut faire en sorte de vous remettre sur la route en vous r\u00e9pondant dans l\u2019une des soixante-cinq langues de votre choix.[\/vc_column_text][vc_empty_space height=&nbsp;&raquo;40px&nbsp;&raquo;][\/vc_column][\/vc_row][vc_row][vc_column]<div class=\"image-with-text\">\n\t\t\t<div class=\"image-with-text-image-column\">\n\t\t\t<img decoding=\"async\" class=\"image-with-text-image\" src=\"https:\/\/stage.tbkdev.com\/dev\/hinocanada.com\/src\/wp-content\/uploads\/2021\/06\/Hinowatch_247-200x200.png\" alt=\"\">\t\t<\/div>\n\t\t<div class=\"image-with-text-text\">\n\t\t\t\t\t<h3 class=\"image-with-text-heading\">HINOWATCH couvre ce qui suit, sans aucun frais pour le client :<\/h3>\n\t\t\t\t<div class=\"image-with-text-content\">\n\t\t\t\t\t<\/div>\n\t<\/div>\n<\/div>\n[vc_empty_space height=&nbsp;&raquo;50px&nbsp;&raquo;][vc_text_separator title=&nbsp;&raquo;Service de d\u00e9verrouillage&nbsp;&raquo; color=&nbsp;&raquo;green&nbsp;&raquo;]<div class=\"image-with-text\">\n\t\t\t<div class=\"image-with-text-image-column\">\n\t\t\t<img decoding=\"async\" class=\"image-with-text-image\" src=\"https:\/\/stage.tbkdev.com\/dev\/hinocanada.com\/src\/wp-content\/uploads\/2021\/06\/Hinowatch_icons_key-200x200.jpg\" alt=\"\">\t\t<\/div>\n\t\t<div class=\"image-with-text-text\">\n\t\t\t\t<div class=\"image-with-text-content\">\n\t\t\t<p>Si vous \u00eates \u00e0 l\u2019ext\u00e9rieur de votre camion et qu\u2019il est verrouill\u00e9, <strong>HINOWATCH<\/strong> vous permettra d\u2019y reprendre place et de reprendre la route.<\/p>\n\t\t<\/div>\n\t<\/div>\n<\/div>\n[vc_empty_space height=&nbsp;&raquo;40px&nbsp;&raquo;][vc_text_separator title=&nbsp;&raquo;Panne de carburant&nbsp;&raquo; color=&nbsp;&raquo;green&nbsp;&raquo;]<div class=\"image-with-text\">\n\t\t\t<div class=\"image-with-text-image-column\">\n\t\t\t<img decoding=\"async\" class=\"image-with-text-image\" src=\"https:\/\/stage.tbkdev.com\/dev\/hinocanada.com\/src\/wp-content\/uploads\/2021\/06\/Hinowatch_icons_fuel-200x200.jpg\" alt=\"\">\t\t<\/div>\n\t\t<div class=\"image-with-text-text\">\n\t\t\t\t<div class=\"image-with-text-content\">\n\t\t\t<p><strong>HINOWATCH<\/strong> arrivera avec suffisamment de carburant pour vous permettre de poursuivre votre route.<\/p>\n\t\t<\/div>\n\t<\/div>\n<\/div>\n[vc_empty_space height=&nbsp;&raquo;40px&nbsp;&raquo;][vc_text_separator title=&nbsp;&raquo;Survoltage de batteries&nbsp;&raquo; color=&nbsp;&raquo;green&nbsp;&raquo;]<div class=\"image-with-text\">\n\t\t\t<div class=\"image-with-text-image-column\">\n\t\t\t<img decoding=\"async\" class=\"image-with-text-image\" src=\"https:\/\/stage.tbkdev.com\/dev\/hinocanada.com\/src\/wp-content\/uploads\/2021\/06\/Hinowatch_icons_battery-200x200.jpg\" alt=\"\">\t\t<\/div>\n\t\t<div class=\"image-with-text-text\">\n\t\t\t\t<div class=\"image-with-text-content\">\n\t\t\t<p>Quelle qu\u2019en soit la raison, la couverture <strong>HINOWATCH<\/strong> fait en sorte que quelqu\u2019un sera disponible pour vous donner un service de survoltage.<\/p>\n\t\t<\/div>\n\t<\/div>\n<\/div>\n[vc_empty_space height=&nbsp;&raquo;40px&nbsp;&raquo;][vc_text_separator title=&nbsp;&raquo;Information&nbsp;&raquo; color=&nbsp;&raquo;green&nbsp;&raquo;]<div class=\"image-with-text\">\n\t\t\t<div class=\"image-with-text-image-column\">\n\t\t\t<img decoding=\"async\" class=\"image-with-text-image\" src=\"https:\/\/stage.tbkdev.com\/dev\/hinocanada.com\/src\/wp-content\/uploads\/2021\/06\/Hinowatch_icons_info-200x200.jpg\" alt=\"\">\t\t<\/div>\n\t\t<div class=\"image-with-text-text\">\n\t\t\t\t<div class=\"image-with-text-content\">\n\t\t\t<p>Les clients peuvent t\u00e9l\u00e9phoner en tout temps pour savoir o\u00f9 se trouve le concessionnaire le plus pr\u00e8s ou obtenir des r\u00e9ponses sur le fonctionnement de base de leur v\u00e9hicule.<\/p>\n\t\t<\/div>\n\t<\/div>\n<\/div>\n[vc_empty_space height=&nbsp;&raquo;40px&nbsp;&raquo;][vc_text_separator title=&nbsp;&raquo;Remorquage&nbsp;&raquo; color=&nbsp;&raquo;green&nbsp;&raquo;]<div class=\"image-with-text\">\n\t\t\t<div class=\"image-with-text-image-column\">\n\t\t\t<img decoding=\"async\" class=\"image-with-text-image\" src=\"https:\/\/stage.tbkdev.com\/dev\/hinocanada.com\/src\/wp-content\/uploads\/2021\/06\/Hinowatch_icons_tow-200x200.jpg\" alt=\"\">\t\t<\/div>\n\t\t<div class=\"image-with-text-text\">\n\t\t\t\t<div class=\"image-with-text-content\">\n\t\t\t<p>Pour que <strong>HINOWATCH <\/strong>aide le client \u00e0 obtenir un service de remorquage sans frais, le client doit contacter <strong>HINOWATCH<\/strong> <a href=\"tel:18663654466\">1-866-365-4466<\/a> pour obtenir cette assistance.<\/p>\n<p>En cas de besoin, nous ferons les arrangements n\u00e9cessaires pour qu\u2019une d\u00e9panneuse vienne \u00e0 votre rencontre et vous remorque jusqu\u2019au concessionnaire Hino autoris\u00e9 le plus pr\u00e8s.<\/p>\n<p>Le client a la responsabilit\u00e9 de d\u00e9terminer une m\u00e9thode de paiement avec le remorqueur au moment o\u00f9 le service est offert. Le camion doit \u00eatre remorqu\u00e9 jusqu\u2019au concessionnaire Hino autoris\u00e9 le plus pr\u00e8s, o\u00f9 les r\u00e9parations n\u00e9cessaires seront couvertes par la garantie Hino. Le concessionnaire Hino remboursera le client pour les frais de remorquage une fois les r\u00e9parations termin\u00e9es.* Si les r\u00e9parations n\u00e9cessaires ne sont pas couvertes par la garantie Hino, les frais de remorquage ne seront pas rembours\u00e9s.<\/p>\n\t\t<\/div>\n\t<\/div>\n<\/div>\n[\/vc_column][\/vc_row][vc_row content_placement=&nbsp;&raquo;middle&nbsp;&raquo; css_animation=&nbsp;&raquo;fadeIn&nbsp;&raquo; css=&nbsp;&raquo;.vc_custom_1622744941775{background-color: #ffffff !important;border-radius: 5px !important;}&nbsp;&raquo;][vc_column][vc_empty_space height=&nbsp;&raquo;50px&nbsp;&raquo;][vc_column_text]N\u2019h\u00e9sitez pas \u00e0 contacter votre <a href=\"http:\/\/stage.tbkdev.com\/dev\/hinocanada.com\/src\/fr\/dealers\/\">concessionnaire Hino<\/a> pour plus d\u2019information sur notre service d\u2019assistance routi\u00e8re <strong>HINOWATCH<\/strong>.[\/vc_column_text][vc_column_text]Des modalit\u00e9s et des conditions s\u2019appliquent.[\/vc_column_text][vc_separator border_width=&nbsp;&raquo;4&Prime;][\/vc_column][\/vc_row][vc_row][vc_column][vc_empty_space height=&nbsp;&raquo;50px&nbsp;&raquo;]<div class=\"text-center\">\n\t<a href=\"https:\/\/stage.tbkdev.com\/dev\/hinocanada.com\/src\/wp-content\/uploads\/2025\/02\/HINOWATCH_2025_FR.pdf\" target=\"\" class=\"btn hino-button\">\n\t\t<span class=\"icon icon-download\"><\/span> \t\tAssistance routi\u00e8re HINOWATCH\t<\/a>\n<\/div>\n[\/vc_column][\/vc_row]<\/p>\n<\/div>","protected":false},"excerpt":{"rendered":"<p>[vc_row][vc_column][vc_column_text]<\/p>\n<p> Vous \u00eates \u00e0 l\u2019abri des probl\u00e8mes qui peuvent survenir sur la route. <\/p>\n<p>Au cours des trois premi\u00e8res ann\u00e9es de propri\u00e9t\u00e9, peu importe le kilom\u00e9trage, HINOWATCH est l\u00e0 pour assurer votre protection, nuit et jour, chaque jour de l\u2019ann\u00e9e, vous &hellip; [&#8230;]<\/p>\n","protected":false},"author":8,"featured_media":16953,"parent":5364,"menu_order":2,"comment_status":"closed","ping_status":"closed","template":"","meta":{"_acf_changed":false,"footnotes":""},"class_list":["post-16863","page","type-page","status-publish","has-post-thumbnail","hentry"],"acf":[],"yoast_head":"<!-- This site is optimized with the Yoast SEO plugin v23.9 - https:\/\/yoast.com\/wordpress\/plugins\/seo\/ -->\n<title>Assistance routi\u00e8re HINOWATCH | Hino Motors Canada<\/title>\n<meta name=\"description\" content=\"O\u00f9 que vous soyez, l\u2019assistance routi\u00e8re HINOWATCH vous prot\u00e8ge au cours de vos 3 premi\u00e8res ann\u00e9es de propri\u00e9t\u00e9. Appelez le 1-866-365-HINO (4466) pour de l\u2019assistance routi\u00e8re.\" \/>\n<meta name=\"robots\" content=\"noindex, follow, max-snippet:-1, max-image-preview:large, max-video-preview:-1\" \/>\n<meta property=\"og:locale\" content=\"fr_CA\" \/>\n<meta property=\"og:type\" content=\"article\" \/>\n<meta property=\"og:title\" content=\"Assistance routi\u00e8re HINOWATCH | Hino Motors Canada\" \/>\n<meta property=\"og:description\" content=\"O\u00f9 que vous soyez, l\u2019assistance routi\u00e8re HINOWATCH vous prot\u00e8ge au cours de vos 3 premi\u00e8res ann\u00e9es de propri\u00e9t\u00e9. Appelez le 1-866-365-HINO (4466) pour de l\u2019assistance routi\u00e8re.\" \/>\n<meta property=\"og:url\" content=\"https:\/\/stage.tbkdev.com\/dev\/hinocanada.com\/src\/fr\/pour-les-proprietaires\/assistance-routiere-hinowatch\/\" \/>\n<meta property=\"og:site_name\" content=\"Hino Canada\" \/>\n<meta property=\"article:publisher\" content=\"https:\/\/www.facebook.com\/hinocanada\" \/>\n<meta property=\"article:modified_time\" content=\"2025-02-20T20:26:27+00:00\" \/>\n<meta name=\"twitter:card\" content=\"summary_large_image\" \/>\n<meta name=\"twitter:image\" content=\"https:\/\/stage.tbkdev.com\/dev\/hinocanada.com\/src\/wp-content\/uploads\/2021\/06\/Hinowatch-banner.jpg\" \/>\n<meta name=\"twitter:label1\" content=\"Est. reading time\" \/>\n\t<meta name=\"twitter:data1\" content=\"4 minutes\" \/>\n<script type=\"application\/ld+json\" class=\"yoast-schema-graph\">{\"@context\":\"https:\/\/schema.org\",\"@graph\":[{\"@type\":\"WebPage\",\"@id\":\"https:\/\/stage.tbkdev.com\/dev\/hinocanada.com\/src\/fr\/pour-les-proprietaires\/assistance-routiere-hinowatch\/\",\"url\":\"https:\/\/stage.tbkdev.com\/dev\/hinocanada.com\/src\/fr\/pour-les-proprietaires\/assistance-routiere-hinowatch\/\",\"name\":\"Assistance routi\u00e8re HINOWATCH | Hino Motors Canada\",\"isPartOf\":{\"@id\":\"https:\/\/stage.tbkdev.com\/dev\/hinocanada.com\/src\/#website\"},\"primaryImageOfPage\":{\"@id\":\"https:\/\/stage.tbkdev.com\/dev\/hinocanada.com\/src\/fr\/pour-les-proprietaires\/assistance-routiere-hinowatch\/#primaryimage\"},\"image\":{\"@id\":\"https:\/\/stage.tbkdev.com\/dev\/hinocanada.com\/src\/fr\/pour-les-proprietaires\/assistance-routiere-hinowatch\/#primaryimage\"},\"thumbnailUrl\":\"https:\/\/stage.tbkdev.com\/dev\/hinocanada.com\/src\/wp-content\/uploads\/2021\/06\/Hinowatch-banner.jpg\",\"datePublished\":\"2021-06-09T21:58:39+00:00\",\"dateModified\":\"2025-02-20T20:26:27+00:00\",\"description\":\"O\u00f9 que vous soyez, l\u2019assistance routi\u00e8re HINOWATCH vous prot\u00e8ge au cours de vos 3 premi\u00e8res ann\u00e9es de propri\u00e9t\u00e9. Appelez le 1-866-365-HINO (4466) pour de l\u2019assistance routi\u00e8re.\",\"breadcrumb\":{\"@id\":\"https:\/\/stage.tbkdev.com\/dev\/hinocanada.com\/src\/fr\/pour-les-proprietaires\/assistance-routiere-hinowatch\/#breadcrumb\"},\"inLanguage\":\"fr-CA\",\"potentialAction\":[{\"@type\":\"ReadAction\",\"target\":[\"https:\/\/stage.tbkdev.com\/dev\/hinocanada.com\/src\/fr\/pour-les-proprietaires\/assistance-routiere-hinowatch\/\"]}]},{\"@type\":\"ImageObject\",\"inLanguage\":\"fr-CA\",\"@id\":\"https:\/\/stage.tbkdev.com\/dev\/hinocanada.com\/src\/fr\/pour-les-proprietaires\/assistance-routiere-hinowatch\/#primaryimage\",\"url\":\"https:\/\/stage.tbkdev.com\/dev\/hinocanada.com\/src\/wp-content\/uploads\/2021\/06\/Hinowatch-banner.jpg\",\"contentUrl\":\"https:\/\/stage.tbkdev.com\/dev\/hinocanada.com\/src\/wp-content\/uploads\/2021\/06\/Hinowatch-banner.jpg\",\"width\":1860,\"height\":788},{\"@type\":\"BreadcrumbList\",\"@id\":\"https:\/\/stage.tbkdev.com\/dev\/hinocanada.com\/src\/fr\/pour-les-proprietaires\/assistance-routiere-hinowatch\/#breadcrumb\",\"itemListElement\":[{\"@type\":\"ListItem\",\"position\":1,\"name\":\"Home\",\"item\":\"https:\/\/stage.tbkdev.com\/dev\/hinocanada.com\/src\/fr\/\"},{\"@type\":\"ListItem\",\"position\":2,\"name\":\"Pour les propri\u00e9taires\",\"item\":\"https:\/\/stage.tbkdev.com\/dev\/hinocanada.com\/src\/fr\/pour-les-proprietaires\/\"},{\"@type\":\"ListItem\",\"position\":3,\"name\":\"Assistance routi\u00e8re HINOWATCH\"}]},{\"@type\":\"WebSite\",\"@id\":\"https:\/\/stage.tbkdev.com\/dev\/hinocanada.com\/src\/#website\",\"url\":\"https:\/\/stage.tbkdev.com\/dev\/hinocanada.com\/src\/\",\"name\":\"Hino Canada\",\"description\":\"Just another WordPress site\",\"potentialAction\":[{\"@type\":\"SearchAction\",\"target\":{\"@type\":\"EntryPoint\",\"urlTemplate\":\"https:\/\/stage.tbkdev.com\/dev\/hinocanada.com\/src\/?s={search_term_string}\"},\"query-input\":{\"@type\":\"PropertyValueSpecification\",\"valueRequired\":true,\"valueName\":\"search_term_string\"}}],\"inLanguage\":\"fr-CA\"}]}<\/script>\n<!-- \/ Yoast SEO plugin. -->","yoast_head_json":{"title":"Assistance routi\u00e8re HINOWATCH | Hino Motors Canada","description":"O\u00f9 que vous soyez, l\u2019assistance routi\u00e8re HINOWATCH vous prot\u00e8ge au cours de vos 3 premi\u00e8res ann\u00e9es de propri\u00e9t\u00e9. Appelez le 1-866-365-HINO (4466) pour de l\u2019assistance routi\u00e8re.","robots":{"index":"noindex","follow":"follow","max-snippet":"max-snippet:-1","max-image-preview":"max-image-preview:large","max-video-preview":"max-video-preview:-1"},"og_locale":"fr_CA","og_type":"article","og_title":"Assistance routi\u00e8re HINOWATCH | Hino Motors Canada","og_description":"O\u00f9 que vous soyez, l\u2019assistance routi\u00e8re HINOWATCH vous prot\u00e8ge au cours de vos 3 premi\u00e8res ann\u00e9es de propri\u00e9t\u00e9. Appelez le 1-866-365-HINO (4466) pour de l\u2019assistance routi\u00e8re.","og_url":"https:\/\/stage.tbkdev.com\/dev\/hinocanada.com\/src\/fr\/pour-les-proprietaires\/assistance-routiere-hinowatch\/","og_site_name":"Hino Canada","article_publisher":"https:\/\/www.facebook.com\/hinocanada","article_modified_time":"2025-02-20T20:26:27+00:00","twitter_card":"summary_large_image","twitter_image":"https:\/\/stage.tbkdev.com\/dev\/hinocanada.com\/src\/wp-content\/uploads\/2021\/06\/Hinowatch-banner.jpg","twitter_misc":{"Est. reading time":"4 minutes"},"schema":{"@context":"https:\/\/schema.org","@graph":[{"@type":"WebPage","@id":"https:\/\/stage.tbkdev.com\/dev\/hinocanada.com\/src\/fr\/pour-les-proprietaires\/assistance-routiere-hinowatch\/","url":"https:\/\/stage.tbkdev.com\/dev\/hinocanada.com\/src\/fr\/pour-les-proprietaires\/assistance-routiere-hinowatch\/","name":"Assistance routi\u00e8re HINOWATCH | Hino Motors Canada","isPartOf":{"@id":"https:\/\/stage.tbkdev.com\/dev\/hinocanada.com\/src\/#website"},"primaryImageOfPage":{"@id":"https:\/\/stage.tbkdev.com\/dev\/hinocanada.com\/src\/fr\/pour-les-proprietaires\/assistance-routiere-hinowatch\/#primaryimage"},"image":{"@id":"https:\/\/stage.tbkdev.com\/dev\/hinocanada.com\/src\/fr\/pour-les-proprietaires\/assistance-routiere-hinowatch\/#primaryimage"},"thumbnailUrl":"https:\/\/stage.tbkdev.com\/dev\/hinocanada.com\/src\/wp-content\/uploads\/2021\/06\/Hinowatch-banner.jpg","datePublished":"2021-06-09T21:58:39+00:00","dateModified":"2025-02-20T20:26:27+00:00","description":"O\u00f9 que vous soyez, l\u2019assistance routi\u00e8re HINOWATCH vous prot\u00e8ge au cours de vos 3 premi\u00e8res ann\u00e9es de propri\u00e9t\u00e9. Appelez le 1-866-365-HINO (4466) pour de l\u2019assistance routi\u00e8re.","breadcrumb":{"@id":"https:\/\/stage.tbkdev.com\/dev\/hinocanada.com\/src\/fr\/pour-les-proprietaires\/assistance-routiere-hinowatch\/#breadcrumb"},"inLanguage":"fr-CA","potentialAction":[{"@type":"ReadAction","target":["https:\/\/stage.tbkdev.com\/dev\/hinocanada.com\/src\/fr\/pour-les-proprietaires\/assistance-routiere-hinowatch\/"]}]},{"@type":"ImageObject","inLanguage":"fr-CA","@id":"https:\/\/stage.tbkdev.com\/dev\/hinocanada.com\/src\/fr\/pour-les-proprietaires\/assistance-routiere-hinowatch\/#primaryimage","url":"https:\/\/stage.tbkdev.com\/dev\/hinocanada.com\/src\/wp-content\/uploads\/2021\/06\/Hinowatch-banner.jpg","contentUrl":"https:\/\/stage.tbkdev.com\/dev\/hinocanada.com\/src\/wp-content\/uploads\/2021\/06\/Hinowatch-banner.jpg","width":1860,"height":788},{"@type":"BreadcrumbList","@id":"https:\/\/stage.tbkdev.com\/dev\/hinocanada.com\/src\/fr\/pour-les-proprietaires\/assistance-routiere-hinowatch\/#breadcrumb","itemListElement":[{"@type":"ListItem","position":1,"name":"Home","item":"https:\/\/stage.tbkdev.com\/dev\/hinocanada.com\/src\/fr\/"},{"@type":"ListItem","position":2,"name":"Pour les propri\u00e9taires","item":"https:\/\/stage.tbkdev.com\/dev\/hinocanada.com\/src\/fr\/pour-les-proprietaires\/"},{"@type":"ListItem","position":3,"name":"Assistance routi\u00e8re HINOWATCH"}]},{"@type":"WebSite","@id":"https:\/\/stage.tbkdev.com\/dev\/hinocanada.com\/src\/#website","url":"https:\/\/stage.tbkdev.com\/dev\/hinocanada.com\/src\/","name":"Hino Canada","description":"Just another WordPress site","potentialAction":[{"@type":"SearchAction","target":{"@type":"EntryPoint","urlTemplate":"https:\/\/stage.tbkdev.com\/dev\/hinocanada.com\/src\/?s={search_term_string}"},"query-input":{"@type":"PropertyValueSpecification","valueRequired":true,"valueName":"search_term_string"}}],"inLanguage":"fr-CA"}]}},"_links":{"self":[{"href":"https:\/\/stage.tbkdev.com\/dev\/hinocanada.com\/src\/fr\/wp-json\/wp\/v2\/pages\/16863","targetHints":{"allow":["GET"]}}],"collection":[{"href":"https:\/\/stage.tbkdev.com\/dev\/hinocanada.com\/src\/fr\/wp-json\/wp\/v2\/pages"}],"about":[{"href":"https:\/\/stage.tbkdev.com\/dev\/hinocanada.com\/src\/fr\/wp-json\/wp\/v2\/types\/page"}],"author":[{"embeddable":true,"href":"https:\/\/stage.tbkdev.com\/dev\/hinocanada.com\/src\/fr\/wp-json\/wp\/v2\/users\/8"}],"replies":[{"embeddable":true,"href":"https:\/\/stage.tbkdev.com\/dev\/hinocanada.com\/src\/fr\/wp-json\/wp\/v2\/comments?post=16863"}],"version-history":[{"count":18,"href":"https:\/\/stage.tbkdev.com\/dev\/hinocanada.com\/src\/fr\/wp-json\/wp\/v2\/pages\/16863\/revisions"}],"predecessor-version":[{"id":21750,"href":"https:\/\/stage.tbkdev.com\/dev\/hinocanada.com\/src\/fr\/wp-json\/wp\/v2\/pages\/16863\/revisions\/21750"}],"up":[{"embeddable":true,"href":"https:\/\/stage.tbkdev.com\/dev\/hinocanada.com\/src\/fr\/wp-json\/wp\/v2\/pages\/5364"}],"wp:featuredmedia":[{"embeddable":true,"href":"https:\/\/stage.tbkdev.com\/dev\/hinocanada.com\/src\/fr\/wp-json\/wp\/v2\/media\/16953"}],"wp:attachment":[{"href":"https:\/\/stage.tbkdev.com\/dev\/hinocanada.com\/src\/fr\/wp-json\/wp\/v2\/media?parent=16863"}],"curies":[{"name":"wp","href":"https:\/\/api.w.org\/{rel}","templated":true}]}}