{"id":16468,"date":"2021-04-13T12:12:37","date_gmt":"2021-04-13T16:12:37","guid":{"rendered":"https:\/\/stage.tbkdev.com\/dev\/hinocanada.com\/src\/?page_id=16468"},"modified":"2021-04-14T13:51:42","modified_gmt":"2021-04-14T17:51:42","slug":"avis-de-non-responsabilite","status":"publish","type":"page","link":"https:\/\/stage.tbkdev.com\/dev\/hinocanada.com\/src\/fr\/avis-de-non-responsabilite\/","title":{"rendered":"Avis de non-responsabilit\u00e9"},"content":{"rendered":"<div class=\"wpb-content-wrapper\"><p>[vc_row][vc_column][vc_empty_space height=&nbsp;&raquo;100px&nbsp;&raquo;][vc_column_text]<strong>Clause de non-responsabilit\u00e9 relative \u00e0 l&rsquo;image<\/strong><\/p>\n<p>Les images de produits pr\u00e9sent\u00e9es peuvent repr\u00e9senter la gamme de produits, ou \u00eatre \u00e0 des fins d&rsquo;illustration uniquement et peuvent ne pas \u00eatre une repr\u00e9sentation exacte du produit.<\/p>\n<p>Hino Motors Canada, Ltd. se r\u00e9serve le droit de modifier les images et les sp\u00e9cifications des produits \u00e0 tout moment et sans pr\u00e9avis.[\/vc_column_text][\/vc_column][\/vc_row]<\/p>\n<\/div>","protected":false},"excerpt":{"rendered":"<p>[vc_row][vc_column][vc_empty_space height=&nbsp;&raquo;100px&nbsp;&raquo;][vc_column_text]Clause de non-responsabilit\u00e9 relative \u00e0 l&rsquo;image<\/p>\n<p>Les images de produits pr\u00e9sent\u00e9es peuvent repr\u00e9senter la gamme de produits, ou \u00eatre \u00e0 des fins d&rsquo;illustration uniquement et peuvent ne pas \u00eatre une repr\u00e9sentation exacte du produit.<\/p>\n<p>Hino Motors Canada, Ltd. se &hellip; [&#8230;]<\/p>\n","protected":false},"author":8,"featured_media":4076,"parent":0,"menu_order":710,"comment_status":"closed","ping_status":"closed","template":"","meta":{"_acf_changed":false,"footnotes":""},"class_list":["post-16468","page","type-page","status-publish","has-post-thumbnail","hentry"],"acf":[],"yoast_head":"<!-- This site is optimized with the Yoast SEO plugin v23.9 - https:\/\/yoast.com\/wordpress\/plugins\/seo\/ -->\n<title>Avis de non-responsabilit\u00e9 - Hino Canada<\/title>\n<meta name=\"description\" content=\"Les images des produits sont pr\u00e9sent\u00e9es \u00e0 titre indicatif seulement et ne repr\u00e9sentent pas n\u00e9cessairement la configuration et\/ou les options s\u00e9lectionn\u00e9es.\" \/>\n<meta name=\"robots\" content=\"noindex, follow, max-snippet:-1, max-image-preview:large, max-video-preview:-1\" \/>\n<meta property=\"og:locale\" content=\"fr_CA\" \/>\n<meta property=\"og:type\" content=\"article\" \/>\n<meta property=\"og:title\" content=\"Avis de non-responsabilit\u00e9 - Hino Canada\" \/>\n<meta property=\"og:description\" content=\"Les images des produits sont pr\u00e9sent\u00e9es \u00e0 titre indicatif seulement et ne repr\u00e9sentent pas n\u00e9cessairement la configuration et\/ou les options s\u00e9lectionn\u00e9es.\" \/>\n<meta property=\"og:url\" content=\"https:\/\/stage.tbkdev.com\/dev\/hinocanada.com\/src\/fr\/avis-de-non-responsabilite\/\" \/>\n<meta property=\"og:site_name\" content=\"Hino Canada\" \/>\n<meta property=\"article:publisher\" content=\"https:\/\/www.facebook.com\/hinocanada\" \/>\n<meta property=\"article:modified_time\" content=\"2021-04-14T17:51:42+00:00\" \/>\n<meta property=\"og:image\" content=\"https:\/\/stage.tbkdev.com\/dev\/hinocanada.com\/src\/wp-content\/uploads\/2016\/10\/footer-pages-e1488212222510-2200x967.jpg\" \/>\n\t<meta property=\"og:image:width\" content=\"3056\" \/>\n\t<meta property=\"og:image:height\" content=\"967\" \/>\n\t<meta property=\"og:image:type\" content=\"image\/jpeg\" \/>\n<meta name=\"twitter:card\" content=\"summary_large_image\" \/>\n<meta name=\"twitter:label1\" content=\"Est. reading time\" \/>\n\t<meta name=\"twitter:data1\" content=\"1 minute\" \/>\n<script type=\"application\/ld+json\" class=\"yoast-schema-graph\">{\"@context\":\"https:\/\/schema.org\",\"@graph\":[{\"@type\":\"WebPage\",\"@id\":\"https:\/\/stage.tbkdev.com\/dev\/hinocanada.com\/src\/fr\/avis-de-non-responsabilite\/\",\"url\":\"https:\/\/stage.tbkdev.com\/dev\/hinocanada.com\/src\/fr\/avis-de-non-responsabilite\/\",\"name\":\"Avis de non-responsabilit\u00e9 - Hino Canada\",\"isPartOf\":{\"@id\":\"https:\/\/stage.tbkdev.com\/dev\/hinocanada.com\/src\/#website\"},\"primaryImageOfPage\":{\"@id\":\"https:\/\/stage.tbkdev.com\/dev\/hinocanada.com\/src\/fr\/avis-de-non-responsabilite\/#primaryimage\"},\"image\":{\"@id\":\"https:\/\/stage.tbkdev.com\/dev\/hinocanada.com\/src\/fr\/avis-de-non-responsabilite\/#primaryimage\"},\"thumbnailUrl\":\"https:\/\/stage.tbkdev.com\/dev\/hinocanada.com\/src\/wp-content\/uploads\/2016\/10\/footer-pages-e1488212222510-2200x967.jpg\",\"datePublished\":\"2021-04-13T16:12:37+00:00\",\"dateModified\":\"2021-04-14T17:51:42+00:00\",\"description\":\"Les images des produits sont pr\u00e9sent\u00e9es \u00e0 titre indicatif seulement et ne repr\u00e9sentent pas n\u00e9cessairement la configuration et\/ou les options s\u00e9lectionn\u00e9es.\",\"breadcrumb\":{\"@id\":\"https:\/\/stage.tbkdev.com\/dev\/hinocanada.com\/src\/fr\/avis-de-non-responsabilite\/#breadcrumb\"},\"inLanguage\":\"fr-CA\",\"potentialAction\":[{\"@type\":\"ReadAction\",\"target\":[\"https:\/\/stage.tbkdev.com\/dev\/hinocanada.com\/src\/fr\/avis-de-non-responsabilite\/\"]}]},{\"@type\":\"ImageObject\",\"inLanguage\":\"fr-CA\",\"@id\":\"https:\/\/stage.tbkdev.com\/dev\/hinocanada.com\/src\/fr\/avis-de-non-responsabilite\/#primaryimage\",\"url\":\"https:\/\/stage.tbkdev.com\/dev\/hinocanada.com\/src\/wp-content\/uploads\/2016\/10\/footer-pages-e1488212222510-2200x967.jpg\",\"contentUrl\":\"https:\/\/stage.tbkdev.com\/dev\/hinocanada.com\/src\/wp-content\/uploads\/2016\/10\/footer-pages-e1488212222510-2200x967.jpg\",\"width\":3056,\"height\":967},{\"@type\":\"BreadcrumbList\",\"@id\":\"https:\/\/stage.tbkdev.com\/dev\/hinocanada.com\/src\/fr\/avis-de-non-responsabilite\/#breadcrumb\",\"itemListElement\":[{\"@type\":\"ListItem\",\"position\":1,\"name\":\"Home\",\"item\":\"https:\/\/stage.tbkdev.com\/dev\/hinocanada.com\/src\/fr\/\"},{\"@type\":\"ListItem\",\"position\":2,\"name\":\"Avis de non-responsabilit\u00e9\"}]},{\"@type\":\"WebSite\",\"@id\":\"https:\/\/stage.tbkdev.com\/dev\/hinocanada.com\/src\/#website\",\"url\":\"https:\/\/stage.tbkdev.com\/dev\/hinocanada.com\/src\/\",\"name\":\"Hino Canada\",\"description\":\"Just another WordPress site\",\"potentialAction\":[{\"@type\":\"SearchAction\",\"target\":{\"@type\":\"EntryPoint\",\"urlTemplate\":\"https:\/\/stage.tbkdev.com\/dev\/hinocanada.com\/src\/?s={search_term_string}\"},\"query-input\":{\"@type\":\"PropertyValueSpecification\",\"valueRequired\":true,\"valueName\":\"search_term_string\"}}],\"inLanguage\":\"fr-CA\"}]}<\/script>\n<!-- \/ Yoast SEO plugin. -->","yoast_head_json":{"title":"Avis de non-responsabilit\u00e9 - Hino Canada","description":"Les images des produits sont pr\u00e9sent\u00e9es \u00e0 titre indicatif seulement et ne repr\u00e9sentent pas n\u00e9cessairement la configuration et\/ou les options s\u00e9lectionn\u00e9es.","robots":{"index":"noindex","follow":"follow","max-snippet":"max-snippet:-1","max-image-preview":"max-image-preview:large","max-video-preview":"max-video-preview:-1"},"og_locale":"fr_CA","og_type":"article","og_title":"Avis de non-responsabilit\u00e9 - Hino Canada","og_description":"Les images des produits sont pr\u00e9sent\u00e9es \u00e0 titre indicatif seulement et ne repr\u00e9sentent pas n\u00e9cessairement la configuration et\/ou les options s\u00e9lectionn\u00e9es.","og_url":"https:\/\/stage.tbkdev.com\/dev\/hinocanada.com\/src\/fr\/avis-de-non-responsabilite\/","og_site_name":"Hino Canada","article_publisher":"https:\/\/www.facebook.com\/hinocanada","article_modified_time":"2021-04-14T17:51:42+00:00","og_image":[{"width":3056,"height":967,"url":"https:\/\/stage.tbkdev.com\/dev\/hinocanada.com\/src\/wp-content\/uploads\/2016\/10\/footer-pages-e1488212222510-2200x967.jpg","type":"image\/jpeg"}],"twitter_card":"summary_large_image","twitter_misc":{"Est. reading time":"1 minute"},"schema":{"@context":"https:\/\/schema.org","@graph":[{"@type":"WebPage","@id":"https:\/\/stage.tbkdev.com\/dev\/hinocanada.com\/src\/fr\/avis-de-non-responsabilite\/","url":"https:\/\/stage.tbkdev.com\/dev\/hinocanada.com\/src\/fr\/avis-de-non-responsabilite\/","name":"Avis de non-responsabilit\u00e9 - Hino Canada","isPartOf":{"@id":"https:\/\/stage.tbkdev.com\/dev\/hinocanada.com\/src\/#website"},"primaryImageOfPage":{"@id":"https:\/\/stage.tbkdev.com\/dev\/hinocanada.com\/src\/fr\/avis-de-non-responsabilite\/#primaryimage"},"image":{"@id":"https:\/\/stage.tbkdev.com\/dev\/hinocanada.com\/src\/fr\/avis-de-non-responsabilite\/#primaryimage"},"thumbnailUrl":"https:\/\/stage.tbkdev.com\/dev\/hinocanada.com\/src\/wp-content\/uploads\/2016\/10\/footer-pages-e1488212222510-2200x967.jpg","datePublished":"2021-04-13T16:12:37+00:00","dateModified":"2021-04-14T17:51:42+00:00","description":"Les images des produits sont pr\u00e9sent\u00e9es \u00e0 titre indicatif seulement et ne repr\u00e9sentent pas n\u00e9cessairement la configuration et\/ou les options s\u00e9lectionn\u00e9es.","breadcrumb":{"@id":"https:\/\/stage.tbkdev.com\/dev\/hinocanada.com\/src\/fr\/avis-de-non-responsabilite\/#breadcrumb"},"inLanguage":"fr-CA","potentialAction":[{"@type":"ReadAction","target":["https:\/\/stage.tbkdev.com\/dev\/hinocanada.com\/src\/fr\/avis-de-non-responsabilite\/"]}]},{"@type":"ImageObject","inLanguage":"fr-CA","@id":"https:\/\/stage.tbkdev.com\/dev\/hinocanada.com\/src\/fr\/avis-de-non-responsabilite\/#primaryimage","url":"https:\/\/stage.tbkdev.com\/dev\/hinocanada.com\/src\/wp-content\/uploads\/2016\/10\/footer-pages-e1488212222510-2200x967.jpg","contentUrl":"https:\/\/stage.tbkdev.com\/dev\/hinocanada.com\/src\/wp-content\/uploads\/2016\/10\/footer-pages-e1488212222510-2200x967.jpg","width":3056,"height":967},{"@type":"BreadcrumbList","@id":"https:\/\/stage.tbkdev.com\/dev\/hinocanada.com\/src\/fr\/avis-de-non-responsabilite\/#breadcrumb","itemListElement":[{"@type":"ListItem","position":1,"name":"Home","item":"https:\/\/stage.tbkdev.com\/dev\/hinocanada.com\/src\/fr\/"},{"@type":"ListItem","position":2,"name":"Avis de non-responsabilit\u00e9"}]},{"@type":"WebSite","@id":"https:\/\/stage.tbkdev.com\/dev\/hinocanada.com\/src\/#website","url":"https:\/\/stage.tbkdev.com\/dev\/hinocanada.com\/src\/","name":"Hino Canada","description":"Just another WordPress site","potentialAction":[{"@type":"SearchAction","target":{"@type":"EntryPoint","urlTemplate":"https:\/\/stage.tbkdev.com\/dev\/hinocanada.com\/src\/?s={search_term_string}"},"query-input":{"@type":"PropertyValueSpecification","valueRequired":true,"valueName":"search_term_string"}}],"inLanguage":"fr-CA"}]}},"_links":{"self":[{"href":"https:\/\/stage.tbkdev.com\/dev\/hinocanada.com\/src\/fr\/wp-json\/wp\/v2\/pages\/16468","targetHints":{"allow":["GET"]}}],"collection":[{"href":"https:\/\/stage.tbkdev.com\/dev\/hinocanada.com\/src\/fr\/wp-json\/wp\/v2\/pages"}],"about":[{"href":"https:\/\/stage.tbkdev.com\/dev\/hinocanada.com\/src\/fr\/wp-json\/wp\/v2\/types\/page"}],"author":[{"embeddable":true,"href":"https:\/\/stage.tbkdev.com\/dev\/hinocanada.com\/src\/fr\/wp-json\/wp\/v2\/users\/8"}],"replies":[{"embeddable":true,"href":"https:\/\/stage.tbkdev.com\/dev\/hinocanada.com\/src\/fr\/wp-json\/wp\/v2\/comments?post=16468"}],"version-history":[{"count":3,"href":"https:\/\/stage.tbkdev.com\/dev\/hinocanada.com\/src\/fr\/wp-json\/wp\/v2\/pages\/16468\/revisions"}],"predecessor-version":[{"id":16512,"href":"https:\/\/stage.tbkdev.com\/dev\/hinocanada.com\/src\/fr\/wp-json\/wp\/v2\/pages\/16468\/revisions\/16512"}],"wp:featuredmedia":[{"embeddable":true,"href":"https:\/\/stage.tbkdev.com\/dev\/hinocanada.com\/src\/fr\/wp-json\/wp\/v2\/media\/4076"}],"wp:attachment":[{"href":"https:\/\/stage.tbkdev.com\/dev\/hinocanada.com\/src\/fr\/wp-json\/wp\/v2\/media?parent=16468"}],"curies":[{"name":"wp","href":"https:\/\/api.w.org\/{rel}","templated":true}]}}