{"id":15249,"date":"2021-01-21T14:37:31","date_gmt":"2021-01-21T19:37:31","guid":{"rendered":"https:\/\/stage.tbkdev.com\/dev\/hinocanada.com\/src\/?page_id=15249"},"modified":"2025-10-23T12:38:18","modified_gmt":"2025-10-23T16:38:18","slug":"soins-preventifs-hino-2","status":"publish","type":"page","link":"https:\/\/stage.tbkdev.com\/dev\/hinocanada.com\/src\/fr\/pour-les-proprietaires\/soins-preventifs-hino-2\/","title":{"rendered":"Soins pr\u00e9ventifs Hino"},"content":{"rendered":"<div class=\"wpb-content-wrapper\"><p>[vc_row][vc_column][vc_empty_space height=&nbsp;&raquo;50px&nbsp;&raquo;][\/vc_column][\/vc_row][vc_row][vc_column][vc_single_image image=&nbsp;&raquo;19561&Prime; img_size=&nbsp;&raquo;full&nbsp;&raquo; alignment=&nbsp;&raquo;center&nbsp;&raquo; css_animation=&nbsp;&raquo;fadeIn&nbsp;&raquo;][vc_empty_space][vc_column_text css_animation=&nbsp;&raquo;none&nbsp;&raquo;]<\/p>\n<p style=\"text-align: left;\">En tant que propri\u00e9taire Hino, pour assister \u00e0 la long\u00e9vit\u00e9 de votre camion, assurez-vous que les probl\u00e8mes m\u00e9caniques sont prises en charge et les maintenances requises sont \u00e0 jour. La fiabilit\u00e9 et validit\u00e9 est de toute importance! Apportez votre camion Hino aux experts qui le connaissent le mieux. Le service pr\u00e9ventif de Hino offre la tranquillit\u00e9 d\u2019esprit.<\/p>\n<p>[\/vc_column_text][vc_empty_space][\/vc_column][\/vc_row][vc_row][vc_column][vc_single_image image=&nbsp;&raquo;22235&Prime; img_size=&nbsp;&raquo;full&nbsp;&raquo; alignment=&nbsp;&raquo;center&nbsp;&raquo; css=&nbsp;&raquo;&nbsp;&raquo;][vc_empty_space][vc_column_text css_animation=&nbsp;&raquo;none&nbsp;&raquo;]Le programme Protection de Premi\u00e8re Qualit\u00e9 Hino (PPQ) offre des plans d\u2019entretien pr\u00e9ventif pour r\u00e9pondre \u00e0 chaque mod\u00e8le de camion Hino et \u00e0 vos besoins de conduite. Veuillez cliquer sur les mod\u00e8les ci-dessous pour plus de d\u00e9tails sur le programme.[\/vc_column_text][vc_empty_space]<div class=\"text-center\">\n\t<a href=\"https:\/\/stage.tbkdev.com\/dev\/hinocanada.com\/src\/wp-content\/uploads\/2023\/10\/HPP-Plus-Schedule-Web-Fr_102323.pdf\" target=\"_blank\" class=\"btn hino-button\">\n\t\t\t\tCamions l\u00e9gers\t<\/a>\n<\/div>\n<div class=\"text-center\">\n\t<a href=\"https:\/\/stage.tbkdev.com\/dev\/hinocanada.com\/src\/wp-content\/uploads\/2023\/10\/HPP-Plus-Schedule_L-Series_fr_100423_web.pdf\" target=\"_blank\" class=\"btn hino-button\">\n\t\t\t\tCamions \u00e0 service moyen\t<\/a>\n<\/div>\n[vc_empty_space][vc_single_image image=&nbsp;&raquo;19585&Prime; img_size=&nbsp;&raquo;full&nbsp;&raquo; alignment=&nbsp;&raquo;center&nbsp;&raquo; css_animation=&nbsp;&raquo;fadeIn&nbsp;&raquo;][vc_empty_space][vc_column_text css_animation=&nbsp;&raquo;none&nbsp;&raquo; css=&nbsp;&raquo;&nbsp;&raquo;]Le plan d\u2019entretien pr\u00e9pay\u00e9\u00a0<u>Protection de Premi\u00e8re Qualit\u00e9 HINO\u00a0<strong><em>PLUS<\/em><\/strong>\u00a0(PPQ Plus<\/u>) est disponible en option pour tous les camions HINO de la S\u00c9RIE L de l\u2019ann\u00e9e mod\u00e8le 2025 et plus r\u00e9cents pour assurer les meilleures performances de votre camion HINO!<\/p>\n<p>Le contr\u00f4le des co\u00fbts d\u2019entretien des v\u00e9hicules est un d\u00e9fi auquel sont confront\u00e9s les propri\u00e9taires de camions chaque jour.\u00a0 <u>Protection de premi\u00e8re qualit\u00e9 HINO <strong><em>PLUS<\/em><\/strong> <\/u>\u00a0rel\u00e8ve ce d\u00e9fi en verrouillant les co\u00fbts de maintenance pr\u00e9vus du moteur et du ch\u00e2ssis aux co\u00fbts d\u2019aujourd\u2019hui. Vous \u00eates non seulement en mesure de planifier plus pr\u00e9cis\u00e9ment, mais vous pouvez avoir la tranquillit\u00e9 d\u2019esprit en sachant que vos camions HINO sont \u00e0 jour avec l\u2019entretien pr\u00e9ventif et la livraison de la propri\u00e9t\u00e9 la plus rentable disponible.[\/vc_column_text][\/vc_column][\/vc_row][vc_row][vc_column][vc_empty_space height=&nbsp;&raquo;50px&nbsp;&raquo;][vc_single_image image=&nbsp;&raquo;15367&Prime; img_size=&nbsp;&raquo;medium&nbsp;&raquo; alignment=&nbsp;&raquo;center&nbsp;&raquo; onclick=&nbsp;&raquo;custom_link&nbsp;&raquo; img_link_target=&nbsp;&raquo;_blank&nbsp;&raquo; link=&nbsp;&raquo;https:\/\/stage.tbkdev.com\/dev\/hinocanada.com\/src\/fr\/dealers\/&nbsp;&raquo;][vc_empty_space height=&nbsp;&raquo;50px&nbsp;&raquo;][vc_column_text css_animation=&nbsp;&raquo;fadeIn&nbsp;&raquo;]<\/p>\n<p style=\"text-align: center;\"><strong>Contactez votre concessionnaire Hino le plus proche pour plus de d\u00e9tails.<\/strong><\/p>\n<p>[\/vc_column_text][\/vc_column][\/vc_row][vc_row][vc_column][vc_empty_space height=&nbsp;&raquo;50px&nbsp;&raquo;]<div class=\"text-center\">\n\t<a href=\"https:\/\/stage.tbkdev.com\/dev\/hinocanada.com\/src\/wp-content\/uploads\/2022\/02\/HPP-Plus-Package-MDT_fr.pdf\" target=\"_blank\" class=\"btn hino-button\">\n\t\t<span class=\"icon icon-download\"><\/span> \t\tPPQ PLUS\t<\/a>\n<\/div>\n[vc_single_image image=&nbsp;&raquo;19591&Prime; img_size=&nbsp;&raquo;medium&nbsp;&raquo; alignment=&nbsp;&raquo;center&nbsp;&raquo; onclick=&nbsp;&raquo;custom_link&nbsp;&raquo; img_link_target=&nbsp;&raquo;_blank&nbsp;&raquo; css_animation=&nbsp;&raquo;fadeIn&nbsp;&raquo;][vc_empty_space height=&nbsp;&raquo;50px&nbsp;&raquo;][vc_separator border_width=&nbsp;&raquo;3&Prime;][\/vc_column][\/vc_row]<\/p>\n<\/div>","protected":false},"excerpt":{"rendered":"<p>[vc_row][vc_column][vc_empty_space height=&nbsp;&raquo;50px&nbsp;&raquo;][\/vc_column][\/vc_row][vc_row][vc_column][vc_single_image image=&nbsp;&raquo;19561&Prime; img_size=&nbsp;&raquo;full&nbsp;&raquo; alignment=&nbsp;&raquo;center&nbsp;&raquo; css_animation=&nbsp;&raquo;fadeIn&nbsp;&raquo;][vc_empty_space][vc_column_text css_animation=&nbsp;&raquo;none&nbsp;&raquo;]<\/p>\n<p style=\"text-align: left;\">En tant que propri\u00e9taire Hino, pour assister \u00e0 la long\u00e9vit\u00e9 de votre camion, assurez-vous que les probl\u00e8mes m\u00e9caniques sont prises en charge et les maintenances requises sont \u00e0 jour. La fiabilit\u00e9 &hellip; [&#8230;]<\/p>\n","protected":false},"author":8,"featured_media":15390,"parent":5364,"menu_order":10,"comment_status":"closed","ping_status":"closed","template":"","meta":{"_acf_changed":false,"footnotes":""},"class_list":["post-15249","page","type-page","status-publish","has-post-thumbnail","hentry"],"acf":[],"yoast_head":"<!-- This site is optimized with the Yoast SEO plugin v23.9 - https:\/\/yoast.com\/wordpress\/plugins\/seo\/ -->\n<title>Soins pr\u00e9ventifs Hino |Hino Motors Canada<\/title>\n<meta name=\"description\" content=\"En tant que propri\u00e9taire Hino, pour assister \u00e0 la long\u00e9vit\u00e9 de votre camion, assurez-vous que les probl\u00e8mes m\u00e9caniques sont prises en charge et les maintenances requises sont \u00e0 jour. La fiabilit\u00e9 et validit\u00e9 est de toute importance!\" \/>\n<meta name=\"robots\" content=\"noindex, follow, max-snippet:-1, max-image-preview:large, max-video-preview:-1\" \/>\n<meta property=\"og:locale\" content=\"fr_CA\" \/>\n<meta property=\"og:type\" content=\"article\" \/>\n<meta property=\"og:title\" content=\"Soins pr\u00e9ventifs Hino |Hino Motors Canada\" \/>\n<meta property=\"og:description\" content=\"En tant que propri\u00e9taire Hino, pour assister \u00e0 la long\u00e9vit\u00e9 de votre camion, assurez-vous que les probl\u00e8mes m\u00e9caniques sont prises en charge et les maintenances requises sont \u00e0 jour. La fiabilit\u00e9 et validit\u00e9 est de toute importance!\" \/>\n<meta property=\"og:url\" content=\"https:\/\/stage.tbkdev.com\/dev\/hinocanada.com\/src\/fr\/pour-les-proprietaires\/soins-preventifs-hino-2\/\" \/>\n<meta property=\"og:site_name\" content=\"Hino Canada\" \/>\n<meta property=\"article:publisher\" content=\"https:\/\/www.facebook.com\/hinocanada\" \/>\n<meta property=\"article:modified_time\" content=\"2025-10-23T16:38:18+00:00\" \/>\n<meta property=\"og:image\" content=\"https:\/\/stage.tbkdev.com\/dev\/hinocanada.com\/src\/wp-content\/uploads\/2021\/01\/Owners_HPP_schedule-top-banner2.jpg\" \/>\n\t<meta property=\"og:image:width\" content=\"1824\" \/>\n\t<meta property=\"og:image:height\" content=\"604\" \/>\n\t<meta property=\"og:image:type\" content=\"image\/jpeg\" \/>\n<meta name=\"twitter:card\" content=\"summary_large_image\" \/>\n<meta name=\"twitter:label1\" content=\"Est. reading time\" \/>\n\t<meta name=\"twitter:data1\" content=\"3 minutes\" \/>\n<script type=\"application\/ld+json\" class=\"yoast-schema-graph\">{\"@context\":\"https:\/\/schema.org\",\"@graph\":[{\"@type\":\"WebPage\",\"@id\":\"https:\/\/stage.tbkdev.com\/dev\/hinocanada.com\/src\/fr\/pour-les-proprietaires\/soins-preventifs-hino-2\/\",\"url\":\"https:\/\/stage.tbkdev.com\/dev\/hinocanada.com\/src\/fr\/pour-les-proprietaires\/soins-preventifs-hino-2\/\",\"name\":\"Soins pr\u00e9ventifs Hino |Hino Motors Canada\",\"isPartOf\":{\"@id\":\"https:\/\/stage.tbkdev.com\/dev\/hinocanada.com\/src\/#website\"},\"primaryImageOfPage\":{\"@id\":\"https:\/\/stage.tbkdev.com\/dev\/hinocanada.com\/src\/fr\/pour-les-proprietaires\/soins-preventifs-hino-2\/#primaryimage\"},\"image\":{\"@id\":\"https:\/\/stage.tbkdev.com\/dev\/hinocanada.com\/src\/fr\/pour-les-proprietaires\/soins-preventifs-hino-2\/#primaryimage\"},\"thumbnailUrl\":\"https:\/\/stage.tbkdev.com\/dev\/hinocanada.com\/src\/wp-content\/uploads\/2021\/01\/Owners_HPP_schedule-top-banner2.jpg\",\"datePublished\":\"2021-01-21T19:37:31+00:00\",\"dateModified\":\"2025-10-23T16:38:18+00:00\",\"description\":\"En tant que propri\u00e9taire Hino, pour assister \u00e0 la long\u00e9vit\u00e9 de votre camion, assurez-vous que les probl\u00e8mes m\u00e9caniques sont prises en charge et les maintenances requises sont \u00e0 jour. La fiabilit\u00e9 et validit\u00e9 est de toute importance!\",\"breadcrumb\":{\"@id\":\"https:\/\/stage.tbkdev.com\/dev\/hinocanada.com\/src\/fr\/pour-les-proprietaires\/soins-preventifs-hino-2\/#breadcrumb\"},\"inLanguage\":\"fr-CA\",\"potentialAction\":[{\"@type\":\"ReadAction\",\"target\":[\"https:\/\/stage.tbkdev.com\/dev\/hinocanada.com\/src\/fr\/pour-les-proprietaires\/soins-preventifs-hino-2\/\"]}]},{\"@type\":\"ImageObject\",\"inLanguage\":\"fr-CA\",\"@id\":\"https:\/\/stage.tbkdev.com\/dev\/hinocanada.com\/src\/fr\/pour-les-proprietaires\/soins-preventifs-hino-2\/#primaryimage\",\"url\":\"https:\/\/stage.tbkdev.com\/dev\/hinocanada.com\/src\/wp-content\/uploads\/2021\/01\/Owners_HPP_schedule-top-banner2.jpg\",\"contentUrl\":\"https:\/\/stage.tbkdev.com\/dev\/hinocanada.com\/src\/wp-content\/uploads\/2021\/01\/Owners_HPP_schedule-top-banner2.jpg\",\"width\":1824,\"height\":604},{\"@type\":\"BreadcrumbList\",\"@id\":\"https:\/\/stage.tbkdev.com\/dev\/hinocanada.com\/src\/fr\/pour-les-proprietaires\/soins-preventifs-hino-2\/#breadcrumb\",\"itemListElement\":[{\"@type\":\"ListItem\",\"position\":1,\"name\":\"Home\",\"item\":\"https:\/\/stage.tbkdev.com\/dev\/hinocanada.com\/src\/fr\/\"},{\"@type\":\"ListItem\",\"position\":2,\"name\":\"Pour les propri\u00e9taires\",\"item\":\"https:\/\/stage.tbkdev.com\/dev\/hinocanada.com\/src\/fr\/pour-les-proprietaires\/\"},{\"@type\":\"ListItem\",\"position\":3,\"name\":\"Soins pr\u00e9ventifs Hino\"}]},{\"@type\":\"WebSite\",\"@id\":\"https:\/\/stage.tbkdev.com\/dev\/hinocanada.com\/src\/#website\",\"url\":\"https:\/\/stage.tbkdev.com\/dev\/hinocanada.com\/src\/\",\"name\":\"Hino Canada\",\"description\":\"Just another WordPress site\",\"potentialAction\":[{\"@type\":\"SearchAction\",\"target\":{\"@type\":\"EntryPoint\",\"urlTemplate\":\"https:\/\/stage.tbkdev.com\/dev\/hinocanada.com\/src\/?s={search_term_string}\"},\"query-input\":{\"@type\":\"PropertyValueSpecification\",\"valueRequired\":true,\"valueName\":\"search_term_string\"}}],\"inLanguage\":\"fr-CA\"}]}<\/script>\n<!-- \/ Yoast SEO plugin. -->","yoast_head_json":{"title":"Soins pr\u00e9ventifs Hino |Hino Motors Canada","description":"En tant que propri\u00e9taire Hino, pour assister \u00e0 la long\u00e9vit\u00e9 de votre camion, assurez-vous que les probl\u00e8mes m\u00e9caniques sont prises en charge et les maintenances requises sont \u00e0 jour. La fiabilit\u00e9 et validit\u00e9 est de toute importance!","robots":{"index":"noindex","follow":"follow","max-snippet":"max-snippet:-1","max-image-preview":"max-image-preview:large","max-video-preview":"max-video-preview:-1"},"og_locale":"fr_CA","og_type":"article","og_title":"Soins pr\u00e9ventifs Hino |Hino Motors Canada","og_description":"En tant que propri\u00e9taire Hino, pour assister \u00e0 la long\u00e9vit\u00e9 de votre camion, assurez-vous que les probl\u00e8mes m\u00e9caniques sont prises en charge et les maintenances requises sont \u00e0 jour. La fiabilit\u00e9 et validit\u00e9 est de toute importance!","og_url":"https:\/\/stage.tbkdev.com\/dev\/hinocanada.com\/src\/fr\/pour-les-proprietaires\/soins-preventifs-hino-2\/","og_site_name":"Hino Canada","article_publisher":"https:\/\/www.facebook.com\/hinocanada","article_modified_time":"2025-10-23T16:38:18+00:00","og_image":[{"width":1824,"height":604,"url":"https:\/\/stage.tbkdev.com\/dev\/hinocanada.com\/src\/wp-content\/uploads\/2021\/01\/Owners_HPP_schedule-top-banner2.jpg","type":"image\/jpeg"}],"twitter_card":"summary_large_image","twitter_misc":{"Est. reading time":"3 minutes"},"schema":{"@context":"https:\/\/schema.org","@graph":[{"@type":"WebPage","@id":"https:\/\/stage.tbkdev.com\/dev\/hinocanada.com\/src\/fr\/pour-les-proprietaires\/soins-preventifs-hino-2\/","url":"https:\/\/stage.tbkdev.com\/dev\/hinocanada.com\/src\/fr\/pour-les-proprietaires\/soins-preventifs-hino-2\/","name":"Soins pr\u00e9ventifs Hino |Hino Motors Canada","isPartOf":{"@id":"https:\/\/stage.tbkdev.com\/dev\/hinocanada.com\/src\/#website"},"primaryImageOfPage":{"@id":"https:\/\/stage.tbkdev.com\/dev\/hinocanada.com\/src\/fr\/pour-les-proprietaires\/soins-preventifs-hino-2\/#primaryimage"},"image":{"@id":"https:\/\/stage.tbkdev.com\/dev\/hinocanada.com\/src\/fr\/pour-les-proprietaires\/soins-preventifs-hino-2\/#primaryimage"},"thumbnailUrl":"https:\/\/stage.tbkdev.com\/dev\/hinocanada.com\/src\/wp-content\/uploads\/2021\/01\/Owners_HPP_schedule-top-banner2.jpg","datePublished":"2021-01-21T19:37:31+00:00","dateModified":"2025-10-23T16:38:18+00:00","description":"En tant que propri\u00e9taire Hino, pour assister \u00e0 la long\u00e9vit\u00e9 de votre camion, assurez-vous que les probl\u00e8mes m\u00e9caniques sont prises en charge et les maintenances requises sont \u00e0 jour. La fiabilit\u00e9 et validit\u00e9 est de toute importance!","breadcrumb":{"@id":"https:\/\/stage.tbkdev.com\/dev\/hinocanada.com\/src\/fr\/pour-les-proprietaires\/soins-preventifs-hino-2\/#breadcrumb"},"inLanguage":"fr-CA","potentialAction":[{"@type":"ReadAction","target":["https:\/\/stage.tbkdev.com\/dev\/hinocanada.com\/src\/fr\/pour-les-proprietaires\/soins-preventifs-hino-2\/"]}]},{"@type":"ImageObject","inLanguage":"fr-CA","@id":"https:\/\/stage.tbkdev.com\/dev\/hinocanada.com\/src\/fr\/pour-les-proprietaires\/soins-preventifs-hino-2\/#primaryimage","url":"https:\/\/stage.tbkdev.com\/dev\/hinocanada.com\/src\/wp-content\/uploads\/2021\/01\/Owners_HPP_schedule-top-banner2.jpg","contentUrl":"https:\/\/stage.tbkdev.com\/dev\/hinocanada.com\/src\/wp-content\/uploads\/2021\/01\/Owners_HPP_schedule-top-banner2.jpg","width":1824,"height":604},{"@type":"BreadcrumbList","@id":"https:\/\/stage.tbkdev.com\/dev\/hinocanada.com\/src\/fr\/pour-les-proprietaires\/soins-preventifs-hino-2\/#breadcrumb","itemListElement":[{"@type":"ListItem","position":1,"name":"Home","item":"https:\/\/stage.tbkdev.com\/dev\/hinocanada.com\/src\/fr\/"},{"@type":"ListItem","position":2,"name":"Pour les propri\u00e9taires","item":"https:\/\/stage.tbkdev.com\/dev\/hinocanada.com\/src\/fr\/pour-les-proprietaires\/"},{"@type":"ListItem","position":3,"name":"Soins pr\u00e9ventifs Hino"}]},{"@type":"WebSite","@id":"https:\/\/stage.tbkdev.com\/dev\/hinocanada.com\/src\/#website","url":"https:\/\/stage.tbkdev.com\/dev\/hinocanada.com\/src\/","name":"Hino Canada","description":"Just another WordPress site","potentialAction":[{"@type":"SearchAction","target":{"@type":"EntryPoint","urlTemplate":"https:\/\/stage.tbkdev.com\/dev\/hinocanada.com\/src\/?s={search_term_string}"},"query-input":{"@type":"PropertyValueSpecification","valueRequired":true,"valueName":"search_term_string"}}],"inLanguage":"fr-CA"}]}},"_links":{"self":[{"href":"https:\/\/stage.tbkdev.com\/dev\/hinocanada.com\/src\/fr\/wp-json\/wp\/v2\/pages\/15249","targetHints":{"allow":["GET"]}}],"collection":[{"href":"https:\/\/stage.tbkdev.com\/dev\/hinocanada.com\/src\/fr\/wp-json\/wp\/v2\/pages"}],"about":[{"href":"https:\/\/stage.tbkdev.com\/dev\/hinocanada.com\/src\/fr\/wp-json\/wp\/v2\/types\/page"}],"author":[{"embeddable":true,"href":"https:\/\/stage.tbkdev.com\/dev\/hinocanada.com\/src\/fr\/wp-json\/wp\/v2\/users\/8"}],"replies":[{"embeddable":true,"href":"https:\/\/stage.tbkdev.com\/dev\/hinocanada.com\/src\/fr\/wp-json\/wp\/v2\/comments?post=15249"}],"version-history":[{"count":43,"href":"https:\/\/stage.tbkdev.com\/dev\/hinocanada.com\/src\/fr\/wp-json\/wp\/v2\/pages\/15249\/revisions"}],"predecessor-version":[{"id":22237,"href":"https:\/\/stage.tbkdev.com\/dev\/hinocanada.com\/src\/fr\/wp-json\/wp\/v2\/pages\/15249\/revisions\/22237"}],"up":[{"embeddable":true,"href":"https:\/\/stage.tbkdev.com\/dev\/hinocanada.com\/src\/fr\/wp-json\/wp\/v2\/pages\/5364"}],"wp:featuredmedia":[{"embeddable":true,"href":"https:\/\/stage.tbkdev.com\/dev\/hinocanada.com\/src\/fr\/wp-json\/wp\/v2\/media\/15390"}],"wp:attachment":[{"href":"https:\/\/stage.tbkdev.com\/dev\/hinocanada.com\/src\/fr\/wp-json\/wp\/v2\/media?parent=15249"}],"curies":[{"name":"wp","href":"https:\/\/api.w.org\/{rel}","templated":true}]}}