{"id":12433,"date":"2020-04-06T13:29:05","date_gmt":"2020-04-06T17:29:05","guid":{"rendered":"https:\/\/stage.tbkdev.com\/dev\/hinocanada.com\/src\/?page_id=12433"},"modified":"2021-11-11T16:38:40","modified_gmt":"2021-11-11T21:38:40","slug":"voix-des-proprietaires-de-hino-2","status":"publish","type":"page","link":"https:\/\/stage.tbkdev.com\/dev\/hinocanada.com\/src\/fr\/pour-les-proprietaires\/voix-des-proprietaires-de-hino-2\/","title":{"rendered":"Voix des propri\u00e9taires de Hino"},"content":{"rendered":"<div class=\"wpb-content-wrapper\"><p>[vc_row][vc_column][vc_empty_space][vc_hoverbox image=&nbsp;&raquo;11236&Prime; primary_title=&nbsp;&raquo;&nbsp;&raquo; hover_title=&nbsp;&raquo;&nbsp;&raquo; hover_btn_title=&nbsp;&raquo;Explorer le mod\u00e8le&nbsp;&raquo; hover_btn_color=&nbsp;&raquo;danger&nbsp;&raquo; hover_add_button=&nbsp;&raquo;true&nbsp;&raquo; hover_btn_link=&nbsp;&raquo;url:https%3A%2F%2Fstage.tbkdev.com%2Fdev%2Fhinocanada.com%2Fsrc%2Ffr%2Fpoids-legers-a-cabine-surelevee%2F2020-hino-195%2F|title:Hino%20195%202020|target:%20_blank|&nbsp;&raquo;]<\/p>\n<p style=\"text-align: center;\">&laquo;&nbsp;Il y a 17 ans que j\u2019ach\u00e8te des camions Hino et je suis enti\u00e8rement satisfait de ce produit qui correspond \u00e0 mes crit\u00e8res : fiabilit\u00e9, endurance et \u00e9conomie de carburant.&nbsp;&raquo;<\/p>\n<p style=\"text-align: center;\"><strong>Transport Bouchard<\/strong><br \/>\nPetit-Saguenay, QC | Hino mod\u00e8le 195<\/p>\n<p>[\/vc_hoverbox][vc_empty_space][vc_hoverbox image=&nbsp;&raquo;11200&Prime; primary_title=&nbsp;&raquo;&nbsp;&raquo; hover_title=&nbsp;&raquo;&nbsp;&raquo; hover_btn_title=&nbsp;&raquo;Explorer le mod\u00e8le&nbsp;&raquo; hover_btn_color=&nbsp;&raquo;danger&nbsp;&raquo; hover_add_button=&nbsp;&raquo;true&nbsp;&raquo; hover_btn_link=&nbsp;&raquo;url:https%3A%2F%2Fstage.tbkdev.com%2Fdev%2Fhinocanada.com%2Fsrc%2Ffr%2Fpoids-legers-a-cabine-surelevee%2F2020-hino-195%2F|title:Hino%20195%202020|target:%20_blank|&nbsp;&raquo;]<\/p>\n<p style=\"text-align: center;\">&laquo;&nbsp;Nous faisons \u00e9norm\u00e9ment de route avec le camion partout au Qu\u00e9bec, dans la r\u00e9gion de Vancouver et aux \u00c9tats-Unis. Nous adorons la conduite du camion. Il y a beaucoup d\u2019espace \u00e0 l\u2019arri\u00e8re pour charger beaucoup de mat\u00e9riaux. Nous sommes tr\u00e8s satisfaits de notre achat chez Hino.&nbsp;&raquo;<\/p>\n<p style=\"text-align: center;\"><strong>Expert 3<\/strong><br \/>\nSaint-Marie, QC | Hino mod\u00e8le 195<\/p>\n<p>[\/vc_hoverbox][vc_empty_space][vc_hoverbox image=&nbsp;&raquo;11188&Prime; primary_title=&nbsp;&raquo;&nbsp;&raquo; hover_title=&nbsp;&raquo;&nbsp;&raquo; hover_btn_title=&nbsp;&raquo;Explorer le mod\u00e8le&nbsp;&raquo; hover_btn_color=&nbsp;&raquo;danger&nbsp;&raquo; hover_add_button=&nbsp;&raquo;true&nbsp;&raquo; hover_btn_link=&nbsp;&raquo;url:https%3A%2F%2Fstage.tbkdev.com%2Fdev%2Fhinocanada.com%2Fsrc%2Ffr%2Fpoids-legers-a-cabine-surelevee%2F2020-hino-195%2F|title:Hino%20195%202020|target:%20_blank|&nbsp;&raquo;]<\/p>\n<p style=\"text-align: center;\">&laquo;&nbsp;Ce camion nous sert \u00e0 transporter tous nos outils et notre \u00e9quipement sur les chantiers de construction, qu\u2019ils soient en pleine for\u00eat sur de petits chemins de terre ou au c\u0153ur de la ville pour de plus gros projets. Il a fi\u00e8re allure partout o\u00f9 il va!&nbsp;&raquo;<\/p>\n<p style=\"text-align: center;\"><strong>Construction \u00c9ric Lefebvre<\/strong><br \/>\nSaint-Adelphe, QC | Hino mod\u00e8le 195<\/p>\n<p>[\/vc_hoverbox][vc_empty_space][vc_hoverbox image=&nbsp;&raquo;12745&Prime; primary_title=&nbsp;&raquo;&nbsp;&raquo; hover_title=&nbsp;&raquo;&nbsp;&raquo; hover_btn_title=&nbsp;&raquo;Explorer le mod\u00e8le&nbsp;&raquo; hover_btn_color=&nbsp;&raquo;danger&nbsp;&raquo; hover_add_button=&nbsp;&raquo;true&nbsp;&raquo; hover_btn_link=&nbsp;&raquo;url:https%3A%2F%2Fstage.tbkdev.com%2Fdev%2Fhinocanada.com%2Fsrc%2Ffr%2Fpoids-legers-a-cabine-surelevee%2F2020-hino-195%2F|title:Hino%20195%202020|target:%20_blank|&nbsp;&raquo;]<\/p>\n<p style=\"text-align: center;\">&laquo;&nbsp;Apr\u00e8s de nombreuses recherches, j&rsquo;ai d\u00e9cid\u00e9 d&rsquo;acheter un camion Hino pour mon entreprise. Le camion a \u00e9t\u00e9 fantastique tout en \u00e9tant enti\u00e8rement efficace sur le chantier.&nbsp;&raquo;<\/p>\n<p style=\"text-align: center;\"><strong>Land and Stone<\/strong><br \/>\nWiarton, ON | Hino mod\u00e8le 195<\/p>\n<p>[\/vc_hoverbox][vc_empty_space][vc_hoverbox image=&nbsp;&raquo;12774&Prime; primary_title=&nbsp;&raquo;&nbsp;&raquo; hover_title=&nbsp;&raquo;&nbsp;&raquo; hover_btn_title=&nbsp;&raquo;Explorer le mod\u00e8le&nbsp;&raquo; hover_btn_color=&nbsp;&raquo;danger&nbsp;&raquo; hover_add_button=&nbsp;&raquo;true&nbsp;&raquo; hover_btn_link=&nbsp;&raquo;url:https%3A%2F%2Fstage.tbkdev.com%2Fdev%2Fhinocanada.com%2Fsrc%2Ffr%2Fpoids-legers-a-cabine-surelevee%2F2020-hino-195%2F|title:Hino%20195%202020|target:%20_blank|&nbsp;&raquo;]<\/p>\n<p style=\"text-align: center;\">&laquo;&nbsp;Depuis 1988, CAA-Quebec fait confiance a la fiabilite de la marque Hino. Notre flotte de depanneuses compte maintenant 24 unites de marque Hino.&nbsp;&raquo;<\/p>\n<p style=\"text-align: center;\"><strong>CAA Qu\u00e9bec <\/strong><br \/>\nQu\u00e9bec , QC | Hino mod\u00e8le 195<\/p>\n<p>[\/vc_hoverbox][vc_empty_space][vc_hoverbox image=&nbsp;&raquo;11212&Prime; primary_title=&nbsp;&raquo;&nbsp;&raquo; hover_title=&nbsp;&raquo;&nbsp;&raquo; hover_btn_title=&nbsp;&raquo;Explorer le mod\u00e8le&nbsp;&raquo; hover_btn_color=&nbsp;&raquo;danger&nbsp;&raquo; hover_add_button=&nbsp;&raquo;true&nbsp;&raquo; hover_btn_link=&nbsp;&raquo;url:https%3A%2F%2Fstage.tbkdev.com%2Fdev%2Fhinocanada.com%2Fsrc%2Ffr%2Fpoids-legers-a-cabine-surelevee%2F2020-hino-195C%2F|title:Hino%20195%20%C3%A0%20cabine%20d%E2%80%99%C3%A9quipe%202020|target:%20_blank|&nbsp;&raquo;]<\/p>\n<p style=\"text-align: center;\">&laquo;&nbsp;L&rsquo;acquisition de mon camion Hino \u00e0 4 portes est l&rsquo;un de mes meilleurs achats \u00e0 ce jour. La cabine 7 passagers rend le camion tr\u00e8s utile puisque je dois parcourir de longues distances pour mon travail. Sa fiabilite me permet de prendre la route en toute confiance. Merci Hino.&nbsp;&raquo;<\/p>\n<p style=\"text-align: center;\"><strong>Levage Fallon Inc.<\/strong><br \/>\nMarieville, QC | Hino mod\u00e8le 195CC<\/p>\n<p>[\/vc_hoverbox][vc_empty_space][vc_hoverbox image=&nbsp;&raquo;600&Prime; primary_title=&nbsp;&raquo;&nbsp;&raquo; hover_title=&nbsp;&raquo;&nbsp;&raquo; hover_btn_title=&nbsp;&raquo;Explorer le mod\u00e8le&nbsp;&raquo; hover_btn_color=&nbsp;&raquo;danger&nbsp;&raquo; hover_add_button=&nbsp;&raquo;true&nbsp;&raquo; hover_btn_link=&nbsp;&raquo;url:https%3A%2F%2Fstage.tbkdev.com%2Fdev%2Fhinocanada.com%2Fsrc%2Ffr%2Fpoids-moyens-a-capot-conventionnel%2F2020-hino-258%2F|title:Hino%20258%202020|target:%20_blank|&nbsp;&raquo;]<\/p>\n<p style=\"text-align: center;\">&laquo;&nbsp;HINO est sup\u00e9rieur en performance, en durabilit\u00e9 et en productivit\u00e9.&nbsp;&raquo;<\/p>\n<p style=\"text-align: center;\"><strong>Load-N-Lift Disposal<\/strong><br \/>\nColborne, ON | Hino mod\u00e8le 258<\/p>\n<p>[\/vc_hoverbox][vc_empty_space][vc_hoverbox image=&nbsp;&raquo;12757&Prime; primary_title=&nbsp;&raquo;&nbsp;&raquo; hover_title=&nbsp;&raquo;&nbsp;&raquo; hover_btn_title=&nbsp;&raquo;Explorer le mod\u00e8le&nbsp;&raquo; hover_btn_color=&nbsp;&raquo;danger&nbsp;&raquo; hover_add_button=&nbsp;&raquo;true&nbsp;&raquo; hover_btn_link=&nbsp;&raquo;url:https%3A%2F%2Fstage.tbkdev.com%2Fdev%2Fhinocanada.com%2Fsrc%2Ffr%2Fpoids-moyens-a-capot-conventionnel%2F2020-hino-258%2F|title:Hino%20258%202020|target:%20_blank|&nbsp;&raquo;]<\/p>\n<p style=\"text-align: center;\">&laquo;&nbsp;C&rsquo;est notre premier Hino, il a d\u00e9pass\u00e9 nos attentes.&nbsp;&raquo;<\/p>\n<p style=\"text-align: center;\"><strong>York Regional Traffic Services Inc.<\/strong><br \/>\nRichmond Hill, ON | Hino mod\u00e8le 258<\/p>\n<p>[\/vc_hoverbox][vc_empty_space][vc_hoverbox image=&nbsp;&raquo;6848&Prime; primary_title=&nbsp;&raquo;&nbsp;&raquo; hover_title=&nbsp;&raquo;&nbsp;&raquo; hover_btn_title=&nbsp;&raquo;Explorer le mod\u00e8le&nbsp;&raquo; hover_btn_color=&nbsp;&raquo;danger&nbsp;&raquo; hover_add_button=&nbsp;&raquo;true&nbsp;&raquo; hover_btn_link=&nbsp;&raquo;url:https%3A%2F%2Fstage.tbkdev.com%2Fdev%2Fhinocanada.com%2Fsrc%2Ffr%2Fpoids-moyens-a-capot-conventionnel%2F2020-hino-268%2F|title:Hino%20268%202020|target:%20_blank|&nbsp;&raquo;]<\/p>\n<p style=\"text-align: center;\">&laquo;&nbsp;Meilleurs concessionnaires, meilleurs camions, excellent service et garantie. Ce dont chaque propri\u00e9taire d&rsquo;entreprise veut!&nbsp;&raquo;<\/p>\n<p style=\"text-align: center;\"><strong>S1 Group<\/strong><br \/>\nToronto, ON | Hino mod\u00e8le 268<\/p>\n<p>[\/vc_hoverbox][vc_empty_space][vc_hoverbox image=&nbsp;&raquo;11242&Prime; primary_title=&nbsp;&raquo;&nbsp;&raquo; hover_title=&nbsp;&raquo;&nbsp;&raquo; hover_btn_title=&nbsp;&raquo;Explorer le mod\u00e8le&nbsp;&raquo; hover_btn_color=&nbsp;&raquo;danger&nbsp;&raquo; hover_add_button=&nbsp;&raquo;true&nbsp;&raquo; hover_btn_link=&nbsp;&raquo;url:https%3A%2F%2Fstage.tbkdev.com%2Fdev%2Fhinocanada.com%2Fsrc%2Ffr%2Fpoids-moyens-a-capot-conventionnel%2F2020-hino-268%2F|title:Hino%20268%202020|target:%20_blank|&nbsp;&raquo;]<\/p>\n<p style=\"text-align: center;\">&laquo;&nbsp;Nous sommes fiers du design de notre nouveau prototype. Heureux des r\u00e9sultats.&nbsp;&raquo;<\/p>\n<p style=\"text-align: center;\"><strong>Two Men and a Truck<\/strong><br \/>\nOttawa, ON | Hino mod\u00e8le 268<\/p>\n<p>[\/vc_hoverbox][vc_empty_space][vc_hoverbox image=&nbsp;&raquo;11224&Prime; primary_title=&nbsp;&raquo;&nbsp;&raquo; hover_title=&nbsp;&raquo;&nbsp;&raquo; hover_btn_title=&nbsp;&raquo;Explorer le mod\u00e8le&nbsp;&raquo; hover_btn_color=&nbsp;&raquo;danger&nbsp;&raquo; hover_add_button=&nbsp;&raquo;true&nbsp;&raquo; hover_btn_link=&nbsp;&raquo;url:https%3A%2F%2Fstage.tbkdev.com%2Fdev%2Fhinocanada.com%2Fsrc%2Ffr%2Fpoids-moyens-a-capot-conventionnel%2F2020-hino-268%2F|title:Hino%20268%202020|target:%20_blank|&nbsp;&raquo;]<\/p>\n<p style=\"text-align: center;\">&laquo;&nbsp;Nous poursuivons notre croissance en utilisant des Hino, dont les performances d\u00e9passent celles de tous les autres camions de la cat\u00e9gorie que nous avons essay\u00e9s. Notre flotte a atteint la marque des 17 unit\u00e9s et compte plusieurs mod\u00e8les Hino exceptionnels pour faire le boulot.&nbsp;&raquo;<\/p>\n<p style=\"text-align: center;\"><strong>S&amp;V Delta Towing<\/strong><br \/>\nCambridge, ON | Hino mod\u00e8le 268<\/p>\n<p>[\/vc_hoverbox][vc_empty_space][vc_hoverbox image=&nbsp;&raquo;12401&Prime; primary_title=&nbsp;&raquo;&nbsp;&raquo; hover_title=&nbsp;&raquo;&nbsp;&raquo; hover_btn_title=&nbsp;&raquo;Explorer le mod\u00e8le&nbsp;&raquo; hover_btn_color=&nbsp;&raquo;danger&nbsp;&raquo; hover_add_button=&nbsp;&raquo;true&nbsp;&raquo; hover_btn_link=&nbsp;&raquo;url:https%3A%2F%2Fstage.tbkdev.com%2Fdev%2Fhinocanada.com%2Fsrc%2Ffr%2Fpoids-moyens-a-capot-conventionnel%2F2020-hino-338%2F|title:Hino%20338%202020|target:%20_blank|&nbsp;&raquo;]<\/p>\n<p style=\"text-align: center;\">&laquo;&nbsp;Des ant\u00e9c\u00e9dents de fiabilit\u00e9 et de durabilit\u00e9 \u00e9prouv\u00e9s, qui nous permettent de toujours battre la concurrence en nous faufilant dans les moindres recoins de la ville.&nbsp;&raquo;<\/p>\n<p style=\"text-align: center;\"><strong>Ace Disposal Bins<\/strong><br \/>\nEtobicoke, ON | Hino mod\u00e8le 338<\/p>\n<p>[\/vc_hoverbox][vc_empty_space][vc_hoverbox image=&nbsp;&raquo;11230&Prime; primary_title=&nbsp;&raquo;&nbsp;&raquo; hover_title=&nbsp;&raquo;&nbsp;&raquo; hover_btn_title=&nbsp;&raquo;Explorer le mod\u00e8le&nbsp;&raquo; hover_btn_color=&nbsp;&raquo;danger&nbsp;&raquo; hover_add_button=&nbsp;&raquo;true&nbsp;&raquo; hover_btn_link=&nbsp;&raquo;url:https%3A%2F%2Fstage.tbkdev.com%2Fdev%2Fhinocanada.com%2Fsrc%2Ffr%2Fpoids-moyens-a-capot-conventionnel%2F2020-hino-338%2F|title:Hino%20338%202020|target:%20_blank|&nbsp;&raquo;]<\/p>\n<p style=\"text-align: center;\">&laquo;&nbsp;C&rsquo;est notre premier Hino dans notre flotte et nous en sommes ravis. Le look et la performance de notre nouveau camion convient parfaitement aux besoins de notre entreprise!&nbsp;&raquo;<\/p>\n<p style=\"text-align: center;\"><strong>Solaris Quebec Inc.<\/strong><br \/>\nGatineau, QC | Hino mod\u00e8le 338<\/p>\n<p>[\/vc_hoverbox][vc_empty_space][vc_hoverbox image=&nbsp;&raquo;11254&Prime; primary_title=&nbsp;&raquo;&nbsp;&raquo; hover_title=&nbsp;&raquo;&nbsp;&raquo; hover_btn_title=&nbsp;&raquo;Explorer le mod\u00e8le&nbsp;&raquo; hover_btn_color=&nbsp;&raquo;danger&nbsp;&raquo; hover_add_button=&nbsp;&raquo;true&nbsp;&raquo; hover_btn_link=&nbsp;&raquo;url:https%3A%2F%2Fstage.tbkdev.com%2Fdev%2Fhinocanada.com%2Fsrc%2Ffr%2Fpoids-moyens-a-capot-conventionnel%2F2020-hino-338%2F|title:Hino%20338%202020|target:%20_blank|&nbsp;&raquo;]<\/p>\n<p style=\"text-align: center;\">&laquo;&nbsp;Le Hino 338 de Blue Sky Storage est au c\u0153ur de notre approche innovante en mati\u00e8re d\u2019entreposage mobile. Nos clients sont simplement \u00e9poustoufl\u00e9s quand ils le voient en action.<br \/>\nMerci Hino!&nbsp;&raquo;<\/p>\n<p style=\"text-align: center;\"><strong>Blue Sky Storage<\/strong><br \/>\nBurlington, ON | Hino mod\u00e8le 338<\/p>\n<p>[\/vc_hoverbox][vc_empty_space][vc_hoverbox image=&nbsp;&raquo;11206&Prime; primary_title=&nbsp;&raquo;&nbsp;&raquo; hover_title=&nbsp;&raquo;&nbsp;&raquo; hover_btn_title=&nbsp;&raquo;Explorer le mod\u00e8le&nbsp;&raquo; hover_btn_color=&nbsp;&raquo;danger&nbsp;&raquo; hover_add_button=&nbsp;&raquo;true&nbsp;&raquo; hover_btn_link=&nbsp;&raquo;||target:%20_blank|&nbsp;&raquo;]<\/p>\n<p style=\"text-align: center;\">&laquo;&nbsp;L\u2019essayer, c\u2019est l\u2019adopter!&nbsp;&raquo;<\/p>\n<p style=\"text-align: center;\"><strong>Gaz P &amp; B Inc.<\/strong><br \/>\nLa Tuque, QC | Hino mod\u00e8le 358<\/p>\n<p>[\/vc_hoverbox][vc_empty_space][\/vc_column][\/vc_row]<\/p>\n<\/div>","protected":false},"excerpt":{"rendered":"<p>[vc_row][vc_column][vc_empty_space][vc_hoverbox image=&nbsp;&raquo;11236&Prime; primary_title=&nbsp;&raquo;&nbsp;&raquo; hover_title=&nbsp;&raquo;&nbsp;&raquo; hover_btn_title=&nbsp;&raquo;Explorer le mod\u00e8le&nbsp;&raquo; hover_btn_color=&nbsp;&raquo;danger&nbsp;&raquo; hover_add_button=&nbsp;&raquo;true&nbsp;&raquo; hover_btn_link=&nbsp;&raquo;url:https%3A%2F%2Fstage.tbkdev.com%2Fdev%2Fhinocanada.com%2Fsrc%2Ffr%2Fpoids-legers-a-cabine-surelevee%2F2020-hino-195%2F|title:Hino%20195%202020|target:%20_blank|&nbsp;&raquo;]<\/p>\n<p style=\"text-align: center;\">&laquo;&nbsp;Il y a 17 ans que j\u2019ach\u00e8te des camions Hino et je suis enti\u00e8rement satisfait de ce produit qui correspond \u00e0 mes crit\u00e8res : fiabilit\u00e9, endurance et \u00e9conomie &hellip; [&#8230;]<\/p>\n","protected":false},"author":8,"featured_media":8844,"parent":5364,"menu_order":15,"comment_status":"closed","ping_status":"closed","template":"","meta":{"_acf_changed":false,"footnotes":""},"class_list":["post-12433","page","type-page","status-publish","has-post-thumbnail","hentry"],"acf":[],"yoast_head":"<!-- This site is optimized with the Yoast SEO plugin v23.9 - https:\/\/yoast.com\/wordpress\/plugins\/seo\/ -->\n<title>T\u00e9moignages | Hino Motors Canada<\/title>\n<meta name=\"description\" content=\"Customers say it best!\" \/>\n<meta name=\"robots\" content=\"noindex, follow, max-snippet:-1, max-image-preview:large, max-video-preview:-1\" \/>\n<meta property=\"og:locale\" content=\"fr_CA\" \/>\n<meta property=\"og:type\" content=\"article\" \/>\n<meta property=\"og:title\" content=\"T\u00e9moignages | Hino Motors Canada\" \/>\n<meta property=\"og:description\" content=\"Customers say it best!\" \/>\n<meta property=\"og:url\" content=\"https:\/\/stage.tbkdev.com\/dev\/hinocanada.com\/src\/fr\/pour-les-proprietaires\/voix-des-proprietaires-de-hino-2\/\" \/>\n<meta property=\"og:site_name\" content=\"Hino Canada\" \/>\n<meta property=\"article:publisher\" content=\"https:\/\/www.facebook.com\/hinocanada\" \/>\n<meta property=\"article:modified_time\" content=\"2021-11-11T21:38:40+00:00\" \/>\n<meta property=\"og:image\" content=\"https:\/\/stage.tbkdev.com\/dev\/hinocanada.com\/src\/wp-content\/uploads\/2018\/10\/General_full-lineup-1.jpg\" \/>\n\t<meta property=\"og:image:width\" content=\"1794\" \/>\n\t<meta property=\"og:image:height\" content=\"863\" \/>\n\t<meta property=\"og:image:type\" content=\"image\/jpeg\" \/>\n<meta name=\"twitter:card\" content=\"summary_large_image\" \/>\n<meta name=\"twitter:label1\" content=\"Est. reading time\" \/>\n\t<meta name=\"twitter:data1\" content=\"7 minutes\" \/>\n<script type=\"application\/ld+json\" class=\"yoast-schema-graph\">{\"@context\":\"https:\/\/schema.org\",\"@graph\":[{\"@type\":\"WebPage\",\"@id\":\"https:\/\/stage.tbkdev.com\/dev\/hinocanada.com\/src\/fr\/pour-les-proprietaires\/voix-des-proprietaires-de-hino-2\/\",\"url\":\"https:\/\/stage.tbkdev.com\/dev\/hinocanada.com\/src\/fr\/pour-les-proprietaires\/voix-des-proprietaires-de-hino-2\/\",\"name\":\"T\u00e9moignages | Hino Motors Canada\",\"isPartOf\":{\"@id\":\"https:\/\/stage.tbkdev.com\/dev\/hinocanada.com\/src\/#website\"},\"primaryImageOfPage\":{\"@id\":\"https:\/\/stage.tbkdev.com\/dev\/hinocanada.com\/src\/fr\/pour-les-proprietaires\/voix-des-proprietaires-de-hino-2\/#primaryimage\"},\"image\":{\"@id\":\"https:\/\/stage.tbkdev.com\/dev\/hinocanada.com\/src\/fr\/pour-les-proprietaires\/voix-des-proprietaires-de-hino-2\/#primaryimage\"},\"thumbnailUrl\":\"https:\/\/stage.tbkdev.com\/dev\/hinocanada.com\/src\/wp-content\/uploads\/2018\/10\/General_full-lineup-1.jpg\",\"datePublished\":\"2020-04-06T17:29:05+00:00\",\"dateModified\":\"2021-11-11T21:38:40+00:00\",\"description\":\"Customers say it best!\",\"breadcrumb\":{\"@id\":\"https:\/\/stage.tbkdev.com\/dev\/hinocanada.com\/src\/fr\/pour-les-proprietaires\/voix-des-proprietaires-de-hino-2\/#breadcrumb\"},\"inLanguage\":\"fr-CA\",\"potentialAction\":[{\"@type\":\"ReadAction\",\"target\":[\"https:\/\/stage.tbkdev.com\/dev\/hinocanada.com\/src\/fr\/pour-les-proprietaires\/voix-des-proprietaires-de-hino-2\/\"]}]},{\"@type\":\"ImageObject\",\"inLanguage\":\"fr-CA\",\"@id\":\"https:\/\/stage.tbkdev.com\/dev\/hinocanada.com\/src\/fr\/pour-les-proprietaires\/voix-des-proprietaires-de-hino-2\/#primaryimage\",\"url\":\"https:\/\/stage.tbkdev.com\/dev\/hinocanada.com\/src\/wp-content\/uploads\/2018\/10\/General_full-lineup-1.jpg\",\"contentUrl\":\"https:\/\/stage.tbkdev.com\/dev\/hinocanada.com\/src\/wp-content\/uploads\/2018\/10\/General_full-lineup-1.jpg\",\"width\":1794,\"height\":863,\"caption\":\"HINO MY2013\"},{\"@type\":\"BreadcrumbList\",\"@id\":\"https:\/\/stage.tbkdev.com\/dev\/hinocanada.com\/src\/fr\/pour-les-proprietaires\/voix-des-proprietaires-de-hino-2\/#breadcrumb\",\"itemListElement\":[{\"@type\":\"ListItem\",\"position\":1,\"name\":\"Home\",\"item\":\"https:\/\/stage.tbkdev.com\/dev\/hinocanada.com\/src\/fr\/\"},{\"@type\":\"ListItem\",\"position\":2,\"name\":\"Pour les propri\u00e9taires\",\"item\":\"https:\/\/stage.tbkdev.com\/dev\/hinocanada.com\/src\/fr\/pour-les-proprietaires\/\"},{\"@type\":\"ListItem\",\"position\":3,\"name\":\"Voix des propri\u00e9taires de Hino\"}]},{\"@type\":\"WebSite\",\"@id\":\"https:\/\/stage.tbkdev.com\/dev\/hinocanada.com\/src\/#website\",\"url\":\"https:\/\/stage.tbkdev.com\/dev\/hinocanada.com\/src\/\",\"name\":\"Hino Canada\",\"description\":\"Just another WordPress site\",\"potentialAction\":[{\"@type\":\"SearchAction\",\"target\":{\"@type\":\"EntryPoint\",\"urlTemplate\":\"https:\/\/stage.tbkdev.com\/dev\/hinocanada.com\/src\/?s={search_term_string}\"},\"query-input\":{\"@type\":\"PropertyValueSpecification\",\"valueRequired\":true,\"valueName\":\"search_term_string\"}}],\"inLanguage\":\"fr-CA\"}]}<\/script>\n<!-- \/ Yoast SEO plugin. -->","yoast_head_json":{"title":"T\u00e9moignages | Hino Motors Canada","description":"Customers say it best!","robots":{"index":"noindex","follow":"follow","max-snippet":"max-snippet:-1","max-image-preview":"max-image-preview:large","max-video-preview":"max-video-preview:-1"},"og_locale":"fr_CA","og_type":"article","og_title":"T\u00e9moignages | Hino Motors Canada","og_description":"Customers say it best!","og_url":"https:\/\/stage.tbkdev.com\/dev\/hinocanada.com\/src\/fr\/pour-les-proprietaires\/voix-des-proprietaires-de-hino-2\/","og_site_name":"Hino Canada","article_publisher":"https:\/\/www.facebook.com\/hinocanada","article_modified_time":"2021-11-11T21:38:40+00:00","og_image":[{"width":1794,"height":863,"url":"https:\/\/stage.tbkdev.com\/dev\/hinocanada.com\/src\/wp-content\/uploads\/2018\/10\/General_full-lineup-1.jpg","type":"image\/jpeg"}],"twitter_card":"summary_large_image","twitter_misc":{"Est. reading time":"7 minutes"},"schema":{"@context":"https:\/\/schema.org","@graph":[{"@type":"WebPage","@id":"https:\/\/stage.tbkdev.com\/dev\/hinocanada.com\/src\/fr\/pour-les-proprietaires\/voix-des-proprietaires-de-hino-2\/","url":"https:\/\/stage.tbkdev.com\/dev\/hinocanada.com\/src\/fr\/pour-les-proprietaires\/voix-des-proprietaires-de-hino-2\/","name":"T\u00e9moignages | Hino Motors Canada","isPartOf":{"@id":"https:\/\/stage.tbkdev.com\/dev\/hinocanada.com\/src\/#website"},"primaryImageOfPage":{"@id":"https:\/\/stage.tbkdev.com\/dev\/hinocanada.com\/src\/fr\/pour-les-proprietaires\/voix-des-proprietaires-de-hino-2\/#primaryimage"},"image":{"@id":"https:\/\/stage.tbkdev.com\/dev\/hinocanada.com\/src\/fr\/pour-les-proprietaires\/voix-des-proprietaires-de-hino-2\/#primaryimage"},"thumbnailUrl":"https:\/\/stage.tbkdev.com\/dev\/hinocanada.com\/src\/wp-content\/uploads\/2018\/10\/General_full-lineup-1.jpg","datePublished":"2020-04-06T17:29:05+00:00","dateModified":"2021-11-11T21:38:40+00:00","description":"Customers say it best!","breadcrumb":{"@id":"https:\/\/stage.tbkdev.com\/dev\/hinocanada.com\/src\/fr\/pour-les-proprietaires\/voix-des-proprietaires-de-hino-2\/#breadcrumb"},"inLanguage":"fr-CA","potentialAction":[{"@type":"ReadAction","target":["https:\/\/stage.tbkdev.com\/dev\/hinocanada.com\/src\/fr\/pour-les-proprietaires\/voix-des-proprietaires-de-hino-2\/"]}]},{"@type":"ImageObject","inLanguage":"fr-CA","@id":"https:\/\/stage.tbkdev.com\/dev\/hinocanada.com\/src\/fr\/pour-les-proprietaires\/voix-des-proprietaires-de-hino-2\/#primaryimage","url":"https:\/\/stage.tbkdev.com\/dev\/hinocanada.com\/src\/wp-content\/uploads\/2018\/10\/General_full-lineup-1.jpg","contentUrl":"https:\/\/stage.tbkdev.com\/dev\/hinocanada.com\/src\/wp-content\/uploads\/2018\/10\/General_full-lineup-1.jpg","width":1794,"height":863,"caption":"HINO MY2013"},{"@type":"BreadcrumbList","@id":"https:\/\/stage.tbkdev.com\/dev\/hinocanada.com\/src\/fr\/pour-les-proprietaires\/voix-des-proprietaires-de-hino-2\/#breadcrumb","itemListElement":[{"@type":"ListItem","position":1,"name":"Home","item":"https:\/\/stage.tbkdev.com\/dev\/hinocanada.com\/src\/fr\/"},{"@type":"ListItem","position":2,"name":"Pour les propri\u00e9taires","item":"https:\/\/stage.tbkdev.com\/dev\/hinocanada.com\/src\/fr\/pour-les-proprietaires\/"},{"@type":"ListItem","position":3,"name":"Voix des propri\u00e9taires de Hino"}]},{"@type":"WebSite","@id":"https:\/\/stage.tbkdev.com\/dev\/hinocanada.com\/src\/#website","url":"https:\/\/stage.tbkdev.com\/dev\/hinocanada.com\/src\/","name":"Hino Canada","description":"Just another WordPress site","potentialAction":[{"@type":"SearchAction","target":{"@type":"EntryPoint","urlTemplate":"https:\/\/stage.tbkdev.com\/dev\/hinocanada.com\/src\/?s={search_term_string}"},"query-input":{"@type":"PropertyValueSpecification","valueRequired":true,"valueName":"search_term_string"}}],"inLanguage":"fr-CA"}]}},"_links":{"self":[{"href":"https:\/\/stage.tbkdev.com\/dev\/hinocanada.com\/src\/fr\/wp-json\/wp\/v2\/pages\/12433","targetHints":{"allow":["GET"]}}],"collection":[{"href":"https:\/\/stage.tbkdev.com\/dev\/hinocanada.com\/src\/fr\/wp-json\/wp\/v2\/pages"}],"about":[{"href":"https:\/\/stage.tbkdev.com\/dev\/hinocanada.com\/src\/fr\/wp-json\/wp\/v2\/types\/page"}],"author":[{"embeddable":true,"href":"https:\/\/stage.tbkdev.com\/dev\/hinocanada.com\/src\/fr\/wp-json\/wp\/v2\/users\/8"}],"replies":[{"embeddable":true,"href":"https:\/\/stage.tbkdev.com\/dev\/hinocanada.com\/src\/fr\/wp-json\/wp\/v2\/comments?post=12433"}],"version-history":[{"count":20,"href":"https:\/\/stage.tbkdev.com\/dev\/hinocanada.com\/src\/fr\/wp-json\/wp\/v2\/pages\/12433\/revisions"}],"predecessor-version":[{"id":18888,"href":"https:\/\/stage.tbkdev.com\/dev\/hinocanada.com\/src\/fr\/wp-json\/wp\/v2\/pages\/12433\/revisions\/18888"}],"up":[{"embeddable":true,"href":"https:\/\/stage.tbkdev.com\/dev\/hinocanada.com\/src\/fr\/wp-json\/wp\/v2\/pages\/5364"}],"wp:featuredmedia":[{"embeddable":true,"href":"https:\/\/stage.tbkdev.com\/dev\/hinocanada.com\/src\/fr\/wp-json\/wp\/v2\/media\/8844"}],"wp:attachment":[{"href":"https:\/\/stage.tbkdev.com\/dev\/hinocanada.com\/src\/fr\/wp-json\/wp\/v2\/media?parent=12433"}],"curies":[{"name":"wp","href":"https:\/\/api.w.org\/{rel}","templated":true}]}}