{"id":12206,"date":"2020-07-15T09:59:56","date_gmt":"2020-07-15T13:59:56","guid":{"rendered":"https:\/\/stage.tbkdev.com\/dev\/hinocanada.com\/src\/?page_id=12206"},"modified":"2020-07-17T16:10:56","modified_gmt":"2020-07-17T20:10:56","slug":"hino-m-series","status":"publish","type":"page","link":"https:\/\/stage.tbkdev.com\/dev\/hinocanada.com\/src\/fr\/hino-m-series\/","title":{"rendered":"Hino M Series"},"content":{"rendered":"<div class=\"wpb-content-wrapper\"><p>[vc_row][vc_column][vc_single_image image=&nbsp;&raquo;12456&Prime; img_size=&nbsp;&raquo;500&#215;644&Prime; alignment=&nbsp;&raquo;center&nbsp;&raquo; onclick=&nbsp;&raquo;custom_link&nbsp;&raquo; img_link_target=&nbsp;&raquo;_blank&nbsp;&raquo; css_animation=&nbsp;&raquo;fadeIn&nbsp;&raquo; link=&nbsp;&raquo;https:\/\/stage.tbkdev.com\/dev\/hinocanada.com\/src\/wp-content\/uploads\/2020\/04\/2021_M-Series_Brochure_web_French.pdf&nbsp;&raquo;][\/vc_column][\/vc_row][vc_row][vc_column css=&nbsp;&raquo;.vc_custom_1582751186950{margin-top: -60px !important;}&nbsp;&raquo;][vc_column_text css_animation=&nbsp;&raquo;none&nbsp;&raquo; css=&nbsp;&raquo;.vc_custom_1595005013236{margin-top: 30px !important;margin-right: 30px !important;margin-bottom: 30px !important;margin-left: 30px !important;border-top-width: 20px !important;border-right-width: 20px !important;border-bottom-width: 20px !important;border-left-width: 20px !important;padding-top: 10px !important;padding-right: 10px !important;padding-bottom: 10px !important;padding-left: 10px !important;background: #ffffff url(http:\/\/stage.tbkdev.com\/dev\/hinocanada.com\/src\/wp-content\/uploads\/2018\/03\/watermark-1.jpg?id=7944) !important;background-position: center !important;background-repeat: no-repeat !important;background-size: cover !important;}&nbsp;&raquo;]<\/p>\n<h3><span style=\"color: #000000;\"><span style=\"color: #ff0000;\">La nouvelle gamme<\/span> de camions COE de Hino!<\/span><\/h3>\n<p>Maintenant connus sous le nom de M4 et M5 (4 &amp; 5 repr\u00e9sentants leur classe de poids brut), ces nouveaux mod\u00e8les de la s\u00e9rie Hino M ont \u00e9t\u00e9 enti\u00e8rement repens\u00e9s de l&rsquo;int\u00e9rieur. D&rsquo;une toute nouvelle conception du grillage et de phares \u00e0 LED * en option \u00e0 une \u00e9l\u00e9gante finition int\u00e9rieure de qualit\u00e9 automobile.[\/vc_column_text][vc_column_text css_animation=&nbsp;&raquo;none&nbsp;&raquo; css=&nbsp;&raquo;.vc_custom_1595004961341{margin-top: -30px !important;margin-right: 30px !important;margin-bottom: 30px !important;margin-left: 30px !important;border-top-width: 20px !important;border-right-width: 20px !important;border-bottom-width: 20px !important;border-left-width: 20px !important;padding-top: 10px !important;padding-right: 10px !important;padding-bottom: 10px !important;padding-left: 10px !important;background: #ffffff url(http:\/\/stage.tbkdev.com\/dev\/hinocanada.com\/src\/wp-content\/uploads\/2018\/03\/watermark-1.jpg?id=7944) !important;background-position: center !important;background-repeat: no-repeat !important;background-size: cover !important;}&nbsp;&raquo;]<\/p>\n<h3><span style=\"color: #000000;\"><span style=\"color: #ff0000;\">Le design int\u00e9rieur poli est <\/span> synonyme de fonctionnalit\u00e9!<\/span><\/h3>\n<p>\u00c0 l&rsquo;int\u00e9rieur de la cabine, un nouveau groupe de jauges comprend un \u00e9cran LCD multi-informations de 4,2 pouces pour une surveillance plus facile du v\u00e9hicule. \u00c9galement un nouveau volant avec commandes au bout des doigts pour que le r\u00e9gulateur de vitesse garde les mains sur le volant.<\/p>\n<p>Disponibles en configuration des cabines simple, multiplace et hybride, les camions de la s\u00e9rie M sont id\u00e9als pour des applications allant de 14 500 lbs. \u00e0 19,500 lbs. Poids nominal brut du v\u00e9hicule.<\/p>\n<p>* De s\u00e9rie sur les mod\u00e8les hybrides et \u00e0 cabine multiplace uniquement (groupe Plus sur les mod\u00e8les M4 et M5 seulement).<\/p>\n<p>De s\u00e9rie sur chaque s\u00e9rie M, les moteurs de la s\u00e9rie Hino JO5 d\u00e9veloppent 210 chevaux et 440 livres-pied de couple! Associ\u00e9 \u00e0 la transmission automatique HD Aisin A465 \u00e0 6 vitesses qui comprend une fonction de maintien de vitesse, particuli\u00e8rement utile dans les situations de forte pente.<\/p>\n<p><strong>Voil\u00e0 une transmission con\u00e7ue pour des performances et une \u00e9conomie maximales!<\/strong>[\/vc_column_text][vc_single_image image=&nbsp;&raquo;12217&Prime; img_size=&nbsp;&raquo;large&nbsp;&raquo; alignment=&nbsp;&raquo;center&nbsp;&raquo; css_animation=&nbsp;&raquo;fadeIn&nbsp;&raquo;][\/vc_column][\/vc_row][vc_row full_width=&nbsp;&raquo;stretch_row_content&nbsp;&raquo;][vc_column]<div class=\"image-cta-container\">\n\t\t<div class=\"image-cta-container-inner container\" >\n\t\t<div class=\"image-cta-logo-container\">\n\t\t\t<img decoding=\"async\" class=\"image-cta-logo\" src=\"https:\/\/stage.tbkdev.com\/dev\/hinocanada.com\/src\/wp-content\/themes\/hino-canada\/images\/logo-transparent.png\"\n\t\t\t     alt=\"Hino Canada\">\n\t\t<\/div>\n\t\t<div class=\"image-cta-text-container\">\n\t\t\t<div class=\"image-cta-text\">\n\t\t\t\t\t\t\t\t<\/p>\n<h6 style=\"text-align: right;\"><strong><span style=\"color: #ffffff;\">L\u2019AVANTAGE DE POSS\u00c9DER UN HINO<\/span><\/strong><\/h6>\n<p>\t\t\t\t\t\t\t<\/div>\n\t\t<\/div>\n\t<\/div>\n\t<\/div>\n[vc_empty_space height=&nbsp;&raquo;50px&nbsp;&raquo;][\/vc_column][\/vc_row][vc_row][vc_column width=&nbsp;&raquo;1\/6&Prime;][\/vc_column][vc_column width=&nbsp;&raquo;2\/3&Prime;]<div class=\"image-with-text\">\n\t\t\t<div class=\"image-with-text-image-column\">\n\t\t\t<img decoding=\"async\" class=\"image-with-text-image\" src=\"https:\/\/stage.tbkdev.com\/dev\/hinocanada.com\/src\/wp-content\/uploads\/2020\/07\/New_HinoGenuine-Parts-logo_color-148x148.png\" alt=\"\">\t\t<\/div>\n\t\t<div class=\"image-with-text-text\">\n\t\t\t\t<div class=\"image-with-text-content\">\n\t\t\t<p>Lorsque vous achetez ou louez un camion Hino, vous ne faites pas qu\u2019investir dans l\u2019un des v\u00e9hicules les plus efficaces et les plus fiables au monde, vous obtenez \u00e9galement tout un \u00e9ventail de ressources et de personnes pour vous appuyer, directement du Canada.<\/p>\n<p>Les pi\u00e8ces <strong>D\u2019ORIGINE<span style=\"color: #ff0000;\">HINO<\/span><\/strong> ont \u00e9t\u00e9 con\u00e7ues et test\u00e9es afin de se conformer aux normes de qualit\u00e9 les plus s\u00e9v\u00e8res et offrir la meilleure valeur et la meilleure performance qui soient \u00e0 votre camion Hino.<\/p>\n\t\t<\/div>\n\t<\/div>\n<\/div>\n[vc_empty_space height=&nbsp;&raquo;60px&nbsp;&raquo;]<div class=\"image-with-text\">\n\t\t\t<div class=\"image-with-text-image-column\">\n\t\t\t<img decoding=\"async\" class=\"image-with-text-image\" src=\"https:\/\/stage.tbkdev.com\/dev\/hinocanada.com\/src\/wp-content\/uploads\/2020\/06\/Hino-5-Years-Warranty-logo_color-148x148.png\" alt=\"\">\t\t<\/div>\n\t\t<div class=\"image-with-text-text\">\n\t\t\t\t<div class=\"image-with-text-content\">\n\t\t\t<p>Afin de prot\u00e9ger votre investissement, Hino vous procure des produits de qualit\u00e9, appuy\u00e9s par une garantie \u00e9tendue!<\/p>\n<p><strong>Couverture de garantie de la s\u00e9rie M<\/strong><br \/>\nLe moteur J05E durable de 5,1 litres de Hino est couvert par une garantie de 5 ans \/ 320 000 km.<\/p>\n\t\t<\/div>\n\t<\/div>\n<\/div>\n[vc_empty_space height=&nbsp;&raquo;60px&nbsp;&raquo;]<div class=\"image-with-text\">\n\t\t\t<div class=\"image-with-text-image-column\">\n\t\t\t<img decoding=\"async\" class=\"image-with-text-image\" src=\"https:\/\/stage.tbkdev.com\/dev\/hinocanada.com\/src\/wp-content\/uploads\/2019\/05\/roadside-icon-148x148.png\" alt=\"\">\t\t<\/div>\n\t\t<div class=\"image-with-text-text\">\n\t\t\t\t<div class=\"image-with-text-content\">\n\t\t\t<p><strong>L\u2019assistance routi\u00e8re HINOWATCH<\/strong>\u00a0permet de conduire en toute tranquillit\u00e9 d\u2019esprit puisque nos clients savent qu\u2019un simple coup de fil peut les sortir du p\u00e9trin. Au cours des 3 premi\u00e8res ann\u00e9es de propri\u00e9t\u00e9, HINOWATCH prot\u00e8ge votre camion Hino avec un service d\u2019assistance routi\u00e8re 24 heures sur 24, sans frais additionnels. HINOWATCH couvre ce qui suit : service de d\u00e9verrouillage, panne de carburant\/de DEF, survoltage de batterie et remorquage pour les r\u00e9parations sous garantie (jusqu\u2019\u00e0 un maximum de 1 000$ par remorquage).<\/p>\n\t\t<\/div>\n\t<\/div>\n<\/div>\n[vc_empty_space height=&nbsp;&raquo;60px&nbsp;&raquo;]<div class=\"image-with-text\">\n\t\t\t<div class=\"image-with-text-image-column\">\n\t\t\t<img decoding=\"async\" class=\"image-with-text-image\" src=\"https:\/\/stage.tbkdev.com\/dev\/hinocanada.com\/src\/wp-content\/uploads\/2020\/06\/Hino-Genuine-Parts-3-Years-Warranty-logo_148x148-148x148.png\" alt=\"\">\t\t<\/div>\n\t\t<div class=\"image-with-text-text\">\n\t\t\t\t<div class=\"image-with-text-content\">\n\t\t\t<p>Hino offre une<strong>\u00a0garantie de 3 ans et kilom\u00e9trage illimit\u00e9<\/strong>\u00a0sur toutes les pi\u00e8ces Hino install\u00e9es chez un concessionnaire Hino du Canada.<\/p>\n<p>Une garantie de 1 an et kilom\u00e9trage illimit\u00e9 s\u2019applique aux pi\u00e8ces Hino vendues au comptoir.<\/p>\n\t\t<\/div>\n\t<\/div>\n<\/div>\n[vc_empty_space height=&nbsp;&raquo;60px&nbsp;&raquo;]<div class=\"image-with-text\">\n\t\t\t<div class=\"image-with-text-image-column\">\n\t\t\t<img decoding=\"async\" class=\"image-with-text-image\" src=\"https:\/\/stage.tbkdev.com\/dev\/hinocanada.com\/src\/wp-content\/uploads\/2017\/01\/preventitive-icon-148x148.png\" alt=\"\">\t\t<\/div>\n\t\t<div class=\"image-with-text-text\">\n\t\t\t\t<div class=\"image-with-text-content\">\n\t\t\t<p>Le plan de Soins pr\u00e9ventifs Hino s\u2019applique aux items suivants, afin de prot\u00e9ger votre investissement ainsi que la dur\u00e9e de vie de votre camion. 1 an d\u2019entretien r\u00e9gulier, jusqu\u2019\u00e0 50 000 kilom\u00e8tres. Services de vidanges d\u2019huile et de lubrification de ch\u00e2ssis sans frais pour les ann\u00e9es 2 et 3, jusqu\u2019\u00e0 150 000 kilom\u00e8tres; (huile moteur, liquide de transmission*, liquide de diff\u00e9rentiel et lubrification du ch\u00e2ssis).<\/p>\n<p>* Ne s\u2019applique qu\u2019aux mod\u00e8les \u00e0 cabine sur\u00e9lev\u00e9e.<\/p>\n\t\t<\/div>\n\t<\/div>\n<\/div>\n[vc_empty_space height=&nbsp;&raquo;60px&nbsp;&raquo;][\/vc_column][vc_column width=&nbsp;&raquo;1\/6&Prime;][\/vc_column][\/vc_row][vc_row][vc_column css=&nbsp;&raquo;.vc_custom_1583166343784{background-color: #f2f2f2 !important;}&nbsp;&raquo;]<div class=\"image-banner\"  data-responsive-bg=\"responsive_bg69e9f33568de4\">\n\t<div class=\"container\">\n\t\t<div class=\"image-banner-inner\">\n\t\t\t<div class=\"image-banner-text\">\n\t\t\t\t\t\t\t\t\t\t\t<\/div>\n\t\t<\/div>\n\t<\/div>\n<\/div>\n[vc_tta_accordion style=&nbsp;&raquo;modern&nbsp;&raquo; c_align=&nbsp;&raquo;center&nbsp;&raquo; c_icon=&nbsp;&raquo;&nbsp;&raquo; active_section=&nbsp;&raquo;&nbsp;&raquo; css_animation=&nbsp;&raquo;fadeIn&nbsp;&raquo; no_fill=&nbsp;&raquo;true&nbsp;&raquo; collapsible_all=&nbsp;&raquo;true&nbsp;&raquo;][vc_tta_section i_type=&nbsp;&raquo;material&nbsp;&raquo; i_icon_material=&nbsp;&raquo;vc-material vc-material-description&nbsp;&raquo; add_icon=&nbsp;&raquo;true&nbsp;&raquo; title=&nbsp;&raquo;M Series 14 500 &#8211; 19 500 lb PNBV&nbsp;&raquo; tab_id=&nbsp;&raquo;1583163578526-7ca36eb7-29be&nbsp;&raquo; el_class=&nbsp;&raquo;Heading 3&Prime;]<div class=\"text-center\">\n\t<a href=\"https:\/\/stage.tbkdev.com\/dev\/hinocanada.com\/src\/wp-content\/uploads\/2020\/07\/2021MY_M4-spec-sheet_Fre-0311.pdf\" target=\"_blank\" class=\"btn hino-button\">\n\t\t<span class=\"icon icon-download\"><\/span> \t\tM4 2021\t<\/a>\n<\/div>\n<div class=\"text-center\">\n\t<a href=\"https:\/\/stage.tbkdev.com\/dev\/hinocanada.com\/src\/wp-content\/uploads\/2020\/07\/2021MY_M5-spec-sheet_Fre-0310.pdf\" target=\"_blank\" class=\"btn hino-button\">\n\t\t<span class=\"icon icon-download\"><\/span> \t\tM5 2021\t<\/a>\n<\/div>\n<div class=\"text-center\">\n\t<a href=\"https:\/\/stage.tbkdev.com\/dev\/hinocanada.com\/src\/wp-content\/uploads\/2020\/07\/2021MY_M5CC-spec-sheet_Fre-0310.pdf\" target=\"_blank\" class=\"btn hino-button\">\n\t\t<span class=\"icon icon-download\"><\/span> \t\tM5 \u00c0 CABINE D\u2019\u00c9QUIPE 2021\t<\/a>\n<\/div>\n<div class=\"text-center\">\n\t<a href=\"https:\/\/stage.tbkdev.com\/dev\/hinocanada.com\/src\/wp-content\/uploads\/2020\/07\/2021MY_M5Hybrid_spec-sheet_Fre-0310.pdf\" target=\"_blank\" class=\"btn hino-button\">\n\t\t<span class=\"icon icon-download\"><\/span> \t\tM5 HYBRIDE 2021\t<\/a>\n<\/div>\n[\/vc_tta_section][\/vc_tta_accordion][vc_empty_space height=&nbsp;&raquo;50px&nbsp;&raquo;][\/vc_column][\/vc_row][vc_row][vc_column][vc_empty_space height=&nbsp;&raquo;100px&nbsp;&raquo;]<small><strong>AVIS DE NON-RESPONSABILIT\u00c9 :<\/strong>\u00a0Toutes les sp\u00e9cifications des produits sont pr\u00e9liminaires. HINO MOTORS CANADA, LTD se r\u00e9serve le droit de cesser la fabrication de certains items ou de proc\u00e9der \u00e0 des changements \u00e0 tout moment, sans pr\u00e9avis, \u00e0 l\u2019\u00e9quipement, aux sp\u00e9cifications ou aux mat\u00e9riaux utilis\u00e9s.<\/small>[\/vc_column][\/vc_row]<\/p>\n<\/div>","protected":false},"excerpt":{"rendered":"<p>[vc_row][vc_column][vc_single_image image=&nbsp;&raquo;12456&Prime; img_size=&nbsp;&raquo;500&#215;644&Prime; alignment=&nbsp;&raquo;center&nbsp;&raquo; onclick=&nbsp;&raquo;custom_link&nbsp;&raquo; img_link_target=&nbsp;&raquo;_blank&nbsp;&raquo; css_animation=&nbsp;&raquo;fadeIn&nbsp;&raquo; link=&nbsp;&raquo;https:\/\/stage.tbkdev.com\/dev\/hinocanada.com\/src\/wp-content\/uploads\/2020\/04\/2021_M-Series_Brochure_web_French.pdf&nbsp;&raquo;][\/vc_column][\/vc_row][vc_row][vc_column css=&nbsp;&raquo;.vc_custom_1582751186950{margin-top: -60px !important;}&nbsp;&raquo;][vc_column_text css_animation=&nbsp;&raquo;none&nbsp;&raquo; css=&nbsp;&raquo;.vc_custom_1595005013236{margin-top: 30px !important;margin-right: 30px !important;margin-bottom: 30px !important;margin-left: 30px !important;border-top-width: 20px !important;border-right-width: 20px !important;border-bottom-width: 20px !important;border-left-width: 20px !important;padding-top: 10px !important;padding-right: 10px !important;padding-bottom: 10px !important;padding-left: 10px !important;background: #ffffff url(http:\/\/stage.tbkdev.com\/dev\/hinocanada.com\/src\/wp-content\/uploads\/2018\/03\/watermark-1.jpg?id=7944) !important;background-position: &hellip; [&#8230;]<\/p>\n","protected":false},"author":8,"featured_media":11855,"parent":0,"menu_order":10,"comment_status":"closed","ping_status":"closed","template":"","meta":{"_acf_changed":false,"footnotes":""},"class_list":["post-12206","page","type-page","status-publish","has-post-thumbnail","hentry"],"acf":[],"yoast_head":"<!-- This site is optimized with the Yoast SEO plugin v23.9 - https:\/\/yoast.com\/wordpress\/plugins\/seo\/ -->\n<title>Hino M Series - Hino Canada<\/title>\n<meta name=\"description\" content=\"The new line of COE trucks from Hino! These new Hino M Series models have been completely redesigned from the inside out.\" \/>\n<meta name=\"robots\" content=\"noindex, follow, max-snippet:-1, max-image-preview:large, max-video-preview:-1\" \/>\n<meta property=\"og:locale\" content=\"fr_CA\" \/>\n<meta property=\"og:type\" content=\"article\" \/>\n<meta property=\"og:title\" content=\"Hino M Series - Hino Canada\" \/>\n<meta property=\"og:description\" content=\"The new line of COE trucks from Hino! These new Hino M Series models have been completely redesigned from the inside out.\" \/>\n<meta property=\"og:url\" content=\"https:\/\/stage.tbkdev.com\/dev\/hinocanada.com\/src\/fr\/hino-m-series\/\" \/>\n<meta property=\"og:site_name\" content=\"Hino Canada\" \/>\n<meta property=\"article:publisher\" content=\"https:\/\/www.facebook.com\/hinocanada\" \/>\n<meta property=\"article:modified_time\" content=\"2020-07-17T20:10:56+00:00\" \/>\n<meta property=\"og:image\" content=\"https:\/\/stage.tbkdev.com\/dev\/hinocanada.com\/src\/wp-content\/uploads\/2020\/02\/M-Series-intro-banner-1024x511.jpg\" \/>\n\t<meta property=\"og:image:width\" content=\"1024\" \/>\n\t<meta property=\"og:image:height\" content=\"511\" \/>\n\t<meta property=\"og:image:type\" content=\"image\/jpeg\" \/>\n<meta name=\"twitter:card\" content=\"summary_large_image\" \/>\n<meta name=\"twitter:label1\" content=\"Est. reading time\" \/>\n\t<meta name=\"twitter:data1\" content=\"6 minutes\" \/>\n<script type=\"application\/ld+json\" class=\"yoast-schema-graph\">{\"@context\":\"https:\/\/schema.org\",\"@graph\":[{\"@type\":\"WebPage\",\"@id\":\"https:\/\/stage.tbkdev.com\/dev\/hinocanada.com\/src\/fr\/hino-m-series\/\",\"url\":\"https:\/\/stage.tbkdev.com\/dev\/hinocanada.com\/src\/fr\/hino-m-series\/\",\"name\":\"Hino M Series - Hino Canada\",\"isPartOf\":{\"@id\":\"https:\/\/stage.tbkdev.com\/dev\/hinocanada.com\/src\/#website\"},\"primaryImageOfPage\":{\"@id\":\"https:\/\/stage.tbkdev.com\/dev\/hinocanada.com\/src\/fr\/hino-m-series\/#primaryimage\"},\"image\":{\"@id\":\"https:\/\/stage.tbkdev.com\/dev\/hinocanada.com\/src\/fr\/hino-m-series\/#primaryimage\"},\"thumbnailUrl\":\"https:\/\/stage.tbkdev.com\/dev\/hinocanada.com\/src\/wp-content\/uploads\/2020\/02\/M-Series-intro-banner-2200x1410.jpg\",\"datePublished\":\"2020-07-15T13:59:56+00:00\",\"dateModified\":\"2020-07-17T20:10:56+00:00\",\"description\":\"The new line of COE trucks from Hino! These new Hino M Series models have been completely redesigned from the inside out.\",\"breadcrumb\":{\"@id\":\"https:\/\/stage.tbkdev.com\/dev\/hinocanada.com\/src\/fr\/hino-m-series\/#breadcrumb\"},\"inLanguage\":\"fr-CA\",\"potentialAction\":[{\"@type\":\"ReadAction\",\"target\":[\"https:\/\/stage.tbkdev.com\/dev\/hinocanada.com\/src\/fr\/hino-m-series\/\"]}]},{\"@type\":\"ImageObject\",\"inLanguage\":\"fr-CA\",\"@id\":\"https:\/\/stage.tbkdev.com\/dev\/hinocanada.com\/src\/fr\/hino-m-series\/#primaryimage\",\"url\":\"https:\/\/stage.tbkdev.com\/dev\/hinocanada.com\/src\/wp-content\/uploads\/2020\/02\/M-Series-intro-banner-2200x1410.jpg\",\"contentUrl\":\"https:\/\/stage.tbkdev.com\/dev\/hinocanada.com\/src\/wp-content\/uploads\/2020\/02\/M-Series-intro-banner-2200x1410.jpg\",\"width\":2825,\"height\":1410},{\"@type\":\"BreadcrumbList\",\"@id\":\"https:\/\/stage.tbkdev.com\/dev\/hinocanada.com\/src\/fr\/hino-m-series\/#breadcrumb\",\"itemListElement\":[{\"@type\":\"ListItem\",\"position\":1,\"name\":\"Home\",\"item\":\"https:\/\/stage.tbkdev.com\/dev\/hinocanada.com\/src\/fr\/\"},{\"@type\":\"ListItem\",\"position\":2,\"name\":\"Hino M Series\"}]},{\"@type\":\"WebSite\",\"@id\":\"https:\/\/stage.tbkdev.com\/dev\/hinocanada.com\/src\/#website\",\"url\":\"https:\/\/stage.tbkdev.com\/dev\/hinocanada.com\/src\/\",\"name\":\"Hino Canada\",\"description\":\"Just another WordPress site\",\"potentialAction\":[{\"@type\":\"SearchAction\",\"target\":{\"@type\":\"EntryPoint\",\"urlTemplate\":\"https:\/\/stage.tbkdev.com\/dev\/hinocanada.com\/src\/?s={search_term_string}\"},\"query-input\":{\"@type\":\"PropertyValueSpecification\",\"valueRequired\":true,\"valueName\":\"search_term_string\"}}],\"inLanguage\":\"fr-CA\"}]}<\/script>\n<!-- \/ Yoast SEO plugin. -->","yoast_head_json":{"title":"Hino M Series - Hino Canada","description":"The new line of COE trucks from Hino! These new Hino M Series models have been completely redesigned from the inside out.","robots":{"index":"noindex","follow":"follow","max-snippet":"max-snippet:-1","max-image-preview":"max-image-preview:large","max-video-preview":"max-video-preview:-1"},"og_locale":"fr_CA","og_type":"article","og_title":"Hino M Series - Hino Canada","og_description":"The new line of COE trucks from Hino! These new Hino M Series models have been completely redesigned from the inside out.","og_url":"https:\/\/stage.tbkdev.com\/dev\/hinocanada.com\/src\/fr\/hino-m-series\/","og_site_name":"Hino Canada","article_publisher":"https:\/\/www.facebook.com\/hinocanada","article_modified_time":"2020-07-17T20:10:56+00:00","og_image":[{"width":1024,"height":511,"url":"https:\/\/stage.tbkdev.com\/dev\/hinocanada.com\/src\/wp-content\/uploads\/2020\/02\/M-Series-intro-banner-1024x511.jpg","type":"image\/jpeg"}],"twitter_card":"summary_large_image","twitter_misc":{"Est. reading time":"6 minutes"},"schema":{"@context":"https:\/\/schema.org","@graph":[{"@type":"WebPage","@id":"https:\/\/stage.tbkdev.com\/dev\/hinocanada.com\/src\/fr\/hino-m-series\/","url":"https:\/\/stage.tbkdev.com\/dev\/hinocanada.com\/src\/fr\/hino-m-series\/","name":"Hino M Series - Hino Canada","isPartOf":{"@id":"https:\/\/stage.tbkdev.com\/dev\/hinocanada.com\/src\/#website"},"primaryImageOfPage":{"@id":"https:\/\/stage.tbkdev.com\/dev\/hinocanada.com\/src\/fr\/hino-m-series\/#primaryimage"},"image":{"@id":"https:\/\/stage.tbkdev.com\/dev\/hinocanada.com\/src\/fr\/hino-m-series\/#primaryimage"},"thumbnailUrl":"https:\/\/stage.tbkdev.com\/dev\/hinocanada.com\/src\/wp-content\/uploads\/2020\/02\/M-Series-intro-banner-2200x1410.jpg","datePublished":"2020-07-15T13:59:56+00:00","dateModified":"2020-07-17T20:10:56+00:00","description":"The new line of COE trucks from Hino! These new Hino M Series models have been completely redesigned from the inside out.","breadcrumb":{"@id":"https:\/\/stage.tbkdev.com\/dev\/hinocanada.com\/src\/fr\/hino-m-series\/#breadcrumb"},"inLanguage":"fr-CA","potentialAction":[{"@type":"ReadAction","target":["https:\/\/stage.tbkdev.com\/dev\/hinocanada.com\/src\/fr\/hino-m-series\/"]}]},{"@type":"ImageObject","inLanguage":"fr-CA","@id":"https:\/\/stage.tbkdev.com\/dev\/hinocanada.com\/src\/fr\/hino-m-series\/#primaryimage","url":"https:\/\/stage.tbkdev.com\/dev\/hinocanada.com\/src\/wp-content\/uploads\/2020\/02\/M-Series-intro-banner-2200x1410.jpg","contentUrl":"https:\/\/stage.tbkdev.com\/dev\/hinocanada.com\/src\/wp-content\/uploads\/2020\/02\/M-Series-intro-banner-2200x1410.jpg","width":2825,"height":1410},{"@type":"BreadcrumbList","@id":"https:\/\/stage.tbkdev.com\/dev\/hinocanada.com\/src\/fr\/hino-m-series\/#breadcrumb","itemListElement":[{"@type":"ListItem","position":1,"name":"Home","item":"https:\/\/stage.tbkdev.com\/dev\/hinocanada.com\/src\/fr\/"},{"@type":"ListItem","position":2,"name":"Hino M Series"}]},{"@type":"WebSite","@id":"https:\/\/stage.tbkdev.com\/dev\/hinocanada.com\/src\/#website","url":"https:\/\/stage.tbkdev.com\/dev\/hinocanada.com\/src\/","name":"Hino Canada","description":"Just another WordPress site","potentialAction":[{"@type":"SearchAction","target":{"@type":"EntryPoint","urlTemplate":"https:\/\/stage.tbkdev.com\/dev\/hinocanada.com\/src\/?s={search_term_string}"},"query-input":{"@type":"PropertyValueSpecification","valueRequired":true,"valueName":"search_term_string"}}],"inLanguage":"fr-CA"}]}},"_links":{"self":[{"href":"https:\/\/stage.tbkdev.com\/dev\/hinocanada.com\/src\/fr\/wp-json\/wp\/v2\/pages\/12206","targetHints":{"allow":["GET"]}}],"collection":[{"href":"https:\/\/stage.tbkdev.com\/dev\/hinocanada.com\/src\/fr\/wp-json\/wp\/v2\/pages"}],"about":[{"href":"https:\/\/stage.tbkdev.com\/dev\/hinocanada.com\/src\/fr\/wp-json\/wp\/v2\/types\/page"}],"author":[{"embeddable":true,"href":"https:\/\/stage.tbkdev.com\/dev\/hinocanada.com\/src\/fr\/wp-json\/wp\/v2\/users\/8"}],"replies":[{"embeddable":true,"href":"https:\/\/stage.tbkdev.com\/dev\/hinocanada.com\/src\/fr\/wp-json\/wp\/v2\/comments?post=12206"}],"version-history":[{"count":12,"href":"https:\/\/stage.tbkdev.com\/dev\/hinocanada.com\/src\/fr\/wp-json\/wp\/v2\/pages\/12206\/revisions"}],"predecessor-version":[{"id":13918,"href":"https:\/\/stage.tbkdev.com\/dev\/hinocanada.com\/src\/fr\/wp-json\/wp\/v2\/pages\/12206\/revisions\/13918"}],"wp:featuredmedia":[{"embeddable":true,"href":"https:\/\/stage.tbkdev.com\/dev\/hinocanada.com\/src\/fr\/wp-json\/wp\/v2\/media\/11855"}],"wp:attachment":[{"href":"https:\/\/stage.tbkdev.com\/dev\/hinocanada.com\/src\/fr\/wp-json\/wp\/v2\/media?parent=12206"}],"curies":[{"name":"wp","href":"https:\/\/api.w.org\/{rel}","templated":true}]}}