{"id":4015,"date":"2021-10-22T12:02:54","date_gmt":"2021-10-22T16:02:54","guid":{"rendered":"https:\/\/stage.tbkdev.com\/dev\/armtec.com\/src\/?page_id=4015"},"modified":"2021-10-22T12:03:34","modified_gmt":"2021-10-22T16:03:34","slug":"politique-de-confidentialite","status":"publish","type":"page","link":"https:\/\/stage.tbkdev.com\/dev\/armtec.com\/src\/fr\/politique-de-confidentialite\/","title":{"rendered":"Politique de confidentialit\u00e9"},"content":{"rendered":"\n<h2>L\u2019engagement de Westman Group \u00e0 l\u2019\u00e9gard de la vie priv\u00e9e<\/h2>\n\n\n\n<p>La protection de la vie priv\u00e9e et de la confidentialit\u00e9 des renseignements personnels de nos clients a toujours d\u00e9fini notre fa\u00e7on de faire des affaires. Notre Code de protection de la vie priv\u00e9e vise \u00e0 encourager des pratiques de gestion des renseignements personnels responsables et transparentes de mani\u00e8re \u00e0 respecter les dispositions de la&nbsp;<em>Loi sur la protection des renseignements personnels et les documents \u00e9lectroniques<\/em>&nbsp;(Canada) (\u00ab LPRPDE \u00bb) et d\u2019autres l\u00e9gislations relatives \u00e0 la protection de la vie priv\u00e9e.<\/p>\n\n\n\n<p>Le pr\u00e9sent Code de protection de la vie priv\u00e9e s\u2019applique \u00e0 tous les aspects de notre traitement des renseignements personnels, notamment la collecte, l\u2019utilisation, la r\u00e9tention et la divulgation.<\/p>\n\n\n\n<h3>Fins vis\u00e9es par la collecte, l\u2019utilisation, la r\u00e9tention et la divulgation des renseignements personnels<\/h3>\n\n\n\n<p>Les \u00e9l\u00e9ments suivants sont d\u00e9sign\u00e9s comme des fins vis\u00e9es par la collecte, l\u2019utilisation, la r\u00e9tention et la divulgation de vos renseignements personnels :<\/p>\n\n\n\n<ul><li>Pour \u00e9tablir votre dossier et mieux vous servir, ce qui pourrait inclure la prorogation de vos facilit\u00e9s de cr\u00e9dit (de m\u00eame que le processus de demande de cr\u00e9dit connexe).<\/li><li>Pour vous fournir des renseignements concernant les produits et les services qui, \u00e0 notre avis, pourraient vous int\u00e9resser.<\/li><li>Pour g\u00e9rer les ventes et locations actuelles ou propos\u00e9es pour l\u2019enti\u00e8ret\u00e9 ou une partie de nos activit\u00e9s commerciales ou de nos actifs.<\/li><li>Pour satisfaire aux exigences l\u00e9gales et r\u00e9glementaires ou aux fins exig\u00e9es ou autoris\u00e9es par la loi.<\/li><li>Pour r\u00e9aliser tout autre but pour lequel vous nous avez fourni votre consentement.<\/li><\/ul>\n\n\n\n<h3>Contr\u00f4le sur la collecte et l\u2019utilisation des renseignements personnels<\/h3>\n\n\n\n<p>De fa\u00e7on g\u00e9n\u00e9rale, nous ne faisons la collecte, l\u2019utilisation, la r\u00e9tention et la divulgation des renseignements vous concernant que si vous y avez consenti. Lors de l\u2019obtention de votre consentement, que ce soit de mani\u00e8re expresse ou implicite, nous vous expliquerons l\u2019utilisation que nous entendons faire de ces renseignements personnels. Nous ne nous \u00e9carterons pas de ces objectifs identifi\u00e9s \u00e0 l\u2019origine, \u00e0 moins que vous ne r\u00e9it\u00e9riez votre consentement.<\/p>\n\n\n\n<p>Nous vous expliquerons les options de refus ou de retrait qui s\u2019offrent \u00e0 vous relativement \u00e0 la collecte, \u00e0 l\u2019utilisation, \u00e0 la r\u00e9tention ou \u00e0 la divulgation des renseignements personnels, et nous nous engageons \u00e0 prendre note de vos choix et \u00e0 les respecter.<\/p>\n\n\n\n<ul><li>Nous prot\u00e9gerons vos renseignements personnels au moyen de mesures de protection raisonnables pour accro\u00eetre la s\u00e9curit\u00e9 en rapport avec leur sensibilit\u00e9.<\/li><li>Nous vous donnerons acc\u00e8s aux renseignements personnels que nous d\u00e9tenons \u00e0 votre sujet, \u00e0 moins d\u2019une exemption d\u2019une loi applicable.<\/li><li>Nous conservons les renseignements personnels aussi longtemps qu\u2019il peut \u00eatre raisonnable de le faire ou que la loi l\u2019exige.<\/li><li>Nous d\u00e9ploierons tous les efforts raisonnables afin d\u2019assurer l\u2019exactitude, la compl\u00e9tude et la mise \u00e0 jour de vos renseignements personnels.<\/li><li>Nous divulguerons vos renseignements personnels seulement dans la mesure o\u00f9 cela est n\u00e9cessaire pour accomplir une activit\u00e9 commerciale ou satisfaire une obligation r\u00e9glementaire, juridique ou publique.<\/li><li>Pour consulter une copie int\u00e9grale du Code, ou pour obtenir des r\u00e9ponses \u00e0 des questions portant sur les pratiques en mati\u00e8re de protection de la vie priv\u00e9e ou la fa\u00e7on dont une demande de renseignements personnels a \u00e9t\u00e9 trait\u00e9e, veuillez communiquer avec l\u2019agent de protection de la vie priv\u00e9e de Westman Group \u00e0 l\u2019adresse :<\/li><\/ul>\n\n\n\n<p><a href=\"mailto:privacy@westmangroup.com\">privacy@westmangroup.com<\/a><\/p>\n","protected":false},"excerpt":{"rendered":"<p>L\u2019engagement de Westman Group \u00e0 l\u2019\u00e9gard de la vie priv\u00e9e La protection de la vie priv\u00e9e et de la confidentialit\u00e9 des renseignements personnels de nos clients a toujours d\u00e9fini notre fa\u00e7on de faire des affaires. Notre Code de protection de la vie priv\u00e9e vise \u00e0 encourager des pratiques de gestion des renseignements personnels responsables et [&hellip;]<\/p>\n","protected":false},"author":1,"featured_media":3264,"parent":0,"menu_order":0,"comment_status":"closed","ping_status":"open","template":"template-page-with-hero-banner.php","meta":[],"yoast_head":"<!-- This site is optimized with the Yoast SEO plugin v17.6 - https:\/\/yoast.com\/wordpress\/plugins\/seo\/ -->\n<title>Politique de confidentialit\u00e9 - Armtec<\/title>\n<meta name=\"robots\" content=\"noindex, follow, max-snippet:-1, max-image-preview:large, max-video-preview:-1\" \/>\n<meta property=\"og:locale\" content=\"fr_FR\" \/>\n<meta property=\"og:type\" content=\"article\" \/>\n<meta property=\"og:title\" content=\"Politique de confidentialit\u00e9 - Armtec\" \/>\n<meta property=\"og:description\" content=\"L\u2019engagement de Westman Group \u00e0 l\u2019\u00e9gard de la vie priv\u00e9e La protection de la vie priv\u00e9e et de la confidentialit\u00e9 des renseignements personnels de nos clients a toujours d\u00e9fini notre fa\u00e7on de faire des affaires. Notre Code de protection de la vie priv\u00e9e vise \u00e0 encourager des pratiques de gestion des renseignements personnels responsables et [&hellip;]\" \/>\n<meta property=\"og:url\" content=\"https:\/\/stage.tbkdev.com\/dev\/armtec.com\/src\/fr\/politique-de-confidentialite\/\" \/>\n<meta property=\"og:site_name\" content=\"Armtec\" \/>\n<meta property=\"article:modified_time\" content=\"2021-10-22T16:03:34+00:00\" \/>\n<meta property=\"og:image\" content=\"https:\/\/stage.tbkdev.com\/dev\/armtec.com\/src\/app\/uploads\/2021\/10\/iStock-175430912-scaled.jpg\" \/>\n\t<meta property=\"og:image:width\" content=\"2560\" \/>\n\t<meta property=\"og:image:height\" content=\"1666\" \/>\n<meta name=\"twitter:card\" content=\"summary_large_image\" \/>\n<meta name=\"twitter:label1\" content=\"Est. reading time\" \/>\n\t<meta name=\"twitter:data1\" content=\"3 minutes\" \/>\n<script type=\"application\/ld+json\" class=\"yoast-schema-graph\">{\"@context\":\"https:\/\/schema.org\",\"@graph\":[{\"@type\":\"Organization\",\"@id\":\"https:\/\/stage.tbkdev.com\/dev\/armtec.com\/src\/#organization\",\"name\":\"Armtec\",\"url\":\"https:\/\/stage.tbkdev.com\/dev\/armtec.com\/src\/\",\"sameAs\":[],\"logo\":{\"@type\":\"ImageObject\",\"@id\":\"https:\/\/stage.tbkdev.com\/dev\/armtec.com\/src\/#logo\",\"inLanguage\":\"fr-FR\",\"url\":\"https:\/\/stage.tbkdev.com\/dev\/armtec.com\/src\/app\/uploads\/2021\/06\/logo.svg\",\"contentUrl\":\"https:\/\/stage.tbkdev.com\/dev\/armtec.com\/src\/app\/uploads\/2021\/06\/logo.svg\",\"caption\":\"Armtec\"},\"image\":{\"@id\":\"https:\/\/stage.tbkdev.com\/dev\/armtec.com\/src\/#logo\"}},{\"@type\":\"WebSite\",\"@id\":\"https:\/\/stage.tbkdev.com\/dev\/armtec.com\/src\/#website\",\"url\":\"https:\/\/stage.tbkdev.com\/dev\/armtec.com\/src\/\",\"name\":\"Armtec\",\"description\":\"Infrastructure Products and Engineered Construction Solutions\",\"publisher\":{\"@id\":\"https:\/\/stage.tbkdev.com\/dev\/armtec.com\/src\/#organization\"},\"potentialAction\":[{\"@type\":\"SearchAction\",\"target\":{\"@type\":\"EntryPoint\",\"urlTemplate\":\"https:\/\/stage.tbkdev.com\/dev\/armtec.com\/src\/?s={search_term_string}\"},\"query-input\":\"required name=search_term_string\"}],\"inLanguage\":\"fr-FR\"},{\"@type\":\"ImageObject\",\"@id\":\"https:\/\/stage.tbkdev.com\/dev\/armtec.com\/src\/fr\/politique-de-confidentialite\/#primaryimage\",\"inLanguage\":\"fr-FR\",\"url\":\"https:\/\/stage.tbkdev.com\/dev\/armtec.com\/src\/app\/uploads\/2021\/10\/iStock-175430912-scaled.jpg\",\"contentUrl\":\"https:\/\/stage.tbkdev.com\/dev\/armtec.com\/src\/app\/uploads\/2021\/10\/iStock-175430912-scaled.jpg\",\"width\":2560,\"height\":1666,\"caption\":\"Close up of group of multi-ethnic construction workers wearing hard hats and safety glasses. Focus on man in foreground (30s).\"},{\"@type\":\"WebPage\",\"@id\":\"https:\/\/stage.tbkdev.com\/dev\/armtec.com\/src\/fr\/politique-de-confidentialite\/#webpage\",\"url\":\"https:\/\/stage.tbkdev.com\/dev\/armtec.com\/src\/fr\/politique-de-confidentialite\/\",\"name\":\"Politique de confidentialit\\u00e9 - Armtec\",\"isPartOf\":{\"@id\":\"https:\/\/stage.tbkdev.com\/dev\/armtec.com\/src\/#website\"},\"primaryImageOfPage\":{\"@id\":\"https:\/\/stage.tbkdev.com\/dev\/armtec.com\/src\/fr\/politique-de-confidentialite\/#primaryimage\"},\"datePublished\":\"2021-10-22T16:02:54+00:00\",\"dateModified\":\"2021-10-22T16:03:34+00:00\",\"breadcrumb\":{\"@id\":\"https:\/\/stage.tbkdev.com\/dev\/armtec.com\/src\/fr\/politique-de-confidentialite\/#breadcrumb\"},\"inLanguage\":\"fr-FR\",\"potentialAction\":[{\"@type\":\"ReadAction\",\"target\":[\"https:\/\/stage.tbkdev.com\/dev\/armtec.com\/src\/fr\/politique-de-confidentialite\/\"]}]},{\"@type\":\"BreadcrumbList\",\"@id\":\"https:\/\/stage.tbkdev.com\/dev\/armtec.com\/src\/fr\/politique-de-confidentialite\/#breadcrumb\",\"itemListElement\":[{\"@type\":\"ListItem\",\"position\":1,\"name\":\"Accueil\",\"item\":\"https:\/\/stage.tbkdev.com\/dev\/armtec.com\/src\/fr\/\"},{\"@type\":\"ListItem\",\"position\":2,\"name\":\"Politique de confidentialit\\u00e9\"}]}]}<\/script>\n<!-- \/ Yoast SEO plugin. -->","yoast_head_json":{"title":"Politique de confidentialit\u00e9 - Armtec","robots":{"index":"noindex","follow":"follow","max-snippet":"max-snippet:-1","max-image-preview":"max-image-preview:large","max-video-preview":"max-video-preview:-1"},"og_locale":"fr_FR","og_type":"article","og_title":"Politique de confidentialit\u00e9 - Armtec","og_description":"L\u2019engagement de Westman Group \u00e0 l\u2019\u00e9gard de la vie priv\u00e9e La protection de la vie priv\u00e9e et de la confidentialit\u00e9 des renseignements personnels de nos clients a toujours d\u00e9fini notre fa\u00e7on de faire des affaires. Notre Code de protection de la vie priv\u00e9e vise \u00e0 encourager des pratiques de gestion des renseignements personnels responsables et [&hellip;]","og_url":"https:\/\/stage.tbkdev.com\/dev\/armtec.com\/src\/fr\/politique-de-confidentialite\/","og_site_name":"Armtec","article_modified_time":"2021-10-22T16:03:34+00:00","og_image":[{"width":2560,"height":1666,"url":"https:\/\/stage.tbkdev.com\/dev\/armtec.com\/src\/app\/uploads\/2021\/10\/iStock-175430912-scaled.jpg","type":"image\/jpeg"}],"twitter_card":"summary_large_image","twitter_misc":{"Est. reading time":"3 minutes"},"schema":{"@context":"https:\/\/schema.org","@graph":[{"@type":"Organization","@id":"https:\/\/stage.tbkdev.com\/dev\/armtec.com\/src\/#organization","name":"Armtec","url":"https:\/\/stage.tbkdev.com\/dev\/armtec.com\/src\/","sameAs":[],"logo":{"@type":"ImageObject","@id":"https:\/\/stage.tbkdev.com\/dev\/armtec.com\/src\/#logo","inLanguage":"fr-FR","url":"https:\/\/stage.tbkdev.com\/dev\/armtec.com\/src\/app\/uploads\/2021\/06\/logo.svg","contentUrl":"https:\/\/stage.tbkdev.com\/dev\/armtec.com\/src\/app\/uploads\/2021\/06\/logo.svg","caption":"Armtec"},"image":{"@id":"https:\/\/stage.tbkdev.com\/dev\/armtec.com\/src\/#logo"}},{"@type":"WebSite","@id":"https:\/\/stage.tbkdev.com\/dev\/armtec.com\/src\/#website","url":"https:\/\/stage.tbkdev.com\/dev\/armtec.com\/src\/","name":"Armtec","description":"Infrastructure Products and Engineered Construction Solutions","publisher":{"@id":"https:\/\/stage.tbkdev.com\/dev\/armtec.com\/src\/#organization"},"potentialAction":[{"@type":"SearchAction","target":{"@type":"EntryPoint","urlTemplate":"https:\/\/stage.tbkdev.com\/dev\/armtec.com\/src\/?s={search_term_string}"},"query-input":"required name=search_term_string"}],"inLanguage":"fr-FR"},{"@type":"ImageObject","@id":"https:\/\/stage.tbkdev.com\/dev\/armtec.com\/src\/fr\/politique-de-confidentialite\/#primaryimage","inLanguage":"fr-FR","url":"https:\/\/stage.tbkdev.com\/dev\/armtec.com\/src\/app\/uploads\/2021\/10\/iStock-175430912-scaled.jpg","contentUrl":"https:\/\/stage.tbkdev.com\/dev\/armtec.com\/src\/app\/uploads\/2021\/10\/iStock-175430912-scaled.jpg","width":2560,"height":1666,"caption":"Close up of group of multi-ethnic construction workers wearing hard hats and safety glasses. Focus on man in foreground (30s)."},{"@type":"WebPage","@id":"https:\/\/stage.tbkdev.com\/dev\/armtec.com\/src\/fr\/politique-de-confidentialite\/#webpage","url":"https:\/\/stage.tbkdev.com\/dev\/armtec.com\/src\/fr\/politique-de-confidentialite\/","name":"Politique de confidentialit\u00e9 - Armtec","isPartOf":{"@id":"https:\/\/stage.tbkdev.com\/dev\/armtec.com\/src\/#website"},"primaryImageOfPage":{"@id":"https:\/\/stage.tbkdev.com\/dev\/armtec.com\/src\/fr\/politique-de-confidentialite\/#primaryimage"},"datePublished":"2021-10-22T16:02:54+00:00","dateModified":"2021-10-22T16:03:34+00:00","breadcrumb":{"@id":"https:\/\/stage.tbkdev.com\/dev\/armtec.com\/src\/fr\/politique-de-confidentialite\/#breadcrumb"},"inLanguage":"fr-FR","potentialAction":[{"@type":"ReadAction","target":["https:\/\/stage.tbkdev.com\/dev\/armtec.com\/src\/fr\/politique-de-confidentialite\/"]}]},{"@type":"BreadcrumbList","@id":"https:\/\/stage.tbkdev.com\/dev\/armtec.com\/src\/fr\/politique-de-confidentialite\/#breadcrumb","itemListElement":[{"@type":"ListItem","position":1,"name":"Accueil","item":"https:\/\/stage.tbkdev.com\/dev\/armtec.com\/src\/fr\/"},{"@type":"ListItem","position":2,"name":"Politique de confidentialit\u00e9"}]}]}},"_links":{"self":[{"href":"https:\/\/stage.tbkdev.com\/dev\/armtec.com\/src\/fr\/wp-json\/wp\/v2\/pages\/4015"}],"collection":[{"href":"https:\/\/stage.tbkdev.com\/dev\/armtec.com\/src\/fr\/wp-json\/wp\/v2\/pages"}],"about":[{"href":"https:\/\/stage.tbkdev.com\/dev\/armtec.com\/src\/fr\/wp-json\/wp\/v2\/types\/page"}],"author":[{"embeddable":true,"href":"https:\/\/stage.tbkdev.com\/dev\/armtec.com\/src\/fr\/wp-json\/wp\/v2\/users\/1"}],"replies":[{"embeddable":true,"href":"https:\/\/stage.tbkdev.com\/dev\/armtec.com\/src\/fr\/wp-json\/wp\/v2\/comments?post=4015"}],"version-history":[{"count":1,"href":"https:\/\/stage.tbkdev.com\/dev\/armtec.com\/src\/fr\/wp-json\/wp\/v2\/pages\/4015\/revisions"}],"predecessor-version":[{"id":4016,"href":"https:\/\/stage.tbkdev.com\/dev\/armtec.com\/src\/fr\/wp-json\/wp\/v2\/pages\/4015\/revisions\/4016"}],"wp:featuredmedia":[{"embeddable":true,"href":"https:\/\/stage.tbkdev.com\/dev\/armtec.com\/src\/fr\/wp-json\/wp\/v2\/media\/3264"}],"wp:attachment":[{"href":"https:\/\/stage.tbkdev.com\/dev\/armtec.com\/src\/fr\/wp-json\/wp\/v2\/media?parent=4015"}],"curies":[{"name":"wp","href":"https:\/\/api.w.org\/{rel}","templated":true}]}}